{"id":3994,"date":"2026-03-30T19:49:16","date_gmt":"2026-03-30T17:49:16","guid":{"rendered":"https:\/\/www.grneko.com\/?post_type=product&#038;p=3994"},"modified":"2026-03-30T19:54:13","modified_gmt":"2026-03-30T17:54:13","slug":"machovy-obraz-logo-kado-led","status":"publish","type":"product","link":"https:\/\/www.grneko.com\/?product=machovy-obraz-logo-kado-led","title":{"rendered":"Machov\u00fd obraz &#8211; LOGO KADO LED"},"content":{"rendered":"<p>Logo KADO je v\u00fdnimo\u010dn\u00e9 svojim hrav\u00fdm tvarom a LED podsvieten\u00edm. Z\u00e1kladom je li\u0161ajn\u00edk, ktor\u00fd poskytuje m\u00e4kk\u00fd a objemn\u00fd povrch, zv\u00fdraznen\u00fd kop\u010dekov\u00fdm machom pre detaily. Machov\u00e1 text\u00fara vytv\u00e1ra 3D efekt, ktor\u00fd pri\u0165ahuje poh\u013eady. Logo je ru\u010dne vyroben\u00e9 a vyjadruje kreat\u00edvne zameranie zna\u010dky.<\/p>\n<p>Rozmer:<\/p>\n","protected":false},"excerpt":{"rendered":"<p>Logo KADO je v\u00fdnimo\u010dn\u00e9 svojim hrav\u00fdm tvarom a LED podsvieten\u00edm. Z\u00e1kladom je li\u0161ajn\u00edk, ktor\u00fd poskytuje m\u00e4kk\u00fd a objemn\u00fd povrch, zv\u00fdraznen\u00fd kop\u010dekov\u00fdm machom pre detaily. Machov\u00e1 text\u00fara vytv\u00e1ra 3D efekt, ktor\u00fd pri\u0165ahuje poh\u013eady. Logo je ru\u010dne vyroben\u00e9 a vyjadruje kreat\u00edvne zameranie zna\u010dky. Rozmer:<\/p>\n","protected":false},"featured_media":3999,"comment_status":"open","ping_status":"closed","template":"","meta":{"_monsterinsights_skip_tracking":false,"_monsterinsights_sitenote_active":false,"_monsterinsights_sitenote_note":"","_monsterinsights_sitenote_category":0},"product_cat":[20],"product_tag":[],"yoast_head":"<!-- This site is optimized with the Yoast SEO plugin v23.0 - https:\/\/yoast.com\/wordpress\/plugins\/seo\/ -->\n<title>Machov\u00fd obraz - LOGO KADO LED - GRNEko<\/title>\n<meta name=\"description\" content=\"Logo JAKOS building zo stabilizovan\u00e9ho machu. Modern\u00fd dizajn, ktor\u00fd sp\u00e1ja kreativitu a pr\u00edrodu.\" \/>\n<meta name=\"robots\" content=\"index, follow, max-snippet:-1, max-image-preview:large, max-video-preview:-1\" \/>\n<link rel=\"canonical\" href=\"https:\/\/www.grneko.com\/?product=machovy-obraz-logo-kado-led\" \/>\n<meta property=\"og:locale\" content=\"sk_SK\" \/>\n<meta property=\"og:type\" content=\"article\" \/>\n<meta property=\"og:title\" content=\"Machov\u00fd obraz - LOGO KADO LED - GRNEko\" \/>\n<meta property=\"og:description\" content=\"Logo JAKOS building zo stabilizovan\u00e9ho machu. Modern\u00fd dizajn, ktor\u00fd sp\u00e1ja kreativitu a pr\u00edrodu.\" \/>\n<meta property=\"og:url\" content=\"https:\/\/www.grneko.com\/?product=machovy-obraz-logo-kado-led\" \/>\n<meta property=\"og:site_name\" content=\"GRNEko\" \/>\n<meta property=\"article:modified_time\" content=\"2026-03-30T17:54:13+00:00\" \/>\n<meta property=\"og:image\" content=\"https:\/\/www.grneko.com\/wp-content\/uploads\/2026\/03\/IMG_1405.jpeg\" \/>\n\t<meta property=\"og:image:width\" content=\"800\" \/>\n\t<meta property=\"og:image:height\" content=\"800\" \/>\n\t<meta property=\"og:image:type\" content=\"image\/jpeg\" \/>\n<meta name=\"twitter:card\" content=\"summary_large_image\" \/>\n<meta name=\"twitter:label1\" content=\"Predpokladan\u00fd \u010das \u010d\u00edtania\" \/>\n\t<meta name=\"twitter:data1\" content=\"1 min\u00fata\" \/>\n<script type=\"application\/ld+json\" class=\"yoast-schema-graph\">{\"@context\":\"https:\/\/schema.org\",\"@graph\":[{\"@type\":\"WebPage\",\"@id\":\"https:\/\/www.grneko.com\/?product=machovy-obraz-logo-kado-led\",\"url\":\"https:\/\/www.grneko.com\/?product=machovy-obraz-logo-kado-led\",\"name\":\"Machov\u00fd obraz - LOGO KADO LED - GRNEko\",\"isPartOf\":{\"@id\":\"https:\/\/www.grneko.com\/#website\"},\"primaryImageOfPage\":{\"@id\":\"https:\/\/www.grneko.com\/?product=machovy-obraz-logo-kado-led#primaryimage\"},\"image\":{\"@id\":\"https:\/\/www.grneko.com\/?product=machovy-obraz-logo-kado-led#primaryimage\"},\"thumbnailUrl\":\"https:\/\/www.grneko.com\/wp-content\/uploads\/2026\/03\/IMG_1405.jpeg\",\"datePublished\":\"2026-03-30T17:49:16+00:00\",\"dateModified\":\"2026-03-30T17:54:13+00:00\",\"description\":\"Logo JAKOS building zo stabilizovan\u00e9ho machu. Modern\u00fd dizajn, ktor\u00fd sp\u00e1ja kreativitu a pr\u00edrodu.\",\"breadcrumb\":{\"@id\":\"https:\/\/www.grneko.com\/?product=machovy-obraz-logo-kado-led#breadcrumb\"},\"inLanguage\":\"sk-SK\",\"potentialAction\":[{\"@type\":\"ReadAction\",\"target\":[\"https:\/\/www.grneko.com\/?product=machovy-obraz-logo-kado-led\"]}]},{\"@type\":\"ImageObject\",\"inLanguage\":\"sk-SK\",\"@id\":\"https:\/\/www.grneko.com\/?product=machovy-obraz-logo-kado-led#primaryimage\",\"url\":\"https:\/\/www.grneko.com\/wp-content\/uploads\/2026\/03\/IMG_1405.jpeg\",\"contentUrl\":\"https:\/\/www.grneko.com\/wp-content\/uploads\/2026\/03\/IMG_1405.jpeg\",\"width\":800,\"height\":800},{\"@type\":\"BreadcrumbList\",\"@id\":\"https:\/\/www.grneko.com\/?product=machovy-obraz-logo-kado-led#breadcrumb\",\"itemListElement\":[{\"@type\":\"ListItem\",\"position\":1,\"name\":\"Domov\",\"item\":\"https:\/\/www.grneko.com\/\"},{\"@type\":\"ListItem\",\"position\":2,\"name\":\"Obchod\",\"item\":\"https:\/\/www.grneko.com\/?page_id=20\"},{\"@type\":\"ListItem\",\"position\":3,\"name\":\"Machov\u00fd obraz &#8211; LOGO KADO LED\"}]},{\"@type\":\"WebSite\",\"@id\":\"https:\/\/www.grneko.com\/#website\",\"url\":\"https:\/\/www.grneko.com\/\",\"name\":\"GRNEko\",\"description\":\"Radi V\u00e1m pom\u00f4\u017eeme vyrie\u0161i\u0165 ot\u00e1zku bezstarostliveho ozele\u0148ovania V\u00e1\u0161ho interi\u00e9ru. Vyrob\u00edme na mieru presne pod\u013ea Va\u0161ich predst\u00e1v doplnky zo stabilizovan\u00e9ho machu, ktor\u00fdmi nielen o\u017eivite prostredie ale aj zabudnite \u017ee sa o nich treba nejak\u00fdm sp\u00f4sobom stara\u0165.\",\"potentialAction\":[{\"@type\":\"SearchAction\",\"target\":{\"@type\":\"EntryPoint\",\"urlTemplate\":\"https:\/\/www.grneko.com\/?s={search_term_string}\"},\"query-input\":\"required name=search_term_string\"}],\"inLanguage\":\"sk-SK\"}]}<\/script>\n<!-- \/ Yoast SEO plugin. -->","yoast_head_json":{"title":"Machov\u00fd obraz - LOGO KADO LED - GRNEko","description":"Logo JAKOS building zo stabilizovan\u00e9ho machu. Modern\u00fd dizajn, ktor\u00fd sp\u00e1ja kreativitu a pr\u00edrodu.","robots":{"index":"index","follow":"follow","max-snippet":"max-snippet:-1","max-image-preview":"max-image-preview:large","max-video-preview":"max-video-preview:-1"},"canonical":"https:\/\/www.grneko.com\/?product=machovy-obraz-logo-kado-led","og_locale":"sk_SK","og_type":"article","og_title":"Machov\u00fd obraz - LOGO KADO LED - GRNEko","og_description":"Logo JAKOS building zo stabilizovan\u00e9ho machu. Modern\u00fd dizajn, ktor\u00fd sp\u00e1ja kreativitu a pr\u00edrodu.","og_url":"https:\/\/www.grneko.com\/?product=machovy-obraz-logo-kado-led","og_site_name":"GRNEko","article_modified_time":"2026-03-30T17:54:13+00:00","og_image":[{"width":800,"height":800,"url":"https:\/\/www.grneko.com\/wp-content\/uploads\/2026\/03\/IMG_1405.jpeg","type":"image\/jpeg"}],"twitter_card":"summary_large_image","twitter_misc":{"Predpokladan\u00fd \u010das \u010d\u00edtania":"1 min\u00fata"},"schema":{"@context":"https:\/\/schema.org","@graph":[{"@type":"WebPage","@id":"https:\/\/www.grneko.com\/?product=machovy-obraz-logo-kado-led","url":"https:\/\/www.grneko.com\/?product=machovy-obraz-logo-kado-led","name":"Machov\u00fd obraz - LOGO KADO LED - GRNEko","isPartOf":{"@id":"https:\/\/www.grneko.com\/#website"},"primaryImageOfPage":{"@id":"https:\/\/www.grneko.com\/?product=machovy-obraz-logo-kado-led#primaryimage"},"image":{"@id":"https:\/\/www.grneko.com\/?product=machovy-obraz-logo-kado-led#primaryimage"},"thumbnailUrl":"https:\/\/www.grneko.com\/wp-content\/uploads\/2026\/03\/IMG_1405.jpeg","datePublished":"2026-03-30T17:49:16+00:00","dateModified":"2026-03-30T17:54:13+00:00","description":"Logo JAKOS building zo stabilizovan\u00e9ho machu. Modern\u00fd dizajn, ktor\u00fd sp\u00e1ja kreativitu a pr\u00edrodu.","breadcrumb":{"@id":"https:\/\/www.grneko.com\/?product=machovy-obraz-logo-kado-led#breadcrumb"},"inLanguage":"sk-SK","potentialAction":[{"@type":"ReadAction","target":["https:\/\/www.grneko.com\/?product=machovy-obraz-logo-kado-led"]}]},{"@type":"ImageObject","inLanguage":"sk-SK","@id":"https:\/\/www.grneko.com\/?product=machovy-obraz-logo-kado-led#primaryimage","url":"https:\/\/www.grneko.com\/wp-content\/uploads\/2026\/03\/IMG_1405.jpeg","contentUrl":"https:\/\/www.grneko.com\/wp-content\/uploads\/2026\/03\/IMG_1405.jpeg","width":800,"height":800},{"@type":"BreadcrumbList","@id":"https:\/\/www.grneko.com\/?product=machovy-obraz-logo-kado-led#breadcrumb","itemListElement":[{"@type":"ListItem","position":1,"name":"Domov","item":"https:\/\/www.grneko.com\/"},{"@type":"ListItem","position":2,"name":"Obchod","item":"https:\/\/www.grneko.com\/?page_id=20"},{"@type":"ListItem","position":3,"name":"Machov\u00fd obraz &#8211; LOGO KADO LED"}]},{"@type":"WebSite","@id":"https:\/\/www.grneko.com\/#website","url":"https:\/\/www.grneko.com\/","name":"GRNEko","description":"Radi V\u00e1m pom\u00f4\u017eeme vyrie\u0161i\u0165 ot\u00e1zku bezstarostliveho ozele\u0148ovania V\u00e1\u0161ho interi\u00e9ru. Vyrob\u00edme na mieru presne pod\u013ea Va\u0161ich predst\u00e1v doplnky zo stabilizovan\u00e9ho machu, ktor\u00fdmi nielen o\u017eivite prostredie ale aj zabudnite \u017ee sa o nich treba nejak\u00fdm sp\u00f4sobom stara\u0165.","potentialAction":[{"@type":"SearchAction","target":{"@type":"EntryPoint","urlTemplate":"https:\/\/www.grneko.com\/?s={search_term_string}"},"query-input":"required name=search_term_string"}],"inLanguage":"sk-SK"}]}},"_links":{"self":[{"href":"https:\/\/www.grneko.com\/index.php?rest_route=\/wp\/v2\/product\/3994"}],"collection":[{"href":"https:\/\/www.grneko.com\/index.php?rest_route=\/wp\/v2\/product"}],"about":[{"href":"https:\/\/www.grneko.com\/index.php?rest_route=\/wp\/v2\/types\/product"}],"replies":[{"embeddable":true,"href":"https:\/\/www.grneko.com\/index.php?rest_route=%2Fwp%2Fv2%2Fcomments&post=3994"}],"wp:featuredmedia":[{"embeddable":true,"href":"https:\/\/www.grneko.com\/index.php?rest_route=\/wp\/v2\/media\/3999"}],"wp:attachment":[{"href":"https:\/\/www.grneko.com\/index.php?rest_route=%2Fwp%2Fv2%2Fmedia&parent=3994"}],"wp:term":[{"taxonomy":"product_cat","embeddable":true,"href":"https:\/\/www.grneko.com\/index.php?rest_route=%2Fwp%2Fv2%2Fproduct_cat&post=3994"},{"taxonomy":"product_tag","embeddable":true,"href":"https:\/\/www.grneko.com\/index.php?rest_route=%2Fwp%2Fv2%2Fproduct_tag&post=3994"}],"curies":[{"name":"wp","href":"https:\/\/api.w.org\/{rel}","templated":true}]}}