{"id":3968,"date":"2026-03-30T12:11:11","date_gmt":"2026-03-30T10:11:11","guid":{"rendered":"https:\/\/www.grneko.com\/?post_type=product&#038;p=3968"},"modified":"2026-04-15T07:53:11","modified_gmt":"2026-04-15T05:53:11","slug":"machova-stena-abstrakcia","status":"publish","type":"product","link":"https:\/\/www.grneko.com\/?product=machova-stena-abstrakcia","title":{"rendered":"Machov\u00e1 stena ABSTRAKCIA"},"content":{"rendered":"<p>Stena obsahuje kombin\u00e1ciu farieb machu li\u0161ajn\u00edk. 3D \u0161trukt\u00fara. Stena je ide\u00e1lna do recepci\u00ed, hotelov alebo modern\u00fdch kancel\u00e1ri\u00ed, kde dod\u00e1 priestorom \u017eivot. \u00dadr\u017eba nie je potrebn\u00e1. Druh a farbu machu vieme prisp\u00f4sobi\u0165 va\u0161im individu\u00e1lnym po\u017eiadavk\u00e1m.<\/p>\n<p>Cenov\u00fa ponuku V\u00e1m radi po\u0161leme do mailu.<\/p>\n","protected":false},"excerpt":{"rendered":"<p>Jedine\u010dn\u00e9 a origin\u00e1lne, ru\u010dne vyr\u00e1ban\u00e9 interierov\u00e9 steny z machu. Druh a farbu machu vieme prisp\u00f4sobi\u0165 va\u0161im individu\u00e1lnym po\u017eiadavk\u00e1m.<\/p>\n<p>Cenov\u00fa ponuku V\u00e1m radi po\u0161leme do mailu.<\/p>\n","protected":false},"featured_media":3969,"comment_status":"open","ping_status":"closed","template":"","meta":{"_monsterinsights_skip_tracking":false,"_monsterinsights_sitenote_active":false,"_monsterinsights_sitenote_note":"","_monsterinsights_sitenote_category":0},"product_cat":[18],"product_tag":[],"yoast_head":"<!-- This site is optimized with the Yoast SEO plugin v23.0 - https:\/\/yoast.com\/wordpress\/plugins\/seo\/ -->\n<title>Machov\u00e1 stena ABSTRAKCIA - GRNEko<\/title>\n<meta name=\"description\" content=\"Stena D\u017dUNG\u013dA kombinuje r\u00f4zne druhy machu - li\u0161ajn\u00edk ,kop\u010dekov\u00fd a ploch\u00fd, aby vytvorila pocit tropickej d\u017eungle. Unik\u00e1tna zelen\u00e1 dominanta.\" \/>\n<meta name=\"robots\" content=\"index, follow, max-snippet:-1, max-image-preview:large, max-video-preview:-1\" \/>\n<link rel=\"canonical\" href=\"https:\/\/www.grneko.com\/?product=machova-stena-abstrakcia\" \/>\n<meta property=\"og:locale\" content=\"sk_SK\" \/>\n<meta property=\"og:type\" content=\"article\" \/>\n<meta property=\"og:title\" content=\"Machov\u00e1 stena ABSTRAKCIA - GRNEko\" \/>\n<meta property=\"og:description\" content=\"Stena D\u017dUNG\u013dA kombinuje r\u00f4zne druhy machu - li\u0161ajn\u00edk ,kop\u010dekov\u00fd a ploch\u00fd, aby vytvorila pocit tropickej d\u017eungle. Unik\u00e1tna zelen\u00e1 dominanta.\" \/>\n<meta property=\"og:url\" content=\"https:\/\/www.grneko.com\/?product=machova-stena-abstrakcia\" \/>\n<meta property=\"og:site_name\" content=\"GRNEko\" \/>\n<meta property=\"article:modified_time\" content=\"2026-04-15T05:53:11+00:00\" \/>\n<meta property=\"og:image\" content=\"https:\/\/www.grneko.com\/wp-content\/uploads\/2026\/03\/IMG_1371.jpeg\" \/>\n\t<meta property=\"og:image:width\" content=\"800\" \/>\n\t<meta property=\"og:image:height\" content=\"800\" \/>\n\t<meta property=\"og:image:type\" content=\"image\/jpeg\" \/>\n<meta name=\"twitter:card\" content=\"summary_large_image\" \/>\n<meta name=\"twitter:label1\" content=\"Predpokladan\u00fd \u010das \u010d\u00edtania\" \/>\n\t<meta name=\"twitter:data1\" content=\"1 min\u00fata\" \/>\n<script type=\"application\/ld+json\" class=\"yoast-schema-graph\">{\"@context\":\"https:\/\/schema.org\",\"@graph\":[{\"@type\":\"WebPage\",\"@id\":\"https:\/\/www.grneko.com\/?product=machova-stena-abstrakcia\",\"url\":\"https:\/\/www.grneko.com\/?product=machova-stena-abstrakcia\",\"name\":\"Machov\u00e1 stena ABSTRAKCIA - GRNEko\",\"isPartOf\":{\"@id\":\"https:\/\/www.grneko.com\/#website\"},\"primaryImageOfPage\":{\"@id\":\"https:\/\/www.grneko.com\/?product=machova-stena-abstrakcia#primaryimage\"},\"image\":{\"@id\":\"https:\/\/www.grneko.com\/?product=machova-stena-abstrakcia#primaryimage\"},\"thumbnailUrl\":\"https:\/\/www.grneko.com\/wp-content\/uploads\/2026\/03\/IMG_1371.jpeg\",\"datePublished\":\"2026-03-30T10:11:11+00:00\",\"dateModified\":\"2026-04-15T05:53:11+00:00\",\"description\":\"Stena D\u017dUNG\u013dA kombinuje r\u00f4zne druhy machu - li\u0161ajn\u00edk ,kop\u010dekov\u00fd a ploch\u00fd, aby vytvorila pocit tropickej d\u017eungle. Unik\u00e1tna zelen\u00e1 dominanta.\",\"breadcrumb\":{\"@id\":\"https:\/\/www.grneko.com\/?product=machova-stena-abstrakcia#breadcrumb\"},\"inLanguage\":\"sk-SK\",\"potentialAction\":[{\"@type\":\"ReadAction\",\"target\":[\"https:\/\/www.grneko.com\/?product=machova-stena-abstrakcia\"]}]},{\"@type\":\"ImageObject\",\"inLanguage\":\"sk-SK\",\"@id\":\"https:\/\/www.grneko.com\/?product=machova-stena-abstrakcia#primaryimage\",\"url\":\"https:\/\/www.grneko.com\/wp-content\/uploads\/2026\/03\/IMG_1371.jpeg\",\"contentUrl\":\"https:\/\/www.grneko.com\/wp-content\/uploads\/2026\/03\/IMG_1371.jpeg\",\"width\":800,\"height\":800},{\"@type\":\"BreadcrumbList\",\"@id\":\"https:\/\/www.grneko.com\/?product=machova-stena-abstrakcia#breadcrumb\",\"itemListElement\":[{\"@type\":\"ListItem\",\"position\":1,\"name\":\"Domov\",\"item\":\"https:\/\/www.grneko.com\/\"},{\"@type\":\"ListItem\",\"position\":2,\"name\":\"Obchod\",\"item\":\"https:\/\/www.grneko.com\/?page_id=20\"},{\"@type\":\"ListItem\",\"position\":3,\"name\":\"Machov\u00e1 stena ABSTRAKCIA\"}]},{\"@type\":\"WebSite\",\"@id\":\"https:\/\/www.grneko.com\/#website\",\"url\":\"https:\/\/www.grneko.com\/\",\"name\":\"GRNEko\",\"description\":\"Radi V\u00e1m pom\u00f4\u017eeme vyrie\u0161i\u0165 ot\u00e1zku bezstarostliveho ozele\u0148ovania V\u00e1\u0161ho interi\u00e9ru. Vyrob\u00edme na mieru presne pod\u013ea Va\u0161ich predst\u00e1v doplnky zo stabilizovan\u00e9ho machu, ktor\u00fdmi nielen o\u017eivite prostredie ale aj zabudnite \u017ee sa o nich treba nejak\u00fdm sp\u00f4sobom stara\u0165.\",\"potentialAction\":[{\"@type\":\"SearchAction\",\"target\":{\"@type\":\"EntryPoint\",\"urlTemplate\":\"https:\/\/www.grneko.com\/?s={search_term_string}\"},\"query-input\":\"required name=search_term_string\"}],\"inLanguage\":\"sk-SK\"}]}<\/script>\n<!-- \/ Yoast SEO plugin. -->","yoast_head_json":{"title":"Machov\u00e1 stena ABSTRAKCIA - GRNEko","description":"Stena D\u017dUNG\u013dA kombinuje r\u00f4zne druhy machu - li\u0161ajn\u00edk ,kop\u010dekov\u00fd a ploch\u00fd, aby vytvorila pocit tropickej d\u017eungle. Unik\u00e1tna zelen\u00e1 dominanta.","robots":{"index":"index","follow":"follow","max-snippet":"max-snippet:-1","max-image-preview":"max-image-preview:large","max-video-preview":"max-video-preview:-1"},"canonical":"https:\/\/www.grneko.com\/?product=machova-stena-abstrakcia","og_locale":"sk_SK","og_type":"article","og_title":"Machov\u00e1 stena ABSTRAKCIA - GRNEko","og_description":"Stena D\u017dUNG\u013dA kombinuje r\u00f4zne druhy machu - li\u0161ajn\u00edk ,kop\u010dekov\u00fd a ploch\u00fd, aby vytvorila pocit tropickej d\u017eungle. Unik\u00e1tna zelen\u00e1 dominanta.","og_url":"https:\/\/www.grneko.com\/?product=machova-stena-abstrakcia","og_site_name":"GRNEko","article_modified_time":"2026-04-15T05:53:11+00:00","og_image":[{"width":800,"height":800,"url":"https:\/\/www.grneko.com\/wp-content\/uploads\/2026\/03\/IMG_1371.jpeg","type":"image\/jpeg"}],"twitter_card":"summary_large_image","twitter_misc":{"Predpokladan\u00fd \u010das \u010d\u00edtania":"1 min\u00fata"},"schema":{"@context":"https:\/\/schema.org","@graph":[{"@type":"WebPage","@id":"https:\/\/www.grneko.com\/?product=machova-stena-abstrakcia","url":"https:\/\/www.grneko.com\/?product=machova-stena-abstrakcia","name":"Machov\u00e1 stena ABSTRAKCIA - GRNEko","isPartOf":{"@id":"https:\/\/www.grneko.com\/#website"},"primaryImageOfPage":{"@id":"https:\/\/www.grneko.com\/?product=machova-stena-abstrakcia#primaryimage"},"image":{"@id":"https:\/\/www.grneko.com\/?product=machova-stena-abstrakcia#primaryimage"},"thumbnailUrl":"https:\/\/www.grneko.com\/wp-content\/uploads\/2026\/03\/IMG_1371.jpeg","datePublished":"2026-03-30T10:11:11+00:00","dateModified":"2026-04-15T05:53:11+00:00","description":"Stena D\u017dUNG\u013dA kombinuje r\u00f4zne druhy machu - li\u0161ajn\u00edk ,kop\u010dekov\u00fd a ploch\u00fd, aby vytvorila pocit tropickej d\u017eungle. Unik\u00e1tna zelen\u00e1 dominanta.","breadcrumb":{"@id":"https:\/\/www.grneko.com\/?product=machova-stena-abstrakcia#breadcrumb"},"inLanguage":"sk-SK","potentialAction":[{"@type":"ReadAction","target":["https:\/\/www.grneko.com\/?product=machova-stena-abstrakcia"]}]},{"@type":"ImageObject","inLanguage":"sk-SK","@id":"https:\/\/www.grneko.com\/?product=machova-stena-abstrakcia#primaryimage","url":"https:\/\/www.grneko.com\/wp-content\/uploads\/2026\/03\/IMG_1371.jpeg","contentUrl":"https:\/\/www.grneko.com\/wp-content\/uploads\/2026\/03\/IMG_1371.jpeg","width":800,"height":800},{"@type":"BreadcrumbList","@id":"https:\/\/www.grneko.com\/?product=machova-stena-abstrakcia#breadcrumb","itemListElement":[{"@type":"ListItem","position":1,"name":"Domov","item":"https:\/\/www.grneko.com\/"},{"@type":"ListItem","position":2,"name":"Obchod","item":"https:\/\/www.grneko.com\/?page_id=20"},{"@type":"ListItem","position":3,"name":"Machov\u00e1 stena ABSTRAKCIA"}]},{"@type":"WebSite","@id":"https:\/\/www.grneko.com\/#website","url":"https:\/\/www.grneko.com\/","name":"GRNEko","description":"Radi V\u00e1m pom\u00f4\u017eeme vyrie\u0161i\u0165 ot\u00e1zku bezstarostliveho ozele\u0148ovania V\u00e1\u0161ho interi\u00e9ru. Vyrob\u00edme na mieru presne pod\u013ea Va\u0161ich predst\u00e1v doplnky zo stabilizovan\u00e9ho machu, ktor\u00fdmi nielen o\u017eivite prostredie ale aj zabudnite \u017ee sa o nich treba nejak\u00fdm sp\u00f4sobom stara\u0165.","potentialAction":[{"@type":"SearchAction","target":{"@type":"EntryPoint","urlTemplate":"https:\/\/www.grneko.com\/?s={search_term_string}"},"query-input":"required name=search_term_string"}],"inLanguage":"sk-SK"}]}},"_links":{"self":[{"href":"https:\/\/www.grneko.com\/index.php?rest_route=\/wp\/v2\/product\/3968"}],"collection":[{"href":"https:\/\/www.grneko.com\/index.php?rest_route=\/wp\/v2\/product"}],"about":[{"href":"https:\/\/www.grneko.com\/index.php?rest_route=\/wp\/v2\/types\/product"}],"replies":[{"embeddable":true,"href":"https:\/\/www.grneko.com\/index.php?rest_route=%2Fwp%2Fv2%2Fcomments&post=3968"}],"wp:featuredmedia":[{"embeddable":true,"href":"https:\/\/www.grneko.com\/index.php?rest_route=\/wp\/v2\/media\/3969"}],"wp:attachment":[{"href":"https:\/\/www.grneko.com\/index.php?rest_route=%2Fwp%2Fv2%2Fmedia&parent=3968"}],"wp:term":[{"taxonomy":"product_cat","embeddable":true,"href":"https:\/\/www.grneko.com\/index.php?rest_route=%2Fwp%2Fv2%2Fproduct_cat&post=3968"},{"taxonomy":"product_tag","embeddable":true,"href":"https:\/\/www.grneko.com\/index.php?rest_route=%2Fwp%2Fv2%2Fproduct_tag&post=3968"}],"curies":[{"name":"wp","href":"https:\/\/api.w.org\/{rel}","templated":true}]}}