{"id":3642,"date":"2025-10-08T17:35:56","date_gmt":"2025-10-08T15:35:56","guid":{"rendered":"https:\/\/www.grneko.com\/?post_type=product&#038;p=3642"},"modified":"2025-11-09T23:56:23","modified_gmt":"2025-11-09T22:56:23","slug":"machova-doska-mix","status":"publish","type":"product","link":"https:\/\/www.grneko.com\/?product=machova-doska-mix","title":{"rendered":"Machov\u00e1 doska MIX"},"content":{"rendered":"<p>Machov\u00e1 doska MIX je univerz\u00e1lny panel, ktor\u00fd m\u00f4\u017eete zavesi\u0165 na stenu alebo polo\u017ei\u0165 na poli\u010dku. Kombinuje li\u0161ajn\u00edk, kop\u010dekov\u00fd a ploch\u00fd mach v nieko\u013ek\u00fdch farb\u00e1ch. Doska prid\u00e1 interi\u00e9ru zelen\u00fd akcent a je \u00faplne bez\u00fadr\u017ebov\u00e1.<\/p>\n<p>Rozmer: 94 * 80 cm<\/p>\n","protected":false},"excerpt":{"rendered":"<p>Dizajnov\u00e9 dosky s machom prid\u00e1vaj\u00fa interi\u00e9ru zvl\u00e1\u0161tny dotyk elegancie. Machov\u00e1 dekor\u00e1cia nie je len o kr\u00e1se, ale aj o spojen\u00ed s pr\u00edrodou a pocitu harm\u00f3nie vo Va\u0161ej re\u0161taur\u00e1cii alebo kancel\u00e1rii.<\/p>\n","protected":false},"featured_media":3647,"comment_status":"open","ping_status":"closed","template":"","meta":{"_monsterinsights_skip_tracking":false,"_monsterinsights_sitenote_active":false,"_monsterinsights_sitenote_note":"","_monsterinsights_sitenote_category":0},"product_cat":[29],"product_tag":[],"yoast_head":"<!-- This site is optimized with the Yoast SEO plugin v23.0 - https:\/\/yoast.com\/wordpress\/plugins\/seo\/ -->\n<title>Machov\u00e1 doska MIX - GRNEko<\/title>\n<meta name=\"description\" content=\"Doska MIX je dekorat\u00edvny panel, na ktorom sa d\u00e1 nechava\u0165 poznamky, z r\u00f4znych druhov stabilizovan\u00e9ho machu. Modern\u00fd prvok do V\u00e1\u0161ho interi\u00e9ru.\" \/>\n<meta name=\"robots\" content=\"index, follow, max-snippet:-1, max-image-preview:large, max-video-preview:-1\" \/>\n<link rel=\"canonical\" href=\"https:\/\/www.grneko.com\/?product=machova-doska-mix\" \/>\n<meta property=\"og:locale\" content=\"sk_SK\" \/>\n<meta property=\"og:type\" content=\"article\" \/>\n<meta property=\"og:title\" content=\"Machov\u00e1 doska MIX - GRNEko\" \/>\n<meta property=\"og:description\" content=\"Doska MIX je dekorat\u00edvny panel, na ktorom sa d\u00e1 nechava\u0165 poznamky, z r\u00f4znych druhov stabilizovan\u00e9ho machu. Modern\u00fd prvok do V\u00e1\u0161ho interi\u00e9ru.\" \/>\n<meta property=\"og:url\" content=\"https:\/\/www.grneko.com\/?product=machova-doska-mix\" \/>\n<meta property=\"og:site_name\" content=\"GRNEko\" \/>\n<meta property=\"article:modified_time\" content=\"2025-11-09T22:56:23+00:00\" \/>\n<meta property=\"og:image\" content=\"https:\/\/www.grneko.com\/wp-content\/uploads\/2025\/10\/Photoroom_20251008_175001.jpg\" \/>\n\t<meta property=\"og:image:width\" content=\"1512\" \/>\n\t<meta property=\"og:image:height\" content=\"1512\" \/>\n\t<meta property=\"og:image:type\" content=\"image\/jpeg\" \/>\n<meta name=\"twitter:card\" content=\"summary_large_image\" \/>\n<meta name=\"twitter:label1\" content=\"Predpokladan\u00fd \u010das \u010d\u00edtania\" \/>\n\t<meta name=\"twitter:data1\" content=\"1 min\u00fata\" \/>\n<script type=\"application\/ld+json\" class=\"yoast-schema-graph\">{\"@context\":\"https:\/\/schema.org\",\"@graph\":[{\"@type\":\"WebPage\",\"@id\":\"https:\/\/www.grneko.com\/?product=machova-doska-mix\",\"url\":\"https:\/\/www.grneko.com\/?product=machova-doska-mix\",\"name\":\"Machov\u00e1 doska MIX - GRNEko\",\"isPartOf\":{\"@id\":\"https:\/\/www.grneko.com\/#website\"},\"primaryImageOfPage\":{\"@id\":\"https:\/\/www.grneko.com\/?product=machova-doska-mix#primaryimage\"},\"image\":{\"@id\":\"https:\/\/www.grneko.com\/?product=machova-doska-mix#primaryimage\"},\"thumbnailUrl\":\"https:\/\/www.grneko.com\/wp-content\/uploads\/2025\/10\/Photoroom_20251008_175001.jpg\",\"datePublished\":\"2025-10-08T15:35:56+00:00\",\"dateModified\":\"2025-11-09T22:56:23+00:00\",\"description\":\"Doska MIX je dekorat\u00edvny panel, na ktorom sa d\u00e1 nechava\u0165 poznamky, z r\u00f4znych druhov stabilizovan\u00e9ho machu. Modern\u00fd prvok do V\u00e1\u0161ho interi\u00e9ru.\",\"breadcrumb\":{\"@id\":\"https:\/\/www.grneko.com\/?product=machova-doska-mix#breadcrumb\"},\"inLanguage\":\"sk-SK\",\"potentialAction\":[{\"@type\":\"ReadAction\",\"target\":[\"https:\/\/www.grneko.com\/?product=machova-doska-mix\"]}]},{\"@type\":\"ImageObject\",\"inLanguage\":\"sk-SK\",\"@id\":\"https:\/\/www.grneko.com\/?product=machova-doska-mix#primaryimage\",\"url\":\"https:\/\/www.grneko.com\/wp-content\/uploads\/2025\/10\/Photoroom_20251008_175001.jpg\",\"contentUrl\":\"https:\/\/www.grneko.com\/wp-content\/uploads\/2025\/10\/Photoroom_20251008_175001.jpg\",\"width\":1512,\"height\":1512,\"caption\":\"Machov\u00fd obraz r\u00e1m\"},{\"@type\":\"BreadcrumbList\",\"@id\":\"https:\/\/www.grneko.com\/?product=machova-doska-mix#breadcrumb\",\"itemListElement\":[{\"@type\":\"ListItem\",\"position\":1,\"name\":\"Domov\",\"item\":\"https:\/\/www.grneko.com\/\"},{\"@type\":\"ListItem\",\"position\":2,\"name\":\"Obchod\",\"item\":\"https:\/\/www.grneko.com\/?page_id=20\"},{\"@type\":\"ListItem\",\"position\":3,\"name\":\"Machov\u00e1 doska MIX\"}]},{\"@type\":\"WebSite\",\"@id\":\"https:\/\/www.grneko.com\/#website\",\"url\":\"https:\/\/www.grneko.com\/\",\"name\":\"GRNEko\",\"description\":\"Radi V\u00e1m pom\u00f4\u017eeme vyrie\u0161i\u0165 ot\u00e1zku bezstarostliveho ozele\u0148ovania V\u00e1\u0161ho interi\u00e9ru. Vyrob\u00edme na mieru presne pod\u013ea Va\u0161ich predst\u00e1v doplnky zo stabilizovan\u00e9ho machu, ktor\u00fdmi nielen o\u017eivite prostredie ale aj zabudnite \u017ee sa o nich treba nejak\u00fdm sp\u00f4sobom stara\u0165.\",\"potentialAction\":[{\"@type\":\"SearchAction\",\"target\":{\"@type\":\"EntryPoint\",\"urlTemplate\":\"https:\/\/www.grneko.com\/?s={search_term_string}\"},\"query-input\":\"required name=search_term_string\"}],\"inLanguage\":\"sk-SK\"}]}<\/script>\n<!-- \/ Yoast SEO plugin. -->","yoast_head_json":{"title":"Machov\u00e1 doska MIX - GRNEko","description":"Doska MIX je dekorat\u00edvny panel, na ktorom sa d\u00e1 nechava\u0165 poznamky, z r\u00f4znych druhov stabilizovan\u00e9ho machu. Modern\u00fd prvok do V\u00e1\u0161ho interi\u00e9ru.","robots":{"index":"index","follow":"follow","max-snippet":"max-snippet:-1","max-image-preview":"max-image-preview:large","max-video-preview":"max-video-preview:-1"},"canonical":"https:\/\/www.grneko.com\/?product=machova-doska-mix","og_locale":"sk_SK","og_type":"article","og_title":"Machov\u00e1 doska MIX - GRNEko","og_description":"Doska MIX je dekorat\u00edvny panel, na ktorom sa d\u00e1 nechava\u0165 poznamky, z r\u00f4znych druhov stabilizovan\u00e9ho machu. Modern\u00fd prvok do V\u00e1\u0161ho interi\u00e9ru.","og_url":"https:\/\/www.grneko.com\/?product=machova-doska-mix","og_site_name":"GRNEko","article_modified_time":"2025-11-09T22:56:23+00:00","og_image":[{"width":1512,"height":1512,"url":"https:\/\/www.grneko.com\/wp-content\/uploads\/2025\/10\/Photoroom_20251008_175001.jpg","type":"image\/jpeg"}],"twitter_card":"summary_large_image","twitter_misc":{"Predpokladan\u00fd \u010das \u010d\u00edtania":"1 min\u00fata"},"schema":{"@context":"https:\/\/schema.org","@graph":[{"@type":"WebPage","@id":"https:\/\/www.grneko.com\/?product=machova-doska-mix","url":"https:\/\/www.grneko.com\/?product=machova-doska-mix","name":"Machov\u00e1 doska MIX - GRNEko","isPartOf":{"@id":"https:\/\/www.grneko.com\/#website"},"primaryImageOfPage":{"@id":"https:\/\/www.grneko.com\/?product=machova-doska-mix#primaryimage"},"image":{"@id":"https:\/\/www.grneko.com\/?product=machova-doska-mix#primaryimage"},"thumbnailUrl":"https:\/\/www.grneko.com\/wp-content\/uploads\/2025\/10\/Photoroom_20251008_175001.jpg","datePublished":"2025-10-08T15:35:56+00:00","dateModified":"2025-11-09T22:56:23+00:00","description":"Doska MIX je dekorat\u00edvny panel, na ktorom sa d\u00e1 nechava\u0165 poznamky, z r\u00f4znych druhov stabilizovan\u00e9ho machu. Modern\u00fd prvok do V\u00e1\u0161ho interi\u00e9ru.","breadcrumb":{"@id":"https:\/\/www.grneko.com\/?product=machova-doska-mix#breadcrumb"},"inLanguage":"sk-SK","potentialAction":[{"@type":"ReadAction","target":["https:\/\/www.grneko.com\/?product=machova-doska-mix"]}]},{"@type":"ImageObject","inLanguage":"sk-SK","@id":"https:\/\/www.grneko.com\/?product=machova-doska-mix#primaryimage","url":"https:\/\/www.grneko.com\/wp-content\/uploads\/2025\/10\/Photoroom_20251008_175001.jpg","contentUrl":"https:\/\/www.grneko.com\/wp-content\/uploads\/2025\/10\/Photoroom_20251008_175001.jpg","width":1512,"height":1512,"caption":"Machov\u00fd obraz r\u00e1m"},{"@type":"BreadcrumbList","@id":"https:\/\/www.grneko.com\/?product=machova-doska-mix#breadcrumb","itemListElement":[{"@type":"ListItem","position":1,"name":"Domov","item":"https:\/\/www.grneko.com\/"},{"@type":"ListItem","position":2,"name":"Obchod","item":"https:\/\/www.grneko.com\/?page_id=20"},{"@type":"ListItem","position":3,"name":"Machov\u00e1 doska MIX"}]},{"@type":"WebSite","@id":"https:\/\/www.grneko.com\/#website","url":"https:\/\/www.grneko.com\/","name":"GRNEko","description":"Radi V\u00e1m pom\u00f4\u017eeme vyrie\u0161i\u0165 ot\u00e1zku bezstarostliveho ozele\u0148ovania V\u00e1\u0161ho interi\u00e9ru. Vyrob\u00edme na mieru presne pod\u013ea Va\u0161ich predst\u00e1v doplnky zo stabilizovan\u00e9ho machu, ktor\u00fdmi nielen o\u017eivite prostredie ale aj zabudnite \u017ee sa o nich treba nejak\u00fdm sp\u00f4sobom stara\u0165.","potentialAction":[{"@type":"SearchAction","target":{"@type":"EntryPoint","urlTemplate":"https:\/\/www.grneko.com\/?s={search_term_string}"},"query-input":"required name=search_term_string"}],"inLanguage":"sk-SK"}]}},"_links":{"self":[{"href":"https:\/\/www.grneko.com\/index.php?rest_route=\/wp\/v2\/product\/3642"}],"collection":[{"href":"https:\/\/www.grneko.com\/index.php?rest_route=\/wp\/v2\/product"}],"about":[{"href":"https:\/\/www.grneko.com\/index.php?rest_route=\/wp\/v2\/types\/product"}],"replies":[{"embeddable":true,"href":"https:\/\/www.grneko.com\/index.php?rest_route=%2Fwp%2Fv2%2Fcomments&post=3642"}],"wp:featuredmedia":[{"embeddable":true,"href":"https:\/\/www.grneko.com\/index.php?rest_route=\/wp\/v2\/media\/3647"}],"wp:attachment":[{"href":"https:\/\/www.grneko.com\/index.php?rest_route=%2Fwp%2Fv2%2Fmedia&parent=3642"}],"wp:term":[{"taxonomy":"product_cat","embeddable":true,"href":"https:\/\/www.grneko.com\/index.php?rest_route=%2Fwp%2Fv2%2Fproduct_cat&post=3642"},{"taxonomy":"product_tag","embeddable":true,"href":"https:\/\/www.grneko.com\/index.php?rest_route=%2Fwp%2Fv2%2Fproduct_tag&post=3642"}],"curies":[{"name":"wp","href":"https:\/\/api.w.org\/{rel}","templated":true}]}}