{"id":3434,"date":"2024-10-03T20:29:09","date_gmt":"2024-10-03T18:29:09","guid":{"rendered":"https:\/\/www.grneko.com\/?post_type=product&#038;p=3434"},"modified":"2025-12-01T10:18:57","modified_gmt":"2025-12-01T09:18:57","slug":"machovy-obraz-slovakiaring","status":"publish","type":"product","link":"https:\/\/www.grneko.com\/?product=machovy-obraz-slovakiaring","title":{"rendered":"Machov\u00fd obraz SLOVAKIARING"},"content":{"rendered":"<p>Tento obraz reprodukuje tvar zn\u00e1meho pretek\u00e1rskeho okruhu Slovakiaring pomocou zelen\u00e9ho machu. Vynikne v miestnosti fan\u00fa\u0161ika moto\u0161portu alebo v lobby \u0161portov\u00e9ho klubu. Materi\u00e1ly s\u00fa stabilizovan\u00e9 a preto nevy\u017eaduj\u00fa \u017eiadnu starostlivos\u0165. R\u00e1m a ve\u013ekos\u0165 prisp\u00f4sob\u00edme pod\u013ea va\u0161ich predst\u00e1v.<\/p>\n","protected":false},"excerpt":{"rendered":"<p>Tento obraz reprodukuje tvar zn\u00e1meho pretek\u00e1rskeho okruhu Slovakiaring pomocou zelen\u00e9ho machu. Vynikne v miestnosti fan\u00fa\u0161ika moto\u0161portu alebo v lobby \u0161portov\u00e9ho klubu. Materi\u00e1ly s\u00fa stabilizovan\u00e9 a preto nevy\u017eaduj\u00fa \u017eiadnu starostlivos\u0165. R\u00e1m a ve\u013ekos\u0165 prisp\u00f4sob\u00edme pod\u013ea va\u0161ich predst\u00e1v.<\/p>\n","protected":false},"featured_media":3438,"comment_status":"open","ping_status":"closed","template":"","meta":{"_monsterinsights_skip_tracking":false,"_monsterinsights_sitenote_active":false,"_monsterinsights_sitenote_note":"","_monsterinsights_sitenote_category":0},"product_cat":[17],"product_tag":[],"yoast_head":"<!-- This site is optimized with the Yoast SEO plugin v23.0 - https:\/\/yoast.com\/wordpress\/plugins\/seo\/ -->\n<title>Machov\u00e9 hodiny natur<\/title>\n<meta name=\"description\" content=\"Dekor\u00e1cia SLOVAKIARING z machu zachyt\u00e1va tvar pretek\u00e1rskeho okruhu. Bez\u00fadr\u017ebov\u00fd obraz pre fan\u00fa\u0161ikov motor\u0161portu.\" \/>\n<meta name=\"robots\" content=\"index, follow, max-snippet:-1, max-image-preview:large, max-video-preview:-1\" \/>\n<link rel=\"canonical\" href=\"https:\/\/www.grneko.com\/?product=machovy-obraz-slovakiaring\" \/>\n<meta property=\"og:locale\" content=\"sk_SK\" \/>\n<meta property=\"og:type\" content=\"article\" \/>\n<meta property=\"og:title\" content=\"Machov\u00e9 hodiny natur\" \/>\n<meta property=\"og:description\" content=\"Dekor\u00e1cia SLOVAKIARING z machu zachyt\u00e1va tvar pretek\u00e1rskeho okruhu. Bez\u00fadr\u017ebov\u00fd obraz pre fan\u00fa\u0161ikov motor\u0161portu.\" \/>\n<meta property=\"og:url\" content=\"https:\/\/www.grneko.com\/?product=machovy-obraz-slovakiaring\" \/>\n<meta property=\"og:site_name\" content=\"GRNEko\" \/>\n<meta property=\"article:modified_time\" content=\"2025-12-01T09:18:57+00:00\" \/>\n<meta property=\"og:image\" content=\"https:\/\/www.grneko.com\/wp-content\/uploads\/2024\/10\/d4bd75ab-de4d-4b28-95a8-1884.jpg\" \/>\n\t<meta property=\"og:image:width\" content=\"798\" \/>\n\t<meta property=\"og:image:height\" content=\"800\" \/>\n\t<meta property=\"og:image:type\" content=\"image\/jpeg\" \/>\n<meta name=\"twitter:card\" content=\"summary_large_image\" \/>\n<meta name=\"twitter:label1\" content=\"Predpokladan\u00fd \u010das \u010d\u00edtania\" \/>\n\t<meta name=\"twitter:data1\" content=\"1 min\u00fata\" \/>\n<script type=\"application\/ld+json\" class=\"yoast-schema-graph\">{\"@context\":\"https:\/\/schema.org\",\"@graph\":[{\"@type\":\"WebPage\",\"@id\":\"https:\/\/www.grneko.com\/?product=machovy-obraz-slovakiaring\",\"url\":\"https:\/\/www.grneko.com\/?product=machovy-obraz-slovakiaring\",\"name\":\"Machov\u00e9 hodiny natur\",\"isPartOf\":{\"@id\":\"https:\/\/www.grneko.com\/#website\"},\"primaryImageOfPage\":{\"@id\":\"https:\/\/www.grneko.com\/?product=machovy-obraz-slovakiaring#primaryimage\"},\"image\":{\"@id\":\"https:\/\/www.grneko.com\/?product=machovy-obraz-slovakiaring#primaryimage\"},\"thumbnailUrl\":\"https:\/\/www.grneko.com\/wp-content\/uploads\/2024\/10\/d4bd75ab-de4d-4b28-95a8-1884.jpg\",\"datePublished\":\"2024-10-03T18:29:09+00:00\",\"dateModified\":\"2025-12-01T09:18:57+00:00\",\"description\":\"Dekor\u00e1cia SLOVAKIARING z machu zachyt\u00e1va tvar pretek\u00e1rskeho okruhu. Bez\u00fadr\u017ebov\u00fd obraz pre fan\u00fa\u0161ikov motor\u0161portu.\",\"breadcrumb\":{\"@id\":\"https:\/\/www.grneko.com\/?product=machovy-obraz-slovakiaring#breadcrumb\"},\"inLanguage\":\"sk-SK\",\"potentialAction\":[{\"@type\":\"ReadAction\",\"target\":[\"https:\/\/www.grneko.com\/?product=machovy-obraz-slovakiaring\"]}]},{\"@type\":\"ImageObject\",\"inLanguage\":\"sk-SK\",\"@id\":\"https:\/\/www.grneko.com\/?product=machovy-obraz-slovakiaring#primaryimage\",\"url\":\"https:\/\/www.grneko.com\/wp-content\/uploads\/2024\/10\/d4bd75ab-de4d-4b28-95a8-1884.jpg\",\"contentUrl\":\"https:\/\/www.grneko.com\/wp-content\/uploads\/2024\/10\/d4bd75ab-de4d-4b28-95a8-1884.jpg\",\"width\":798,\"height\":800,\"caption\":\"Slovakiaring\"},{\"@type\":\"BreadcrumbList\",\"@id\":\"https:\/\/www.grneko.com\/?product=machovy-obraz-slovakiaring#breadcrumb\",\"itemListElement\":[{\"@type\":\"ListItem\",\"position\":1,\"name\":\"Domov\",\"item\":\"https:\/\/www.grneko.com\/\"},{\"@type\":\"ListItem\",\"position\":2,\"name\":\"Obchod\",\"item\":\"https:\/\/www.grneko.com\/?page_id=20\"},{\"@type\":\"ListItem\",\"position\":3,\"name\":\"Machov\u00fd obraz SLOVAKIARING\"}]},{\"@type\":\"WebSite\",\"@id\":\"https:\/\/www.grneko.com\/#website\",\"url\":\"https:\/\/www.grneko.com\/\",\"name\":\"GRNEko\",\"description\":\"Radi V\u00e1m pom\u00f4\u017eeme vyrie\u0161i\u0165 ot\u00e1zku bezstarostliveho ozele\u0148ovania V\u00e1\u0161ho interi\u00e9ru. Vyrob\u00edme na mieru presne pod\u013ea Va\u0161ich predst\u00e1v doplnky zo stabilizovan\u00e9ho machu, ktor\u00fdmi nielen o\u017eivite prostredie ale aj zabudnite \u017ee sa o nich treba nejak\u00fdm sp\u00f4sobom stara\u0165.\",\"potentialAction\":[{\"@type\":\"SearchAction\",\"target\":{\"@type\":\"EntryPoint\",\"urlTemplate\":\"https:\/\/www.grneko.com\/?s={search_term_string}\"},\"query-input\":\"required name=search_term_string\"}],\"inLanguage\":\"sk-SK\"}]}<\/script>\n<!-- \/ Yoast SEO plugin. -->","yoast_head_json":{"title":"Machov\u00e9 hodiny natur","description":"Dekor\u00e1cia SLOVAKIARING z machu zachyt\u00e1va tvar pretek\u00e1rskeho okruhu. Bez\u00fadr\u017ebov\u00fd obraz pre fan\u00fa\u0161ikov motor\u0161portu.","robots":{"index":"index","follow":"follow","max-snippet":"max-snippet:-1","max-image-preview":"max-image-preview:large","max-video-preview":"max-video-preview:-1"},"canonical":"https:\/\/www.grneko.com\/?product=machovy-obraz-slovakiaring","og_locale":"sk_SK","og_type":"article","og_title":"Machov\u00e9 hodiny natur","og_description":"Dekor\u00e1cia SLOVAKIARING z machu zachyt\u00e1va tvar pretek\u00e1rskeho okruhu. Bez\u00fadr\u017ebov\u00fd obraz pre fan\u00fa\u0161ikov motor\u0161portu.","og_url":"https:\/\/www.grneko.com\/?product=machovy-obraz-slovakiaring","og_site_name":"GRNEko","article_modified_time":"2025-12-01T09:18:57+00:00","og_image":[{"width":798,"height":800,"url":"https:\/\/www.grneko.com\/wp-content\/uploads\/2024\/10\/d4bd75ab-de4d-4b28-95a8-1884.jpg","type":"image\/jpeg"}],"twitter_card":"summary_large_image","twitter_misc":{"Predpokladan\u00fd \u010das \u010d\u00edtania":"1 min\u00fata"},"schema":{"@context":"https:\/\/schema.org","@graph":[{"@type":"WebPage","@id":"https:\/\/www.grneko.com\/?product=machovy-obraz-slovakiaring","url":"https:\/\/www.grneko.com\/?product=machovy-obraz-slovakiaring","name":"Machov\u00e9 hodiny natur","isPartOf":{"@id":"https:\/\/www.grneko.com\/#website"},"primaryImageOfPage":{"@id":"https:\/\/www.grneko.com\/?product=machovy-obraz-slovakiaring#primaryimage"},"image":{"@id":"https:\/\/www.grneko.com\/?product=machovy-obraz-slovakiaring#primaryimage"},"thumbnailUrl":"https:\/\/www.grneko.com\/wp-content\/uploads\/2024\/10\/d4bd75ab-de4d-4b28-95a8-1884.jpg","datePublished":"2024-10-03T18:29:09+00:00","dateModified":"2025-12-01T09:18:57+00:00","description":"Dekor\u00e1cia SLOVAKIARING z machu zachyt\u00e1va tvar pretek\u00e1rskeho okruhu. Bez\u00fadr\u017ebov\u00fd obraz pre fan\u00fa\u0161ikov motor\u0161portu.","breadcrumb":{"@id":"https:\/\/www.grneko.com\/?product=machovy-obraz-slovakiaring#breadcrumb"},"inLanguage":"sk-SK","potentialAction":[{"@type":"ReadAction","target":["https:\/\/www.grneko.com\/?product=machovy-obraz-slovakiaring"]}]},{"@type":"ImageObject","inLanguage":"sk-SK","@id":"https:\/\/www.grneko.com\/?product=machovy-obraz-slovakiaring#primaryimage","url":"https:\/\/www.grneko.com\/wp-content\/uploads\/2024\/10\/d4bd75ab-de4d-4b28-95a8-1884.jpg","contentUrl":"https:\/\/www.grneko.com\/wp-content\/uploads\/2024\/10\/d4bd75ab-de4d-4b28-95a8-1884.jpg","width":798,"height":800,"caption":"Slovakiaring"},{"@type":"BreadcrumbList","@id":"https:\/\/www.grneko.com\/?product=machovy-obraz-slovakiaring#breadcrumb","itemListElement":[{"@type":"ListItem","position":1,"name":"Domov","item":"https:\/\/www.grneko.com\/"},{"@type":"ListItem","position":2,"name":"Obchod","item":"https:\/\/www.grneko.com\/?page_id=20"},{"@type":"ListItem","position":3,"name":"Machov\u00fd obraz SLOVAKIARING"}]},{"@type":"WebSite","@id":"https:\/\/www.grneko.com\/#website","url":"https:\/\/www.grneko.com\/","name":"GRNEko","description":"Radi V\u00e1m pom\u00f4\u017eeme vyrie\u0161i\u0165 ot\u00e1zku bezstarostliveho ozele\u0148ovania V\u00e1\u0161ho interi\u00e9ru. Vyrob\u00edme na mieru presne pod\u013ea Va\u0161ich predst\u00e1v doplnky zo stabilizovan\u00e9ho machu, ktor\u00fdmi nielen o\u017eivite prostredie ale aj zabudnite \u017ee sa o nich treba nejak\u00fdm sp\u00f4sobom stara\u0165.","potentialAction":[{"@type":"SearchAction","target":{"@type":"EntryPoint","urlTemplate":"https:\/\/www.grneko.com\/?s={search_term_string}"},"query-input":"required name=search_term_string"}],"inLanguage":"sk-SK"}]}},"_links":{"self":[{"href":"https:\/\/www.grneko.com\/index.php?rest_route=\/wp\/v2\/product\/3434"}],"collection":[{"href":"https:\/\/www.grneko.com\/index.php?rest_route=\/wp\/v2\/product"}],"about":[{"href":"https:\/\/www.grneko.com\/index.php?rest_route=\/wp\/v2\/types\/product"}],"replies":[{"embeddable":true,"href":"https:\/\/www.grneko.com\/index.php?rest_route=%2Fwp%2Fv2%2Fcomments&post=3434"}],"wp:featuredmedia":[{"embeddable":true,"href":"https:\/\/www.grneko.com\/index.php?rest_route=\/wp\/v2\/media\/3438"}],"wp:attachment":[{"href":"https:\/\/www.grneko.com\/index.php?rest_route=%2Fwp%2Fv2%2Fmedia&parent=3434"}],"wp:term":[{"taxonomy":"product_cat","embeddable":true,"href":"https:\/\/www.grneko.com\/index.php?rest_route=%2Fwp%2Fv2%2Fproduct_cat&post=3434"},{"taxonomy":"product_tag","embeddable":true,"href":"https:\/\/www.grneko.com\/index.php?rest_route=%2Fwp%2Fv2%2Fproduct_tag&post=3434"}],"curies":[{"name":"wp","href":"https:\/\/api.w.org\/{rel}","templated":true}]}}