{"id":3425,"date":"2024-10-03T20:22:03","date_gmt":"2024-10-03T18:22:03","guid":{"rendered":"https:\/\/www.grneko.com\/?post_type=product&#038;p=3425"},"modified":"2025-11-15T21:53:10","modified_gmt":"2025-11-15T20:53:10","slug":"machova-stena-kopcekove-logo","status":"publish","type":"product","link":"https:\/\/www.grneko.com\/?product=machova-stena-kopcekove-logo","title":{"rendered":"Machov\u00e1 stena KOP\u010cEKOV\u00c9 LAMELY"},"content":{"rendered":"<p>Tento produkt sp\u00e1ja vertik\u00e1lne lamely s hust\u00fdm kop\u010dekov\u00fdm machom. Lamely m\u00f4\u017eu by\u0165 z dreva alebo MDF. Vznikaj\u00fa tak zelen\u00e9 steny, ktor\u00e9 v interi\u00e9ri vytv\u00e1raj\u00fa rytmus a z\u00e1rove\u0148 tlmia zvuk. Stena je vhodn\u00e1 za telev\u00edzne steny, do kancel\u00e1ri\u00ed alebo ako deliaca stena v otvoren\u00fdch priestoroch.<\/p>\n<p>Druh a farbu machu vieme prisp\u00f4sobi\u0165 va\u0161im individu\u00e1lnym po\u017eiadavk\u00e1m.<\/p>\n<p>Cenov\u00fa ponuku V\u00e1m radi po\u0161leme do mailu.<\/p>\n","protected":false},"excerpt":{"rendered":"<p>Jedine\u010dn\u00e9 a origin\u00e1lne, ru\u010dne vyr\u00e1ban\u00e9 interierov\u00e9 steny z machu. Druh a farbu machu vieme prisp\u00f4sobi\u0165 va\u0161im individu\u00e1lnym po\u017eiadavk\u00e1m.<\/p>\n<p>Cenov\u00fa ponuku V\u00e1m radi po\u0161leme do mailu.<\/p>\n","protected":false},"featured_media":3426,"comment_status":"open","ping_status":"closed","template":"","meta":{"_monsterinsights_skip_tracking":false,"_monsterinsights_sitenote_active":false,"_monsterinsights_sitenote_note":"","_monsterinsights_sitenote_category":0},"product_cat":[18],"product_tag":[],"yoast_head":"<!-- This site is optimized with the Yoast SEO plugin v23.0 - https:\/\/yoast.com\/wordpress\/plugins\/seo\/ -->\n<title>Machov\u00e1 stena KOP\u010cEKOV\u00c9 LAMELY - GRNEko<\/title>\n<meta name=\"description\" content=\"KOP\u010cEKOV\u00c9 LAMELY s\u00fa dekorat\u00edvne lamely s kop\u010dekov\u00fdm machom. Modern\u00fd architektonick\u00fd prvok so zvukov\u00fdmi benefitmi.\" \/>\n<meta name=\"robots\" content=\"index, follow, max-snippet:-1, max-image-preview:large, max-video-preview:-1\" \/>\n<link rel=\"canonical\" href=\"https:\/\/www.grneko.com\/?product=machova-stena-kopcekove-logo\" \/>\n<meta property=\"og:locale\" content=\"sk_SK\" \/>\n<meta property=\"og:type\" content=\"article\" \/>\n<meta property=\"og:title\" content=\"Machov\u00e1 stena KOP\u010cEKOV\u00c9 LAMELY - GRNEko\" \/>\n<meta property=\"og:description\" content=\"KOP\u010cEKOV\u00c9 LAMELY s\u00fa dekorat\u00edvne lamely s kop\u010dekov\u00fdm machom. Modern\u00fd architektonick\u00fd prvok so zvukov\u00fdmi benefitmi.\" \/>\n<meta property=\"og:url\" content=\"https:\/\/www.grneko.com\/?product=machova-stena-kopcekove-logo\" \/>\n<meta property=\"og:site_name\" content=\"GRNEko\" \/>\n<meta property=\"article:modified_time\" content=\"2025-11-15T20:53:10+00:00\" \/>\n<meta property=\"og:image\" content=\"https:\/\/www.grneko.com\/wp-content\/uploads\/2024\/10\/IMG_7892.jpg\" \/>\n\t<meta property=\"og:image:width\" content=\"800\" \/>\n\t<meta property=\"og:image:height\" content=\"800\" \/>\n\t<meta property=\"og:image:type\" content=\"image\/jpeg\" \/>\n<meta name=\"twitter:card\" content=\"summary_large_image\" \/>\n<meta name=\"twitter:label1\" content=\"Predpokladan\u00fd \u010das \u010d\u00edtania\" \/>\n\t<meta name=\"twitter:data1\" content=\"1 min\u00fata\" \/>\n<script type=\"application\/ld+json\" class=\"yoast-schema-graph\">{\"@context\":\"https:\/\/schema.org\",\"@graph\":[{\"@type\":\"WebPage\",\"@id\":\"https:\/\/www.grneko.com\/?product=machova-stena-kopcekove-logo\",\"url\":\"https:\/\/www.grneko.com\/?product=machova-stena-kopcekove-logo\",\"name\":\"Machov\u00e1 stena KOP\u010cEKOV\u00c9 LAMELY - GRNEko\",\"isPartOf\":{\"@id\":\"https:\/\/www.grneko.com\/#website\"},\"primaryImageOfPage\":{\"@id\":\"https:\/\/www.grneko.com\/?product=machova-stena-kopcekove-logo#primaryimage\"},\"image\":{\"@id\":\"https:\/\/www.grneko.com\/?product=machova-stena-kopcekove-logo#primaryimage\"},\"thumbnailUrl\":\"https:\/\/www.grneko.com\/wp-content\/uploads\/2024\/10\/IMG_7892.jpg\",\"datePublished\":\"2024-10-03T18:22:03+00:00\",\"dateModified\":\"2025-11-15T20:53:10+00:00\",\"description\":\"KOP\u010cEKOV\u00c9 LAMELY s\u00fa dekorat\u00edvne lamely s kop\u010dekov\u00fdm machom. Modern\u00fd architektonick\u00fd prvok so zvukov\u00fdmi benefitmi.\",\"breadcrumb\":{\"@id\":\"https:\/\/www.grneko.com\/?product=machova-stena-kopcekove-logo#breadcrumb\"},\"inLanguage\":\"sk-SK\",\"potentialAction\":[{\"@type\":\"ReadAction\",\"target\":[\"https:\/\/www.grneko.com\/?product=machova-stena-kopcekove-logo\"]}]},{\"@type\":\"ImageObject\",\"inLanguage\":\"sk-SK\",\"@id\":\"https:\/\/www.grneko.com\/?product=machova-stena-kopcekove-logo#primaryimage\",\"url\":\"https:\/\/www.grneko.com\/wp-content\/uploads\/2024\/10\/IMG_7892.jpg\",\"contentUrl\":\"https:\/\/www.grneko.com\/wp-content\/uploads\/2024\/10\/IMG_7892.jpg\",\"width\":800,\"height\":800,\"caption\":\"Goltech logo Machove\"},{\"@type\":\"BreadcrumbList\",\"@id\":\"https:\/\/www.grneko.com\/?product=machova-stena-kopcekove-logo#breadcrumb\",\"itemListElement\":[{\"@type\":\"ListItem\",\"position\":1,\"name\":\"Domov\",\"item\":\"https:\/\/www.grneko.com\/\"},{\"@type\":\"ListItem\",\"position\":2,\"name\":\"Obchod\",\"item\":\"https:\/\/www.grneko.com\/?page_id=20\"},{\"@type\":\"ListItem\",\"position\":3,\"name\":\"Machov\u00e1 stena KOP\u010cEKOV\u00c9 LAMELY\"}]},{\"@type\":\"WebSite\",\"@id\":\"https:\/\/www.grneko.com\/#website\",\"url\":\"https:\/\/www.grneko.com\/\",\"name\":\"GRNEko\",\"description\":\"Radi V\u00e1m pom\u00f4\u017eeme vyrie\u0161i\u0165 ot\u00e1zku bezstarostliveho ozele\u0148ovania V\u00e1\u0161ho interi\u00e9ru. Vyrob\u00edme na mieru presne pod\u013ea Va\u0161ich predst\u00e1v doplnky zo stabilizovan\u00e9ho machu, ktor\u00fdmi nielen o\u017eivite prostredie ale aj zabudnite \u017ee sa o nich treba nejak\u00fdm sp\u00f4sobom stara\u0165.\",\"potentialAction\":[{\"@type\":\"SearchAction\",\"target\":{\"@type\":\"EntryPoint\",\"urlTemplate\":\"https:\/\/www.grneko.com\/?s={search_term_string}\"},\"query-input\":\"required name=search_term_string\"}],\"inLanguage\":\"sk-SK\"}]}<\/script>\n<!-- \/ Yoast SEO plugin. -->","yoast_head_json":{"title":"Machov\u00e1 stena KOP\u010cEKOV\u00c9 LAMELY - GRNEko","description":"KOP\u010cEKOV\u00c9 LAMELY s\u00fa dekorat\u00edvne lamely s kop\u010dekov\u00fdm machom. Modern\u00fd architektonick\u00fd prvok so zvukov\u00fdmi benefitmi.","robots":{"index":"index","follow":"follow","max-snippet":"max-snippet:-1","max-image-preview":"max-image-preview:large","max-video-preview":"max-video-preview:-1"},"canonical":"https:\/\/www.grneko.com\/?product=machova-stena-kopcekove-logo","og_locale":"sk_SK","og_type":"article","og_title":"Machov\u00e1 stena KOP\u010cEKOV\u00c9 LAMELY - GRNEko","og_description":"KOP\u010cEKOV\u00c9 LAMELY s\u00fa dekorat\u00edvne lamely s kop\u010dekov\u00fdm machom. Modern\u00fd architektonick\u00fd prvok so zvukov\u00fdmi benefitmi.","og_url":"https:\/\/www.grneko.com\/?product=machova-stena-kopcekove-logo","og_site_name":"GRNEko","article_modified_time":"2025-11-15T20:53:10+00:00","og_image":[{"width":800,"height":800,"url":"https:\/\/www.grneko.com\/wp-content\/uploads\/2024\/10\/IMG_7892.jpg","type":"image\/jpeg"}],"twitter_card":"summary_large_image","twitter_misc":{"Predpokladan\u00fd \u010das \u010d\u00edtania":"1 min\u00fata"},"schema":{"@context":"https:\/\/schema.org","@graph":[{"@type":"WebPage","@id":"https:\/\/www.grneko.com\/?product=machova-stena-kopcekove-logo","url":"https:\/\/www.grneko.com\/?product=machova-stena-kopcekove-logo","name":"Machov\u00e1 stena KOP\u010cEKOV\u00c9 LAMELY - GRNEko","isPartOf":{"@id":"https:\/\/www.grneko.com\/#website"},"primaryImageOfPage":{"@id":"https:\/\/www.grneko.com\/?product=machova-stena-kopcekove-logo#primaryimage"},"image":{"@id":"https:\/\/www.grneko.com\/?product=machova-stena-kopcekove-logo#primaryimage"},"thumbnailUrl":"https:\/\/www.grneko.com\/wp-content\/uploads\/2024\/10\/IMG_7892.jpg","datePublished":"2024-10-03T18:22:03+00:00","dateModified":"2025-11-15T20:53:10+00:00","description":"KOP\u010cEKOV\u00c9 LAMELY s\u00fa dekorat\u00edvne lamely s kop\u010dekov\u00fdm machom. Modern\u00fd architektonick\u00fd prvok so zvukov\u00fdmi benefitmi.","breadcrumb":{"@id":"https:\/\/www.grneko.com\/?product=machova-stena-kopcekove-logo#breadcrumb"},"inLanguage":"sk-SK","potentialAction":[{"@type":"ReadAction","target":["https:\/\/www.grneko.com\/?product=machova-stena-kopcekove-logo"]}]},{"@type":"ImageObject","inLanguage":"sk-SK","@id":"https:\/\/www.grneko.com\/?product=machova-stena-kopcekove-logo#primaryimage","url":"https:\/\/www.grneko.com\/wp-content\/uploads\/2024\/10\/IMG_7892.jpg","contentUrl":"https:\/\/www.grneko.com\/wp-content\/uploads\/2024\/10\/IMG_7892.jpg","width":800,"height":800,"caption":"Goltech logo Machove"},{"@type":"BreadcrumbList","@id":"https:\/\/www.grneko.com\/?product=machova-stena-kopcekove-logo#breadcrumb","itemListElement":[{"@type":"ListItem","position":1,"name":"Domov","item":"https:\/\/www.grneko.com\/"},{"@type":"ListItem","position":2,"name":"Obchod","item":"https:\/\/www.grneko.com\/?page_id=20"},{"@type":"ListItem","position":3,"name":"Machov\u00e1 stena KOP\u010cEKOV\u00c9 LAMELY"}]},{"@type":"WebSite","@id":"https:\/\/www.grneko.com\/#website","url":"https:\/\/www.grneko.com\/","name":"GRNEko","description":"Radi V\u00e1m pom\u00f4\u017eeme vyrie\u0161i\u0165 ot\u00e1zku bezstarostliveho ozele\u0148ovania V\u00e1\u0161ho interi\u00e9ru. Vyrob\u00edme na mieru presne pod\u013ea Va\u0161ich predst\u00e1v doplnky zo stabilizovan\u00e9ho machu, ktor\u00fdmi nielen o\u017eivite prostredie ale aj zabudnite \u017ee sa o nich treba nejak\u00fdm sp\u00f4sobom stara\u0165.","potentialAction":[{"@type":"SearchAction","target":{"@type":"EntryPoint","urlTemplate":"https:\/\/www.grneko.com\/?s={search_term_string}"},"query-input":"required name=search_term_string"}],"inLanguage":"sk-SK"}]}},"_links":{"self":[{"href":"https:\/\/www.grneko.com\/index.php?rest_route=\/wp\/v2\/product\/3425"}],"collection":[{"href":"https:\/\/www.grneko.com\/index.php?rest_route=\/wp\/v2\/product"}],"about":[{"href":"https:\/\/www.grneko.com\/index.php?rest_route=\/wp\/v2\/types\/product"}],"replies":[{"embeddable":true,"href":"https:\/\/www.grneko.com\/index.php?rest_route=%2Fwp%2Fv2%2Fcomments&post=3425"}],"wp:featuredmedia":[{"embeddable":true,"href":"https:\/\/www.grneko.com\/index.php?rest_route=\/wp\/v2\/media\/3426"}],"wp:attachment":[{"href":"https:\/\/www.grneko.com\/index.php?rest_route=%2Fwp%2Fv2%2Fmedia&parent=3425"}],"wp:term":[{"taxonomy":"product_cat","embeddable":true,"href":"https:\/\/www.grneko.com\/index.php?rest_route=%2Fwp%2Fv2%2Fproduct_cat&post=3425"},{"taxonomy":"product_tag","embeddable":true,"href":"https:\/\/www.grneko.com\/index.php?rest_route=%2Fwp%2Fv2%2Fproduct_tag&post=3425"}],"curies":[{"name":"wp","href":"https:\/\/api.w.org\/{rel}","templated":true}]}}