{"id":3411,"date":"2024-09-28T18:21:49","date_gmt":"2024-09-28T16:21:49","guid":{"rendered":"https:\/\/www.grneko.com\/?post_type=product&#038;p=3411"},"modified":"2025-12-19T16:35:32","modified_gmt":"2025-12-19T15:35:32","slug":"machove-hodiny-kombinacia","status":"publish","type":"product","link":"https:\/\/www.grneko.com\/?product=machove-hodiny-kombinacia","title":{"rendered":"Machov\u00e9 hodiny KOMBIN\u00c1CIA"},"content":{"rendered":"<p>Tento model kombinuje mach li\u0161ajn\u00edk s dreven\u00fdmi prvkami, ktor\u00e9 dod\u00e1vaj\u00fa tepl\u00fd n\u00e1dych. Ka\u017ed\u00e1 \u010das\u0165 cifern\u00edka je in\u00e1, tak\u017ee vytv\u00e1ra origin\u00e1lny mozaikov\u00fd efekt. Hodiny s\u00fa bez\u00fadr\u017ebov\u00e9, vhodn\u00e9 ako dar alebo do reprezentat\u00edvnych priestorov.<\/p>\n<p>Rozmer (priemer): 62 cm.<\/p>\n","protected":false},"excerpt":{"rendered":"<p>Machov\u00e9 hodiny s\u00fa jedn\u00fdm z najpopul\u00e1rnej\u0161\u00edch prvkov machovej dekor\u00e1cie. S\u00fa to unik\u00e1tne n\u00e1stenn\u00e9 hodiny, ktor\u00e9 zdobia Va\u0161 interi\u00e9r a z\u00e1rove\u0148 V\u00e1m ukazuj\u00fa \u010das, ktor\u00fd te\u010die neust\u00e1le, ako pr\u00edroda sama. Machov\u00e9 hodiny dod\u00e1vaj\u00fa V\u00e1\u0161mu domovu pocit pokoja a harm\u00f3nie.<\/p>\n","protected":false},"featured_media":3414,"comment_status":"open","ping_status":"closed","template":"","meta":{"_monsterinsights_skip_tracking":false,"_monsterinsights_sitenote_active":false,"_monsterinsights_sitenote_note":"","_monsterinsights_sitenote_category":0},"product_cat":[19],"product_tag":[],"yoast_head":"<!-- This site is optimized with the Yoast SEO plugin v23.0 - https:\/\/yoast.com\/wordpress\/plugins\/seo\/ -->\n<title>Hodiny s machom a dreven\u00fdm cifern\u00edkom<\/title>\n<meta name=\"description\" content=\"Hodiny KOMBIN\u00c1CIA sp\u00e1jaj\u00fa r\u00f4zne druhy machu a dreven\u00e9 akcenty. Unik\u00e1tne ru\u010dne vyr\u00e1ban\u00e9 hodiny pre ka\u017ed\u00fd domov.\" \/>\n<meta name=\"robots\" content=\"index, follow, max-snippet:-1, max-image-preview:large, max-video-preview:-1\" \/>\n<link rel=\"canonical\" href=\"https:\/\/www.grneko.com\/?product=machove-hodiny-kombinacia\" \/>\n<meta property=\"og:locale\" content=\"sk_SK\" \/>\n<meta property=\"og:type\" content=\"article\" \/>\n<meta property=\"og:title\" content=\"Hodiny s machom a dreven\u00fdm cifern\u00edkom\" \/>\n<meta property=\"og:description\" content=\"Hodiny KOMBIN\u00c1CIA sp\u00e1jaj\u00fa r\u00f4zne druhy machu a dreven\u00e9 akcenty. Unik\u00e1tne ru\u010dne vyr\u00e1ban\u00e9 hodiny pre ka\u017ed\u00fd domov.\" \/>\n<meta property=\"og:url\" content=\"https:\/\/www.grneko.com\/?product=machove-hodiny-kombinacia\" \/>\n<meta property=\"og:site_name\" content=\"GRNEko\" \/>\n<meta property=\"article:modified_time\" content=\"2025-12-19T15:35:32+00:00\" \/>\n<meta property=\"og:image\" content=\"https:\/\/www.grneko.com\/wp-content\/uploads\/2024\/09\/d8e00c89-f657-4cbd-8aa8-80088563b3f9-001.jpg\" \/>\n\t<meta property=\"og:image:width\" content=\"800\" \/>\n\t<meta property=\"og:image:height\" content=\"800\" \/>\n\t<meta property=\"og:image:type\" content=\"image\/jpeg\" \/>\n<meta name=\"twitter:card\" content=\"summary_large_image\" \/>\n<meta name=\"twitter:label1\" content=\"Predpokladan\u00fd \u010das \u010d\u00edtania\" \/>\n\t<meta name=\"twitter:data1\" content=\"1 min\u00fata\" \/>\n<script type=\"application\/ld+json\" class=\"yoast-schema-graph\">{\"@context\":\"https:\/\/schema.org\",\"@graph\":[{\"@type\":\"WebPage\",\"@id\":\"https:\/\/www.grneko.com\/?product=machove-hodiny-kombinacia\",\"url\":\"https:\/\/www.grneko.com\/?product=machove-hodiny-kombinacia\",\"name\":\"Hodiny s machom a dreven\u00fdm cifern\u00edkom\",\"isPartOf\":{\"@id\":\"https:\/\/www.grneko.com\/#website\"},\"primaryImageOfPage\":{\"@id\":\"https:\/\/www.grneko.com\/?product=machove-hodiny-kombinacia#primaryimage\"},\"image\":{\"@id\":\"https:\/\/www.grneko.com\/?product=machove-hodiny-kombinacia#primaryimage\"},\"thumbnailUrl\":\"https:\/\/www.grneko.com\/wp-content\/uploads\/2024\/09\/d8e00c89-f657-4cbd-8aa8-80088563b3f9-001.jpg\",\"datePublished\":\"2024-09-28T16:21:49+00:00\",\"dateModified\":\"2025-12-19T15:35:32+00:00\",\"description\":\"Hodiny KOMBIN\u00c1CIA sp\u00e1jaj\u00fa r\u00f4zne druhy machu a dreven\u00e9 akcenty. Unik\u00e1tne ru\u010dne vyr\u00e1ban\u00e9 hodiny pre ka\u017ed\u00fd domov.\",\"breadcrumb\":{\"@id\":\"https:\/\/www.grneko.com\/?product=machove-hodiny-kombinacia#breadcrumb\"},\"inLanguage\":\"sk-SK\",\"potentialAction\":[{\"@type\":\"ReadAction\",\"target\":[\"https:\/\/www.grneko.com\/?product=machove-hodiny-kombinacia\"]}]},{\"@type\":\"ImageObject\",\"inLanguage\":\"sk-SK\",\"@id\":\"https:\/\/www.grneko.com\/?product=machove-hodiny-kombinacia#primaryimage\",\"url\":\"https:\/\/www.grneko.com\/wp-content\/uploads\/2024\/09\/d8e00c89-f657-4cbd-8aa8-80088563b3f9-001.jpg\",\"contentUrl\":\"https:\/\/www.grneko.com\/wp-content\/uploads\/2024\/09\/d8e00c89-f657-4cbd-8aa8-80088563b3f9-001.jpg\",\"width\":800,\"height\":800,\"caption\":\"\u0160t\u00fdlov\u00e9 n\u00e1stenn\u00e9 hodiny\"},{\"@type\":\"BreadcrumbList\",\"@id\":\"https:\/\/www.grneko.com\/?product=machove-hodiny-kombinacia#breadcrumb\",\"itemListElement\":[{\"@type\":\"ListItem\",\"position\":1,\"name\":\"Domov\",\"item\":\"https:\/\/www.grneko.com\/\"},{\"@type\":\"ListItem\",\"position\":2,\"name\":\"Obchod\",\"item\":\"https:\/\/www.grneko.com\/?page_id=20\"},{\"@type\":\"ListItem\",\"position\":3,\"name\":\"Machov\u00e9 hodiny KOMBIN\u00c1CIA\"}]},{\"@type\":\"WebSite\",\"@id\":\"https:\/\/www.grneko.com\/#website\",\"url\":\"https:\/\/www.grneko.com\/\",\"name\":\"GRNEko\",\"description\":\"Radi V\u00e1m pom\u00f4\u017eeme vyrie\u0161i\u0165 ot\u00e1zku bezstarostliveho ozele\u0148ovania V\u00e1\u0161ho interi\u00e9ru. Vyrob\u00edme na mieru presne pod\u013ea Va\u0161ich predst\u00e1v doplnky zo stabilizovan\u00e9ho machu, ktor\u00fdmi nielen o\u017eivite prostredie ale aj zabudnite \u017ee sa o nich treba nejak\u00fdm sp\u00f4sobom stara\u0165.\",\"potentialAction\":[{\"@type\":\"SearchAction\",\"target\":{\"@type\":\"EntryPoint\",\"urlTemplate\":\"https:\/\/www.grneko.com\/?s={search_term_string}\"},\"query-input\":\"required name=search_term_string\"}],\"inLanguage\":\"sk-SK\"}]}<\/script>\n<!-- \/ Yoast SEO plugin. -->","yoast_head_json":{"title":"Hodiny s machom a dreven\u00fdm cifern\u00edkom","description":"Hodiny KOMBIN\u00c1CIA sp\u00e1jaj\u00fa r\u00f4zne druhy machu a dreven\u00e9 akcenty. Unik\u00e1tne ru\u010dne vyr\u00e1ban\u00e9 hodiny pre ka\u017ed\u00fd domov.","robots":{"index":"index","follow":"follow","max-snippet":"max-snippet:-1","max-image-preview":"max-image-preview:large","max-video-preview":"max-video-preview:-1"},"canonical":"https:\/\/www.grneko.com\/?product=machove-hodiny-kombinacia","og_locale":"sk_SK","og_type":"article","og_title":"Hodiny s machom a dreven\u00fdm cifern\u00edkom","og_description":"Hodiny KOMBIN\u00c1CIA sp\u00e1jaj\u00fa r\u00f4zne druhy machu a dreven\u00e9 akcenty. Unik\u00e1tne ru\u010dne vyr\u00e1ban\u00e9 hodiny pre ka\u017ed\u00fd domov.","og_url":"https:\/\/www.grneko.com\/?product=machove-hodiny-kombinacia","og_site_name":"GRNEko","article_modified_time":"2025-12-19T15:35:32+00:00","og_image":[{"width":800,"height":800,"url":"https:\/\/www.grneko.com\/wp-content\/uploads\/2024\/09\/d8e00c89-f657-4cbd-8aa8-80088563b3f9-001.jpg","type":"image\/jpeg"}],"twitter_card":"summary_large_image","twitter_misc":{"Predpokladan\u00fd \u010das \u010d\u00edtania":"1 min\u00fata"},"schema":{"@context":"https:\/\/schema.org","@graph":[{"@type":"WebPage","@id":"https:\/\/www.grneko.com\/?product=machove-hodiny-kombinacia","url":"https:\/\/www.grneko.com\/?product=machove-hodiny-kombinacia","name":"Hodiny s machom a dreven\u00fdm cifern\u00edkom","isPartOf":{"@id":"https:\/\/www.grneko.com\/#website"},"primaryImageOfPage":{"@id":"https:\/\/www.grneko.com\/?product=machove-hodiny-kombinacia#primaryimage"},"image":{"@id":"https:\/\/www.grneko.com\/?product=machove-hodiny-kombinacia#primaryimage"},"thumbnailUrl":"https:\/\/www.grneko.com\/wp-content\/uploads\/2024\/09\/d8e00c89-f657-4cbd-8aa8-80088563b3f9-001.jpg","datePublished":"2024-09-28T16:21:49+00:00","dateModified":"2025-12-19T15:35:32+00:00","description":"Hodiny KOMBIN\u00c1CIA sp\u00e1jaj\u00fa r\u00f4zne druhy machu a dreven\u00e9 akcenty. Unik\u00e1tne ru\u010dne vyr\u00e1ban\u00e9 hodiny pre ka\u017ed\u00fd domov.","breadcrumb":{"@id":"https:\/\/www.grneko.com\/?product=machove-hodiny-kombinacia#breadcrumb"},"inLanguage":"sk-SK","potentialAction":[{"@type":"ReadAction","target":["https:\/\/www.grneko.com\/?product=machove-hodiny-kombinacia"]}]},{"@type":"ImageObject","inLanguage":"sk-SK","@id":"https:\/\/www.grneko.com\/?product=machove-hodiny-kombinacia#primaryimage","url":"https:\/\/www.grneko.com\/wp-content\/uploads\/2024\/09\/d8e00c89-f657-4cbd-8aa8-80088563b3f9-001.jpg","contentUrl":"https:\/\/www.grneko.com\/wp-content\/uploads\/2024\/09\/d8e00c89-f657-4cbd-8aa8-80088563b3f9-001.jpg","width":800,"height":800,"caption":"\u0160t\u00fdlov\u00e9 n\u00e1stenn\u00e9 hodiny"},{"@type":"BreadcrumbList","@id":"https:\/\/www.grneko.com\/?product=machove-hodiny-kombinacia#breadcrumb","itemListElement":[{"@type":"ListItem","position":1,"name":"Domov","item":"https:\/\/www.grneko.com\/"},{"@type":"ListItem","position":2,"name":"Obchod","item":"https:\/\/www.grneko.com\/?page_id=20"},{"@type":"ListItem","position":3,"name":"Machov\u00e9 hodiny KOMBIN\u00c1CIA"}]},{"@type":"WebSite","@id":"https:\/\/www.grneko.com\/#website","url":"https:\/\/www.grneko.com\/","name":"GRNEko","description":"Radi V\u00e1m pom\u00f4\u017eeme vyrie\u0161i\u0165 ot\u00e1zku bezstarostliveho ozele\u0148ovania V\u00e1\u0161ho interi\u00e9ru. Vyrob\u00edme na mieru presne pod\u013ea Va\u0161ich predst\u00e1v doplnky zo stabilizovan\u00e9ho machu, ktor\u00fdmi nielen o\u017eivite prostredie ale aj zabudnite \u017ee sa o nich treba nejak\u00fdm sp\u00f4sobom stara\u0165.","potentialAction":[{"@type":"SearchAction","target":{"@type":"EntryPoint","urlTemplate":"https:\/\/www.grneko.com\/?s={search_term_string}"},"query-input":"required name=search_term_string"}],"inLanguage":"sk-SK"}]}},"_links":{"self":[{"href":"https:\/\/www.grneko.com\/index.php?rest_route=\/wp\/v2\/product\/3411"}],"collection":[{"href":"https:\/\/www.grneko.com\/index.php?rest_route=\/wp\/v2\/product"}],"about":[{"href":"https:\/\/www.grneko.com\/index.php?rest_route=\/wp\/v2\/types\/product"}],"replies":[{"embeddable":true,"href":"https:\/\/www.grneko.com\/index.php?rest_route=%2Fwp%2Fv2%2Fcomments&post=3411"}],"wp:featuredmedia":[{"embeddable":true,"href":"https:\/\/www.grneko.com\/index.php?rest_route=\/wp\/v2\/media\/3414"}],"wp:attachment":[{"href":"https:\/\/www.grneko.com\/index.php?rest_route=%2Fwp%2Fv2%2Fmedia&parent=3411"}],"wp:term":[{"taxonomy":"product_cat","embeddable":true,"href":"https:\/\/www.grneko.com\/index.php?rest_route=%2Fwp%2Fv2%2Fproduct_cat&post=3411"},{"taxonomy":"product_tag","embeddable":true,"href":"https:\/\/www.grneko.com\/index.php?rest_route=%2Fwp%2Fv2%2Fproduct_tag&post=3411"}],"curies":[{"name":"wp","href":"https:\/\/api.w.org\/{rel}","templated":true}]}}