{"id":3405,"date":"2024-09-28T18:17:55","date_gmt":"2024-09-28T16:17:55","guid":{"rendered":"https:\/\/www.grneko.com\/?post_type=product&#038;p=3405"},"modified":"2025-12-19T16:35:50","modified_gmt":"2025-12-19T15:35:50","slug":"machove-hodiny-wood","status":"publish","type":"product","link":"https:\/\/www.grneko.com\/?product=machove-hodiny-wood","title":{"rendered":"Machov\u00e9 hodiny WOOD"},"content":{"rendered":"<p>Hodiny WOOD s\u00fa klasickou kombin\u00e1ciou dreva a machu. Hrub\u00fd dreven\u00fd r\u00e1m vyroben\u00fd z kvalitn\u00e9ho mas\u00edvu obklopuje cifern\u00edk z ploch\u00e9ho machu. T\u00e1to kombin\u00e1cia p\u00f4sob\u00ed rustik\u00e1lne, no z\u00e1rove\u0148 moderne. Hodiny sa stan\u00fa dominantn\u00fdm doplnkom v ob\u00fdva\u010dke alebo pracovni.<\/p>\n<p>Rozmer (priemer): 60 cm<\/p>\n","protected":false},"excerpt":{"rendered":"<p>Machov\u00e9 hodiny s\u00fa jedn\u00fdm z najpopul\u00e1rnej\u0161\u00edch prvkov machovej dekor\u00e1cie. S\u00fa to unik\u00e1tne n\u00e1stenn\u00e9 hodiny, ktor\u00e9 zdobia Va\u0161 interi\u00e9r a z\u00e1rove\u0148 V\u00e1m ukazuj\u00fa \u010das, ktor\u00fd te\u010die neust\u00e1le, ako pr\u00edroda sama. Machov\u00e9 hodiny dod\u00e1vaj\u00fa V\u00e1\u0161mu domovu pocit pokoja a harm\u00f3nie.<\/p>\n","protected":false},"featured_media":3408,"comment_status":"open","ping_status":"closed","template":"","meta":{"_monsterinsights_skip_tracking":false,"_monsterinsights_sitenote_active":false,"_monsterinsights_sitenote_note":"","_monsterinsights_sitenote_category":0},"product_cat":[19],"product_tag":[],"yoast_head":"<!-- This site is optimized with the Yoast SEO plugin v23.0 - https:\/\/yoast.com\/wordpress\/plugins\/seo\/ -->\n<title>Hodiny s kombinovan\u00fdm dizajnom<\/title>\n<meta name=\"description\" content=\"Model WOOD sp\u00e1ja mas\u00edvny dreven\u00fd r\u00e1m a stabilizovan\u00fd mach. Pr\u00edrodn\u00fd dizajn hod\u00edn, ktor\u00fd zaujme v ka\u017edom interi\u00e9ri.\" \/>\n<meta name=\"robots\" content=\"index, follow, max-snippet:-1, max-image-preview:large, max-video-preview:-1\" \/>\n<link rel=\"canonical\" href=\"https:\/\/www.grneko.com\/?product=machove-hodiny-wood\" \/>\n<meta property=\"og:locale\" content=\"sk_SK\" \/>\n<meta property=\"og:type\" content=\"article\" \/>\n<meta property=\"og:title\" content=\"Hodiny s kombinovan\u00fdm dizajnom\" \/>\n<meta property=\"og:description\" content=\"Model WOOD sp\u00e1ja mas\u00edvny dreven\u00fd r\u00e1m a stabilizovan\u00fd mach. Pr\u00edrodn\u00fd dizajn hod\u00edn, ktor\u00fd zaujme v ka\u017edom interi\u00e9ri.\" \/>\n<meta property=\"og:url\" content=\"https:\/\/www.grneko.com\/?product=machove-hodiny-wood\" \/>\n<meta property=\"og:site_name\" content=\"GRNEko\" \/>\n<meta property=\"article:modified_time\" content=\"2025-12-19T15:35:50+00:00\" \/>\n<meta property=\"og:image\" content=\"https:\/\/www.grneko.com\/wp-content\/uploads\/2024\/09\/eb38e643-baaa-4fb1-8100-096.jpg\" \/>\n\t<meta property=\"og:image:width\" content=\"800\" \/>\n\t<meta property=\"og:image:height\" content=\"799\" \/>\n\t<meta property=\"og:image:type\" content=\"image\/jpeg\" \/>\n<meta name=\"twitter:card\" content=\"summary_large_image\" \/>\n<meta name=\"twitter:label1\" content=\"Predpokladan\u00fd \u010das \u010d\u00edtania\" \/>\n\t<meta name=\"twitter:data1\" content=\"1 min\u00fata\" \/>\n<script type=\"application\/ld+json\" class=\"yoast-schema-graph\">{\"@context\":\"https:\/\/schema.org\",\"@graph\":[{\"@type\":\"WebPage\",\"@id\":\"https:\/\/www.grneko.com\/?product=machove-hodiny-wood\",\"url\":\"https:\/\/www.grneko.com\/?product=machove-hodiny-wood\",\"name\":\"Hodiny s kombinovan\u00fdm dizajnom\",\"isPartOf\":{\"@id\":\"https:\/\/www.grneko.com\/#website\"},\"primaryImageOfPage\":{\"@id\":\"https:\/\/www.grneko.com\/?product=machove-hodiny-wood#primaryimage\"},\"image\":{\"@id\":\"https:\/\/www.grneko.com\/?product=machove-hodiny-wood#primaryimage\"},\"thumbnailUrl\":\"https:\/\/www.grneko.com\/wp-content\/uploads\/2024\/09\/eb38e643-baaa-4fb1-8100-096.jpg\",\"datePublished\":\"2024-09-28T16:17:55+00:00\",\"dateModified\":\"2025-12-19T15:35:50+00:00\",\"description\":\"Model WOOD sp\u00e1ja mas\u00edvny dreven\u00fd r\u00e1m a stabilizovan\u00fd mach. Pr\u00edrodn\u00fd dizajn hod\u00edn, ktor\u00fd zaujme v ka\u017edom interi\u00e9ri.\",\"breadcrumb\":{\"@id\":\"https:\/\/www.grneko.com\/?product=machove-hodiny-wood#breadcrumb\"},\"inLanguage\":\"sk-SK\",\"potentialAction\":[{\"@type\":\"ReadAction\",\"target\":[\"https:\/\/www.grneko.com\/?product=machove-hodiny-wood\"]}]},{\"@type\":\"ImageObject\",\"inLanguage\":\"sk-SK\",\"@id\":\"https:\/\/www.grneko.com\/?product=machove-hodiny-wood#primaryimage\",\"url\":\"https:\/\/www.grneko.com\/wp-content\/uploads\/2024\/09\/eb38e643-baaa-4fb1-8100-096.jpg\",\"contentUrl\":\"https:\/\/www.grneko.com\/wp-content\/uploads\/2024\/09\/eb38e643-baaa-4fb1-8100-096.jpg\",\"width\":800,\"height\":799,\"caption\":\"Machove n\u00e1stenn\u00e9 hodiny\"},{\"@type\":\"BreadcrumbList\",\"@id\":\"https:\/\/www.grneko.com\/?product=machove-hodiny-wood#breadcrumb\",\"itemListElement\":[{\"@type\":\"ListItem\",\"position\":1,\"name\":\"Domov\",\"item\":\"https:\/\/www.grneko.com\/\"},{\"@type\":\"ListItem\",\"position\":2,\"name\":\"Obchod\",\"item\":\"https:\/\/www.grneko.com\/?page_id=20\"},{\"@type\":\"ListItem\",\"position\":3,\"name\":\"Machov\u00e9 hodiny WOOD\"}]},{\"@type\":\"WebSite\",\"@id\":\"https:\/\/www.grneko.com\/#website\",\"url\":\"https:\/\/www.grneko.com\/\",\"name\":\"GRNEko\",\"description\":\"Radi V\u00e1m pom\u00f4\u017eeme vyrie\u0161i\u0165 ot\u00e1zku bezstarostliveho ozele\u0148ovania V\u00e1\u0161ho interi\u00e9ru. Vyrob\u00edme na mieru presne pod\u013ea Va\u0161ich predst\u00e1v doplnky zo stabilizovan\u00e9ho machu, ktor\u00fdmi nielen o\u017eivite prostredie ale aj zabudnite \u017ee sa o nich treba nejak\u00fdm sp\u00f4sobom stara\u0165.\",\"potentialAction\":[{\"@type\":\"SearchAction\",\"target\":{\"@type\":\"EntryPoint\",\"urlTemplate\":\"https:\/\/www.grneko.com\/?s={search_term_string}\"},\"query-input\":\"required name=search_term_string\"}],\"inLanguage\":\"sk-SK\"}]}<\/script>\n<!-- \/ Yoast SEO plugin. -->","yoast_head_json":{"title":"Hodiny s kombinovan\u00fdm dizajnom","description":"Model WOOD sp\u00e1ja mas\u00edvny dreven\u00fd r\u00e1m a stabilizovan\u00fd mach. Pr\u00edrodn\u00fd dizajn hod\u00edn, ktor\u00fd zaujme v ka\u017edom interi\u00e9ri.","robots":{"index":"index","follow":"follow","max-snippet":"max-snippet:-1","max-image-preview":"max-image-preview:large","max-video-preview":"max-video-preview:-1"},"canonical":"https:\/\/www.grneko.com\/?product=machove-hodiny-wood","og_locale":"sk_SK","og_type":"article","og_title":"Hodiny s kombinovan\u00fdm dizajnom","og_description":"Model WOOD sp\u00e1ja mas\u00edvny dreven\u00fd r\u00e1m a stabilizovan\u00fd mach. Pr\u00edrodn\u00fd dizajn hod\u00edn, ktor\u00fd zaujme v ka\u017edom interi\u00e9ri.","og_url":"https:\/\/www.grneko.com\/?product=machove-hodiny-wood","og_site_name":"GRNEko","article_modified_time":"2025-12-19T15:35:50+00:00","og_image":[{"width":800,"height":799,"url":"https:\/\/www.grneko.com\/wp-content\/uploads\/2024\/09\/eb38e643-baaa-4fb1-8100-096.jpg","type":"image\/jpeg"}],"twitter_card":"summary_large_image","twitter_misc":{"Predpokladan\u00fd \u010das \u010d\u00edtania":"1 min\u00fata"},"schema":{"@context":"https:\/\/schema.org","@graph":[{"@type":"WebPage","@id":"https:\/\/www.grneko.com\/?product=machove-hodiny-wood","url":"https:\/\/www.grneko.com\/?product=machove-hodiny-wood","name":"Hodiny s kombinovan\u00fdm dizajnom","isPartOf":{"@id":"https:\/\/www.grneko.com\/#website"},"primaryImageOfPage":{"@id":"https:\/\/www.grneko.com\/?product=machove-hodiny-wood#primaryimage"},"image":{"@id":"https:\/\/www.grneko.com\/?product=machove-hodiny-wood#primaryimage"},"thumbnailUrl":"https:\/\/www.grneko.com\/wp-content\/uploads\/2024\/09\/eb38e643-baaa-4fb1-8100-096.jpg","datePublished":"2024-09-28T16:17:55+00:00","dateModified":"2025-12-19T15:35:50+00:00","description":"Model WOOD sp\u00e1ja mas\u00edvny dreven\u00fd r\u00e1m a stabilizovan\u00fd mach. Pr\u00edrodn\u00fd dizajn hod\u00edn, ktor\u00fd zaujme v ka\u017edom interi\u00e9ri.","breadcrumb":{"@id":"https:\/\/www.grneko.com\/?product=machove-hodiny-wood#breadcrumb"},"inLanguage":"sk-SK","potentialAction":[{"@type":"ReadAction","target":["https:\/\/www.grneko.com\/?product=machove-hodiny-wood"]}]},{"@type":"ImageObject","inLanguage":"sk-SK","@id":"https:\/\/www.grneko.com\/?product=machove-hodiny-wood#primaryimage","url":"https:\/\/www.grneko.com\/wp-content\/uploads\/2024\/09\/eb38e643-baaa-4fb1-8100-096.jpg","contentUrl":"https:\/\/www.grneko.com\/wp-content\/uploads\/2024\/09\/eb38e643-baaa-4fb1-8100-096.jpg","width":800,"height":799,"caption":"Machove n\u00e1stenn\u00e9 hodiny"},{"@type":"BreadcrumbList","@id":"https:\/\/www.grneko.com\/?product=machove-hodiny-wood#breadcrumb","itemListElement":[{"@type":"ListItem","position":1,"name":"Domov","item":"https:\/\/www.grneko.com\/"},{"@type":"ListItem","position":2,"name":"Obchod","item":"https:\/\/www.grneko.com\/?page_id=20"},{"@type":"ListItem","position":3,"name":"Machov\u00e9 hodiny WOOD"}]},{"@type":"WebSite","@id":"https:\/\/www.grneko.com\/#website","url":"https:\/\/www.grneko.com\/","name":"GRNEko","description":"Radi V\u00e1m pom\u00f4\u017eeme vyrie\u0161i\u0165 ot\u00e1zku bezstarostliveho ozele\u0148ovania V\u00e1\u0161ho interi\u00e9ru. Vyrob\u00edme na mieru presne pod\u013ea Va\u0161ich predst\u00e1v doplnky zo stabilizovan\u00e9ho machu, ktor\u00fdmi nielen o\u017eivite prostredie ale aj zabudnite \u017ee sa o nich treba nejak\u00fdm sp\u00f4sobom stara\u0165.","potentialAction":[{"@type":"SearchAction","target":{"@type":"EntryPoint","urlTemplate":"https:\/\/www.grneko.com\/?s={search_term_string}"},"query-input":"required name=search_term_string"}],"inLanguage":"sk-SK"}]}},"_links":{"self":[{"href":"https:\/\/www.grneko.com\/index.php?rest_route=\/wp\/v2\/product\/3405"}],"collection":[{"href":"https:\/\/www.grneko.com\/index.php?rest_route=\/wp\/v2\/product"}],"about":[{"href":"https:\/\/www.grneko.com\/index.php?rest_route=\/wp\/v2\/types\/product"}],"replies":[{"embeddable":true,"href":"https:\/\/www.grneko.com\/index.php?rest_route=%2Fwp%2Fv2%2Fcomments&post=3405"}],"wp:featuredmedia":[{"embeddable":true,"href":"https:\/\/www.grneko.com\/index.php?rest_route=\/wp\/v2\/media\/3408"}],"wp:attachment":[{"href":"https:\/\/www.grneko.com\/index.php?rest_route=%2Fwp%2Fv2%2Fmedia&parent=3405"}],"wp:term":[{"taxonomy":"product_cat","embeddable":true,"href":"https:\/\/www.grneko.com\/index.php?rest_route=%2Fwp%2Fv2%2Fproduct_cat&post=3405"},{"taxonomy":"product_tag","embeddable":true,"href":"https:\/\/www.grneko.com\/index.php?rest_route=%2Fwp%2Fv2%2Fproduct_tag&post=3405"}],"curies":[{"name":"wp","href":"https:\/\/api.w.org\/{rel}","templated":true}]}}