{"id":3394,"date":"2024-09-28T17:31:38","date_gmt":"2024-09-28T15:31:38","guid":{"rendered":"https:\/\/www.grneko.com\/?post_type=product&#038;p=3394"},"modified":"2025-12-01T10:19:46","modified_gmt":"2025-12-01T09:19:46","slug":"machove-hodiny-wedding","status":"publish","type":"product","link":"https:\/\/www.grneko.com\/?product=machove-hodiny-wedding","title":{"rendered":"Machov\u00e9 hodiny WEDDING"},"content":{"rendered":"<p>Model WEDDING je navrhnut\u00fd ako svadobn\u00fd dar. Kombinuje biely r\u00e1m so zelen\u00fdm machom a m\u00f4\u017ee by\u0165 doplnen\u00fd inici\u00e1lami novoman\u017eelov alebo d\u00e1tumom svadby. Hodiny symbolizuj\u00fa neust\u00e1ly plynutie \u010dasu a s\u00fa kr\u00e1snou spomienkou na v\u00fdznamn\u00fd de\u0148. S\u00fa ru\u010dne vyroben\u00e9, tich\u00e9 a \u00faplne bez\u00fadr\u017ebov\u00e9.<\/p>\n<p>Rozmer (priemer): 56 cm.<\/p>\n<p>Prosime uvies\u0165 do pozn\u00e1mky k objedn\u00e1vke po\u017eadovan\u00e9 p\u00edsmena a d\u00e1tum.<\/p>\n","protected":false},"excerpt":{"rendered":"<p>Machov\u00e9 hodiny s\u00fa jedn\u00fdm z najpopul\u00e1rnej\u0161\u00edch prvkov machovej dekor\u00e1cie. S\u00fa to unik\u00e1tne n\u00e1stenn\u00e9 hodiny, ktor\u00e9 zdobia Va\u0161 interi\u00e9r a z\u00e1rove\u0148 V\u00e1m ukazuj\u00fa \u010das, ktor\u00fd te\u010die neust\u00e1le, ako pr\u00edroda sama. Machov\u00e9 hodiny dod\u00e1vaj\u00fa V\u00e1\u0161mu domovu pocit pokoja a harm\u00f3nie.<\/p>\n","protected":false},"featured_media":3395,"comment_status":"open","ping_status":"closed","template":"","meta":{"_monsterinsights_skip_tracking":false,"_monsterinsights_sitenote_active":false,"_monsterinsights_sitenote_note":"","_monsterinsights_sitenote_category":0},"product_cat":[19,26],"product_tag":[],"yoast_head":"<!-- This site is optimized with the Yoast SEO plugin v23.0 - https:\/\/yoast.com\/wordpress\/plugins\/seo\/ -->\n<title>Exkluz\u00edvne machov\u00e9 hodiny s personalizovan\u00fdm vzorom<\/title>\n<meta name=\"description\" content=\"Hodiny WEDDING s\u00fa romantick\u00fd dar\u010dek pre novoman\u017eelov. Stabilizovan\u00fd mach a elegantn\u00fd dizajn pripom\u00ednaj\u00fa ve\u010dn\u00fa l\u00e1sku.\" \/>\n<meta name=\"robots\" content=\"index, follow, max-snippet:-1, max-image-preview:large, max-video-preview:-1\" \/>\n<link rel=\"canonical\" href=\"https:\/\/www.grneko.com\/?product=machove-hodiny-wedding\" \/>\n<meta property=\"og:locale\" content=\"sk_SK\" \/>\n<meta property=\"og:type\" content=\"article\" \/>\n<meta property=\"og:title\" content=\"Exkluz\u00edvne machov\u00e9 hodiny s personalizovan\u00fdm vzorom\" \/>\n<meta property=\"og:description\" content=\"Hodiny WEDDING s\u00fa romantick\u00fd dar\u010dek pre novoman\u017eelov. Stabilizovan\u00fd mach a elegantn\u00fd dizajn pripom\u00ednaj\u00fa ve\u010dn\u00fa l\u00e1sku.\" \/>\n<meta property=\"og:url\" content=\"https:\/\/www.grneko.com\/?product=machove-hodiny-wedding\" \/>\n<meta property=\"og:site_name\" content=\"GRNEko\" \/>\n<meta property=\"article:modified_time\" content=\"2025-12-01T09:19:46+00:00\" \/>\n<meta property=\"og:image\" content=\"https:\/\/www.grneko.com\/wp-content\/uploads\/2024\/09\/ba9e075a-2ef4-482c-985d-eb2367011c72-001.jpg\" \/>\n\t<meta property=\"og:image:width\" content=\"800\" \/>\n\t<meta property=\"og:image:height\" content=\"800\" \/>\n\t<meta property=\"og:image:type\" content=\"image\/jpeg\" \/>\n<meta name=\"twitter:card\" content=\"summary_large_image\" \/>\n<meta name=\"twitter:label1\" content=\"Predpokladan\u00fd \u010das \u010d\u00edtania\" \/>\n\t<meta name=\"twitter:data1\" content=\"1 min\u00fata\" \/>\n<script type=\"application\/ld+json\" class=\"yoast-schema-graph\">{\"@context\":\"https:\/\/schema.org\",\"@graph\":[{\"@type\":\"WebPage\",\"@id\":\"https:\/\/www.grneko.com\/?product=machove-hodiny-wedding\",\"url\":\"https:\/\/www.grneko.com\/?product=machove-hodiny-wedding\",\"name\":\"Exkluz\u00edvne machov\u00e9 hodiny s personalizovan\u00fdm vzorom\",\"isPartOf\":{\"@id\":\"https:\/\/www.grneko.com\/#website\"},\"primaryImageOfPage\":{\"@id\":\"https:\/\/www.grneko.com\/?product=machove-hodiny-wedding#primaryimage\"},\"image\":{\"@id\":\"https:\/\/www.grneko.com\/?product=machove-hodiny-wedding#primaryimage\"},\"thumbnailUrl\":\"https:\/\/www.grneko.com\/wp-content\/uploads\/2024\/09\/ba9e075a-2ef4-482c-985d-eb2367011c72-001.jpg\",\"datePublished\":\"2024-09-28T15:31:38+00:00\",\"dateModified\":\"2025-12-01T09:19:46+00:00\",\"description\":\"Hodiny WEDDING s\u00fa romantick\u00fd dar\u010dek pre novoman\u017eelov. Stabilizovan\u00fd mach a elegantn\u00fd dizajn pripom\u00ednaj\u00fa ve\u010dn\u00fa l\u00e1sku.\",\"breadcrumb\":{\"@id\":\"https:\/\/www.grneko.com\/?product=machove-hodiny-wedding#breadcrumb\"},\"inLanguage\":\"sk-SK\",\"potentialAction\":[{\"@type\":\"ReadAction\",\"target\":[\"https:\/\/www.grneko.com\/?product=machove-hodiny-wedding\"]}]},{\"@type\":\"ImageObject\",\"inLanguage\":\"sk-SK\",\"@id\":\"https:\/\/www.grneko.com\/?product=machove-hodiny-wedding#primaryimage\",\"url\":\"https:\/\/www.grneko.com\/wp-content\/uploads\/2024\/09\/ba9e075a-2ef4-482c-985d-eb2367011c72-001.jpg\",\"contentUrl\":\"https:\/\/www.grneko.com\/wp-content\/uploads\/2024\/09\/ba9e075a-2ef4-482c-985d-eb2367011c72-001.jpg\",\"width\":800,\"height\":800,\"caption\":\"Dar\u010dek na svadbu hodiny\"},{\"@type\":\"BreadcrumbList\",\"@id\":\"https:\/\/www.grneko.com\/?product=machove-hodiny-wedding#breadcrumb\",\"itemListElement\":[{\"@type\":\"ListItem\",\"position\":1,\"name\":\"Domov\",\"item\":\"https:\/\/www.grneko.com\/\"},{\"@type\":\"ListItem\",\"position\":2,\"name\":\"Obchod\",\"item\":\"https:\/\/www.grneko.com\/?page_id=20\"},{\"@type\":\"ListItem\",\"position\":3,\"name\":\"Machov\u00e9 hodiny WEDDING\"}]},{\"@type\":\"WebSite\",\"@id\":\"https:\/\/www.grneko.com\/#website\",\"url\":\"https:\/\/www.grneko.com\/\",\"name\":\"GRNEko\",\"description\":\"Radi V\u00e1m pom\u00f4\u017eeme vyrie\u0161i\u0165 ot\u00e1zku bezstarostliveho ozele\u0148ovania V\u00e1\u0161ho interi\u00e9ru. Vyrob\u00edme na mieru presne pod\u013ea Va\u0161ich predst\u00e1v doplnky zo stabilizovan\u00e9ho machu, ktor\u00fdmi nielen o\u017eivite prostredie ale aj zabudnite \u017ee sa o nich treba nejak\u00fdm sp\u00f4sobom stara\u0165.\",\"potentialAction\":[{\"@type\":\"SearchAction\",\"target\":{\"@type\":\"EntryPoint\",\"urlTemplate\":\"https:\/\/www.grneko.com\/?s={search_term_string}\"},\"query-input\":\"required name=search_term_string\"}],\"inLanguage\":\"sk-SK\"}]}<\/script>\n<!-- \/ Yoast SEO plugin. -->","yoast_head_json":{"title":"Exkluz\u00edvne machov\u00e9 hodiny s personalizovan\u00fdm vzorom","description":"Hodiny WEDDING s\u00fa romantick\u00fd dar\u010dek pre novoman\u017eelov. Stabilizovan\u00fd mach a elegantn\u00fd dizajn pripom\u00ednaj\u00fa ve\u010dn\u00fa l\u00e1sku.","robots":{"index":"index","follow":"follow","max-snippet":"max-snippet:-1","max-image-preview":"max-image-preview:large","max-video-preview":"max-video-preview:-1"},"canonical":"https:\/\/www.grneko.com\/?product=machove-hodiny-wedding","og_locale":"sk_SK","og_type":"article","og_title":"Exkluz\u00edvne machov\u00e9 hodiny s personalizovan\u00fdm vzorom","og_description":"Hodiny WEDDING s\u00fa romantick\u00fd dar\u010dek pre novoman\u017eelov. Stabilizovan\u00fd mach a elegantn\u00fd dizajn pripom\u00ednaj\u00fa ve\u010dn\u00fa l\u00e1sku.","og_url":"https:\/\/www.grneko.com\/?product=machove-hodiny-wedding","og_site_name":"GRNEko","article_modified_time":"2025-12-01T09:19:46+00:00","og_image":[{"width":800,"height":800,"url":"https:\/\/www.grneko.com\/wp-content\/uploads\/2024\/09\/ba9e075a-2ef4-482c-985d-eb2367011c72-001.jpg","type":"image\/jpeg"}],"twitter_card":"summary_large_image","twitter_misc":{"Predpokladan\u00fd \u010das \u010d\u00edtania":"1 min\u00fata"},"schema":{"@context":"https:\/\/schema.org","@graph":[{"@type":"WebPage","@id":"https:\/\/www.grneko.com\/?product=machove-hodiny-wedding","url":"https:\/\/www.grneko.com\/?product=machove-hodiny-wedding","name":"Exkluz\u00edvne machov\u00e9 hodiny s personalizovan\u00fdm vzorom","isPartOf":{"@id":"https:\/\/www.grneko.com\/#website"},"primaryImageOfPage":{"@id":"https:\/\/www.grneko.com\/?product=machove-hodiny-wedding#primaryimage"},"image":{"@id":"https:\/\/www.grneko.com\/?product=machove-hodiny-wedding#primaryimage"},"thumbnailUrl":"https:\/\/www.grneko.com\/wp-content\/uploads\/2024\/09\/ba9e075a-2ef4-482c-985d-eb2367011c72-001.jpg","datePublished":"2024-09-28T15:31:38+00:00","dateModified":"2025-12-01T09:19:46+00:00","description":"Hodiny WEDDING s\u00fa romantick\u00fd dar\u010dek pre novoman\u017eelov. Stabilizovan\u00fd mach a elegantn\u00fd dizajn pripom\u00ednaj\u00fa ve\u010dn\u00fa l\u00e1sku.","breadcrumb":{"@id":"https:\/\/www.grneko.com\/?product=machove-hodiny-wedding#breadcrumb"},"inLanguage":"sk-SK","potentialAction":[{"@type":"ReadAction","target":["https:\/\/www.grneko.com\/?product=machove-hodiny-wedding"]}]},{"@type":"ImageObject","inLanguage":"sk-SK","@id":"https:\/\/www.grneko.com\/?product=machove-hodiny-wedding#primaryimage","url":"https:\/\/www.grneko.com\/wp-content\/uploads\/2024\/09\/ba9e075a-2ef4-482c-985d-eb2367011c72-001.jpg","contentUrl":"https:\/\/www.grneko.com\/wp-content\/uploads\/2024\/09\/ba9e075a-2ef4-482c-985d-eb2367011c72-001.jpg","width":800,"height":800,"caption":"Dar\u010dek na svadbu hodiny"},{"@type":"BreadcrumbList","@id":"https:\/\/www.grneko.com\/?product=machove-hodiny-wedding#breadcrumb","itemListElement":[{"@type":"ListItem","position":1,"name":"Domov","item":"https:\/\/www.grneko.com\/"},{"@type":"ListItem","position":2,"name":"Obchod","item":"https:\/\/www.grneko.com\/?page_id=20"},{"@type":"ListItem","position":3,"name":"Machov\u00e9 hodiny WEDDING"}]},{"@type":"WebSite","@id":"https:\/\/www.grneko.com\/#website","url":"https:\/\/www.grneko.com\/","name":"GRNEko","description":"Radi V\u00e1m pom\u00f4\u017eeme vyrie\u0161i\u0165 ot\u00e1zku bezstarostliveho ozele\u0148ovania V\u00e1\u0161ho interi\u00e9ru. Vyrob\u00edme na mieru presne pod\u013ea Va\u0161ich predst\u00e1v doplnky zo stabilizovan\u00e9ho machu, ktor\u00fdmi nielen o\u017eivite prostredie ale aj zabudnite \u017ee sa o nich treba nejak\u00fdm sp\u00f4sobom stara\u0165.","potentialAction":[{"@type":"SearchAction","target":{"@type":"EntryPoint","urlTemplate":"https:\/\/www.grneko.com\/?s={search_term_string}"},"query-input":"required name=search_term_string"}],"inLanguage":"sk-SK"}]}},"_links":{"self":[{"href":"https:\/\/www.grneko.com\/index.php?rest_route=\/wp\/v2\/product\/3394"}],"collection":[{"href":"https:\/\/www.grneko.com\/index.php?rest_route=\/wp\/v2\/product"}],"about":[{"href":"https:\/\/www.grneko.com\/index.php?rest_route=\/wp\/v2\/types\/product"}],"replies":[{"embeddable":true,"href":"https:\/\/www.grneko.com\/index.php?rest_route=%2Fwp%2Fv2%2Fcomments&post=3394"}],"wp:featuredmedia":[{"embeddable":true,"href":"https:\/\/www.grneko.com\/index.php?rest_route=\/wp\/v2\/media\/3395"}],"wp:attachment":[{"href":"https:\/\/www.grneko.com\/index.php?rest_route=%2Fwp%2Fv2%2Fmedia&parent=3394"}],"wp:term":[{"taxonomy":"product_cat","embeddable":true,"href":"https:\/\/www.grneko.com\/index.php?rest_route=%2Fwp%2Fv2%2Fproduct_cat&post=3394"},{"taxonomy":"product_tag","embeddable":true,"href":"https:\/\/www.grneko.com\/index.php?rest_route=%2Fwp%2Fv2%2Fproduct_tag&post=3394"}],"curies":[{"name":"wp","href":"https:\/\/api.w.org\/{rel}","templated":true}]}}