{"id":3386,"date":"2024-09-28T17:19:27","date_gmt":"2024-09-28T15:19:27","guid":{"rendered":"https:\/\/www.grneko.com\/?post_type=product&#038;p=3386"},"modified":"2025-11-10T00:17:11","modified_gmt":"2025-11-09T23:17:11","slug":"machove-zrkadlo-kopcek","status":"publish","type":"product","link":"https:\/\/www.grneko.com\/?product=machove-zrkadlo-kopcek","title":{"rendered":"Machov\u00e9 zrkadlo KOP\u010cEK"},"content":{"rendered":"<p>Zrkadlo KOP\u010cEK vyu\u017e\u00edva plastick\u00fd kop\u010dekov\u00fd mach na vytvorenie hrav\u00e9ho okraja. V\u010faka 3D efektu zrkadlo p\u00f4sob\u00ed mas\u00edvne, no st\u00e1le jemne. Ide\u00e1lne je do vstupn\u00fdch h\u00e1l, k\u00fape\u013en\u00ed \u010di ob\u00fdvac\u00edch izieb. Mont\u00e1\u017e je jednoduch\u00e1 a zrkadlo je bez\u00fadr\u017ebov\u00e9.<\/p>\n<p>Rozmer: r\u00e1m 100*70 cm, zrkadlo 70*40 cm.<\/p>\n","protected":false},"excerpt":{"rendered":"<p>Zrkadlo KOP\u010cEK vyu\u017e\u00edva plastick\u00fd kop\u010dekov\u00fd mach na vytvorenie hrav\u00e9ho okraja. V\u010faka 3D efektu zrkadlo p\u00f4sob\u00ed mas\u00edvne, no st\u00e1le jemne. Ide\u00e1lne je do vstupn\u00fdch h\u00e1l, k\u00fape\u013en\u00ed \u010di ob\u00fdvac\u00edch izieb. Mont\u00e1\u017e je jednoduch\u00e1 a zrkadlo je bez\u00fadr\u017ebov\u00e9. Rozmer: r\u00e1m 100*70 cm, zrkadlo 70*40 cm.<\/p>\n","protected":false},"featured_media":3388,"comment_status":"open","ping_status":"closed","template":"","meta":{"_monsterinsights_skip_tracking":false,"_monsterinsights_sitenote_active":false,"_monsterinsights_sitenote_note":"","_monsterinsights_sitenote_category":0},"product_cat":[29],"product_tag":[],"yoast_head":"<!-- This site is optimized with the Yoast SEO plugin v23.0 - https:\/\/yoast.com\/wordpress\/plugins\/seo\/ -->\n<title>Machov\u00e9 zrkadlo KOP\u010cEK - GRNEko<\/title>\n<meta name=\"description\" content=\"Zrkadlo KOP\u010cEK m\u00e1 okraj z kop\u010dekov\u00e9ho machu. Dekor\u00e1cia, ktor\u00e1 opticky zv\u00e4\u010d\u0161\u00ed priestor a prinesie pr\u00edrodn\u00fd akcent.\" \/>\n<meta name=\"robots\" content=\"index, follow, max-snippet:-1, max-image-preview:large, max-video-preview:-1\" \/>\n<link rel=\"canonical\" href=\"https:\/\/www.grneko.com\/?product=machove-zrkadlo-kopcek\" \/>\n<meta property=\"og:locale\" content=\"sk_SK\" \/>\n<meta property=\"og:type\" content=\"article\" \/>\n<meta property=\"og:title\" content=\"Machov\u00e9 zrkadlo KOP\u010cEK - GRNEko\" \/>\n<meta property=\"og:description\" content=\"Zrkadlo KOP\u010cEK m\u00e1 okraj z kop\u010dekov\u00e9ho machu. Dekor\u00e1cia, ktor\u00e1 opticky zv\u00e4\u010d\u0161\u00ed priestor a prinesie pr\u00edrodn\u00fd akcent.\" \/>\n<meta property=\"og:url\" content=\"https:\/\/www.grneko.com\/?product=machove-zrkadlo-kopcek\" \/>\n<meta property=\"og:site_name\" content=\"GRNEko\" \/>\n<meta property=\"article:modified_time\" content=\"2025-11-09T23:17:11+00:00\" \/>\n<meta property=\"og:image\" content=\"https:\/\/www.grneko.com\/wp-content\/uploads\/2024\/09\/42eb64de-f428-4b04-9bbd-010.jpg\" \/>\n\t<meta property=\"og:image:width\" content=\"799\" \/>\n\t<meta property=\"og:image:height\" content=\"800\" \/>\n\t<meta property=\"og:image:type\" content=\"image\/jpeg\" \/>\n<meta name=\"twitter:card\" content=\"summary_large_image\" \/>\n<meta name=\"twitter:label1\" content=\"Predpokladan\u00fd \u010das \u010d\u00edtania\" \/>\n\t<meta name=\"twitter:data1\" content=\"1 min\u00fata\" \/>\n<script type=\"application\/ld+json\" class=\"yoast-schema-graph\">{\"@context\":\"https:\/\/schema.org\",\"@graph\":[{\"@type\":\"WebPage\",\"@id\":\"https:\/\/www.grneko.com\/?product=machove-zrkadlo-kopcek\",\"url\":\"https:\/\/www.grneko.com\/?product=machove-zrkadlo-kopcek\",\"name\":\"Machov\u00e9 zrkadlo KOP\u010cEK - GRNEko\",\"isPartOf\":{\"@id\":\"https:\/\/www.grneko.com\/#website\"},\"primaryImageOfPage\":{\"@id\":\"https:\/\/www.grneko.com\/?product=machove-zrkadlo-kopcek#primaryimage\"},\"image\":{\"@id\":\"https:\/\/www.grneko.com\/?product=machove-zrkadlo-kopcek#primaryimage\"},\"thumbnailUrl\":\"https:\/\/www.grneko.com\/wp-content\/uploads\/2024\/09\/42eb64de-f428-4b04-9bbd-010.jpg\",\"datePublished\":\"2024-09-28T15:19:27+00:00\",\"dateModified\":\"2025-11-09T23:17:11+00:00\",\"description\":\"Zrkadlo KOP\u010cEK m\u00e1 okraj z kop\u010dekov\u00e9ho machu. Dekor\u00e1cia, ktor\u00e1 opticky zv\u00e4\u010d\u0161\u00ed priestor a prinesie pr\u00edrodn\u00fd akcent.\",\"breadcrumb\":{\"@id\":\"https:\/\/www.grneko.com\/?product=machove-zrkadlo-kopcek#breadcrumb\"},\"inLanguage\":\"sk-SK\",\"potentialAction\":[{\"@type\":\"ReadAction\",\"target\":[\"https:\/\/www.grneko.com\/?product=machove-zrkadlo-kopcek\"]}]},{\"@type\":\"ImageObject\",\"inLanguage\":\"sk-SK\",\"@id\":\"https:\/\/www.grneko.com\/?product=machove-zrkadlo-kopcek#primaryimage\",\"url\":\"https:\/\/www.grneko.com\/wp-content\/uploads\/2024\/09\/42eb64de-f428-4b04-9bbd-010.jpg\",\"contentUrl\":\"https:\/\/www.grneko.com\/wp-content\/uploads\/2024\/09\/42eb64de-f428-4b04-9bbd-010.jpg\",\"width\":799,\"height\":800,\"caption\":\"Zrkadlo do k\u00fape\u013eni z machom\"},{\"@type\":\"BreadcrumbList\",\"@id\":\"https:\/\/www.grneko.com\/?product=machove-zrkadlo-kopcek#breadcrumb\",\"itemListElement\":[{\"@type\":\"ListItem\",\"position\":1,\"name\":\"Domov\",\"item\":\"https:\/\/www.grneko.com\/\"},{\"@type\":\"ListItem\",\"position\":2,\"name\":\"Obchod\",\"item\":\"https:\/\/www.grneko.com\/?page_id=20\"},{\"@type\":\"ListItem\",\"position\":3,\"name\":\"Machov\u00e9 zrkadlo KOP\u010cEK\"}]},{\"@type\":\"WebSite\",\"@id\":\"https:\/\/www.grneko.com\/#website\",\"url\":\"https:\/\/www.grneko.com\/\",\"name\":\"GRNEko\",\"description\":\"Radi V\u00e1m pom\u00f4\u017eeme vyrie\u0161i\u0165 ot\u00e1zku bezstarostliveho ozele\u0148ovania V\u00e1\u0161ho interi\u00e9ru. Vyrob\u00edme na mieru presne pod\u013ea Va\u0161ich predst\u00e1v doplnky zo stabilizovan\u00e9ho machu, ktor\u00fdmi nielen o\u017eivite prostredie ale aj zabudnite \u017ee sa o nich treba nejak\u00fdm sp\u00f4sobom stara\u0165.\",\"potentialAction\":[{\"@type\":\"SearchAction\",\"target\":{\"@type\":\"EntryPoint\",\"urlTemplate\":\"https:\/\/www.grneko.com\/?s={search_term_string}\"},\"query-input\":\"required name=search_term_string\"}],\"inLanguage\":\"sk-SK\"}]}<\/script>\n<!-- \/ Yoast SEO plugin. -->","yoast_head_json":{"title":"Machov\u00e9 zrkadlo KOP\u010cEK - GRNEko","description":"Zrkadlo KOP\u010cEK m\u00e1 okraj z kop\u010dekov\u00e9ho machu. Dekor\u00e1cia, ktor\u00e1 opticky zv\u00e4\u010d\u0161\u00ed priestor a prinesie pr\u00edrodn\u00fd akcent.","robots":{"index":"index","follow":"follow","max-snippet":"max-snippet:-1","max-image-preview":"max-image-preview:large","max-video-preview":"max-video-preview:-1"},"canonical":"https:\/\/www.grneko.com\/?product=machove-zrkadlo-kopcek","og_locale":"sk_SK","og_type":"article","og_title":"Machov\u00e9 zrkadlo KOP\u010cEK - GRNEko","og_description":"Zrkadlo KOP\u010cEK m\u00e1 okraj z kop\u010dekov\u00e9ho machu. Dekor\u00e1cia, ktor\u00e1 opticky zv\u00e4\u010d\u0161\u00ed priestor a prinesie pr\u00edrodn\u00fd akcent.","og_url":"https:\/\/www.grneko.com\/?product=machove-zrkadlo-kopcek","og_site_name":"GRNEko","article_modified_time":"2025-11-09T23:17:11+00:00","og_image":[{"width":799,"height":800,"url":"https:\/\/www.grneko.com\/wp-content\/uploads\/2024\/09\/42eb64de-f428-4b04-9bbd-010.jpg","type":"image\/jpeg"}],"twitter_card":"summary_large_image","twitter_misc":{"Predpokladan\u00fd \u010das \u010d\u00edtania":"1 min\u00fata"},"schema":{"@context":"https:\/\/schema.org","@graph":[{"@type":"WebPage","@id":"https:\/\/www.grneko.com\/?product=machove-zrkadlo-kopcek","url":"https:\/\/www.grneko.com\/?product=machove-zrkadlo-kopcek","name":"Machov\u00e9 zrkadlo KOP\u010cEK - GRNEko","isPartOf":{"@id":"https:\/\/www.grneko.com\/#website"},"primaryImageOfPage":{"@id":"https:\/\/www.grneko.com\/?product=machove-zrkadlo-kopcek#primaryimage"},"image":{"@id":"https:\/\/www.grneko.com\/?product=machove-zrkadlo-kopcek#primaryimage"},"thumbnailUrl":"https:\/\/www.grneko.com\/wp-content\/uploads\/2024\/09\/42eb64de-f428-4b04-9bbd-010.jpg","datePublished":"2024-09-28T15:19:27+00:00","dateModified":"2025-11-09T23:17:11+00:00","description":"Zrkadlo KOP\u010cEK m\u00e1 okraj z kop\u010dekov\u00e9ho machu. Dekor\u00e1cia, ktor\u00e1 opticky zv\u00e4\u010d\u0161\u00ed priestor a prinesie pr\u00edrodn\u00fd akcent.","breadcrumb":{"@id":"https:\/\/www.grneko.com\/?product=machove-zrkadlo-kopcek#breadcrumb"},"inLanguage":"sk-SK","potentialAction":[{"@type":"ReadAction","target":["https:\/\/www.grneko.com\/?product=machove-zrkadlo-kopcek"]}]},{"@type":"ImageObject","inLanguage":"sk-SK","@id":"https:\/\/www.grneko.com\/?product=machove-zrkadlo-kopcek#primaryimage","url":"https:\/\/www.grneko.com\/wp-content\/uploads\/2024\/09\/42eb64de-f428-4b04-9bbd-010.jpg","contentUrl":"https:\/\/www.grneko.com\/wp-content\/uploads\/2024\/09\/42eb64de-f428-4b04-9bbd-010.jpg","width":799,"height":800,"caption":"Zrkadlo do k\u00fape\u013eni z machom"},{"@type":"BreadcrumbList","@id":"https:\/\/www.grneko.com\/?product=machove-zrkadlo-kopcek#breadcrumb","itemListElement":[{"@type":"ListItem","position":1,"name":"Domov","item":"https:\/\/www.grneko.com\/"},{"@type":"ListItem","position":2,"name":"Obchod","item":"https:\/\/www.grneko.com\/?page_id=20"},{"@type":"ListItem","position":3,"name":"Machov\u00e9 zrkadlo KOP\u010cEK"}]},{"@type":"WebSite","@id":"https:\/\/www.grneko.com\/#website","url":"https:\/\/www.grneko.com\/","name":"GRNEko","description":"Radi V\u00e1m pom\u00f4\u017eeme vyrie\u0161i\u0165 ot\u00e1zku bezstarostliveho ozele\u0148ovania V\u00e1\u0161ho interi\u00e9ru. Vyrob\u00edme na mieru presne pod\u013ea Va\u0161ich predst\u00e1v doplnky zo stabilizovan\u00e9ho machu, ktor\u00fdmi nielen o\u017eivite prostredie ale aj zabudnite \u017ee sa o nich treba nejak\u00fdm sp\u00f4sobom stara\u0165.","potentialAction":[{"@type":"SearchAction","target":{"@type":"EntryPoint","urlTemplate":"https:\/\/www.grneko.com\/?s={search_term_string}"},"query-input":"required name=search_term_string"}],"inLanguage":"sk-SK"}]}},"_links":{"self":[{"href":"https:\/\/www.grneko.com\/index.php?rest_route=\/wp\/v2\/product\/3386"}],"collection":[{"href":"https:\/\/www.grneko.com\/index.php?rest_route=\/wp\/v2\/product"}],"about":[{"href":"https:\/\/www.grneko.com\/index.php?rest_route=\/wp\/v2\/types\/product"}],"replies":[{"embeddable":true,"href":"https:\/\/www.grneko.com\/index.php?rest_route=%2Fwp%2Fv2%2Fcomments&post=3386"}],"wp:featuredmedia":[{"embeddable":true,"href":"https:\/\/www.grneko.com\/index.php?rest_route=\/wp\/v2\/media\/3388"}],"wp:attachment":[{"href":"https:\/\/www.grneko.com\/index.php?rest_route=%2Fwp%2Fv2%2Fmedia&parent=3386"}],"wp:term":[{"taxonomy":"product_cat","embeddable":true,"href":"https:\/\/www.grneko.com\/index.php?rest_route=%2Fwp%2Fv2%2Fproduct_cat&post=3386"},{"taxonomy":"product_tag","embeddable":true,"href":"https:\/\/www.grneko.com\/index.php?rest_route=%2Fwp%2Fv2%2Fproduct_tag&post=3386"}],"curies":[{"name":"wp","href":"https:\/\/api.w.org\/{rel}","templated":true}]}}