{"id":3377,"date":"2024-09-28T16:40:43","date_gmt":"2024-09-28T14:40:43","guid":{"rendered":"https:\/\/www.grneko.com\/?post_type=product&#038;p=3377"},"modified":"2026-03-30T17:08:23","modified_gmt":"2026-03-30T15:08:23","slug":"machove-hodiny-natur-motion-kopia","status":"publish","type":"product","link":"https:\/\/www.grneko.com\/?product=machove-hodiny-natur-motion-kopia","title":{"rendered":"Machov\u00e9 hodiny MOTION"},"content":{"rendered":"<p>Dizajn MOTION pracuje s r\u00f4znymi v\u00fd\u0161kami machu, \u010d\u00edm vytv\u00e1ra pohybuj\u00faci sa efekt. Kombinuje aj \u00a0li\u0161ajn\u00edk, kop\u010dekov\u00fd a ploch\u00fd mach. Hodiny s\u00fa ide\u00e1lnym dar\u010dekom pre kreat\u00edvne du\u0161e alebo ako doplnok do dizajnov\u00e9ho \u0161t\u00fadia. S\u00fa bez\u00fadr\u017ebov\u00e9 a vyroben\u00e9 na mieru.<\/p>\n<p>\u0160t\u00fdlov\u00e9 a p\u00fatav\u00e9 n\u00e1stenn\u00e9 machov\u00e9 hodiny s <strong>pohybliv\u00fdmi kolieskami.<\/strong><\/p>\n<p>Rozmer (priemer): 55 cm.<\/p>\n<p>Pros\u00edme uvies\u0165 do pozn\u00e1mky k objedn\u00e1vke po\u017eadovan\u00fa farbu r\u00e1mu a machu.<\/p>\n<div class='avia-iframe-wrap'><iframe loading=\"lazy\" title=\"Machov\u00e9 hodiny natur MOTION\" width=\"563\" height=\"1000\" src=\"https:\/\/www.youtube.com\/embed\/q-5q_596eeM?feature=oembed\" frameborder=\"0\" allow=\"accelerometer; autoplay; clipboard-write; encrypted-media; gyroscope; picture-in-picture; web-share\" referrerpolicy=\"strict-origin-when-cross-origin\" allowfullscreen><\/iframe><\/div>\n","protected":false},"excerpt":{"rendered":"<p>Machov\u00e9 hodiny s\u00fa jedn\u00fdm z najpopul\u00e1rnej\u0161\u00edch prvkov machovej dekor\u00e1cie. S\u00fa to unik\u00e1tne n\u00e1stenn\u00e9 hodiny, ktor\u00e9 zdobia Va\u0161 interi\u00e9r a z\u00e1rove\u0148 V\u00e1m ukazuj\u00fa \u010das, ktor\u00fd te\u010die neust\u00e1le, ako pr\u00edroda sama. Machov\u00e9 hodiny dod\u00e1vaj\u00fa V\u00e1\u0161mu domovu pocit pokoja a harm\u00f3nie.<\/p>\n","protected":false},"featured_media":3381,"comment_status":"open","ping_status":"closed","template":"","meta":{"_monsterinsights_skip_tracking":false,"_monsterinsights_sitenote_active":false,"_monsterinsights_sitenote_note":"","_monsterinsights_sitenote_category":0},"product_cat":[19],"product_tag":[],"yoast_head":"<!-- This site is optimized with the Yoast SEO plugin v23.0 - https:\/\/yoast.com\/wordpress\/plugins\/seo\/ -->\n<title>Machov\u00e9 hodiny MOTION \u2013 dynamick\u00e9 hodiny z machu | GRNEko<\/title>\n<meta name=\"description\" content=\"Model MOTION vyu\u017e\u00edva vrstvenie machu na vytvorenie dynamick\u00e9ho dojmu. Modern\u00e9 hodiny pre tvoriv\u00e9 prostredie.\" \/>\n<meta name=\"robots\" content=\"index, follow, max-snippet:-1, max-image-preview:large, max-video-preview:-1\" \/>\n<link rel=\"canonical\" href=\"https:\/\/www.grneko.com\/?product=machove-hodiny-natur-motion-kopia\" \/>\n<meta property=\"og:locale\" content=\"sk_SK\" \/>\n<meta property=\"og:type\" content=\"article\" \/>\n<meta property=\"og:title\" content=\"Machov\u00e9 hodiny MOTION \u2013 dynamick\u00e9 hodiny z machu | GRNEko\" \/>\n<meta property=\"og:description\" content=\"Model MOTION vyu\u017e\u00edva vrstvenie machu na vytvorenie dynamick\u00e9ho dojmu. Modern\u00e9 hodiny pre tvoriv\u00e9 prostredie.\" \/>\n<meta property=\"og:url\" content=\"https:\/\/www.grneko.com\/?product=machove-hodiny-natur-motion-kopia\" \/>\n<meta property=\"og:site_name\" content=\"GRNEko\" \/>\n<meta property=\"article:modified_time\" content=\"2026-03-30T15:08:23+00:00\" \/>\n<meta property=\"og:image\" content=\"https:\/\/www.grneko.com\/wp-content\/uploads\/2024\/09\/079dd6c3-4510-41b7-84f5-007.jpg\" \/>\n\t<meta property=\"og:image:width\" content=\"800\" \/>\n\t<meta property=\"og:image:height\" content=\"800\" \/>\n\t<meta property=\"og:image:type\" content=\"image\/jpeg\" \/>\n<meta name=\"twitter:card\" content=\"summary_large_image\" \/>\n<meta name=\"twitter:label1\" content=\"Predpokladan\u00fd \u010das \u010d\u00edtania\" \/>\n\t<meta name=\"twitter:data1\" content=\"1 min\u00fata\" \/>\n<script type=\"application\/ld+json\" class=\"yoast-schema-graph\">{\"@context\":\"https:\/\/schema.org\",\"@graph\":[{\"@type\":\"WebPage\",\"@id\":\"https:\/\/www.grneko.com\/?product=machove-hodiny-natur-motion-kopia\",\"url\":\"https:\/\/www.grneko.com\/?product=machove-hodiny-natur-motion-kopia\",\"name\":\"Machov\u00e9 hodiny MOTION \u2013 dynamick\u00e9 hodiny z machu | GRNEko\",\"isPartOf\":{\"@id\":\"https:\/\/www.grneko.com\/#website\"},\"primaryImageOfPage\":{\"@id\":\"https:\/\/www.grneko.com\/?product=machove-hodiny-natur-motion-kopia#primaryimage\"},\"image\":{\"@id\":\"https:\/\/www.grneko.com\/?product=machove-hodiny-natur-motion-kopia#primaryimage\"},\"thumbnailUrl\":\"https:\/\/www.grneko.com\/wp-content\/uploads\/2024\/09\/079dd6c3-4510-41b7-84f5-007.jpg\",\"datePublished\":\"2024-09-28T14:40:43+00:00\",\"dateModified\":\"2026-03-30T15:08:23+00:00\",\"description\":\"Model MOTION vyu\u017e\u00edva vrstvenie machu na vytvorenie dynamick\u00e9ho dojmu. Modern\u00e9 hodiny pre tvoriv\u00e9 prostredie.\",\"breadcrumb\":{\"@id\":\"https:\/\/www.grneko.com\/?product=machove-hodiny-natur-motion-kopia#breadcrumb\"},\"inLanguage\":\"sk-SK\",\"potentialAction\":[{\"@type\":\"ReadAction\",\"target\":[\"https:\/\/www.grneko.com\/?product=machove-hodiny-natur-motion-kopia\"]}]},{\"@type\":\"ImageObject\",\"inLanguage\":\"sk-SK\",\"@id\":\"https:\/\/www.grneko.com\/?product=machove-hodiny-natur-motion-kopia#primaryimage\",\"url\":\"https:\/\/www.grneko.com\/wp-content\/uploads\/2024\/09\/079dd6c3-4510-41b7-84f5-007.jpg\",\"contentUrl\":\"https:\/\/www.grneko.com\/wp-content\/uploads\/2024\/09\/079dd6c3-4510-41b7-84f5-007.jpg\",\"width\":800,\"height\":800,\"caption\":\"Machove hodiny na recepciu\"},{\"@type\":\"BreadcrumbList\",\"@id\":\"https:\/\/www.grneko.com\/?product=machove-hodiny-natur-motion-kopia#breadcrumb\",\"itemListElement\":[{\"@type\":\"ListItem\",\"position\":1,\"name\":\"Domov\",\"item\":\"https:\/\/www.grneko.com\/\"},{\"@type\":\"ListItem\",\"position\":2,\"name\":\"Obchod\",\"item\":\"https:\/\/www.grneko.com\/?page_id=20\"},{\"@type\":\"ListItem\",\"position\":3,\"name\":\"Machov\u00e9 hodiny MOTION\"}]},{\"@type\":\"WebSite\",\"@id\":\"https:\/\/www.grneko.com\/#website\",\"url\":\"https:\/\/www.grneko.com\/\",\"name\":\"GRNEko\",\"description\":\"Radi V\u00e1m pom\u00f4\u017eeme vyrie\u0161i\u0165 ot\u00e1zku bezstarostliveho ozele\u0148ovania V\u00e1\u0161ho interi\u00e9ru. Vyrob\u00edme na mieru presne pod\u013ea Va\u0161ich predst\u00e1v doplnky zo stabilizovan\u00e9ho machu, ktor\u00fdmi nielen o\u017eivite prostredie ale aj zabudnite \u017ee sa o nich treba nejak\u00fdm sp\u00f4sobom stara\u0165.\",\"potentialAction\":[{\"@type\":\"SearchAction\",\"target\":{\"@type\":\"EntryPoint\",\"urlTemplate\":\"https:\/\/www.grneko.com\/?s={search_term_string}\"},\"query-input\":\"required name=search_term_string\"}],\"inLanguage\":\"sk-SK\"}]}<\/script>\n<!-- \/ Yoast SEO plugin. -->","yoast_head_json":{"title":"Machov\u00e9 hodiny MOTION \u2013 dynamick\u00e9 hodiny z machu | GRNEko","description":"Model MOTION vyu\u017e\u00edva vrstvenie machu na vytvorenie dynamick\u00e9ho dojmu. Modern\u00e9 hodiny pre tvoriv\u00e9 prostredie.","robots":{"index":"index","follow":"follow","max-snippet":"max-snippet:-1","max-image-preview":"max-image-preview:large","max-video-preview":"max-video-preview:-1"},"canonical":"https:\/\/www.grneko.com\/?product=machove-hodiny-natur-motion-kopia","og_locale":"sk_SK","og_type":"article","og_title":"Machov\u00e9 hodiny MOTION \u2013 dynamick\u00e9 hodiny z machu | GRNEko","og_description":"Model MOTION vyu\u017e\u00edva vrstvenie machu na vytvorenie dynamick\u00e9ho dojmu. Modern\u00e9 hodiny pre tvoriv\u00e9 prostredie.","og_url":"https:\/\/www.grneko.com\/?product=machove-hodiny-natur-motion-kopia","og_site_name":"GRNEko","article_modified_time":"2026-03-30T15:08:23+00:00","og_image":[{"width":800,"height":800,"url":"https:\/\/www.grneko.com\/wp-content\/uploads\/2024\/09\/079dd6c3-4510-41b7-84f5-007.jpg","type":"image\/jpeg"}],"twitter_card":"summary_large_image","twitter_misc":{"Predpokladan\u00fd \u010das \u010d\u00edtania":"1 min\u00fata"},"schema":{"@context":"https:\/\/schema.org","@graph":[{"@type":"WebPage","@id":"https:\/\/www.grneko.com\/?product=machove-hodiny-natur-motion-kopia","url":"https:\/\/www.grneko.com\/?product=machove-hodiny-natur-motion-kopia","name":"Machov\u00e9 hodiny MOTION \u2013 dynamick\u00e9 hodiny z machu | GRNEko","isPartOf":{"@id":"https:\/\/www.grneko.com\/#website"},"primaryImageOfPage":{"@id":"https:\/\/www.grneko.com\/?product=machove-hodiny-natur-motion-kopia#primaryimage"},"image":{"@id":"https:\/\/www.grneko.com\/?product=machove-hodiny-natur-motion-kopia#primaryimage"},"thumbnailUrl":"https:\/\/www.grneko.com\/wp-content\/uploads\/2024\/09\/079dd6c3-4510-41b7-84f5-007.jpg","datePublished":"2024-09-28T14:40:43+00:00","dateModified":"2026-03-30T15:08:23+00:00","description":"Model MOTION vyu\u017e\u00edva vrstvenie machu na vytvorenie dynamick\u00e9ho dojmu. Modern\u00e9 hodiny pre tvoriv\u00e9 prostredie.","breadcrumb":{"@id":"https:\/\/www.grneko.com\/?product=machove-hodiny-natur-motion-kopia#breadcrumb"},"inLanguage":"sk-SK","potentialAction":[{"@type":"ReadAction","target":["https:\/\/www.grneko.com\/?product=machove-hodiny-natur-motion-kopia"]}]},{"@type":"ImageObject","inLanguage":"sk-SK","@id":"https:\/\/www.grneko.com\/?product=machove-hodiny-natur-motion-kopia#primaryimage","url":"https:\/\/www.grneko.com\/wp-content\/uploads\/2024\/09\/079dd6c3-4510-41b7-84f5-007.jpg","contentUrl":"https:\/\/www.grneko.com\/wp-content\/uploads\/2024\/09\/079dd6c3-4510-41b7-84f5-007.jpg","width":800,"height":800,"caption":"Machove hodiny na recepciu"},{"@type":"BreadcrumbList","@id":"https:\/\/www.grneko.com\/?product=machove-hodiny-natur-motion-kopia#breadcrumb","itemListElement":[{"@type":"ListItem","position":1,"name":"Domov","item":"https:\/\/www.grneko.com\/"},{"@type":"ListItem","position":2,"name":"Obchod","item":"https:\/\/www.grneko.com\/?page_id=20"},{"@type":"ListItem","position":3,"name":"Machov\u00e9 hodiny MOTION"}]},{"@type":"WebSite","@id":"https:\/\/www.grneko.com\/#website","url":"https:\/\/www.grneko.com\/","name":"GRNEko","description":"Radi V\u00e1m pom\u00f4\u017eeme vyrie\u0161i\u0165 ot\u00e1zku bezstarostliveho ozele\u0148ovania V\u00e1\u0161ho interi\u00e9ru. Vyrob\u00edme na mieru presne pod\u013ea Va\u0161ich predst\u00e1v doplnky zo stabilizovan\u00e9ho machu, ktor\u00fdmi nielen o\u017eivite prostredie ale aj zabudnite \u017ee sa o nich treba nejak\u00fdm sp\u00f4sobom stara\u0165.","potentialAction":[{"@type":"SearchAction","target":{"@type":"EntryPoint","urlTemplate":"https:\/\/www.grneko.com\/?s={search_term_string}"},"query-input":"required name=search_term_string"}],"inLanguage":"sk-SK"}]}},"_links":{"self":[{"href":"https:\/\/www.grneko.com\/index.php?rest_route=\/wp\/v2\/product\/3377"}],"collection":[{"href":"https:\/\/www.grneko.com\/index.php?rest_route=\/wp\/v2\/product"}],"about":[{"href":"https:\/\/www.grneko.com\/index.php?rest_route=\/wp\/v2\/types\/product"}],"replies":[{"embeddable":true,"href":"https:\/\/www.grneko.com\/index.php?rest_route=%2Fwp%2Fv2%2Fcomments&post=3377"}],"wp:featuredmedia":[{"embeddable":true,"href":"https:\/\/www.grneko.com\/index.php?rest_route=\/wp\/v2\/media\/3381"}],"wp:attachment":[{"href":"https:\/\/www.grneko.com\/index.php?rest_route=%2Fwp%2Fv2%2Fmedia&parent=3377"}],"wp:term":[{"taxonomy":"product_cat","embeddable":true,"href":"https:\/\/www.grneko.com\/index.php?rest_route=%2Fwp%2Fv2%2Fproduct_cat&post=3377"},{"taxonomy":"product_tag","embeddable":true,"href":"https:\/\/www.grneko.com\/index.php?rest_route=%2Fwp%2Fv2%2Fproduct_tag&post=3377"}],"curies":[{"name":"wp","href":"https:\/\/api.w.org\/{rel}","templated":true}]}}