{"id":3364,"date":"2024-09-28T14:56:38","date_gmt":"2024-09-28T12:56:38","guid":{"rendered":"https:\/\/www.grneko.com\/?post_type=product&#038;p=3364"},"modified":"2025-11-07T22:09:05","modified_gmt":"2025-11-07T21:09:05","slug":"machovy-bonsai-borievka","status":"publish","type":"product","link":"https:\/\/www.grneko.com\/?product=machovy-bonsai-borievka","title":{"rendered":"Machov\u00fd Bonsai BORIEVKA"},"content":{"rendered":"<p>Tento bonsai napodob\u0148uje tvar borievky. Strom\u010dek je drobnej\u0161\u00ed, vhodn\u00fd na st\u00f4l alebo poli\u010dku. Dizajn je elegantn\u00fd a vy\u017earuje pokoj. Vyr\u00e1bame ho na mieru v r\u00f4znych farb\u00e1ch a v\u00fd\u0161kach.<\/p>\n<p>V\u00fd\u0161ka: cca 35 cm.<\/p>\n<p>Preferovan\u00fa farbu a tvar kochlika uve\u010fte do koment\u00e1ra objedn\u00e1vky.<\/p>\n<p>Vetvi\u010dky su v\u017edy in\u00e9, preto je ka\u017ed\u00fd bonsai jedine\u010dn\u00fd.<\/p>\n<div class='avia-iframe-wrap'><iframe loading=\"lazy\" title=\"Machov\u00fd Bonsai ORIGINAL\" width=\"563\" height=\"1000\" src=\"https:\/\/www.youtube.com\/embed\/w-nm179rjGo?feature=oembed\" frameborder=\"0\" allow=\"accelerometer; autoplay; clipboard-write; encrypted-media; gyroscope; picture-in-picture; web-share\" referrerpolicy=\"strict-origin-when-cross-origin\" allowfullscreen><\/iframe><\/div>\n","protected":false},"excerpt":{"rendered":"<p>Machov\u00fd bonsai &#8211; o\u017e\u00edvaj\u00faci stredobod V\u00e1\u0161ho domova. Machov\u00fd strom je stvoren\u00fd z vetiev, ktor\u00e9 s\u00fa \u010diasto\u010dne zadekorovane stabilizovan\u00fdm machom, \u010d\u00edm vytv\u00e1ra jedine\u010dn\u00fa a atrakt\u00edvnu dekora\u010dn\u00fa polo\u017eku. Tento strom prid\u00e1va do V\u00e1\u0161ho domova prirodzen\u00fd prvok a p\u00f4sob\u00ed relaxa\u010dne.<br \/>\nZatia\u013e \u010do sa ini tr\u00e1pia s dos\u0165 komplikovanou starostlivos\u0165ou o \u017eiv\u00fd bonsai &#8211; machov\u00fd si nevy\u017eaduje \u017eiadnu starostlivos\u0165: sta\u010d\u00ed mu interi\u00e9rov\u00e9 prostredie a be\u017en\u00e1 vlhkos\u0165, nemus\u00edte ho polieva\u0165, striha\u0165 a ani h\u013eada\u0165 to pr\u00e1ve umiestnenie. Pravidla s\u00fa jednoduch\u00e9: vyhn\u00fa\u0165 sa priamemu slne\u010dn\u00e9mu \u017eiareniu a mat ho v interi\u00e9ri.<\/p>\n","protected":false},"featured_media":3366,"comment_status":"open","ping_status":"closed","template":"","meta":{"_monsterinsights_skip_tracking":false,"_monsterinsights_sitenote_active":false,"_monsterinsights_sitenote_note":"","_monsterinsights_sitenote_category":0},"product_cat":[28],"product_tag":[],"yoast_head":"<!-- This site is optimized with the Yoast SEO plugin v23.0 - https:\/\/yoast.com\/wordpress\/plugins\/seo\/ -->\n<title>Machov\u00fd bonsai<\/title>\n<meta name=\"description\" content=\"BORIEVKA je bonsai in\u0161pirovan\u00fd borievkou, s drobnou ihli\u010dnatou \u0161trukt\u00farou. Pr\u00edrodn\u00e1 dekor\u00e1cia do v\u00e1\u0161ho domova.\" \/>\n<meta name=\"robots\" content=\"index, follow, max-snippet:-1, max-image-preview:large, max-video-preview:-1\" \/>\n<link rel=\"canonical\" href=\"https:\/\/www.grneko.com\/?product=machovy-bonsai-borievka\" \/>\n<meta property=\"og:locale\" content=\"sk_SK\" \/>\n<meta property=\"og:type\" content=\"article\" \/>\n<meta property=\"og:title\" content=\"Machov\u00fd bonsai\" \/>\n<meta property=\"og:description\" content=\"BORIEVKA je bonsai in\u0161pirovan\u00fd borievkou, s drobnou ihli\u010dnatou \u0161trukt\u00farou. Pr\u00edrodn\u00e1 dekor\u00e1cia do v\u00e1\u0161ho domova.\" \/>\n<meta property=\"og:url\" content=\"https:\/\/www.grneko.com\/?product=machovy-bonsai-borievka\" \/>\n<meta property=\"og:site_name\" content=\"GRNEko\" \/>\n<meta property=\"article:modified_time\" content=\"2025-11-07T21:09:05+00:00\" \/>\n<meta property=\"og:image\" content=\"https:\/\/www.grneko.com\/wp-content\/uploads\/2024\/09\/2024_04_29_15_43_IMG_2692.jpg\" \/>\n\t<meta property=\"og:image:width\" content=\"800\" \/>\n\t<meta property=\"og:image:height\" content=\"800\" \/>\n\t<meta property=\"og:image:type\" content=\"image\/jpeg\" \/>\n<meta name=\"twitter:card\" content=\"summary_large_image\" \/>\n<meta name=\"twitter:label1\" content=\"Predpokladan\u00fd \u010das \u010d\u00edtania\" \/>\n\t<meta name=\"twitter:data1\" content=\"1 min\u00fata\" \/>\n<script type=\"application\/ld+json\" class=\"yoast-schema-graph\">{\"@context\":\"https:\/\/schema.org\",\"@graph\":[{\"@type\":\"WebPage\",\"@id\":\"https:\/\/www.grneko.com\/?product=machovy-bonsai-borievka\",\"url\":\"https:\/\/www.grneko.com\/?product=machovy-bonsai-borievka\",\"name\":\"Machov\u00fd bonsai\",\"isPartOf\":{\"@id\":\"https:\/\/www.grneko.com\/#website\"},\"primaryImageOfPage\":{\"@id\":\"https:\/\/www.grneko.com\/?product=machovy-bonsai-borievka#primaryimage\"},\"image\":{\"@id\":\"https:\/\/www.grneko.com\/?product=machovy-bonsai-borievka#primaryimage\"},\"thumbnailUrl\":\"https:\/\/www.grneko.com\/wp-content\/uploads\/2024\/09\/2024_04_29_15_43_IMG_2692.jpg\",\"datePublished\":\"2024-09-28T12:56:38+00:00\",\"dateModified\":\"2025-11-07T21:09:05+00:00\",\"description\":\"BORIEVKA je bonsai in\u0161pirovan\u00fd borievkou, s drobnou ihli\u010dnatou \u0161trukt\u00farou. Pr\u00edrodn\u00e1 dekor\u00e1cia do v\u00e1\u0161ho domova.\",\"breadcrumb\":{\"@id\":\"https:\/\/www.grneko.com\/?product=machovy-bonsai-borievka#breadcrumb\"},\"inLanguage\":\"sk-SK\",\"potentialAction\":[{\"@type\":\"ReadAction\",\"target\":[\"https:\/\/www.grneko.com\/?product=machovy-bonsai-borievka\"]}]},{\"@type\":\"ImageObject\",\"inLanguage\":\"sk-SK\",\"@id\":\"https:\/\/www.grneko.com\/?product=machovy-bonsai-borievka#primaryimage\",\"url\":\"https:\/\/www.grneko.com\/wp-content\/uploads\/2024\/09\/2024_04_29_15_43_IMG_2692.jpg\",\"contentUrl\":\"https:\/\/www.grneko.com\/wp-content\/uploads\/2024\/09\/2024_04_29_15_43_IMG_2692.jpg\",\"width\":800,\"height\":800,\"caption\":\"Stabilizovan\u00fd bonsai\"},{\"@type\":\"BreadcrumbList\",\"@id\":\"https:\/\/www.grneko.com\/?product=machovy-bonsai-borievka#breadcrumb\",\"itemListElement\":[{\"@type\":\"ListItem\",\"position\":1,\"name\":\"Domov\",\"item\":\"https:\/\/www.grneko.com\/\"},{\"@type\":\"ListItem\",\"position\":2,\"name\":\"Obchod\",\"item\":\"https:\/\/www.grneko.com\/?page_id=20\"},{\"@type\":\"ListItem\",\"position\":3,\"name\":\"Machov\u00fd Bonsai BORIEVKA\"}]},{\"@type\":\"WebSite\",\"@id\":\"https:\/\/www.grneko.com\/#website\",\"url\":\"https:\/\/www.grneko.com\/\",\"name\":\"GRNEko\",\"description\":\"Radi V\u00e1m pom\u00f4\u017eeme vyrie\u0161i\u0165 ot\u00e1zku bezstarostliveho ozele\u0148ovania V\u00e1\u0161ho interi\u00e9ru. Vyrob\u00edme na mieru presne pod\u013ea Va\u0161ich predst\u00e1v doplnky zo stabilizovan\u00e9ho machu, ktor\u00fdmi nielen o\u017eivite prostredie ale aj zabudnite \u017ee sa o nich treba nejak\u00fdm sp\u00f4sobom stara\u0165.\",\"potentialAction\":[{\"@type\":\"SearchAction\",\"target\":{\"@type\":\"EntryPoint\",\"urlTemplate\":\"https:\/\/www.grneko.com\/?s={search_term_string}\"},\"query-input\":\"required name=search_term_string\"}],\"inLanguage\":\"sk-SK\"}]}<\/script>\n<!-- \/ Yoast SEO plugin. -->","yoast_head_json":{"title":"Machov\u00fd bonsai","description":"BORIEVKA je bonsai in\u0161pirovan\u00fd borievkou, s drobnou ihli\u010dnatou \u0161trukt\u00farou. Pr\u00edrodn\u00e1 dekor\u00e1cia do v\u00e1\u0161ho domova.","robots":{"index":"index","follow":"follow","max-snippet":"max-snippet:-1","max-image-preview":"max-image-preview:large","max-video-preview":"max-video-preview:-1"},"canonical":"https:\/\/www.grneko.com\/?product=machovy-bonsai-borievka","og_locale":"sk_SK","og_type":"article","og_title":"Machov\u00fd bonsai","og_description":"BORIEVKA je bonsai in\u0161pirovan\u00fd borievkou, s drobnou ihli\u010dnatou \u0161trukt\u00farou. Pr\u00edrodn\u00e1 dekor\u00e1cia do v\u00e1\u0161ho domova.","og_url":"https:\/\/www.grneko.com\/?product=machovy-bonsai-borievka","og_site_name":"GRNEko","article_modified_time":"2025-11-07T21:09:05+00:00","og_image":[{"width":800,"height":800,"url":"https:\/\/www.grneko.com\/wp-content\/uploads\/2024\/09\/2024_04_29_15_43_IMG_2692.jpg","type":"image\/jpeg"}],"twitter_card":"summary_large_image","twitter_misc":{"Predpokladan\u00fd \u010das \u010d\u00edtania":"1 min\u00fata"},"schema":{"@context":"https:\/\/schema.org","@graph":[{"@type":"WebPage","@id":"https:\/\/www.grneko.com\/?product=machovy-bonsai-borievka","url":"https:\/\/www.grneko.com\/?product=machovy-bonsai-borievka","name":"Machov\u00fd bonsai","isPartOf":{"@id":"https:\/\/www.grneko.com\/#website"},"primaryImageOfPage":{"@id":"https:\/\/www.grneko.com\/?product=machovy-bonsai-borievka#primaryimage"},"image":{"@id":"https:\/\/www.grneko.com\/?product=machovy-bonsai-borievka#primaryimage"},"thumbnailUrl":"https:\/\/www.grneko.com\/wp-content\/uploads\/2024\/09\/2024_04_29_15_43_IMG_2692.jpg","datePublished":"2024-09-28T12:56:38+00:00","dateModified":"2025-11-07T21:09:05+00:00","description":"BORIEVKA je bonsai in\u0161pirovan\u00fd borievkou, s drobnou ihli\u010dnatou \u0161trukt\u00farou. Pr\u00edrodn\u00e1 dekor\u00e1cia do v\u00e1\u0161ho domova.","breadcrumb":{"@id":"https:\/\/www.grneko.com\/?product=machovy-bonsai-borievka#breadcrumb"},"inLanguage":"sk-SK","potentialAction":[{"@type":"ReadAction","target":["https:\/\/www.grneko.com\/?product=machovy-bonsai-borievka"]}]},{"@type":"ImageObject","inLanguage":"sk-SK","@id":"https:\/\/www.grneko.com\/?product=machovy-bonsai-borievka#primaryimage","url":"https:\/\/www.grneko.com\/wp-content\/uploads\/2024\/09\/2024_04_29_15_43_IMG_2692.jpg","contentUrl":"https:\/\/www.grneko.com\/wp-content\/uploads\/2024\/09\/2024_04_29_15_43_IMG_2692.jpg","width":800,"height":800,"caption":"Stabilizovan\u00fd bonsai"},{"@type":"BreadcrumbList","@id":"https:\/\/www.grneko.com\/?product=machovy-bonsai-borievka#breadcrumb","itemListElement":[{"@type":"ListItem","position":1,"name":"Domov","item":"https:\/\/www.grneko.com\/"},{"@type":"ListItem","position":2,"name":"Obchod","item":"https:\/\/www.grneko.com\/?page_id=20"},{"@type":"ListItem","position":3,"name":"Machov\u00fd Bonsai BORIEVKA"}]},{"@type":"WebSite","@id":"https:\/\/www.grneko.com\/#website","url":"https:\/\/www.grneko.com\/","name":"GRNEko","description":"Radi V\u00e1m pom\u00f4\u017eeme vyrie\u0161i\u0165 ot\u00e1zku bezstarostliveho ozele\u0148ovania V\u00e1\u0161ho interi\u00e9ru. Vyrob\u00edme na mieru presne pod\u013ea Va\u0161ich predst\u00e1v doplnky zo stabilizovan\u00e9ho machu, ktor\u00fdmi nielen o\u017eivite prostredie ale aj zabudnite \u017ee sa o nich treba nejak\u00fdm sp\u00f4sobom stara\u0165.","potentialAction":[{"@type":"SearchAction","target":{"@type":"EntryPoint","urlTemplate":"https:\/\/www.grneko.com\/?s={search_term_string}"},"query-input":"required name=search_term_string"}],"inLanguage":"sk-SK"}]}},"_links":{"self":[{"href":"https:\/\/www.grneko.com\/index.php?rest_route=\/wp\/v2\/product\/3364"}],"collection":[{"href":"https:\/\/www.grneko.com\/index.php?rest_route=\/wp\/v2\/product"}],"about":[{"href":"https:\/\/www.grneko.com\/index.php?rest_route=\/wp\/v2\/types\/product"}],"replies":[{"embeddable":true,"href":"https:\/\/www.grneko.com\/index.php?rest_route=%2Fwp%2Fv2%2Fcomments&post=3364"}],"wp:featuredmedia":[{"embeddable":true,"href":"https:\/\/www.grneko.com\/index.php?rest_route=\/wp\/v2\/media\/3366"}],"wp:attachment":[{"href":"https:\/\/www.grneko.com\/index.php?rest_route=%2Fwp%2Fv2%2Fmedia&parent=3364"}],"wp:term":[{"taxonomy":"product_cat","embeddable":true,"href":"https:\/\/www.grneko.com\/index.php?rest_route=%2Fwp%2Fv2%2Fproduct_cat&post=3364"},{"taxonomy":"product_tag","embeddable":true,"href":"https:\/\/www.grneko.com\/index.php?rest_route=%2Fwp%2Fv2%2Fproduct_tag&post=3364"}],"curies":[{"name":"wp","href":"https:\/\/api.w.org\/{rel}","templated":true}]}}