{"id":3313,"date":"2024-05-09T23:39:16","date_gmt":"2024-05-09T21:39:16","guid":{"rendered":"https:\/\/www.grneko.com\/?post_type=product&#038;p=3313"},"modified":"2026-02-23T16:26:14","modified_gmt":"2026-02-23T15:26:14","slug":"machove-policky-vcielka","status":"publish","type":"product","link":"https:\/\/www.grneko.com\/?product=machove-policky-vcielka","title":{"rendered":"Machov\u00e9 poli\u010dky V\u010cIELKA"},"content":{"rendered":"<p>V\u010cIELKA pozost\u00e1va z nieko\u013ek\u00fdch \u0161es\u0165uholn\u00edkov\u00fdch poli\u010diek, ktor\u00e9 m\u00f4\u017eete r\u00f4zne kombinova\u0165. Zadn\u00fa \u010das\u0165 alebo okraje zdob\u00ed stabilizovan\u00fd mach. Poli\u010dky s\u00fa praktick\u00e9 aj dekorat\u00edvne a hodia sa do detsk\u00fdch izieb, kancel\u00e1ri\u00ed alebo kreat\u00edvnych priestorov.<\/p>\n<p>Rozmer: 100 * 53 cm.<\/p>\n","protected":false},"excerpt":{"rendered":"<p>Jedine\u010dn\u00e9 a origin\u00e1lne, ru\u010dne vyr\u00e1ban\u00e9 dekor\u00e1cia z machu. Rozmer, tvar, farbu machu vieme prisp\u00f4sobi\u0165 va\u0161im individu\u00e1lnym po\u017eiadavk\u00e1m. Priemer: 100 * 53 cm.<\/p>\n","protected":false},"featured_media":3358,"comment_status":"open","ping_status":"closed","template":"","meta":{"_monsterinsights_skip_tracking":false,"_monsterinsights_sitenote_active":false,"_monsterinsights_sitenote_note":"","_monsterinsights_sitenote_category":0},"product_cat":[29],"product_tag":[],"yoast_head":"<!-- This site is optimized with the Yoast SEO plugin v23.0 - https:\/\/yoast.com\/wordpress\/plugins\/seo\/ -->\n<title>Machov\u00e9 poli\u010dky V\u010cIELKA - GRNEko<\/title>\n<meta name=\"description\" content=\"Sada poli\u010diek V\u010cIELKA je in\u0161pirovan\u00e1 v\u010del\u00edm \u00fa\u013eom. Hexagon\u00e1lny tvar a machov\u00fd dekor vytv\u00e1raj\u00fa modern\u00fd dizajnov\u00fd prvok.\" \/>\n<meta name=\"robots\" content=\"index, follow, max-snippet:-1, max-image-preview:large, max-video-preview:-1\" \/>\n<link rel=\"canonical\" href=\"https:\/\/www.grneko.com\/?product=machove-policky-vcielka\" \/>\n<meta property=\"og:locale\" content=\"sk_SK\" \/>\n<meta property=\"og:type\" content=\"article\" \/>\n<meta property=\"og:title\" content=\"Machov\u00e9 poli\u010dky V\u010cIELKA - GRNEko\" \/>\n<meta property=\"og:description\" content=\"Sada poli\u010diek V\u010cIELKA je in\u0161pirovan\u00e1 v\u010del\u00edm \u00fa\u013eom. Hexagon\u00e1lny tvar a machov\u00fd dekor vytv\u00e1raj\u00fa modern\u00fd dizajnov\u00fd prvok.\" \/>\n<meta property=\"og:url\" content=\"https:\/\/www.grneko.com\/?product=machove-policky-vcielka\" \/>\n<meta property=\"og:site_name\" content=\"GRNEko\" \/>\n<meta property=\"article:modified_time\" content=\"2026-02-23T15:26:14+00:00\" \/>\n<meta property=\"og:image\" content=\"https:\/\/www.grneko.com\/wp-content\/uploads\/2024\/05\/IMG_8676.jpg\" \/>\n\t<meta property=\"og:image:width\" content=\"799\" \/>\n\t<meta property=\"og:image:height\" content=\"800\" \/>\n\t<meta property=\"og:image:type\" content=\"image\/jpeg\" \/>\n<meta name=\"twitter:card\" content=\"summary_large_image\" \/>\n<meta name=\"twitter:label1\" content=\"Predpokladan\u00fd \u010das \u010d\u00edtania\" \/>\n\t<meta name=\"twitter:data1\" content=\"1 min\u00fata\" \/>\n<script type=\"application\/ld+json\" class=\"yoast-schema-graph\">{\"@context\":\"https:\/\/schema.org\",\"@graph\":[{\"@type\":\"WebPage\",\"@id\":\"https:\/\/www.grneko.com\/?product=machove-policky-vcielka\",\"url\":\"https:\/\/www.grneko.com\/?product=machove-policky-vcielka\",\"name\":\"Machov\u00e9 poli\u010dky V\u010cIELKA - GRNEko\",\"isPartOf\":{\"@id\":\"https:\/\/www.grneko.com\/#website\"},\"primaryImageOfPage\":{\"@id\":\"https:\/\/www.grneko.com\/?product=machove-policky-vcielka#primaryimage\"},\"image\":{\"@id\":\"https:\/\/www.grneko.com\/?product=machove-policky-vcielka#primaryimage\"},\"thumbnailUrl\":\"https:\/\/www.grneko.com\/wp-content\/uploads\/2024\/05\/IMG_8676.jpg\",\"datePublished\":\"2024-05-09T21:39:16+00:00\",\"dateModified\":\"2026-02-23T15:26:14+00:00\",\"description\":\"Sada poli\u010diek V\u010cIELKA je in\u0161pirovan\u00e1 v\u010del\u00edm \u00fa\u013eom. Hexagon\u00e1lny tvar a machov\u00fd dekor vytv\u00e1raj\u00fa modern\u00fd dizajnov\u00fd prvok.\",\"breadcrumb\":{\"@id\":\"https:\/\/www.grneko.com\/?product=machove-policky-vcielka#breadcrumb\"},\"inLanguage\":\"sk-SK\",\"potentialAction\":[{\"@type\":\"ReadAction\",\"target\":[\"https:\/\/www.grneko.com\/?product=machove-policky-vcielka\"]}]},{\"@type\":\"ImageObject\",\"inLanguage\":\"sk-SK\",\"@id\":\"https:\/\/www.grneko.com\/?product=machove-policky-vcielka#primaryimage\",\"url\":\"https:\/\/www.grneko.com\/wp-content\/uploads\/2024\/05\/IMG_8676.jpg\",\"contentUrl\":\"https:\/\/www.grneko.com\/wp-content\/uploads\/2024\/05\/IMG_8676.jpg\",\"width\":799,\"height\":800,\"caption\":\"Police do k\u00fape\u013en\u00fd z machom\"},{\"@type\":\"BreadcrumbList\",\"@id\":\"https:\/\/www.grneko.com\/?product=machove-policky-vcielka#breadcrumb\",\"itemListElement\":[{\"@type\":\"ListItem\",\"position\":1,\"name\":\"Domov\",\"item\":\"https:\/\/www.grneko.com\/\"},{\"@type\":\"ListItem\",\"position\":2,\"name\":\"Obchod\",\"item\":\"https:\/\/www.grneko.com\/?page_id=20\"},{\"@type\":\"ListItem\",\"position\":3,\"name\":\"Machov\u00e9 poli\u010dky V\u010cIELKA\"}]},{\"@type\":\"WebSite\",\"@id\":\"https:\/\/www.grneko.com\/#website\",\"url\":\"https:\/\/www.grneko.com\/\",\"name\":\"GRNEko\",\"description\":\"Radi V\u00e1m pom\u00f4\u017eeme vyrie\u0161i\u0165 ot\u00e1zku bezstarostliveho ozele\u0148ovania V\u00e1\u0161ho interi\u00e9ru. Vyrob\u00edme na mieru presne pod\u013ea Va\u0161ich predst\u00e1v doplnky zo stabilizovan\u00e9ho machu, ktor\u00fdmi nielen o\u017eivite prostredie ale aj zabudnite \u017ee sa o nich treba nejak\u00fdm sp\u00f4sobom stara\u0165.\",\"potentialAction\":[{\"@type\":\"SearchAction\",\"target\":{\"@type\":\"EntryPoint\",\"urlTemplate\":\"https:\/\/www.grneko.com\/?s={search_term_string}\"},\"query-input\":\"required name=search_term_string\"}],\"inLanguage\":\"sk-SK\"}]}<\/script>\n<!-- \/ Yoast SEO plugin. -->","yoast_head_json":{"title":"Machov\u00e9 poli\u010dky V\u010cIELKA - GRNEko","description":"Sada poli\u010diek V\u010cIELKA je in\u0161pirovan\u00e1 v\u010del\u00edm \u00fa\u013eom. Hexagon\u00e1lny tvar a machov\u00fd dekor vytv\u00e1raj\u00fa modern\u00fd dizajnov\u00fd prvok.","robots":{"index":"index","follow":"follow","max-snippet":"max-snippet:-1","max-image-preview":"max-image-preview:large","max-video-preview":"max-video-preview:-1"},"canonical":"https:\/\/www.grneko.com\/?product=machove-policky-vcielka","og_locale":"sk_SK","og_type":"article","og_title":"Machov\u00e9 poli\u010dky V\u010cIELKA - GRNEko","og_description":"Sada poli\u010diek V\u010cIELKA je in\u0161pirovan\u00e1 v\u010del\u00edm \u00fa\u013eom. Hexagon\u00e1lny tvar a machov\u00fd dekor vytv\u00e1raj\u00fa modern\u00fd dizajnov\u00fd prvok.","og_url":"https:\/\/www.grneko.com\/?product=machove-policky-vcielka","og_site_name":"GRNEko","article_modified_time":"2026-02-23T15:26:14+00:00","og_image":[{"width":799,"height":800,"url":"https:\/\/www.grneko.com\/wp-content\/uploads\/2024\/05\/IMG_8676.jpg","type":"image\/jpeg"}],"twitter_card":"summary_large_image","twitter_misc":{"Predpokladan\u00fd \u010das \u010d\u00edtania":"1 min\u00fata"},"schema":{"@context":"https:\/\/schema.org","@graph":[{"@type":"WebPage","@id":"https:\/\/www.grneko.com\/?product=machove-policky-vcielka","url":"https:\/\/www.grneko.com\/?product=machove-policky-vcielka","name":"Machov\u00e9 poli\u010dky V\u010cIELKA - GRNEko","isPartOf":{"@id":"https:\/\/www.grneko.com\/#website"},"primaryImageOfPage":{"@id":"https:\/\/www.grneko.com\/?product=machove-policky-vcielka#primaryimage"},"image":{"@id":"https:\/\/www.grneko.com\/?product=machove-policky-vcielka#primaryimage"},"thumbnailUrl":"https:\/\/www.grneko.com\/wp-content\/uploads\/2024\/05\/IMG_8676.jpg","datePublished":"2024-05-09T21:39:16+00:00","dateModified":"2026-02-23T15:26:14+00:00","description":"Sada poli\u010diek V\u010cIELKA je in\u0161pirovan\u00e1 v\u010del\u00edm \u00fa\u013eom. Hexagon\u00e1lny tvar a machov\u00fd dekor vytv\u00e1raj\u00fa modern\u00fd dizajnov\u00fd prvok.","breadcrumb":{"@id":"https:\/\/www.grneko.com\/?product=machove-policky-vcielka#breadcrumb"},"inLanguage":"sk-SK","potentialAction":[{"@type":"ReadAction","target":["https:\/\/www.grneko.com\/?product=machove-policky-vcielka"]}]},{"@type":"ImageObject","inLanguage":"sk-SK","@id":"https:\/\/www.grneko.com\/?product=machove-policky-vcielka#primaryimage","url":"https:\/\/www.grneko.com\/wp-content\/uploads\/2024\/05\/IMG_8676.jpg","contentUrl":"https:\/\/www.grneko.com\/wp-content\/uploads\/2024\/05\/IMG_8676.jpg","width":799,"height":800,"caption":"Police do k\u00fape\u013en\u00fd z machom"},{"@type":"BreadcrumbList","@id":"https:\/\/www.grneko.com\/?product=machove-policky-vcielka#breadcrumb","itemListElement":[{"@type":"ListItem","position":1,"name":"Domov","item":"https:\/\/www.grneko.com\/"},{"@type":"ListItem","position":2,"name":"Obchod","item":"https:\/\/www.grneko.com\/?page_id=20"},{"@type":"ListItem","position":3,"name":"Machov\u00e9 poli\u010dky V\u010cIELKA"}]},{"@type":"WebSite","@id":"https:\/\/www.grneko.com\/#website","url":"https:\/\/www.grneko.com\/","name":"GRNEko","description":"Radi V\u00e1m pom\u00f4\u017eeme vyrie\u0161i\u0165 ot\u00e1zku bezstarostliveho ozele\u0148ovania V\u00e1\u0161ho interi\u00e9ru. Vyrob\u00edme na mieru presne pod\u013ea Va\u0161ich predst\u00e1v doplnky zo stabilizovan\u00e9ho machu, ktor\u00fdmi nielen o\u017eivite prostredie ale aj zabudnite \u017ee sa o nich treba nejak\u00fdm sp\u00f4sobom stara\u0165.","potentialAction":[{"@type":"SearchAction","target":{"@type":"EntryPoint","urlTemplate":"https:\/\/www.grneko.com\/?s={search_term_string}"},"query-input":"required name=search_term_string"}],"inLanguage":"sk-SK"}]}},"_links":{"self":[{"href":"https:\/\/www.grneko.com\/index.php?rest_route=\/wp\/v2\/product\/3313"}],"collection":[{"href":"https:\/\/www.grneko.com\/index.php?rest_route=\/wp\/v2\/product"}],"about":[{"href":"https:\/\/www.grneko.com\/index.php?rest_route=\/wp\/v2\/types\/product"}],"replies":[{"embeddable":true,"href":"https:\/\/www.grneko.com\/index.php?rest_route=%2Fwp%2Fv2%2Fcomments&post=3313"}],"wp:featuredmedia":[{"embeddable":true,"href":"https:\/\/www.grneko.com\/index.php?rest_route=\/wp\/v2\/media\/3358"}],"wp:attachment":[{"href":"https:\/\/www.grneko.com\/index.php?rest_route=%2Fwp%2Fv2%2Fmedia&parent=3313"}],"wp:term":[{"taxonomy":"product_cat","embeddable":true,"href":"https:\/\/www.grneko.com\/index.php?rest_route=%2Fwp%2Fv2%2Fproduct_cat&post=3313"},{"taxonomy":"product_tag","embeddable":true,"href":"https:\/\/www.grneko.com\/index.php?rest_route=%2Fwp%2Fv2%2Fproduct_tag&post=3313"}],"curies":[{"name":"wp","href":"https:\/\/api.w.org\/{rel}","templated":true}]}}