{"id":3304,"date":"2024-05-09T23:27:17","date_gmt":"2024-05-09T21:27:17","guid":{"rendered":"https:\/\/www.grneko.com\/?post_type=product&#038;p=3304"},"modified":"2025-11-07T19:47:56","modified_gmt":"2025-11-07T18:47:56","slug":"machovy-obraz-napad","status":"publish","type":"product","link":"https:\/\/www.grneko.com\/?product=machovy-obraz-napad","title":{"rendered":"Machov\u00fd obraz N\u00c1PAD"},"content":{"rendered":"<p>N\u00c1PAD je obraz pre t\u00fdch, ktor\u00ed h\u013eadaj\u00fa nie\u010do netradi\u010dn\u00e9. Autor kombinuje r\u00f4zne tvary a farebn\u00e9 prechody machu, \u010d\u00edm vytv\u00e1ra prekvapiv\u00fa kompoz\u00edciu. Je vhodn\u00fd na o\u017eivenie pracovne, kreat\u00edvneho \u0161t\u00fadia alebo modern\u00e9ho bytu. Obraz je bez\u00fadr\u017ebov\u00fd a vyrob\u00edme ho pod\u013ea va\u0161ich predst\u00e1v.<\/p>\n<p>Rozmer: 57 * 36 cm.<\/p>\n","protected":false},"excerpt":{"rendered":"<p>N\u00c1PAD je obraz pre t\u00fdch, ktor\u00ed h\u013eadaj\u00fa nie\u010do netradi\u010dn\u00e9. Autor kombinuje r\u00f4zne tvary a farebn\u00e9 prechody machu, \u010d\u00edm vytv\u00e1ra prekvapiv\u00fa kompoz\u00edciu. Je vhodn\u00fd na o\u017eivenie pracovne, kreat\u00edvneho \u0161t\u00fadia alebo modern\u00e9ho bytu. Obraz je bez\u00fadr\u017ebov\u00fd a vyrob\u00edme ho pod\u013ea va\u0161ich predst\u00e1v. Rozmer: 57 * 36 cm.<\/p>\n","protected":false},"featured_media":3305,"comment_status":"open","ping_status":"closed","template":"","meta":{"_monsterinsights_skip_tracking":false,"_monsterinsights_sitenote_active":false,"_monsterinsights_sitenote_note":"","_monsterinsights_sitenote_category":0},"product_cat":[17],"product_tag":[],"yoast_head":"<!-- This site is optimized with the Yoast SEO plugin v23.0 - https:\/\/yoast.com\/wordpress\/plugins\/seo\/ -->\n<title>Machov\u00fd obraz N\u00c1PAD - GRNEko<\/title>\n<meta name=\"description\" content=\"Obraz N\u00c1PAD sp\u00e1ja stabilizovan\u00fd mach s kreat\u00edvnym konceptom. Unik\u00e1tny dizajn, ktor\u00fd osvie\u017ei ka\u017ed\u00fa miestnos\u0165.\" \/>\n<meta name=\"robots\" content=\"index, follow, max-snippet:-1, max-image-preview:large, max-video-preview:-1\" \/>\n<link rel=\"canonical\" href=\"https:\/\/www.grneko.com\/?product=machovy-obraz-napad\" \/>\n<meta property=\"og:locale\" content=\"sk_SK\" \/>\n<meta property=\"og:type\" content=\"article\" \/>\n<meta property=\"og:title\" content=\"Machov\u00fd obraz N\u00c1PAD - GRNEko\" \/>\n<meta property=\"og:description\" content=\"Obraz N\u00c1PAD sp\u00e1ja stabilizovan\u00fd mach s kreat\u00edvnym konceptom. Unik\u00e1tny dizajn, ktor\u00fd osvie\u017ei ka\u017ed\u00fa miestnos\u0165.\" \/>\n<meta property=\"og:url\" content=\"https:\/\/www.grneko.com\/?product=machovy-obraz-napad\" \/>\n<meta property=\"og:site_name\" content=\"GRNEko\" \/>\n<meta property=\"article:modified_time\" content=\"2025-11-07T18:47:56+00:00\" \/>\n<meta property=\"og:image\" content=\"https:\/\/www.grneko.com\/wp-content\/uploads\/2024\/05\/2024_04_29_16_06_IMG_2705.jpg\" \/>\n\t<meta property=\"og:image:width\" content=\"800\" \/>\n\t<meta property=\"og:image:height\" content=\"799\" \/>\n\t<meta property=\"og:image:type\" content=\"image\/jpeg\" \/>\n<meta name=\"twitter:card\" content=\"summary_large_image\" \/>\n<meta name=\"twitter:label1\" content=\"Predpokladan\u00fd \u010das \u010d\u00edtania\" \/>\n\t<meta name=\"twitter:data1\" content=\"1 min\u00fata\" \/>\n<script type=\"application\/ld+json\" class=\"yoast-schema-graph\">{\"@context\":\"https:\/\/schema.org\",\"@graph\":[{\"@type\":\"WebPage\",\"@id\":\"https:\/\/www.grneko.com\/?product=machovy-obraz-napad\",\"url\":\"https:\/\/www.grneko.com\/?product=machovy-obraz-napad\",\"name\":\"Machov\u00fd obraz N\u00c1PAD - GRNEko\",\"isPartOf\":{\"@id\":\"https:\/\/www.grneko.com\/#website\"},\"primaryImageOfPage\":{\"@id\":\"https:\/\/www.grneko.com\/?product=machovy-obraz-napad#primaryimage\"},\"image\":{\"@id\":\"https:\/\/www.grneko.com\/?product=machovy-obraz-napad#primaryimage\"},\"thumbnailUrl\":\"https:\/\/www.grneko.com\/wp-content\/uploads\/2024\/05\/2024_04_29_16_06_IMG_2705.jpg\",\"datePublished\":\"2024-05-09T21:27:17+00:00\",\"dateModified\":\"2025-11-07T18:47:56+00:00\",\"description\":\"Obraz N\u00c1PAD sp\u00e1ja stabilizovan\u00fd mach s kreat\u00edvnym konceptom. Unik\u00e1tny dizajn, ktor\u00fd osvie\u017ei ka\u017ed\u00fa miestnos\u0165.\",\"breadcrumb\":{\"@id\":\"https:\/\/www.grneko.com\/?product=machovy-obraz-napad#breadcrumb\"},\"inLanguage\":\"sk-SK\",\"potentialAction\":[{\"@type\":\"ReadAction\",\"target\":[\"https:\/\/www.grneko.com\/?product=machovy-obraz-napad\"]}]},{\"@type\":\"ImageObject\",\"inLanguage\":\"sk-SK\",\"@id\":\"https:\/\/www.grneko.com\/?product=machovy-obraz-napad#primaryimage\",\"url\":\"https:\/\/www.grneko.com\/wp-content\/uploads\/2024\/05\/2024_04_29_16_06_IMG_2705.jpg\",\"contentUrl\":\"https:\/\/www.grneko.com\/wp-content\/uploads\/2024\/05\/2024_04_29_16_06_IMG_2705.jpg\",\"width\":800,\"height\":799,\"caption\":\"Lamely s machom\"},{\"@type\":\"BreadcrumbList\",\"@id\":\"https:\/\/www.grneko.com\/?product=machovy-obraz-napad#breadcrumb\",\"itemListElement\":[{\"@type\":\"ListItem\",\"position\":1,\"name\":\"Domov\",\"item\":\"https:\/\/www.grneko.com\/\"},{\"@type\":\"ListItem\",\"position\":2,\"name\":\"Obchod\",\"item\":\"https:\/\/www.grneko.com\/?page_id=20\"},{\"@type\":\"ListItem\",\"position\":3,\"name\":\"Machov\u00fd obraz N\u00c1PAD\"}]},{\"@type\":\"WebSite\",\"@id\":\"https:\/\/www.grneko.com\/#website\",\"url\":\"https:\/\/www.grneko.com\/\",\"name\":\"GRNEko\",\"description\":\"Radi V\u00e1m pom\u00f4\u017eeme vyrie\u0161i\u0165 ot\u00e1zku bezstarostliveho ozele\u0148ovania V\u00e1\u0161ho interi\u00e9ru. Vyrob\u00edme na mieru presne pod\u013ea Va\u0161ich predst\u00e1v doplnky zo stabilizovan\u00e9ho machu, ktor\u00fdmi nielen o\u017eivite prostredie ale aj zabudnite \u017ee sa o nich treba nejak\u00fdm sp\u00f4sobom stara\u0165.\",\"potentialAction\":[{\"@type\":\"SearchAction\",\"target\":{\"@type\":\"EntryPoint\",\"urlTemplate\":\"https:\/\/www.grneko.com\/?s={search_term_string}\"},\"query-input\":\"required name=search_term_string\"}],\"inLanguage\":\"sk-SK\"}]}<\/script>\n<!-- \/ Yoast SEO plugin. -->","yoast_head_json":{"title":"Machov\u00fd obraz N\u00c1PAD - GRNEko","description":"Obraz N\u00c1PAD sp\u00e1ja stabilizovan\u00fd mach s kreat\u00edvnym konceptom. Unik\u00e1tny dizajn, ktor\u00fd osvie\u017ei ka\u017ed\u00fa miestnos\u0165.","robots":{"index":"index","follow":"follow","max-snippet":"max-snippet:-1","max-image-preview":"max-image-preview:large","max-video-preview":"max-video-preview:-1"},"canonical":"https:\/\/www.grneko.com\/?product=machovy-obraz-napad","og_locale":"sk_SK","og_type":"article","og_title":"Machov\u00fd obraz N\u00c1PAD - GRNEko","og_description":"Obraz N\u00c1PAD sp\u00e1ja stabilizovan\u00fd mach s kreat\u00edvnym konceptom. Unik\u00e1tny dizajn, ktor\u00fd osvie\u017ei ka\u017ed\u00fa miestnos\u0165.","og_url":"https:\/\/www.grneko.com\/?product=machovy-obraz-napad","og_site_name":"GRNEko","article_modified_time":"2025-11-07T18:47:56+00:00","og_image":[{"width":800,"height":799,"url":"https:\/\/www.grneko.com\/wp-content\/uploads\/2024\/05\/2024_04_29_16_06_IMG_2705.jpg","type":"image\/jpeg"}],"twitter_card":"summary_large_image","twitter_misc":{"Predpokladan\u00fd \u010das \u010d\u00edtania":"1 min\u00fata"},"schema":{"@context":"https:\/\/schema.org","@graph":[{"@type":"WebPage","@id":"https:\/\/www.grneko.com\/?product=machovy-obraz-napad","url":"https:\/\/www.grneko.com\/?product=machovy-obraz-napad","name":"Machov\u00fd obraz N\u00c1PAD - GRNEko","isPartOf":{"@id":"https:\/\/www.grneko.com\/#website"},"primaryImageOfPage":{"@id":"https:\/\/www.grneko.com\/?product=machovy-obraz-napad#primaryimage"},"image":{"@id":"https:\/\/www.grneko.com\/?product=machovy-obraz-napad#primaryimage"},"thumbnailUrl":"https:\/\/www.grneko.com\/wp-content\/uploads\/2024\/05\/2024_04_29_16_06_IMG_2705.jpg","datePublished":"2024-05-09T21:27:17+00:00","dateModified":"2025-11-07T18:47:56+00:00","description":"Obraz N\u00c1PAD sp\u00e1ja stabilizovan\u00fd mach s kreat\u00edvnym konceptom. Unik\u00e1tny dizajn, ktor\u00fd osvie\u017ei ka\u017ed\u00fa miestnos\u0165.","breadcrumb":{"@id":"https:\/\/www.grneko.com\/?product=machovy-obraz-napad#breadcrumb"},"inLanguage":"sk-SK","potentialAction":[{"@type":"ReadAction","target":["https:\/\/www.grneko.com\/?product=machovy-obraz-napad"]}]},{"@type":"ImageObject","inLanguage":"sk-SK","@id":"https:\/\/www.grneko.com\/?product=machovy-obraz-napad#primaryimage","url":"https:\/\/www.grneko.com\/wp-content\/uploads\/2024\/05\/2024_04_29_16_06_IMG_2705.jpg","contentUrl":"https:\/\/www.grneko.com\/wp-content\/uploads\/2024\/05\/2024_04_29_16_06_IMG_2705.jpg","width":800,"height":799,"caption":"Lamely s machom"},{"@type":"BreadcrumbList","@id":"https:\/\/www.grneko.com\/?product=machovy-obraz-napad#breadcrumb","itemListElement":[{"@type":"ListItem","position":1,"name":"Domov","item":"https:\/\/www.grneko.com\/"},{"@type":"ListItem","position":2,"name":"Obchod","item":"https:\/\/www.grneko.com\/?page_id=20"},{"@type":"ListItem","position":3,"name":"Machov\u00fd obraz N\u00c1PAD"}]},{"@type":"WebSite","@id":"https:\/\/www.grneko.com\/#website","url":"https:\/\/www.grneko.com\/","name":"GRNEko","description":"Radi V\u00e1m pom\u00f4\u017eeme vyrie\u0161i\u0165 ot\u00e1zku bezstarostliveho ozele\u0148ovania V\u00e1\u0161ho interi\u00e9ru. Vyrob\u00edme na mieru presne pod\u013ea Va\u0161ich predst\u00e1v doplnky zo stabilizovan\u00e9ho machu, ktor\u00fdmi nielen o\u017eivite prostredie ale aj zabudnite \u017ee sa o nich treba nejak\u00fdm sp\u00f4sobom stara\u0165.","potentialAction":[{"@type":"SearchAction","target":{"@type":"EntryPoint","urlTemplate":"https:\/\/www.grneko.com\/?s={search_term_string}"},"query-input":"required name=search_term_string"}],"inLanguage":"sk-SK"}]}},"_links":{"self":[{"href":"https:\/\/www.grneko.com\/index.php?rest_route=\/wp\/v2\/product\/3304"}],"collection":[{"href":"https:\/\/www.grneko.com\/index.php?rest_route=\/wp\/v2\/product"}],"about":[{"href":"https:\/\/www.grneko.com\/index.php?rest_route=\/wp\/v2\/types\/product"}],"replies":[{"embeddable":true,"href":"https:\/\/www.grneko.com\/index.php?rest_route=%2Fwp%2Fv2%2Fcomments&post=3304"}],"wp:featuredmedia":[{"embeddable":true,"href":"https:\/\/www.grneko.com\/index.php?rest_route=\/wp\/v2\/media\/3305"}],"wp:attachment":[{"href":"https:\/\/www.grneko.com\/index.php?rest_route=%2Fwp%2Fv2%2Fmedia&parent=3304"}],"wp:term":[{"taxonomy":"product_cat","embeddable":true,"href":"https:\/\/www.grneko.com\/index.php?rest_route=%2Fwp%2Fv2%2Fproduct_cat&post=3304"},{"taxonomy":"product_tag","embeddable":true,"href":"https:\/\/www.grneko.com\/index.php?rest_route=%2Fwp%2Fv2%2Fproduct_tag&post=3304"}],"curies":[{"name":"wp","href":"https:\/\/api.w.org\/{rel}","templated":true}]}}