{"id":3296,"date":"2024-05-09T23:16:41","date_gmt":"2024-05-09T21:16:41","guid":{"rendered":"https:\/\/www.grneko.com\/?post_type=product&#038;p=3296"},"modified":"2025-12-01T10:22:51","modified_gmt":"2025-12-01T09:22:51","slug":"machovy-obraz-mix","status":"publish","type":"product","link":"https:\/\/www.grneko.com\/?product=machovy-obraz-mix","title":{"rendered":"Machov\u00fd obraz MIX"},"content":{"rendered":"<p>MIX prin\u00e1\u0161a hru farieb a text\u00far. V obraze sa striedaj\u00fa r\u00f4zne druhy machu \u2013 li\u0161ajn\u00edk, kop\u010dekov\u00fd i ploch\u00fd \u2013 v zelenej, \u017eltej alebo \u010dervenej farbe. Tento vesel\u00fd obraz rozjasn\u00ed detsk\u00fa izbu alebo kreat\u00edvny priestor. Ka\u017ed\u00fd kus je origin\u00e1l a vyrob\u00edme ho vo vami po\u017eadovanej ve\u013ekosti.<\/p>\n<p>Rozmer: 87 * 72 cm.<\/p>\n<div class='avia-iframe-wrap'><iframe loading=\"lazy\" title=\"Machov\u00e1 stena MIX\" width=\"563\" height=\"1000\" src=\"https:\/\/www.youtube.com\/embed\/cDjUHYmY7fM?feature=oembed\" frameborder=\"0\" allow=\"accelerometer; autoplay; clipboard-write; encrypted-media; gyroscope; picture-in-picture; web-share\" referrerpolicy=\"strict-origin-when-cross-origin\" allowfullscreen><\/iframe><\/div>\n<p>&nbsp;<\/p>\n","protected":false},"excerpt":{"rendered":"<p>MIX prin\u00e1\u0161a hru farieb a text\u00far. V obraze sa striedaj\u00fa r\u00f4zne druhy machu \u2013 li\u0161ajn\u00edk, kop\u010dekov\u00fd i ploch\u00fd \u2013 v zelenej, \u017eltej alebo \u010dervenej farbe. Tento vesel\u00fd obraz rozjasn\u00ed detsk\u00fa izbu alebo kreat\u00edvny priestor. Ka\u017ed\u00fd kus je origin\u00e1l a vyrob\u00edme ho vo vami po\u017eadovanej ve\u013ekosti. Rozmer: 87 * 72 cm. &nbsp;<\/p>\n","protected":false},"featured_media":3356,"comment_status":"open","ping_status":"closed","template":"","meta":{"_monsterinsights_skip_tracking":false,"_monsterinsights_sitenote_active":false,"_monsterinsights_sitenote_note":"","_monsterinsights_sitenote_category":0},"product_cat":[17],"product_tag":[],"yoast_head":"<!-- This site is optimized with the Yoast SEO plugin v23.0 - https:\/\/yoast.com\/wordpress\/plugins\/seo\/ -->\n<title>Machov\u00fd obraz MIX - GRNEko<\/title>\n<meta name=\"description\" content=\"Obraz MIX je kombin\u00e1ciou li\u0161ajn\u00edka, kop\u010dekov\u00e9ho a ploch\u00e9ho machu v r\u00f4znych farb\u00e1ch. Vesel\u00e1 dekor\u00e1cia vhodn\u00e1 do ka\u017ed\u00e9ho interi\u00e9ru.\" \/>\n<meta name=\"robots\" content=\"index, follow, max-snippet:-1, max-image-preview:large, max-video-preview:-1\" \/>\n<link rel=\"canonical\" href=\"https:\/\/www.grneko.com\/?product=machovy-obraz-mix\" \/>\n<meta property=\"og:locale\" content=\"sk_SK\" \/>\n<meta property=\"og:type\" content=\"article\" \/>\n<meta property=\"og:title\" content=\"Machov\u00fd obraz MIX - GRNEko\" \/>\n<meta property=\"og:description\" content=\"Obraz MIX je kombin\u00e1ciou li\u0161ajn\u00edka, kop\u010dekov\u00e9ho a ploch\u00e9ho machu v r\u00f4znych farb\u00e1ch. Vesel\u00e1 dekor\u00e1cia vhodn\u00e1 do ka\u017ed\u00e9ho interi\u00e9ru.\" \/>\n<meta property=\"og:url\" content=\"https:\/\/www.grneko.com\/?product=machovy-obraz-mix\" \/>\n<meta property=\"og:site_name\" content=\"GRNEko\" \/>\n<meta property=\"article:modified_time\" content=\"2025-12-01T09:22:51+00:00\" \/>\n<meta property=\"og:image\" content=\"https:\/\/www.grneko.com\/wp-content\/uploads\/2024\/05\/IMG_8681.jpg\" \/>\n\t<meta property=\"og:image:width\" content=\"799\" \/>\n\t<meta property=\"og:image:height\" content=\"800\" \/>\n\t<meta property=\"og:image:type\" content=\"image\/jpeg\" \/>\n<meta name=\"twitter:card\" content=\"summary_large_image\" \/>\n<meta name=\"twitter:label1\" content=\"Predpokladan\u00fd \u010das \u010d\u00edtania\" \/>\n\t<meta name=\"twitter:data1\" content=\"1 min\u00fata\" \/>\n<script type=\"application\/ld+json\" class=\"yoast-schema-graph\">{\"@context\":\"https:\/\/schema.org\",\"@graph\":[{\"@type\":\"WebPage\",\"@id\":\"https:\/\/www.grneko.com\/?product=machovy-obraz-mix\",\"url\":\"https:\/\/www.grneko.com\/?product=machovy-obraz-mix\",\"name\":\"Machov\u00fd obraz MIX - GRNEko\",\"isPartOf\":{\"@id\":\"https:\/\/www.grneko.com\/#website\"},\"primaryImageOfPage\":{\"@id\":\"https:\/\/www.grneko.com\/?product=machovy-obraz-mix#primaryimage\"},\"image\":{\"@id\":\"https:\/\/www.grneko.com\/?product=machovy-obraz-mix#primaryimage\"},\"thumbnailUrl\":\"https:\/\/www.grneko.com\/wp-content\/uploads\/2024\/05\/IMG_8681.jpg\",\"datePublished\":\"2024-05-09T21:16:41+00:00\",\"dateModified\":\"2025-12-01T09:22:51+00:00\",\"description\":\"Obraz MIX je kombin\u00e1ciou li\u0161ajn\u00edka, kop\u010dekov\u00e9ho a ploch\u00e9ho machu v r\u00f4znych farb\u00e1ch. Vesel\u00e1 dekor\u00e1cia vhodn\u00e1 do ka\u017ed\u00e9ho interi\u00e9ru.\",\"breadcrumb\":{\"@id\":\"https:\/\/www.grneko.com\/?product=machovy-obraz-mix#breadcrumb\"},\"inLanguage\":\"sk-SK\",\"potentialAction\":[{\"@type\":\"ReadAction\",\"target\":[\"https:\/\/www.grneko.com\/?product=machovy-obraz-mix\"]}]},{\"@type\":\"ImageObject\",\"inLanguage\":\"sk-SK\",\"@id\":\"https:\/\/www.grneko.com\/?product=machovy-obraz-mix#primaryimage\",\"url\":\"https:\/\/www.grneko.com\/wp-content\/uploads\/2024\/05\/IMG_8681.jpg\",\"contentUrl\":\"https:\/\/www.grneko.com\/wp-content\/uploads\/2024\/05\/IMG_8681.jpg\",\"width\":799,\"height\":800,\"caption\":\"Machov\u00fd obraz mix machov s rastl\u00edn\"},{\"@type\":\"BreadcrumbList\",\"@id\":\"https:\/\/www.grneko.com\/?product=machovy-obraz-mix#breadcrumb\",\"itemListElement\":[{\"@type\":\"ListItem\",\"position\":1,\"name\":\"Domov\",\"item\":\"https:\/\/www.grneko.com\/\"},{\"@type\":\"ListItem\",\"position\":2,\"name\":\"Obchod\",\"item\":\"https:\/\/www.grneko.com\/?page_id=20\"},{\"@type\":\"ListItem\",\"position\":3,\"name\":\"Machov\u00fd obraz MIX\"}]},{\"@type\":\"WebSite\",\"@id\":\"https:\/\/www.grneko.com\/#website\",\"url\":\"https:\/\/www.grneko.com\/\",\"name\":\"GRNEko\",\"description\":\"Radi V\u00e1m pom\u00f4\u017eeme vyrie\u0161i\u0165 ot\u00e1zku bezstarostliveho ozele\u0148ovania V\u00e1\u0161ho interi\u00e9ru. Vyrob\u00edme na mieru presne pod\u013ea Va\u0161ich predst\u00e1v doplnky zo stabilizovan\u00e9ho machu, ktor\u00fdmi nielen o\u017eivite prostredie ale aj zabudnite \u017ee sa o nich treba nejak\u00fdm sp\u00f4sobom stara\u0165.\",\"potentialAction\":[{\"@type\":\"SearchAction\",\"target\":{\"@type\":\"EntryPoint\",\"urlTemplate\":\"https:\/\/www.grneko.com\/?s={search_term_string}\"},\"query-input\":\"required name=search_term_string\"}],\"inLanguage\":\"sk-SK\"}]}<\/script>\n<!-- \/ Yoast SEO plugin. -->","yoast_head_json":{"title":"Machov\u00fd obraz MIX - GRNEko","description":"Obraz MIX je kombin\u00e1ciou li\u0161ajn\u00edka, kop\u010dekov\u00e9ho a ploch\u00e9ho machu v r\u00f4znych farb\u00e1ch. Vesel\u00e1 dekor\u00e1cia vhodn\u00e1 do ka\u017ed\u00e9ho interi\u00e9ru.","robots":{"index":"index","follow":"follow","max-snippet":"max-snippet:-1","max-image-preview":"max-image-preview:large","max-video-preview":"max-video-preview:-1"},"canonical":"https:\/\/www.grneko.com\/?product=machovy-obraz-mix","og_locale":"sk_SK","og_type":"article","og_title":"Machov\u00fd obraz MIX - GRNEko","og_description":"Obraz MIX je kombin\u00e1ciou li\u0161ajn\u00edka, kop\u010dekov\u00e9ho a ploch\u00e9ho machu v r\u00f4znych farb\u00e1ch. Vesel\u00e1 dekor\u00e1cia vhodn\u00e1 do ka\u017ed\u00e9ho interi\u00e9ru.","og_url":"https:\/\/www.grneko.com\/?product=machovy-obraz-mix","og_site_name":"GRNEko","article_modified_time":"2025-12-01T09:22:51+00:00","og_image":[{"width":799,"height":800,"url":"https:\/\/www.grneko.com\/wp-content\/uploads\/2024\/05\/IMG_8681.jpg","type":"image\/jpeg"}],"twitter_card":"summary_large_image","twitter_misc":{"Predpokladan\u00fd \u010das \u010d\u00edtania":"1 min\u00fata"},"schema":{"@context":"https:\/\/schema.org","@graph":[{"@type":"WebPage","@id":"https:\/\/www.grneko.com\/?product=machovy-obraz-mix","url":"https:\/\/www.grneko.com\/?product=machovy-obraz-mix","name":"Machov\u00fd obraz MIX - GRNEko","isPartOf":{"@id":"https:\/\/www.grneko.com\/#website"},"primaryImageOfPage":{"@id":"https:\/\/www.grneko.com\/?product=machovy-obraz-mix#primaryimage"},"image":{"@id":"https:\/\/www.grneko.com\/?product=machovy-obraz-mix#primaryimage"},"thumbnailUrl":"https:\/\/www.grneko.com\/wp-content\/uploads\/2024\/05\/IMG_8681.jpg","datePublished":"2024-05-09T21:16:41+00:00","dateModified":"2025-12-01T09:22:51+00:00","description":"Obraz MIX je kombin\u00e1ciou li\u0161ajn\u00edka, kop\u010dekov\u00e9ho a ploch\u00e9ho machu v r\u00f4znych farb\u00e1ch. Vesel\u00e1 dekor\u00e1cia vhodn\u00e1 do ka\u017ed\u00e9ho interi\u00e9ru.","breadcrumb":{"@id":"https:\/\/www.grneko.com\/?product=machovy-obraz-mix#breadcrumb"},"inLanguage":"sk-SK","potentialAction":[{"@type":"ReadAction","target":["https:\/\/www.grneko.com\/?product=machovy-obraz-mix"]}]},{"@type":"ImageObject","inLanguage":"sk-SK","@id":"https:\/\/www.grneko.com\/?product=machovy-obraz-mix#primaryimage","url":"https:\/\/www.grneko.com\/wp-content\/uploads\/2024\/05\/IMG_8681.jpg","contentUrl":"https:\/\/www.grneko.com\/wp-content\/uploads\/2024\/05\/IMG_8681.jpg","width":799,"height":800,"caption":"Machov\u00fd obraz mix machov s rastl\u00edn"},{"@type":"BreadcrumbList","@id":"https:\/\/www.grneko.com\/?product=machovy-obraz-mix#breadcrumb","itemListElement":[{"@type":"ListItem","position":1,"name":"Domov","item":"https:\/\/www.grneko.com\/"},{"@type":"ListItem","position":2,"name":"Obchod","item":"https:\/\/www.grneko.com\/?page_id=20"},{"@type":"ListItem","position":3,"name":"Machov\u00fd obraz MIX"}]},{"@type":"WebSite","@id":"https:\/\/www.grneko.com\/#website","url":"https:\/\/www.grneko.com\/","name":"GRNEko","description":"Radi V\u00e1m pom\u00f4\u017eeme vyrie\u0161i\u0165 ot\u00e1zku bezstarostliveho ozele\u0148ovania V\u00e1\u0161ho interi\u00e9ru. Vyrob\u00edme na mieru presne pod\u013ea Va\u0161ich predst\u00e1v doplnky zo stabilizovan\u00e9ho machu, ktor\u00fdmi nielen o\u017eivite prostredie ale aj zabudnite \u017ee sa o nich treba nejak\u00fdm sp\u00f4sobom stara\u0165.","potentialAction":[{"@type":"SearchAction","target":{"@type":"EntryPoint","urlTemplate":"https:\/\/www.grneko.com\/?s={search_term_string}"},"query-input":"required name=search_term_string"}],"inLanguage":"sk-SK"}]}},"_links":{"self":[{"href":"https:\/\/www.grneko.com\/index.php?rest_route=\/wp\/v2\/product\/3296"}],"collection":[{"href":"https:\/\/www.grneko.com\/index.php?rest_route=\/wp\/v2\/product"}],"about":[{"href":"https:\/\/www.grneko.com\/index.php?rest_route=\/wp\/v2\/types\/product"}],"replies":[{"embeddable":true,"href":"https:\/\/www.grneko.com\/index.php?rest_route=%2Fwp%2Fv2%2Fcomments&post=3296"}],"wp:featuredmedia":[{"embeddable":true,"href":"https:\/\/www.grneko.com\/index.php?rest_route=\/wp\/v2\/media\/3356"}],"wp:attachment":[{"href":"https:\/\/www.grneko.com\/index.php?rest_route=%2Fwp%2Fv2%2Fmedia&parent=3296"}],"wp:term":[{"taxonomy":"product_cat","embeddable":true,"href":"https:\/\/www.grneko.com\/index.php?rest_route=%2Fwp%2Fv2%2Fproduct_cat&post=3296"},{"taxonomy":"product_tag","embeddable":true,"href":"https:\/\/www.grneko.com\/index.php?rest_route=%2Fwp%2Fv2%2Fproduct_tag&post=3296"}],"curies":[{"name":"wp","href":"https:\/\/api.w.org\/{rel}","templated":true}]}}