{"id":3292,"date":"2024-05-09T23:10:40","date_gmt":"2024-05-09T21:10:40","guid":{"rendered":"https:\/\/www.grneko.com\/?post_type=product&#038;p=3292"},"modified":"2025-11-07T19:51:07","modified_gmt":"2025-11-07T18:51:07","slug":"machovy-obraz-jubileum","status":"publish","type":"product","link":"https:\/\/www.grneko.com\/?product=machovy-obraz-jubileum","title":{"rendered":"Machov\u00fd obraz JUBILEUM"},"content":{"rendered":"<p>Obraz JUBILEUM je navrhnut\u00fd ako dar\u010dek na v\u00fdnimo\u010dn\u00e9 pr\u00edle\u017eitosti. \u010c\u00edslo alebo n\u00e1pis je vytvoren\u00fd kontrastn\u00fdm machom, aby vynikol na zelenom podklade. M\u00f4\u017eete si vybra\u0165 farbu r\u00e1mu a tvar p\u00edsma. Obraz je ru\u010dne vyroben\u00fd a ost\u00e1va kr\u00e1sny bez akejko\u013evek starostlivosti.<\/p>\n<p>Je mo\u017ene vytvori\u0165\u00a0 \u013eubovo\u013en\u00e9 \u010d\u00edsla. Rozmer, tvar, farbu machu aj r\u00e1mu vieme prisp\u00f4sobi\u0165 va\u0161im individu\u00e1lnym po\u017eiadavk\u00e1m.<\/p>\n","protected":false},"excerpt":{"rendered":"<p>Obraz JUBILEUM je navrhnut\u00fd ako dar\u010dek na v\u00fdnimo\u010dn\u00e9 pr\u00edle\u017eitosti. \u010c\u00edslo alebo n\u00e1pis je vytvoren\u00fd kontrastn\u00fdm machom, aby vynikol na zelenom podklade. M\u00f4\u017eete si vybra\u0165 farbu r\u00e1mu a tvar p\u00edsma. Obraz je ru\u010dne vyroben\u00fd a ost\u00e1va kr\u00e1sny bez akejko\u013evek starostlivosti. Je mo\u017ene vytvori\u0165\u00a0 \u013eubovo\u013en\u00e9 \u010d\u00edsla. Rozmer, tvar, farbu machu aj r\u00e1mu vieme prisp\u00f4sobi\u0165 va\u0161im individu\u00e1lnym po\u017eiadavk\u00e1m.<\/p>\n","protected":false},"featured_media":3293,"comment_status":"open","ping_status":"closed","template":"","meta":{"_monsterinsights_skip_tracking":false,"_monsterinsights_sitenote_active":false,"_monsterinsights_sitenote_note":"","_monsterinsights_sitenote_category":0},"product_cat":[17,26],"product_tag":[],"yoast_head":"<!-- This site is optimized with the Yoast SEO plugin v23.0 - https:\/\/yoast.com\/wordpress\/plugins\/seo\/ -->\n<title>Machov\u00fd obraz JUBILEUM - GRNEko<\/title>\n<meta name=\"description\" content=\"Luxusn\u00fd machov\u00fd obraz JUBILEUM s \u010d\u00edslom alebo n\u00e1pisom pod\u013ea \u017eelania. Ide\u00e1lny dar\u010dek na v\u00fdro\u010die alebo jubileum.\" \/>\n<meta name=\"robots\" content=\"index, follow, max-snippet:-1, max-image-preview:large, max-video-preview:-1\" \/>\n<link rel=\"canonical\" href=\"https:\/\/www.grneko.com\/?product=machovy-obraz-jubileum\" \/>\n<meta property=\"og:locale\" content=\"sk_SK\" \/>\n<meta property=\"og:type\" content=\"article\" \/>\n<meta property=\"og:title\" content=\"Machov\u00fd obraz JUBILEUM - GRNEko\" \/>\n<meta property=\"og:description\" content=\"Luxusn\u00fd machov\u00fd obraz JUBILEUM s \u010d\u00edslom alebo n\u00e1pisom pod\u013ea \u017eelania. Ide\u00e1lny dar\u010dek na v\u00fdro\u010die alebo jubileum.\" \/>\n<meta property=\"og:url\" content=\"https:\/\/www.grneko.com\/?product=machovy-obraz-jubileum\" \/>\n<meta property=\"og:site_name\" content=\"GRNEko\" \/>\n<meta property=\"article:modified_time\" content=\"2025-11-07T18:51:07+00:00\" \/>\n<meta property=\"og:image\" content=\"https:\/\/www.grneko.com\/wp-content\/uploads\/2024\/05\/2024_03_08_11_56_IMG_2377.jpg\" \/>\n\t<meta property=\"og:image:width\" content=\"800\" \/>\n\t<meta property=\"og:image:height\" content=\"800\" \/>\n\t<meta property=\"og:image:type\" content=\"image\/jpeg\" \/>\n<meta name=\"twitter:card\" content=\"summary_large_image\" \/>\n<meta name=\"twitter:label1\" content=\"Predpokladan\u00fd \u010das \u010d\u00edtania\" \/>\n\t<meta name=\"twitter:data1\" content=\"1 min\u00fata\" \/>\n<script type=\"application\/ld+json\" class=\"yoast-schema-graph\">{\"@context\":\"https:\/\/schema.org\",\"@graph\":[{\"@type\":\"WebPage\",\"@id\":\"https:\/\/www.grneko.com\/?product=machovy-obraz-jubileum\",\"url\":\"https:\/\/www.grneko.com\/?product=machovy-obraz-jubileum\",\"name\":\"Machov\u00fd obraz JUBILEUM - GRNEko\",\"isPartOf\":{\"@id\":\"https:\/\/www.grneko.com\/#website\"},\"primaryImageOfPage\":{\"@id\":\"https:\/\/www.grneko.com\/?product=machovy-obraz-jubileum#primaryimage\"},\"image\":{\"@id\":\"https:\/\/www.grneko.com\/?product=machovy-obraz-jubileum#primaryimage\"},\"thumbnailUrl\":\"https:\/\/www.grneko.com\/wp-content\/uploads\/2024\/05\/2024_03_08_11_56_IMG_2377.jpg\",\"datePublished\":\"2024-05-09T21:10:40+00:00\",\"dateModified\":\"2025-11-07T18:51:07+00:00\",\"description\":\"Luxusn\u00fd machov\u00fd obraz JUBILEUM s \u010d\u00edslom alebo n\u00e1pisom pod\u013ea \u017eelania. Ide\u00e1lny dar\u010dek na v\u00fdro\u010die alebo jubileum.\",\"breadcrumb\":{\"@id\":\"https:\/\/www.grneko.com\/?product=machovy-obraz-jubileum#breadcrumb\"},\"inLanguage\":\"sk-SK\",\"potentialAction\":[{\"@type\":\"ReadAction\",\"target\":[\"https:\/\/www.grneko.com\/?product=machovy-obraz-jubileum\"]}]},{\"@type\":\"ImageObject\",\"inLanguage\":\"sk-SK\",\"@id\":\"https:\/\/www.grneko.com\/?product=machovy-obraz-jubileum#primaryimage\",\"url\":\"https:\/\/www.grneko.com\/wp-content\/uploads\/2024\/05\/2024_03_08_11_56_IMG_2377.jpg\",\"contentUrl\":\"https:\/\/www.grneko.com\/wp-content\/uploads\/2024\/05\/2024_03_08_11_56_IMG_2377.jpg\",\"width\":800,\"height\":800,\"caption\":\"Jubileum machov\u00fd obraz\"},{\"@type\":\"BreadcrumbList\",\"@id\":\"https:\/\/www.grneko.com\/?product=machovy-obraz-jubileum#breadcrumb\",\"itemListElement\":[{\"@type\":\"ListItem\",\"position\":1,\"name\":\"Domov\",\"item\":\"https:\/\/www.grneko.com\/\"},{\"@type\":\"ListItem\",\"position\":2,\"name\":\"Obchod\",\"item\":\"https:\/\/www.grneko.com\/?page_id=20\"},{\"@type\":\"ListItem\",\"position\":3,\"name\":\"Machov\u00fd obraz JUBILEUM\"}]},{\"@type\":\"WebSite\",\"@id\":\"https:\/\/www.grneko.com\/#website\",\"url\":\"https:\/\/www.grneko.com\/\",\"name\":\"GRNEko\",\"description\":\"Radi V\u00e1m pom\u00f4\u017eeme vyrie\u0161i\u0165 ot\u00e1zku bezstarostliveho ozele\u0148ovania V\u00e1\u0161ho interi\u00e9ru. Vyrob\u00edme na mieru presne pod\u013ea Va\u0161ich predst\u00e1v doplnky zo stabilizovan\u00e9ho machu, ktor\u00fdmi nielen o\u017eivite prostredie ale aj zabudnite \u017ee sa o nich treba nejak\u00fdm sp\u00f4sobom stara\u0165.\",\"potentialAction\":[{\"@type\":\"SearchAction\",\"target\":{\"@type\":\"EntryPoint\",\"urlTemplate\":\"https:\/\/www.grneko.com\/?s={search_term_string}\"},\"query-input\":\"required name=search_term_string\"}],\"inLanguage\":\"sk-SK\"}]}<\/script>\n<!-- \/ Yoast SEO plugin. -->","yoast_head_json":{"title":"Machov\u00fd obraz JUBILEUM - GRNEko","description":"Luxusn\u00fd machov\u00fd obraz JUBILEUM s \u010d\u00edslom alebo n\u00e1pisom pod\u013ea \u017eelania. Ide\u00e1lny dar\u010dek na v\u00fdro\u010die alebo jubileum.","robots":{"index":"index","follow":"follow","max-snippet":"max-snippet:-1","max-image-preview":"max-image-preview:large","max-video-preview":"max-video-preview:-1"},"canonical":"https:\/\/www.grneko.com\/?product=machovy-obraz-jubileum","og_locale":"sk_SK","og_type":"article","og_title":"Machov\u00fd obraz JUBILEUM - GRNEko","og_description":"Luxusn\u00fd machov\u00fd obraz JUBILEUM s \u010d\u00edslom alebo n\u00e1pisom pod\u013ea \u017eelania. Ide\u00e1lny dar\u010dek na v\u00fdro\u010die alebo jubileum.","og_url":"https:\/\/www.grneko.com\/?product=machovy-obraz-jubileum","og_site_name":"GRNEko","article_modified_time":"2025-11-07T18:51:07+00:00","og_image":[{"width":800,"height":800,"url":"https:\/\/www.grneko.com\/wp-content\/uploads\/2024\/05\/2024_03_08_11_56_IMG_2377.jpg","type":"image\/jpeg"}],"twitter_card":"summary_large_image","twitter_misc":{"Predpokladan\u00fd \u010das \u010d\u00edtania":"1 min\u00fata"},"schema":{"@context":"https:\/\/schema.org","@graph":[{"@type":"WebPage","@id":"https:\/\/www.grneko.com\/?product=machovy-obraz-jubileum","url":"https:\/\/www.grneko.com\/?product=machovy-obraz-jubileum","name":"Machov\u00fd obraz JUBILEUM - GRNEko","isPartOf":{"@id":"https:\/\/www.grneko.com\/#website"},"primaryImageOfPage":{"@id":"https:\/\/www.grneko.com\/?product=machovy-obraz-jubileum#primaryimage"},"image":{"@id":"https:\/\/www.grneko.com\/?product=machovy-obraz-jubileum#primaryimage"},"thumbnailUrl":"https:\/\/www.grneko.com\/wp-content\/uploads\/2024\/05\/2024_03_08_11_56_IMG_2377.jpg","datePublished":"2024-05-09T21:10:40+00:00","dateModified":"2025-11-07T18:51:07+00:00","description":"Luxusn\u00fd machov\u00fd obraz JUBILEUM s \u010d\u00edslom alebo n\u00e1pisom pod\u013ea \u017eelania. Ide\u00e1lny dar\u010dek na v\u00fdro\u010die alebo jubileum.","breadcrumb":{"@id":"https:\/\/www.grneko.com\/?product=machovy-obraz-jubileum#breadcrumb"},"inLanguage":"sk-SK","potentialAction":[{"@type":"ReadAction","target":["https:\/\/www.grneko.com\/?product=machovy-obraz-jubileum"]}]},{"@type":"ImageObject","inLanguage":"sk-SK","@id":"https:\/\/www.grneko.com\/?product=machovy-obraz-jubileum#primaryimage","url":"https:\/\/www.grneko.com\/wp-content\/uploads\/2024\/05\/2024_03_08_11_56_IMG_2377.jpg","contentUrl":"https:\/\/www.grneko.com\/wp-content\/uploads\/2024\/05\/2024_03_08_11_56_IMG_2377.jpg","width":800,"height":800,"caption":"Jubileum machov\u00fd obraz"},{"@type":"BreadcrumbList","@id":"https:\/\/www.grneko.com\/?product=machovy-obraz-jubileum#breadcrumb","itemListElement":[{"@type":"ListItem","position":1,"name":"Domov","item":"https:\/\/www.grneko.com\/"},{"@type":"ListItem","position":2,"name":"Obchod","item":"https:\/\/www.grneko.com\/?page_id=20"},{"@type":"ListItem","position":3,"name":"Machov\u00fd obraz JUBILEUM"}]},{"@type":"WebSite","@id":"https:\/\/www.grneko.com\/#website","url":"https:\/\/www.grneko.com\/","name":"GRNEko","description":"Radi V\u00e1m pom\u00f4\u017eeme vyrie\u0161i\u0165 ot\u00e1zku bezstarostliveho ozele\u0148ovania V\u00e1\u0161ho interi\u00e9ru. Vyrob\u00edme na mieru presne pod\u013ea Va\u0161ich predst\u00e1v doplnky zo stabilizovan\u00e9ho machu, ktor\u00fdmi nielen o\u017eivite prostredie ale aj zabudnite \u017ee sa o nich treba nejak\u00fdm sp\u00f4sobom stara\u0165.","potentialAction":[{"@type":"SearchAction","target":{"@type":"EntryPoint","urlTemplate":"https:\/\/www.grneko.com\/?s={search_term_string}"},"query-input":"required name=search_term_string"}],"inLanguage":"sk-SK"}]}},"_links":{"self":[{"href":"https:\/\/www.grneko.com\/index.php?rest_route=\/wp\/v2\/product\/3292"}],"collection":[{"href":"https:\/\/www.grneko.com\/index.php?rest_route=\/wp\/v2\/product"}],"about":[{"href":"https:\/\/www.grneko.com\/index.php?rest_route=\/wp\/v2\/types\/product"}],"replies":[{"embeddable":true,"href":"https:\/\/www.grneko.com\/index.php?rest_route=%2Fwp%2Fv2%2Fcomments&post=3292"}],"wp:featuredmedia":[{"embeddable":true,"href":"https:\/\/www.grneko.com\/index.php?rest_route=\/wp\/v2\/media\/3293"}],"wp:attachment":[{"href":"https:\/\/www.grneko.com\/index.php?rest_route=%2Fwp%2Fv2%2Fmedia&parent=3292"}],"wp:term":[{"taxonomy":"product_cat","embeddable":true,"href":"https:\/\/www.grneko.com\/index.php?rest_route=%2Fwp%2Fv2%2Fproduct_cat&post=3292"},{"taxonomy":"product_tag","embeddable":true,"href":"https:\/\/www.grneko.com\/index.php?rest_route=%2Fwp%2Fv2%2Fproduct_tag&post=3292"}],"curies":[{"name":"wp","href":"https:\/\/api.w.org\/{rel}","templated":true}]}}