{"id":3258,"date":"2024-02-08T23:22:06","date_gmt":"2024-02-08T22:22:06","guid":{"rendered":"https:\/\/www.grneko.com\/?post_type=product&#038;p=3258"},"modified":"2025-12-01T10:23:06","modified_gmt":"2025-12-01T09:23:06","slug":"machove-hodiny-natur-simple","status":"publish","type":"product","link":"https:\/\/www.grneko.com\/?product=machove-hodiny-natur-simple","title":{"rendered":"Machov\u00e9 hodiny natur SIMPLE"},"content":{"rendered":"<p>Hodiny natur SIMPLE s\u00fa ur\u010den\u00e9 pre milovn\u00edkov minimalizmu. Svie\u017ea tmavo zelen\u00e1 farba machu kontrastuje s prirodzen\u00fdm drevom. Hodiny s\u00fa bez\u00fadr\u017ebov\u00e9 a vhodn\u00e9 do v\u0161etk\u00fdch interi\u00e9rov, ktor\u00e9 si potrpia na jednoduch\u00fa eleganciu.<\/p>\n<p>&nbsp;<\/p>\n<p>Tento model hod\u00edn ma len dekora\u010dn\u00e9 (nepohybliv\u00e9) kolieska.<\/p>\n<p>Rozmer a farbu hod\u00edn vieme prisp\u00f4sobi\u0165 Va\u0161im po\u017eiadavk\u00e1m. S rados\u0165ou V\u00e1m posleme individu\u00e1lnu cenov\u00fa ponuku do mailu.<\/p>\n<p>&nbsp;<\/p>\n<p>Rozmer (priemer): 55 cm<\/p>\n","protected":false},"excerpt":{"rendered":"<p>Machov\u00e9 hodiny s\u00fa jedn\u00fdm z najpopul\u00e1rnej\u0161\u00edch prvkov machovej dekor\u00e1cie. S\u00fa to unik\u00e1tne n\u00e1stenn\u00e9 hodiny, ktor\u00e9 zdobia Va\u0161 interi\u00e9r a z\u00e1rove\u0148 V\u00e1m ukazuj\u00fa \u010das, ktor\u00fd te\u010die neust\u00e1le, ako pr\u00edroda sama. Machov\u00e9 hodiny dod\u00e1vaj\u00fa V\u00e1\u0161mu domovu pocit pokoja a harm\u00f3nie.<\/p>\n","protected":false},"featured_media":3259,"comment_status":"open","ping_status":"closed","template":"","meta":{"_monsterinsights_skip_tracking":false,"_monsterinsights_sitenote_active":false,"_monsterinsights_sitenote_note":"","_monsterinsights_sitenote_category":0},"product_cat":[19],"product_tag":[],"yoast_head":"<!-- This site is optimized with the Yoast SEO plugin v23.0 - https:\/\/yoast.com\/wordpress\/plugins\/seo\/ -->\n<title>Machov\u00e9 hodiny natur SIMPLE \u2013 jednoduch\u00e9 pr\u00edrodn\u00e9 hodiny<\/title>\n<meta name=\"description\" content=\"Model natur SIMPLE je minimalistick\u00fd. Cifern\u00edk zo stabilizovan\u00e9ho machu je kombinovan\u00fd so svetl\u00fdm dreven\u00fdm r\u00e1mom.\" \/>\n<meta name=\"robots\" content=\"index, follow, max-snippet:-1, max-image-preview:large, max-video-preview:-1\" \/>\n<link rel=\"canonical\" href=\"https:\/\/www.grneko.com\/?product=machove-hodiny-natur-simple\" \/>\n<meta property=\"og:locale\" content=\"sk_SK\" \/>\n<meta property=\"og:type\" content=\"article\" \/>\n<meta property=\"og:title\" content=\"Machov\u00e9 hodiny natur SIMPLE \u2013 jednoduch\u00e9 pr\u00edrodn\u00e9 hodiny\" \/>\n<meta property=\"og:description\" content=\"Model natur SIMPLE je minimalistick\u00fd. Cifern\u00edk zo stabilizovan\u00e9ho machu je kombinovan\u00fd so svetl\u00fdm dreven\u00fdm r\u00e1mom.\" \/>\n<meta property=\"og:url\" content=\"https:\/\/www.grneko.com\/?product=machove-hodiny-natur-simple\" \/>\n<meta property=\"og:site_name\" content=\"GRNEko\" \/>\n<meta property=\"article:modified_time\" content=\"2025-12-01T09:23:06+00:00\" \/>\n<meta property=\"og:image\" content=\"https:\/\/www.grneko.com\/wp-content\/uploads\/2024\/02\/2023_08_30_10_43_IMG_1352.jpg\" \/>\n\t<meta property=\"og:image:width\" content=\"1080\" \/>\n\t<meta property=\"og:image:height\" content=\"1080\" \/>\n\t<meta property=\"og:image:type\" content=\"image\/jpeg\" \/>\n<meta name=\"twitter:card\" content=\"summary_large_image\" \/>\n<meta name=\"twitter:label1\" content=\"Predpokladan\u00fd \u010das \u010d\u00edtania\" \/>\n\t<meta name=\"twitter:data1\" content=\"1 min\u00fata\" \/>\n<script type=\"application\/ld+json\" class=\"yoast-schema-graph\">{\"@context\":\"https:\/\/schema.org\",\"@graph\":[{\"@type\":\"WebPage\",\"@id\":\"https:\/\/www.grneko.com\/?product=machove-hodiny-natur-simple\",\"url\":\"https:\/\/www.grneko.com\/?product=machove-hodiny-natur-simple\",\"name\":\"Machov\u00e9 hodiny natur SIMPLE \u2013 jednoduch\u00e9 pr\u00edrodn\u00e9 hodiny\",\"isPartOf\":{\"@id\":\"https:\/\/www.grneko.com\/#website\"},\"primaryImageOfPage\":{\"@id\":\"https:\/\/www.grneko.com\/?product=machove-hodiny-natur-simple#primaryimage\"},\"image\":{\"@id\":\"https:\/\/www.grneko.com\/?product=machove-hodiny-natur-simple#primaryimage\"},\"thumbnailUrl\":\"https:\/\/www.grneko.com\/wp-content\/uploads\/2024\/02\/2023_08_30_10_43_IMG_1352.jpg\",\"datePublished\":\"2024-02-08T22:22:06+00:00\",\"dateModified\":\"2025-12-01T09:23:06+00:00\",\"description\":\"Model natur SIMPLE je minimalistick\u00fd. Cifern\u00edk zo stabilizovan\u00e9ho machu je kombinovan\u00fd so svetl\u00fdm dreven\u00fdm r\u00e1mom.\",\"breadcrumb\":{\"@id\":\"https:\/\/www.grneko.com\/?product=machove-hodiny-natur-simple#breadcrumb\"},\"inLanguage\":\"sk-SK\",\"potentialAction\":[{\"@type\":\"ReadAction\",\"target\":[\"https:\/\/www.grneko.com\/?product=machove-hodiny-natur-simple\"]}]},{\"@type\":\"ImageObject\",\"inLanguage\":\"sk-SK\",\"@id\":\"https:\/\/www.grneko.com\/?product=machove-hodiny-natur-simple#primaryimage\",\"url\":\"https:\/\/www.grneko.com\/wp-content\/uploads\/2024\/02\/2023_08_30_10_43_IMG_1352.jpg\",\"contentUrl\":\"https:\/\/www.grneko.com\/wp-content\/uploads\/2024\/02\/2023_08_30_10_43_IMG_1352.jpg\",\"width\":1080,\"height\":1080,\"caption\":\"Machove hodiny\"},{\"@type\":\"BreadcrumbList\",\"@id\":\"https:\/\/www.grneko.com\/?product=machove-hodiny-natur-simple#breadcrumb\",\"itemListElement\":[{\"@type\":\"ListItem\",\"position\":1,\"name\":\"Domov\",\"item\":\"https:\/\/www.grneko.com\/\"},{\"@type\":\"ListItem\",\"position\":2,\"name\":\"Obchod\",\"item\":\"https:\/\/www.grneko.com\/?page_id=20\"},{\"@type\":\"ListItem\",\"position\":3,\"name\":\"Machov\u00e9 hodiny natur SIMPLE\"}]},{\"@type\":\"WebSite\",\"@id\":\"https:\/\/www.grneko.com\/#website\",\"url\":\"https:\/\/www.grneko.com\/\",\"name\":\"GRNEko\",\"description\":\"Radi V\u00e1m pom\u00f4\u017eeme vyrie\u0161i\u0165 ot\u00e1zku bezstarostliveho ozele\u0148ovania V\u00e1\u0161ho interi\u00e9ru. Vyrob\u00edme na mieru presne pod\u013ea Va\u0161ich predst\u00e1v doplnky zo stabilizovan\u00e9ho machu, ktor\u00fdmi nielen o\u017eivite prostredie ale aj zabudnite \u017ee sa o nich treba nejak\u00fdm sp\u00f4sobom stara\u0165.\",\"potentialAction\":[{\"@type\":\"SearchAction\",\"target\":{\"@type\":\"EntryPoint\",\"urlTemplate\":\"https:\/\/www.grneko.com\/?s={search_term_string}\"},\"query-input\":\"required name=search_term_string\"}],\"inLanguage\":\"sk-SK\"}]}<\/script>\n<!-- \/ Yoast SEO plugin. -->","yoast_head_json":{"title":"Machov\u00e9 hodiny natur SIMPLE \u2013 jednoduch\u00e9 pr\u00edrodn\u00e9 hodiny","description":"Model natur SIMPLE je minimalistick\u00fd. Cifern\u00edk zo stabilizovan\u00e9ho machu je kombinovan\u00fd so svetl\u00fdm dreven\u00fdm r\u00e1mom.","robots":{"index":"index","follow":"follow","max-snippet":"max-snippet:-1","max-image-preview":"max-image-preview:large","max-video-preview":"max-video-preview:-1"},"canonical":"https:\/\/www.grneko.com\/?product=machove-hodiny-natur-simple","og_locale":"sk_SK","og_type":"article","og_title":"Machov\u00e9 hodiny natur SIMPLE \u2013 jednoduch\u00e9 pr\u00edrodn\u00e9 hodiny","og_description":"Model natur SIMPLE je minimalistick\u00fd. Cifern\u00edk zo stabilizovan\u00e9ho machu je kombinovan\u00fd so svetl\u00fdm dreven\u00fdm r\u00e1mom.","og_url":"https:\/\/www.grneko.com\/?product=machove-hodiny-natur-simple","og_site_name":"GRNEko","article_modified_time":"2025-12-01T09:23:06+00:00","og_image":[{"width":1080,"height":1080,"url":"https:\/\/www.grneko.com\/wp-content\/uploads\/2024\/02\/2023_08_30_10_43_IMG_1352.jpg","type":"image\/jpeg"}],"twitter_card":"summary_large_image","twitter_misc":{"Predpokladan\u00fd \u010das \u010d\u00edtania":"1 min\u00fata"},"schema":{"@context":"https:\/\/schema.org","@graph":[{"@type":"WebPage","@id":"https:\/\/www.grneko.com\/?product=machove-hodiny-natur-simple","url":"https:\/\/www.grneko.com\/?product=machove-hodiny-natur-simple","name":"Machov\u00e9 hodiny natur SIMPLE \u2013 jednoduch\u00e9 pr\u00edrodn\u00e9 hodiny","isPartOf":{"@id":"https:\/\/www.grneko.com\/#website"},"primaryImageOfPage":{"@id":"https:\/\/www.grneko.com\/?product=machove-hodiny-natur-simple#primaryimage"},"image":{"@id":"https:\/\/www.grneko.com\/?product=machove-hodiny-natur-simple#primaryimage"},"thumbnailUrl":"https:\/\/www.grneko.com\/wp-content\/uploads\/2024\/02\/2023_08_30_10_43_IMG_1352.jpg","datePublished":"2024-02-08T22:22:06+00:00","dateModified":"2025-12-01T09:23:06+00:00","description":"Model natur SIMPLE je minimalistick\u00fd. Cifern\u00edk zo stabilizovan\u00e9ho machu je kombinovan\u00fd so svetl\u00fdm dreven\u00fdm r\u00e1mom.","breadcrumb":{"@id":"https:\/\/www.grneko.com\/?product=machove-hodiny-natur-simple#breadcrumb"},"inLanguage":"sk-SK","potentialAction":[{"@type":"ReadAction","target":["https:\/\/www.grneko.com\/?product=machove-hodiny-natur-simple"]}]},{"@type":"ImageObject","inLanguage":"sk-SK","@id":"https:\/\/www.grneko.com\/?product=machove-hodiny-natur-simple#primaryimage","url":"https:\/\/www.grneko.com\/wp-content\/uploads\/2024\/02\/2023_08_30_10_43_IMG_1352.jpg","contentUrl":"https:\/\/www.grneko.com\/wp-content\/uploads\/2024\/02\/2023_08_30_10_43_IMG_1352.jpg","width":1080,"height":1080,"caption":"Machove hodiny"},{"@type":"BreadcrumbList","@id":"https:\/\/www.grneko.com\/?product=machove-hodiny-natur-simple#breadcrumb","itemListElement":[{"@type":"ListItem","position":1,"name":"Domov","item":"https:\/\/www.grneko.com\/"},{"@type":"ListItem","position":2,"name":"Obchod","item":"https:\/\/www.grneko.com\/?page_id=20"},{"@type":"ListItem","position":3,"name":"Machov\u00e9 hodiny natur SIMPLE"}]},{"@type":"WebSite","@id":"https:\/\/www.grneko.com\/#website","url":"https:\/\/www.grneko.com\/","name":"GRNEko","description":"Radi V\u00e1m pom\u00f4\u017eeme vyrie\u0161i\u0165 ot\u00e1zku bezstarostliveho ozele\u0148ovania V\u00e1\u0161ho interi\u00e9ru. Vyrob\u00edme na mieru presne pod\u013ea Va\u0161ich predst\u00e1v doplnky zo stabilizovan\u00e9ho machu, ktor\u00fdmi nielen o\u017eivite prostredie ale aj zabudnite \u017ee sa o nich treba nejak\u00fdm sp\u00f4sobom stara\u0165.","potentialAction":[{"@type":"SearchAction","target":{"@type":"EntryPoint","urlTemplate":"https:\/\/www.grneko.com\/?s={search_term_string}"},"query-input":"required name=search_term_string"}],"inLanguage":"sk-SK"}]}},"_links":{"self":[{"href":"https:\/\/www.grneko.com\/index.php?rest_route=\/wp\/v2\/product\/3258"}],"collection":[{"href":"https:\/\/www.grneko.com\/index.php?rest_route=\/wp\/v2\/product"}],"about":[{"href":"https:\/\/www.grneko.com\/index.php?rest_route=\/wp\/v2\/types\/product"}],"replies":[{"embeddable":true,"href":"https:\/\/www.grneko.com\/index.php?rest_route=%2Fwp%2Fv2%2Fcomments&post=3258"}],"wp:featuredmedia":[{"embeddable":true,"href":"https:\/\/www.grneko.com\/index.php?rest_route=\/wp\/v2\/media\/3259"}],"wp:attachment":[{"href":"https:\/\/www.grneko.com\/index.php?rest_route=%2Fwp%2Fv2%2Fmedia&parent=3258"}],"wp:term":[{"taxonomy":"product_cat","embeddable":true,"href":"https:\/\/www.grneko.com\/index.php?rest_route=%2Fwp%2Fv2%2Fproduct_cat&post=3258"},{"taxonomy":"product_tag","embeddable":true,"href":"https:\/\/www.grneko.com\/index.php?rest_route=%2Fwp%2Fv2%2Fproduct_tag&post=3258"}],"curies":[{"name":"wp","href":"https:\/\/api.w.org\/{rel}","templated":true}]}}