{"id":3215,"date":"2024-02-08T22:31:13","date_gmt":"2024-02-08T21:31:13","guid":{"rendered":"https:\/\/www.grneko.com\/?post_type=product&#038;p=3215"},"modified":"2025-12-01T10:24:15","modified_gmt":"2025-12-01T09:24:15","slug":"machovy-veniec-forest","status":"publish","type":"product","link":"https:\/\/www.grneko.com\/?product=machovy-veniec-forest","title":{"rendered":"Machov\u00fd veniec FOREST"},"content":{"rendered":"<p>Veniec FOREST vytv\u00e1ra dojem lesa. Okrem machu obsahuje stabilizovan\u00e9 rastliny a su\u0161en\u00e9 hriby. Je vhodn\u00fd na jesenn\u00e9 a zimn\u00e9 obdobie, ale aj celoro\u010dne pre rustik\u00e1lnu dom\u00e1cnos\u0165.<br \/>\nVeniec je ru\u010dne vyroben\u00fd a bez\u00fadr\u017ebov\u00fd. Je \u013eahk\u00fd a vhodn\u00fd LEN do interi\u00e9ru (vn\u00fatorn\u00fdch priestorov).<\/p>\n<p>Vonkaj\u0161\u00ed priemer: 36 cm.<\/p>\n","protected":false},"excerpt":{"rendered":"<p>Veniec FOREST vytv\u00e1ra dojem lesa. Okrem machu obsahuje stabilizovan\u00e9 rastliny a su\u0161en\u00e9 hriby. Je vhodn\u00fd na jesenn\u00e9 a zimn\u00e9 obdobie, ale aj celoro\u010dne pre rustik\u00e1lnu dom\u00e1cnos\u0165. Veniec je ru\u010dne vyroben\u00fd a bez\u00fadr\u017ebov\u00fd. Je \u013eahk\u00fd a vhodn\u00fd LEN do interi\u00e9ru (vn\u00fatorn\u00fdch priestorov). Vonkaj\u0161\u00ed priemer: 36 cm.<\/p>\n","protected":false},"featured_media":3218,"comment_status":"open","ping_status":"closed","template":"","meta":{"_monsterinsights_skip_tracking":false,"_monsterinsights_sitenote_active":false,"_monsterinsights_sitenote_note":"","_monsterinsights_sitenote_category":0},"product_cat":[26],"product_tag":[],"yoast_head":"<!-- This site is optimized with the Yoast SEO plugin v23.0 - https:\/\/yoast.com\/wordpress\/plugins\/seo\/ -->\n<title>Machov\u00fd veniec FOREST - GRNEko<\/title>\n<meta name=\"description\" content=\"FOREST kombinuje stabilizovan\u00fd mach s rastlinami. Ide\u00e1lna dekor\u00e1cia na dvere \u010di st\u00f4l.\" \/>\n<meta name=\"robots\" content=\"index, follow, max-snippet:-1, max-image-preview:large, max-video-preview:-1\" \/>\n<link rel=\"canonical\" href=\"https:\/\/www.grneko.com\/?product=machovy-veniec-forest\" \/>\n<meta property=\"og:locale\" content=\"sk_SK\" \/>\n<meta property=\"og:type\" content=\"article\" \/>\n<meta property=\"og:title\" content=\"Machov\u00fd veniec FOREST - GRNEko\" \/>\n<meta property=\"og:description\" content=\"FOREST kombinuje stabilizovan\u00fd mach s rastlinami. Ide\u00e1lna dekor\u00e1cia na dvere \u010di st\u00f4l.\" \/>\n<meta property=\"og:url\" content=\"https:\/\/www.grneko.com\/?product=machovy-veniec-forest\" \/>\n<meta property=\"og:site_name\" content=\"GRNEko\" \/>\n<meta property=\"article:modified_time\" content=\"2025-12-01T09:24:15+00:00\" \/>\n<meta property=\"og:image\" content=\"https:\/\/www.grneko.com\/wp-content\/uploads\/2024\/02\/2023_12_09_12_00_IMG_1952.jpg\" \/>\n\t<meta property=\"og:image:width\" content=\"1080\" \/>\n\t<meta property=\"og:image:height\" content=\"1080\" \/>\n\t<meta property=\"og:image:type\" content=\"image\/jpeg\" \/>\n<meta name=\"twitter:card\" content=\"summary_large_image\" \/>\n<meta name=\"twitter:label1\" content=\"Predpokladan\u00fd \u010das \u010d\u00edtania\" \/>\n\t<meta name=\"twitter:data1\" content=\"1 min\u00fata\" \/>\n<script type=\"application\/ld+json\" class=\"yoast-schema-graph\">{\"@context\":\"https:\/\/schema.org\",\"@graph\":[{\"@type\":\"WebPage\",\"@id\":\"https:\/\/www.grneko.com\/?product=machovy-veniec-forest\",\"url\":\"https:\/\/www.grneko.com\/?product=machovy-veniec-forest\",\"name\":\"Machov\u00fd veniec FOREST - GRNEko\",\"isPartOf\":{\"@id\":\"https:\/\/www.grneko.com\/#website\"},\"primaryImageOfPage\":{\"@id\":\"https:\/\/www.grneko.com\/?product=machovy-veniec-forest#primaryimage\"},\"image\":{\"@id\":\"https:\/\/www.grneko.com\/?product=machovy-veniec-forest#primaryimage\"},\"thumbnailUrl\":\"https:\/\/www.grneko.com\/wp-content\/uploads\/2024\/02\/2023_12_09_12_00_IMG_1952.jpg\",\"datePublished\":\"2024-02-08T21:31:13+00:00\",\"dateModified\":\"2025-12-01T09:24:15+00:00\",\"description\":\"FOREST kombinuje stabilizovan\u00fd mach s rastlinami. Ide\u00e1lna dekor\u00e1cia na dvere \u010di st\u00f4l.\",\"breadcrumb\":{\"@id\":\"https:\/\/www.grneko.com\/?product=machovy-veniec-forest#breadcrumb\"},\"inLanguage\":\"sk-SK\",\"potentialAction\":[{\"@type\":\"ReadAction\",\"target\":[\"https:\/\/www.grneko.com\/?product=machovy-veniec-forest\"]}]},{\"@type\":\"ImageObject\",\"inLanguage\":\"sk-SK\",\"@id\":\"https:\/\/www.grneko.com\/?product=machovy-veniec-forest#primaryimage\",\"url\":\"https:\/\/www.grneko.com\/wp-content\/uploads\/2024\/02\/2023_12_09_12_00_IMG_1952.jpg\",\"contentUrl\":\"https:\/\/www.grneko.com\/wp-content\/uploads\/2024\/02\/2023_12_09_12_00_IMG_1952.jpg\",\"width\":1080,\"height\":1080,\"caption\":\"Machov\u00fd ven\u010dek\"},{\"@type\":\"BreadcrumbList\",\"@id\":\"https:\/\/www.grneko.com\/?product=machovy-veniec-forest#breadcrumb\",\"itemListElement\":[{\"@type\":\"ListItem\",\"position\":1,\"name\":\"Domov\",\"item\":\"https:\/\/www.grneko.com\/\"},{\"@type\":\"ListItem\",\"position\":2,\"name\":\"Obchod\",\"item\":\"https:\/\/www.grneko.com\/?page_id=20\"},{\"@type\":\"ListItem\",\"position\":3,\"name\":\"Machov\u00fd veniec FOREST\"}]},{\"@type\":\"WebSite\",\"@id\":\"https:\/\/www.grneko.com\/#website\",\"url\":\"https:\/\/www.grneko.com\/\",\"name\":\"GRNEko\",\"description\":\"Radi V\u00e1m pom\u00f4\u017eeme vyrie\u0161i\u0165 ot\u00e1zku bezstarostliveho ozele\u0148ovania V\u00e1\u0161ho interi\u00e9ru. Vyrob\u00edme na mieru presne pod\u013ea Va\u0161ich predst\u00e1v doplnky zo stabilizovan\u00e9ho machu, ktor\u00fdmi nielen o\u017eivite prostredie ale aj zabudnite \u017ee sa o nich treba nejak\u00fdm sp\u00f4sobom stara\u0165.\",\"potentialAction\":[{\"@type\":\"SearchAction\",\"target\":{\"@type\":\"EntryPoint\",\"urlTemplate\":\"https:\/\/www.grneko.com\/?s={search_term_string}\"},\"query-input\":\"required name=search_term_string\"}],\"inLanguage\":\"sk-SK\"}]}<\/script>\n<!-- \/ Yoast SEO plugin. -->","yoast_head_json":{"title":"Machov\u00fd veniec FOREST - GRNEko","description":"FOREST kombinuje stabilizovan\u00fd mach s rastlinami. Ide\u00e1lna dekor\u00e1cia na dvere \u010di st\u00f4l.","robots":{"index":"index","follow":"follow","max-snippet":"max-snippet:-1","max-image-preview":"max-image-preview:large","max-video-preview":"max-video-preview:-1"},"canonical":"https:\/\/www.grneko.com\/?product=machovy-veniec-forest","og_locale":"sk_SK","og_type":"article","og_title":"Machov\u00fd veniec FOREST - GRNEko","og_description":"FOREST kombinuje stabilizovan\u00fd mach s rastlinami. Ide\u00e1lna dekor\u00e1cia na dvere \u010di st\u00f4l.","og_url":"https:\/\/www.grneko.com\/?product=machovy-veniec-forest","og_site_name":"GRNEko","article_modified_time":"2025-12-01T09:24:15+00:00","og_image":[{"width":1080,"height":1080,"url":"https:\/\/www.grneko.com\/wp-content\/uploads\/2024\/02\/2023_12_09_12_00_IMG_1952.jpg","type":"image\/jpeg"}],"twitter_card":"summary_large_image","twitter_misc":{"Predpokladan\u00fd \u010das \u010d\u00edtania":"1 min\u00fata"},"schema":{"@context":"https:\/\/schema.org","@graph":[{"@type":"WebPage","@id":"https:\/\/www.grneko.com\/?product=machovy-veniec-forest","url":"https:\/\/www.grneko.com\/?product=machovy-veniec-forest","name":"Machov\u00fd veniec FOREST - GRNEko","isPartOf":{"@id":"https:\/\/www.grneko.com\/#website"},"primaryImageOfPage":{"@id":"https:\/\/www.grneko.com\/?product=machovy-veniec-forest#primaryimage"},"image":{"@id":"https:\/\/www.grneko.com\/?product=machovy-veniec-forest#primaryimage"},"thumbnailUrl":"https:\/\/www.grneko.com\/wp-content\/uploads\/2024\/02\/2023_12_09_12_00_IMG_1952.jpg","datePublished":"2024-02-08T21:31:13+00:00","dateModified":"2025-12-01T09:24:15+00:00","description":"FOREST kombinuje stabilizovan\u00fd mach s rastlinami. Ide\u00e1lna dekor\u00e1cia na dvere \u010di st\u00f4l.","breadcrumb":{"@id":"https:\/\/www.grneko.com\/?product=machovy-veniec-forest#breadcrumb"},"inLanguage":"sk-SK","potentialAction":[{"@type":"ReadAction","target":["https:\/\/www.grneko.com\/?product=machovy-veniec-forest"]}]},{"@type":"ImageObject","inLanguage":"sk-SK","@id":"https:\/\/www.grneko.com\/?product=machovy-veniec-forest#primaryimage","url":"https:\/\/www.grneko.com\/wp-content\/uploads\/2024\/02\/2023_12_09_12_00_IMG_1952.jpg","contentUrl":"https:\/\/www.grneko.com\/wp-content\/uploads\/2024\/02\/2023_12_09_12_00_IMG_1952.jpg","width":1080,"height":1080,"caption":"Machov\u00fd ven\u010dek"},{"@type":"BreadcrumbList","@id":"https:\/\/www.grneko.com\/?product=machovy-veniec-forest#breadcrumb","itemListElement":[{"@type":"ListItem","position":1,"name":"Domov","item":"https:\/\/www.grneko.com\/"},{"@type":"ListItem","position":2,"name":"Obchod","item":"https:\/\/www.grneko.com\/?page_id=20"},{"@type":"ListItem","position":3,"name":"Machov\u00fd veniec FOREST"}]},{"@type":"WebSite","@id":"https:\/\/www.grneko.com\/#website","url":"https:\/\/www.grneko.com\/","name":"GRNEko","description":"Radi V\u00e1m pom\u00f4\u017eeme vyrie\u0161i\u0165 ot\u00e1zku bezstarostliveho ozele\u0148ovania V\u00e1\u0161ho interi\u00e9ru. Vyrob\u00edme na mieru presne pod\u013ea Va\u0161ich predst\u00e1v doplnky zo stabilizovan\u00e9ho machu, ktor\u00fdmi nielen o\u017eivite prostredie ale aj zabudnite \u017ee sa o nich treba nejak\u00fdm sp\u00f4sobom stara\u0165.","potentialAction":[{"@type":"SearchAction","target":{"@type":"EntryPoint","urlTemplate":"https:\/\/www.grneko.com\/?s={search_term_string}"},"query-input":"required name=search_term_string"}],"inLanguage":"sk-SK"}]}},"_links":{"self":[{"href":"https:\/\/www.grneko.com\/index.php?rest_route=\/wp\/v2\/product\/3215"}],"collection":[{"href":"https:\/\/www.grneko.com\/index.php?rest_route=\/wp\/v2\/product"}],"about":[{"href":"https:\/\/www.grneko.com\/index.php?rest_route=\/wp\/v2\/types\/product"}],"replies":[{"embeddable":true,"href":"https:\/\/www.grneko.com\/index.php?rest_route=%2Fwp%2Fv2%2Fcomments&post=3215"}],"wp:featuredmedia":[{"embeddable":true,"href":"https:\/\/www.grneko.com\/index.php?rest_route=\/wp\/v2\/media\/3218"}],"wp:attachment":[{"href":"https:\/\/www.grneko.com\/index.php?rest_route=%2Fwp%2Fv2%2Fmedia&parent=3215"}],"wp:term":[{"taxonomy":"product_cat","embeddable":true,"href":"https:\/\/www.grneko.com\/index.php?rest_route=%2Fwp%2Fv2%2Fproduct_cat&post=3215"},{"taxonomy":"product_tag","embeddable":true,"href":"https:\/\/www.grneko.com\/index.php?rest_route=%2Fwp%2Fv2%2Fproduct_tag&post=3215"}],"curies":[{"name":"wp","href":"https:\/\/api.w.org\/{rel}","templated":true}]}}