{"id":3210,"date":"2024-02-08T22:22:36","date_gmt":"2024-02-08T21:22:36","guid":{"rendered":"https:\/\/www.grneko.com\/?post_type=product&#038;p=3210"},"modified":"2025-11-10T00:26:56","modified_gmt":"2025-11-09T23:26:56","slug":"machovy-fotoram-extra","status":"publish","type":"product","link":"https:\/\/www.grneko.com\/?product=machovy-fotoram-extra","title":{"rendered":"Machov\u00fd fotor\u00e1m EXTRA"},"content":{"rendered":"<p>EXTRA je fotor\u00e1m v\u00e4\u010d\u0161\u00edch rozmerov, vhodn\u00fd pre ve\u013ek\u00e9 fotografie alebo obrazy. Machov\u00fd okraj je \u0161ir\u0161\u00ed, \u010d\u00edm vytv\u00e1ra dominantn\u00fd r\u00e1m. R\u00f4zne farby machu zaru\u010duj\u00fa aj zauj\u00edmav\u00fa text\u00faru. R\u00e1m je vhodn\u00fd do ob\u00fdva\u010dky alebo gal\u00e9rie.<\/p>\n<p>Rozmer: 60 * 80 cm<\/p>\n","protected":false},"excerpt":{"rendered":"<p>Dizajnov\u00e9 fotor\u00e1miky s machom prid\u00e1vaj\u00fa interi\u00e9ru zvl\u00e1\u0161tny dotyk elegancie. Machov\u00e1 dekor\u00e1cia nie je len o kr\u00e1se, ale aj o spojen\u00ed s pr\u00edrodou a pocitu harm\u00f3nie vo Va\u0161om dome.<\/p>\n","protected":false},"featured_media":3211,"comment_status":"open","ping_status":"closed","template":"","meta":{"_monsterinsights_skip_tracking":false,"_monsterinsights_sitenote_active":false,"_monsterinsights_sitenote_note":"","_monsterinsights_sitenote_category":0},"product_cat":[29],"product_tag":[],"yoast_head":"<!-- This site is optimized with the Yoast SEO plugin v23.0 - https:\/\/yoast.com\/wordpress\/plugins\/seo\/ -->\n<title>Machov\u00fd fotor\u00e1m EXTRA - GRNEko<\/title>\n<meta name=\"description\" content=\"R\u00e1m EXTRA je robustn\u00fd fotor\u00e1m z machu. V\u00fdrazn\u00fd prvok pre va\u0161e ob\u013e\u00faben\u00e9 fotografie alebo umeleck\u00e9 diela.\" \/>\n<meta name=\"robots\" content=\"index, follow, max-snippet:-1, max-image-preview:large, max-video-preview:-1\" \/>\n<link rel=\"canonical\" href=\"https:\/\/www.grneko.com\/?product=machovy-fotoram-extra\" \/>\n<meta property=\"og:locale\" content=\"sk_SK\" \/>\n<meta property=\"og:type\" content=\"article\" \/>\n<meta property=\"og:title\" content=\"Machov\u00fd fotor\u00e1m EXTRA - GRNEko\" \/>\n<meta property=\"og:description\" content=\"R\u00e1m EXTRA je robustn\u00fd fotor\u00e1m z machu. V\u00fdrazn\u00fd prvok pre va\u0161e ob\u013e\u00faben\u00e9 fotografie alebo umeleck\u00e9 diela.\" \/>\n<meta property=\"og:url\" content=\"https:\/\/www.grneko.com\/?product=machovy-fotoram-extra\" \/>\n<meta property=\"og:site_name\" content=\"GRNEko\" \/>\n<meta property=\"article:modified_time\" content=\"2025-11-09T23:26:56+00:00\" \/>\n<meta property=\"og:image\" content=\"https:\/\/www.grneko.com\/wp-content\/uploads\/2024\/02\/f0407f0b-8c10-486b-bb4c-931c08a8ec32.jpg\" \/>\n\t<meta property=\"og:image:width\" content=\"1080\" \/>\n\t<meta property=\"og:image:height\" content=\"810\" \/>\n\t<meta property=\"og:image:type\" content=\"image\/jpeg\" \/>\n<meta name=\"twitter:card\" content=\"summary_large_image\" \/>\n<meta name=\"twitter:label1\" content=\"Predpokladan\u00fd \u010das \u010d\u00edtania\" \/>\n\t<meta name=\"twitter:data1\" content=\"1 min\u00fata\" \/>\n<script type=\"application\/ld+json\" class=\"yoast-schema-graph\">{\"@context\":\"https:\/\/schema.org\",\"@graph\":[{\"@type\":\"WebPage\",\"@id\":\"https:\/\/www.grneko.com\/?product=machovy-fotoram-extra\",\"url\":\"https:\/\/www.grneko.com\/?product=machovy-fotoram-extra\",\"name\":\"Machov\u00fd fotor\u00e1m EXTRA - GRNEko\",\"isPartOf\":{\"@id\":\"https:\/\/www.grneko.com\/#website\"},\"primaryImageOfPage\":{\"@id\":\"https:\/\/www.grneko.com\/?product=machovy-fotoram-extra#primaryimage\"},\"image\":{\"@id\":\"https:\/\/www.grneko.com\/?product=machovy-fotoram-extra#primaryimage\"},\"thumbnailUrl\":\"https:\/\/www.grneko.com\/wp-content\/uploads\/2024\/02\/f0407f0b-8c10-486b-bb4c-931c08a8ec32.jpg\",\"datePublished\":\"2024-02-08T21:22:36+00:00\",\"dateModified\":\"2025-11-09T23:26:56+00:00\",\"description\":\"R\u00e1m EXTRA je robustn\u00fd fotor\u00e1m z machu. V\u00fdrazn\u00fd prvok pre va\u0161e ob\u013e\u00faben\u00e9 fotografie alebo umeleck\u00e9 diela.\",\"breadcrumb\":{\"@id\":\"https:\/\/www.grneko.com\/?product=machovy-fotoram-extra#breadcrumb\"},\"inLanguage\":\"sk-SK\",\"potentialAction\":[{\"@type\":\"ReadAction\",\"target\":[\"https:\/\/www.grneko.com\/?product=machovy-fotoram-extra\"]}]},{\"@type\":\"ImageObject\",\"inLanguage\":\"sk-SK\",\"@id\":\"https:\/\/www.grneko.com\/?product=machovy-fotoram-extra#primaryimage\",\"url\":\"https:\/\/www.grneko.com\/wp-content\/uploads\/2024\/02\/f0407f0b-8c10-486b-bb4c-931c08a8ec32.jpg\",\"contentUrl\":\"https:\/\/www.grneko.com\/wp-content\/uploads\/2024\/02\/f0407f0b-8c10-486b-bb4c-931c08a8ec32.jpg\",\"width\":1080,\"height\":810,\"caption\":\"Machov\u00fd fotor\u00e1m\"},{\"@type\":\"BreadcrumbList\",\"@id\":\"https:\/\/www.grneko.com\/?product=machovy-fotoram-extra#breadcrumb\",\"itemListElement\":[{\"@type\":\"ListItem\",\"position\":1,\"name\":\"Domov\",\"item\":\"https:\/\/www.grneko.com\/\"},{\"@type\":\"ListItem\",\"position\":2,\"name\":\"Obchod\",\"item\":\"https:\/\/www.grneko.com\/?page_id=20\"},{\"@type\":\"ListItem\",\"position\":3,\"name\":\"Machov\u00fd fotor\u00e1m EXTRA\"}]},{\"@type\":\"WebSite\",\"@id\":\"https:\/\/www.grneko.com\/#website\",\"url\":\"https:\/\/www.grneko.com\/\",\"name\":\"GRNEko\",\"description\":\"Radi V\u00e1m pom\u00f4\u017eeme vyrie\u0161i\u0165 ot\u00e1zku bezstarostliveho ozele\u0148ovania V\u00e1\u0161ho interi\u00e9ru. Vyrob\u00edme na mieru presne pod\u013ea Va\u0161ich predst\u00e1v doplnky zo stabilizovan\u00e9ho machu, ktor\u00fdmi nielen o\u017eivite prostredie ale aj zabudnite \u017ee sa o nich treba nejak\u00fdm sp\u00f4sobom stara\u0165.\",\"potentialAction\":[{\"@type\":\"SearchAction\",\"target\":{\"@type\":\"EntryPoint\",\"urlTemplate\":\"https:\/\/www.grneko.com\/?s={search_term_string}\"},\"query-input\":\"required name=search_term_string\"}],\"inLanguage\":\"sk-SK\"}]}<\/script>\n<!-- \/ Yoast SEO plugin. -->","yoast_head_json":{"title":"Machov\u00fd fotor\u00e1m EXTRA - GRNEko","description":"R\u00e1m EXTRA je robustn\u00fd fotor\u00e1m z machu. V\u00fdrazn\u00fd prvok pre va\u0161e ob\u013e\u00faben\u00e9 fotografie alebo umeleck\u00e9 diela.","robots":{"index":"index","follow":"follow","max-snippet":"max-snippet:-1","max-image-preview":"max-image-preview:large","max-video-preview":"max-video-preview:-1"},"canonical":"https:\/\/www.grneko.com\/?product=machovy-fotoram-extra","og_locale":"sk_SK","og_type":"article","og_title":"Machov\u00fd fotor\u00e1m EXTRA - GRNEko","og_description":"R\u00e1m EXTRA je robustn\u00fd fotor\u00e1m z machu. V\u00fdrazn\u00fd prvok pre va\u0161e ob\u013e\u00faben\u00e9 fotografie alebo umeleck\u00e9 diela.","og_url":"https:\/\/www.grneko.com\/?product=machovy-fotoram-extra","og_site_name":"GRNEko","article_modified_time":"2025-11-09T23:26:56+00:00","og_image":[{"width":1080,"height":810,"url":"https:\/\/www.grneko.com\/wp-content\/uploads\/2024\/02\/f0407f0b-8c10-486b-bb4c-931c08a8ec32.jpg","type":"image\/jpeg"}],"twitter_card":"summary_large_image","twitter_misc":{"Predpokladan\u00fd \u010das \u010d\u00edtania":"1 min\u00fata"},"schema":{"@context":"https:\/\/schema.org","@graph":[{"@type":"WebPage","@id":"https:\/\/www.grneko.com\/?product=machovy-fotoram-extra","url":"https:\/\/www.grneko.com\/?product=machovy-fotoram-extra","name":"Machov\u00fd fotor\u00e1m EXTRA - GRNEko","isPartOf":{"@id":"https:\/\/www.grneko.com\/#website"},"primaryImageOfPage":{"@id":"https:\/\/www.grneko.com\/?product=machovy-fotoram-extra#primaryimage"},"image":{"@id":"https:\/\/www.grneko.com\/?product=machovy-fotoram-extra#primaryimage"},"thumbnailUrl":"https:\/\/www.grneko.com\/wp-content\/uploads\/2024\/02\/f0407f0b-8c10-486b-bb4c-931c08a8ec32.jpg","datePublished":"2024-02-08T21:22:36+00:00","dateModified":"2025-11-09T23:26:56+00:00","description":"R\u00e1m EXTRA je robustn\u00fd fotor\u00e1m z machu. V\u00fdrazn\u00fd prvok pre va\u0161e ob\u013e\u00faben\u00e9 fotografie alebo umeleck\u00e9 diela.","breadcrumb":{"@id":"https:\/\/www.grneko.com\/?product=machovy-fotoram-extra#breadcrumb"},"inLanguage":"sk-SK","potentialAction":[{"@type":"ReadAction","target":["https:\/\/www.grneko.com\/?product=machovy-fotoram-extra"]}]},{"@type":"ImageObject","inLanguage":"sk-SK","@id":"https:\/\/www.grneko.com\/?product=machovy-fotoram-extra#primaryimage","url":"https:\/\/www.grneko.com\/wp-content\/uploads\/2024\/02\/f0407f0b-8c10-486b-bb4c-931c08a8ec32.jpg","contentUrl":"https:\/\/www.grneko.com\/wp-content\/uploads\/2024\/02\/f0407f0b-8c10-486b-bb4c-931c08a8ec32.jpg","width":1080,"height":810,"caption":"Machov\u00fd fotor\u00e1m"},{"@type":"BreadcrumbList","@id":"https:\/\/www.grneko.com\/?product=machovy-fotoram-extra#breadcrumb","itemListElement":[{"@type":"ListItem","position":1,"name":"Domov","item":"https:\/\/www.grneko.com\/"},{"@type":"ListItem","position":2,"name":"Obchod","item":"https:\/\/www.grneko.com\/?page_id=20"},{"@type":"ListItem","position":3,"name":"Machov\u00fd fotor\u00e1m EXTRA"}]},{"@type":"WebSite","@id":"https:\/\/www.grneko.com\/#website","url":"https:\/\/www.grneko.com\/","name":"GRNEko","description":"Radi V\u00e1m pom\u00f4\u017eeme vyrie\u0161i\u0165 ot\u00e1zku bezstarostliveho ozele\u0148ovania V\u00e1\u0161ho interi\u00e9ru. Vyrob\u00edme na mieru presne pod\u013ea Va\u0161ich predst\u00e1v doplnky zo stabilizovan\u00e9ho machu, ktor\u00fdmi nielen o\u017eivite prostredie ale aj zabudnite \u017ee sa o nich treba nejak\u00fdm sp\u00f4sobom stara\u0165.","potentialAction":[{"@type":"SearchAction","target":{"@type":"EntryPoint","urlTemplate":"https:\/\/www.grneko.com\/?s={search_term_string}"},"query-input":"required name=search_term_string"}],"inLanguage":"sk-SK"}]}},"_links":{"self":[{"href":"https:\/\/www.grneko.com\/index.php?rest_route=\/wp\/v2\/product\/3210"}],"collection":[{"href":"https:\/\/www.grneko.com\/index.php?rest_route=\/wp\/v2\/product"}],"about":[{"href":"https:\/\/www.grneko.com\/index.php?rest_route=\/wp\/v2\/types\/product"}],"replies":[{"embeddable":true,"href":"https:\/\/www.grneko.com\/index.php?rest_route=%2Fwp%2Fv2%2Fcomments&post=3210"}],"wp:featuredmedia":[{"embeddable":true,"href":"https:\/\/www.grneko.com\/index.php?rest_route=\/wp\/v2\/media\/3211"}],"wp:attachment":[{"href":"https:\/\/www.grneko.com\/index.php?rest_route=%2Fwp%2Fv2%2Fmedia&parent=3210"}],"wp:term":[{"taxonomy":"product_cat","embeddable":true,"href":"https:\/\/www.grneko.com\/index.php?rest_route=%2Fwp%2Fv2%2Fproduct_cat&post=3210"},{"taxonomy":"product_tag","embeddable":true,"href":"https:\/\/www.grneko.com\/index.php?rest_route=%2Fwp%2Fv2%2Fproduct_tag&post=3210"}],"curies":[{"name":"wp","href":"https:\/\/api.w.org\/{rel}","templated":true}]}}