{"id":3182,"date":"2023-11-23T22:29:07","date_gmt":"2023-11-23T21:29:07","guid":{"rendered":"https:\/\/www.grneko.com\/?post_type=product&#038;p=3182"},"modified":"2025-12-01T10:24:30","modified_gmt":"2025-12-01T09:24:30","slug":"darcekovy-box-handmade","status":"publish","type":"product","link":"https:\/\/www.grneko.com\/?product=darcekovy-box-handmade","title":{"rendered":"Dar\u010dekov\u00fd box &#8222;HANDMADE\u201d"},"content":{"rendered":"<p>N\u00e1vod ako vytvori\u0165 vlastn\u00fd machov\u00fd obraz z tohto vynikaj\u00faceho a jedine\u010dneho dar\u010dekov\u00e9ho boxu.<\/p>\n<div class='avia-iframe-wrap'><iframe loading=\"lazy\" title=\"Dar\u010dekov\u00fd box \u201eHandmade\u201c\" width=\"1500\" height=\"844\" src=\"https:\/\/www.youtube.com\/embed\/fmesc9_kySI?feature=oembed\" frameborder=\"0\" allow=\"accelerometer; autoplay; clipboard-write; encrypted-media; gyroscope; picture-in-picture; web-share\" referrerpolicy=\"strict-origin-when-cross-origin\" allowfullscreen><\/iframe><\/div>\n<p>&nbsp;<\/p>\n<p>&nbsp;<\/p>\n<p>&nbsp;<\/p>\n","protected":false},"excerpt":{"rendered":"<p>Dar\u010dekov\u00fd box &#8222;handmade&#8220; &#8211; celoro\u010dn\u00fd obraz, ktor\u00fd si vytvor\u00edte pod\u013ea vlastn\u00fdch predst\u00e1v.<\/p>\n<p>Obsah:<\/p>\n<p>* dreven\u00fd r\u00e1m natur farby so z\u00e1vesom (priemer 30cm),<\/p>\n<p>* mach li\u0161ajnik 2 farby,<\/p>\n<p>* mach ploch\u00fd,<\/p>\n<p>* dekor\u00e1cie (k\u00f4ra, \u0161i\u0161ky, kon\u00e1rik, ine dreven\u00e9 dekor\u00e1cie),<\/p>\n<p>* tavn\u00e1 pi\u0161to\u013e,<\/p>\n<p>* tavne ty\u010dinky,<\/p>\n<p>*no\u017enice,<\/p>\n<p>* rukavice S + M.<\/p>\n<p>Darcekova krabica (mix vzorov) ozdoben\u00e1 luxusnou ma\u0161\u013eou. Rozmer ~ 30*45*15 cm.<\/p>\n<p>&nbsp;<\/p>\n<p>&nbsp;<\/p>\n","protected":false},"featured_media":3193,"comment_status":"open","ping_status":"closed","template":"","meta":{"_monsterinsights_skip_tracking":false,"_monsterinsights_sitenote_active":false,"_monsterinsights_sitenote_note":"","_monsterinsights_sitenote_category":0},"product_cat":[26],"product_tag":[],"yoast_head":"<!-- This site is optimized with the Yoast SEO plugin v23.0 - https:\/\/yoast.com\/wordpress\/plugins\/seo\/ -->\n<title>Dar\u010dekov\u00fd box &quot;HANDMADE\u201d - GRNEko<\/title>\n<meta name=\"description\" content=\"HANDMADE box obsahuje v\u00fdber machov a v\u0161etkych potrebnych dekor\u00e1ci\u00ed. Skvel\u00fd dar\u010dek pre milovn\u00edkov pr\u00edrody a dizajnu.\" \/>\n<meta name=\"robots\" content=\"index, follow, max-snippet:-1, max-image-preview:large, max-video-preview:-1\" \/>\n<link rel=\"canonical\" href=\"https:\/\/www.grneko.com\/?product=darcekovy-box-handmade\" \/>\n<meta property=\"og:locale\" content=\"sk_SK\" \/>\n<meta property=\"og:type\" content=\"article\" \/>\n<meta property=\"og:title\" content=\"Dar\u010dekov\u00fd box &quot;HANDMADE\u201d - GRNEko\" \/>\n<meta property=\"og:description\" content=\"HANDMADE box obsahuje v\u00fdber machov a v\u0161etkych potrebnych dekor\u00e1ci\u00ed. Skvel\u00fd dar\u010dek pre milovn\u00edkov pr\u00edrody a dizajnu.\" \/>\n<meta property=\"og:url\" content=\"https:\/\/www.grneko.com\/?product=darcekovy-box-handmade\" \/>\n<meta property=\"og:site_name\" content=\"GRNEko\" \/>\n<meta property=\"article:modified_time\" content=\"2025-12-01T09:24:30+00:00\" \/>\n<meta property=\"og:image\" content=\"https:\/\/www.grneko.com\/wp-content\/uploads\/2023\/11\/IMG_3543-1.jpg\" \/>\n\t<meta property=\"og:image:width\" content=\"1080\" \/>\n\t<meta property=\"og:image:height\" content=\"1080\" \/>\n\t<meta property=\"og:image:type\" content=\"image\/jpeg\" \/>\n<meta name=\"twitter:card\" content=\"summary_large_image\" \/>\n<meta name=\"twitter:label1\" content=\"Predpokladan\u00fd \u010das \u010d\u00edtania\" \/>\n\t<meta name=\"twitter:data1\" content=\"1 min\u00fata\" \/>\n<script type=\"application\/ld+json\" class=\"yoast-schema-graph\">{\"@context\":\"https:\/\/schema.org\",\"@graph\":[{\"@type\":\"WebPage\",\"@id\":\"https:\/\/www.grneko.com\/?product=darcekovy-box-handmade\",\"url\":\"https:\/\/www.grneko.com\/?product=darcekovy-box-handmade\",\"name\":\"Dar\u010dekov\u00fd box \\\"HANDMADE\u201d - GRNEko\",\"isPartOf\":{\"@id\":\"https:\/\/www.grneko.com\/#website\"},\"primaryImageOfPage\":{\"@id\":\"https:\/\/www.grneko.com\/?product=darcekovy-box-handmade#primaryimage\"},\"image\":{\"@id\":\"https:\/\/www.grneko.com\/?product=darcekovy-box-handmade#primaryimage\"},\"thumbnailUrl\":\"https:\/\/www.grneko.com\/wp-content\/uploads\/2023\/11\/IMG_3543-1.jpg\",\"datePublished\":\"2023-11-23T21:29:07+00:00\",\"dateModified\":\"2025-12-01T09:24:30+00:00\",\"description\":\"HANDMADE box obsahuje v\u00fdber machov a v\u0161etkych potrebnych dekor\u00e1ci\u00ed. Skvel\u00fd dar\u010dek pre milovn\u00edkov pr\u00edrody a dizajnu.\",\"breadcrumb\":{\"@id\":\"https:\/\/www.grneko.com\/?product=darcekovy-box-handmade#breadcrumb\"},\"inLanguage\":\"sk-SK\",\"potentialAction\":[{\"@type\":\"ReadAction\",\"target\":[\"https:\/\/www.grneko.com\/?product=darcekovy-box-handmade\"]}]},{\"@type\":\"ImageObject\",\"inLanguage\":\"sk-SK\",\"@id\":\"https:\/\/www.grneko.com\/?product=darcekovy-box-handmade#primaryimage\",\"url\":\"https:\/\/www.grneko.com\/wp-content\/uploads\/2023\/11\/IMG_3543-1.jpg\",\"contentUrl\":\"https:\/\/www.grneko.com\/wp-content\/uploads\/2023\/11\/IMG_3543-1.jpg\",\"width\":1080,\"height\":1080,\"caption\":\"Dar\u010dek machov\u00fd set\"},{\"@type\":\"BreadcrumbList\",\"@id\":\"https:\/\/www.grneko.com\/?product=darcekovy-box-handmade#breadcrumb\",\"itemListElement\":[{\"@type\":\"ListItem\",\"position\":1,\"name\":\"Domov\",\"item\":\"https:\/\/www.grneko.com\/\"},{\"@type\":\"ListItem\",\"position\":2,\"name\":\"Obchod\",\"item\":\"https:\/\/www.grneko.com\/?page_id=20\"},{\"@type\":\"ListItem\",\"position\":3,\"name\":\"Dar\u010dekov\u00fd box &#8222;HANDMADE\u201d\"}]},{\"@type\":\"WebSite\",\"@id\":\"https:\/\/www.grneko.com\/#website\",\"url\":\"https:\/\/www.grneko.com\/\",\"name\":\"GRNEko\",\"description\":\"Radi V\u00e1m pom\u00f4\u017eeme vyrie\u0161i\u0165 ot\u00e1zku bezstarostliveho ozele\u0148ovania V\u00e1\u0161ho interi\u00e9ru. Vyrob\u00edme na mieru presne pod\u013ea Va\u0161ich predst\u00e1v doplnky zo stabilizovan\u00e9ho machu, ktor\u00fdmi nielen o\u017eivite prostredie ale aj zabudnite \u017ee sa o nich treba nejak\u00fdm sp\u00f4sobom stara\u0165.\",\"potentialAction\":[{\"@type\":\"SearchAction\",\"target\":{\"@type\":\"EntryPoint\",\"urlTemplate\":\"https:\/\/www.grneko.com\/?s={search_term_string}\"},\"query-input\":\"required name=search_term_string\"}],\"inLanguage\":\"sk-SK\"}]}<\/script>\n<!-- \/ Yoast SEO plugin. -->","yoast_head_json":{"title":"Dar\u010dekov\u00fd box \"HANDMADE\u201d - GRNEko","description":"HANDMADE box obsahuje v\u00fdber machov a v\u0161etkych potrebnych dekor\u00e1ci\u00ed. Skvel\u00fd dar\u010dek pre milovn\u00edkov pr\u00edrody a dizajnu.","robots":{"index":"index","follow":"follow","max-snippet":"max-snippet:-1","max-image-preview":"max-image-preview:large","max-video-preview":"max-video-preview:-1"},"canonical":"https:\/\/www.grneko.com\/?product=darcekovy-box-handmade","og_locale":"sk_SK","og_type":"article","og_title":"Dar\u010dekov\u00fd box \"HANDMADE\u201d - GRNEko","og_description":"HANDMADE box obsahuje v\u00fdber machov a v\u0161etkych potrebnych dekor\u00e1ci\u00ed. Skvel\u00fd dar\u010dek pre milovn\u00edkov pr\u00edrody a dizajnu.","og_url":"https:\/\/www.grneko.com\/?product=darcekovy-box-handmade","og_site_name":"GRNEko","article_modified_time":"2025-12-01T09:24:30+00:00","og_image":[{"width":1080,"height":1080,"url":"https:\/\/www.grneko.com\/wp-content\/uploads\/2023\/11\/IMG_3543-1.jpg","type":"image\/jpeg"}],"twitter_card":"summary_large_image","twitter_misc":{"Predpokladan\u00fd \u010das \u010d\u00edtania":"1 min\u00fata"},"schema":{"@context":"https:\/\/schema.org","@graph":[{"@type":"WebPage","@id":"https:\/\/www.grneko.com\/?product=darcekovy-box-handmade","url":"https:\/\/www.grneko.com\/?product=darcekovy-box-handmade","name":"Dar\u010dekov\u00fd box \"HANDMADE\u201d - GRNEko","isPartOf":{"@id":"https:\/\/www.grneko.com\/#website"},"primaryImageOfPage":{"@id":"https:\/\/www.grneko.com\/?product=darcekovy-box-handmade#primaryimage"},"image":{"@id":"https:\/\/www.grneko.com\/?product=darcekovy-box-handmade#primaryimage"},"thumbnailUrl":"https:\/\/www.grneko.com\/wp-content\/uploads\/2023\/11\/IMG_3543-1.jpg","datePublished":"2023-11-23T21:29:07+00:00","dateModified":"2025-12-01T09:24:30+00:00","description":"HANDMADE box obsahuje v\u00fdber machov a v\u0161etkych potrebnych dekor\u00e1ci\u00ed. Skvel\u00fd dar\u010dek pre milovn\u00edkov pr\u00edrody a dizajnu.","breadcrumb":{"@id":"https:\/\/www.grneko.com\/?product=darcekovy-box-handmade#breadcrumb"},"inLanguage":"sk-SK","potentialAction":[{"@type":"ReadAction","target":["https:\/\/www.grneko.com\/?product=darcekovy-box-handmade"]}]},{"@type":"ImageObject","inLanguage":"sk-SK","@id":"https:\/\/www.grneko.com\/?product=darcekovy-box-handmade#primaryimage","url":"https:\/\/www.grneko.com\/wp-content\/uploads\/2023\/11\/IMG_3543-1.jpg","contentUrl":"https:\/\/www.grneko.com\/wp-content\/uploads\/2023\/11\/IMG_3543-1.jpg","width":1080,"height":1080,"caption":"Dar\u010dek machov\u00fd set"},{"@type":"BreadcrumbList","@id":"https:\/\/www.grneko.com\/?product=darcekovy-box-handmade#breadcrumb","itemListElement":[{"@type":"ListItem","position":1,"name":"Domov","item":"https:\/\/www.grneko.com\/"},{"@type":"ListItem","position":2,"name":"Obchod","item":"https:\/\/www.grneko.com\/?page_id=20"},{"@type":"ListItem","position":3,"name":"Dar\u010dekov\u00fd box &#8222;HANDMADE\u201d"}]},{"@type":"WebSite","@id":"https:\/\/www.grneko.com\/#website","url":"https:\/\/www.grneko.com\/","name":"GRNEko","description":"Radi V\u00e1m pom\u00f4\u017eeme vyrie\u0161i\u0165 ot\u00e1zku bezstarostliveho ozele\u0148ovania V\u00e1\u0161ho interi\u00e9ru. Vyrob\u00edme na mieru presne pod\u013ea Va\u0161ich predst\u00e1v doplnky zo stabilizovan\u00e9ho machu, ktor\u00fdmi nielen o\u017eivite prostredie ale aj zabudnite \u017ee sa o nich treba nejak\u00fdm sp\u00f4sobom stara\u0165.","potentialAction":[{"@type":"SearchAction","target":{"@type":"EntryPoint","urlTemplate":"https:\/\/www.grneko.com\/?s={search_term_string}"},"query-input":"required name=search_term_string"}],"inLanguage":"sk-SK"}]}},"_links":{"self":[{"href":"https:\/\/www.grneko.com\/index.php?rest_route=\/wp\/v2\/product\/3182"}],"collection":[{"href":"https:\/\/www.grneko.com\/index.php?rest_route=\/wp\/v2\/product"}],"about":[{"href":"https:\/\/www.grneko.com\/index.php?rest_route=\/wp\/v2\/types\/product"}],"replies":[{"embeddable":true,"href":"https:\/\/www.grneko.com\/index.php?rest_route=%2Fwp%2Fv2%2Fcomments&post=3182"}],"wp:featuredmedia":[{"embeddable":true,"href":"https:\/\/www.grneko.com\/index.php?rest_route=\/wp\/v2\/media\/3193"}],"wp:attachment":[{"href":"https:\/\/www.grneko.com\/index.php?rest_route=%2Fwp%2Fv2%2Fmedia&parent=3182"}],"wp:term":[{"taxonomy":"product_cat","embeddable":true,"href":"https:\/\/www.grneko.com\/index.php?rest_route=%2Fwp%2Fv2%2Fproduct_cat&post=3182"},{"taxonomy":"product_tag","embeddable":true,"href":"https:\/\/www.grneko.com\/index.php?rest_route=%2Fwp%2Fv2%2Fproduct_tag&post=3182"}],"curies":[{"name":"wp","href":"https:\/\/api.w.org\/{rel}","templated":true}]}}