{"id":3159,"date":"2023-11-10T23:37:10","date_gmt":"2023-11-10T22:37:10","guid":{"rendered":"https:\/\/www.grneko.com\/?post_type=product&#038;p=3159"},"modified":"2025-11-10T00:30:15","modified_gmt":"2025-11-09T23:30:15","slug":"machovy-fotoram","status":"publish","type":"product","link":"https:\/\/www.grneko.com\/?product=machovy-fotoram","title":{"rendered":"Machov\u00fd fotor\u00e1m"},"content":{"rendered":"<p>Tento fotor\u00e1m m\u00e1 jednoduch\u00fd dreven\u00fd z\u00e1klad a je oblepen\u00fd kop\u010dekov\u00fdm machom. Vhodn\u00fd je na men\u0161ie fotografie a obr\u00e1zky. Machov\u00fd povrch r\u00e1mu dod\u00e1va fotografi\u00e1m zauj\u00edmav\u00fd kontrast. Je to ide\u00e1lny dar pre milovn\u00edkov pr\u00edrody.<\/p>\n<p>Rozmer: 40 * 60 cm<\/p>\n","protected":false},"excerpt":{"rendered":"<p>Dizajnov\u00fd fotor\u00e1mik s machom prid\u00e1va interi\u00e9ru zvl\u00e1\u0161tny dotyk elegancie. Machov\u00e1 dekor\u00e1cia nie je len o kr\u00e1se, ale aj o spojen\u00ed s pr\u00edrodou a pocitu harm\u00f3nie vo Va\u0161om dome.<\/p>\n","protected":false},"featured_media":3160,"comment_status":"open","ping_status":"closed","template":"","meta":{"_monsterinsights_skip_tracking":false,"_monsterinsights_sitenote_active":false,"_monsterinsights_sitenote_note":"","_monsterinsights_sitenote_category":0},"product_cat":[29],"product_tag":[],"yoast_head":"<!-- This site is optimized with the Yoast SEO plugin v23.0 - https:\/\/yoast.com\/wordpress\/plugins\/seo\/ -->\n<title>Machov\u00fd fotor\u00e1m - GRNEko<\/title>\n<meta name=\"description\" content=\"Klasick\u00fd machov\u00fd fotor\u00e1m. Ru\u010dne vyr\u00e1ban\u00fd r\u00e1m, ktor\u00fd dod\u00e1 Va\u0161im fotografi\u00e1m pr\u00edrodn\u00fd n\u00e1dych.\" \/>\n<meta name=\"robots\" content=\"index, follow, max-snippet:-1, max-image-preview:large, max-video-preview:-1\" \/>\n<link rel=\"canonical\" href=\"https:\/\/www.grneko.com\/?product=machovy-fotoram\" \/>\n<meta property=\"og:locale\" content=\"sk_SK\" \/>\n<meta property=\"og:type\" content=\"article\" \/>\n<meta property=\"og:title\" content=\"Machov\u00fd fotor\u00e1m - GRNEko\" \/>\n<meta property=\"og:description\" content=\"Klasick\u00fd machov\u00fd fotor\u00e1m. Ru\u010dne vyr\u00e1ban\u00fd r\u00e1m, ktor\u00fd dod\u00e1 Va\u0161im fotografi\u00e1m pr\u00edrodn\u00fd n\u00e1dych.\" \/>\n<meta property=\"og:url\" content=\"https:\/\/www.grneko.com\/?product=machovy-fotoram\" \/>\n<meta property=\"og:site_name\" content=\"GRNEko\" \/>\n<meta property=\"article:modified_time\" content=\"2025-11-09T23:30:15+00:00\" \/>\n<meta property=\"og:image\" content=\"https:\/\/www.grneko.com\/wp-content\/uploads\/2023\/11\/dd197636-1bec-4d76-a938-3ea5a8d0be1c.jpg\" \/>\n\t<meta property=\"og:image:width\" content=\"999\" \/>\n\t<meta property=\"og:image:height\" content=\"1000\" \/>\n\t<meta property=\"og:image:type\" content=\"image\/jpeg\" \/>\n<meta name=\"twitter:card\" content=\"summary_large_image\" \/>\n<meta name=\"twitter:label1\" content=\"Predpokladan\u00fd \u010das \u010d\u00edtania\" \/>\n\t<meta name=\"twitter:data1\" content=\"1 min\u00fata\" \/>\n<script type=\"application\/ld+json\" class=\"yoast-schema-graph\">{\"@context\":\"https:\/\/schema.org\",\"@graph\":[{\"@type\":\"WebPage\",\"@id\":\"https:\/\/www.grneko.com\/?product=machovy-fotoram\",\"url\":\"https:\/\/www.grneko.com\/?product=machovy-fotoram\",\"name\":\"Machov\u00fd fotor\u00e1m - GRNEko\",\"isPartOf\":{\"@id\":\"https:\/\/www.grneko.com\/#website\"},\"primaryImageOfPage\":{\"@id\":\"https:\/\/www.grneko.com\/?product=machovy-fotoram#primaryimage\"},\"image\":{\"@id\":\"https:\/\/www.grneko.com\/?product=machovy-fotoram#primaryimage\"},\"thumbnailUrl\":\"https:\/\/www.grneko.com\/wp-content\/uploads\/2023\/11\/dd197636-1bec-4d76-a938-3ea5a8d0be1c.jpg\",\"datePublished\":\"2023-11-10T22:37:10+00:00\",\"dateModified\":\"2025-11-09T23:30:15+00:00\",\"description\":\"Klasick\u00fd machov\u00fd fotor\u00e1m. Ru\u010dne vyr\u00e1ban\u00fd r\u00e1m, ktor\u00fd dod\u00e1 Va\u0161im fotografi\u00e1m pr\u00edrodn\u00fd n\u00e1dych.\",\"breadcrumb\":{\"@id\":\"https:\/\/www.grneko.com\/?product=machovy-fotoram#breadcrumb\"},\"inLanguage\":\"sk-SK\",\"potentialAction\":[{\"@type\":\"ReadAction\",\"target\":[\"https:\/\/www.grneko.com\/?product=machovy-fotoram\"]}]},{\"@type\":\"ImageObject\",\"inLanguage\":\"sk-SK\",\"@id\":\"https:\/\/www.grneko.com\/?product=machovy-fotoram#primaryimage\",\"url\":\"https:\/\/www.grneko.com\/wp-content\/uploads\/2023\/11\/dd197636-1bec-4d76-a938-3ea5a8d0be1c.jpg\",\"contentUrl\":\"https:\/\/www.grneko.com\/wp-content\/uploads\/2023\/11\/dd197636-1bec-4d76-a938-3ea5a8d0be1c.jpg\",\"width\":999,\"height\":1000,\"caption\":\"machov\u00fd fotor\u00e1m\"},{\"@type\":\"BreadcrumbList\",\"@id\":\"https:\/\/www.grneko.com\/?product=machovy-fotoram#breadcrumb\",\"itemListElement\":[{\"@type\":\"ListItem\",\"position\":1,\"name\":\"Domov\",\"item\":\"https:\/\/www.grneko.com\/\"},{\"@type\":\"ListItem\",\"position\":2,\"name\":\"Obchod\",\"item\":\"https:\/\/www.grneko.com\/?page_id=20\"},{\"@type\":\"ListItem\",\"position\":3,\"name\":\"Machov\u00fd fotor\u00e1m\"}]},{\"@type\":\"WebSite\",\"@id\":\"https:\/\/www.grneko.com\/#website\",\"url\":\"https:\/\/www.grneko.com\/\",\"name\":\"GRNEko\",\"description\":\"Radi V\u00e1m pom\u00f4\u017eeme vyrie\u0161i\u0165 ot\u00e1zku bezstarostliveho ozele\u0148ovania V\u00e1\u0161ho interi\u00e9ru. Vyrob\u00edme na mieru presne pod\u013ea Va\u0161ich predst\u00e1v doplnky zo stabilizovan\u00e9ho machu, ktor\u00fdmi nielen o\u017eivite prostredie ale aj zabudnite \u017ee sa o nich treba nejak\u00fdm sp\u00f4sobom stara\u0165.\",\"potentialAction\":[{\"@type\":\"SearchAction\",\"target\":{\"@type\":\"EntryPoint\",\"urlTemplate\":\"https:\/\/www.grneko.com\/?s={search_term_string}\"},\"query-input\":\"required name=search_term_string\"}],\"inLanguage\":\"sk-SK\"}]}<\/script>\n<!-- \/ Yoast SEO plugin. -->","yoast_head_json":{"title":"Machov\u00fd fotor\u00e1m - GRNEko","description":"Klasick\u00fd machov\u00fd fotor\u00e1m. Ru\u010dne vyr\u00e1ban\u00fd r\u00e1m, ktor\u00fd dod\u00e1 Va\u0161im fotografi\u00e1m pr\u00edrodn\u00fd n\u00e1dych.","robots":{"index":"index","follow":"follow","max-snippet":"max-snippet:-1","max-image-preview":"max-image-preview:large","max-video-preview":"max-video-preview:-1"},"canonical":"https:\/\/www.grneko.com\/?product=machovy-fotoram","og_locale":"sk_SK","og_type":"article","og_title":"Machov\u00fd fotor\u00e1m - GRNEko","og_description":"Klasick\u00fd machov\u00fd fotor\u00e1m. Ru\u010dne vyr\u00e1ban\u00fd r\u00e1m, ktor\u00fd dod\u00e1 Va\u0161im fotografi\u00e1m pr\u00edrodn\u00fd n\u00e1dych.","og_url":"https:\/\/www.grneko.com\/?product=machovy-fotoram","og_site_name":"GRNEko","article_modified_time":"2025-11-09T23:30:15+00:00","og_image":[{"width":999,"height":1000,"url":"https:\/\/www.grneko.com\/wp-content\/uploads\/2023\/11\/dd197636-1bec-4d76-a938-3ea5a8d0be1c.jpg","type":"image\/jpeg"}],"twitter_card":"summary_large_image","twitter_misc":{"Predpokladan\u00fd \u010das \u010d\u00edtania":"1 min\u00fata"},"schema":{"@context":"https:\/\/schema.org","@graph":[{"@type":"WebPage","@id":"https:\/\/www.grneko.com\/?product=machovy-fotoram","url":"https:\/\/www.grneko.com\/?product=machovy-fotoram","name":"Machov\u00fd fotor\u00e1m - GRNEko","isPartOf":{"@id":"https:\/\/www.grneko.com\/#website"},"primaryImageOfPage":{"@id":"https:\/\/www.grneko.com\/?product=machovy-fotoram#primaryimage"},"image":{"@id":"https:\/\/www.grneko.com\/?product=machovy-fotoram#primaryimage"},"thumbnailUrl":"https:\/\/www.grneko.com\/wp-content\/uploads\/2023\/11\/dd197636-1bec-4d76-a938-3ea5a8d0be1c.jpg","datePublished":"2023-11-10T22:37:10+00:00","dateModified":"2025-11-09T23:30:15+00:00","description":"Klasick\u00fd machov\u00fd fotor\u00e1m. Ru\u010dne vyr\u00e1ban\u00fd r\u00e1m, ktor\u00fd dod\u00e1 Va\u0161im fotografi\u00e1m pr\u00edrodn\u00fd n\u00e1dych.","breadcrumb":{"@id":"https:\/\/www.grneko.com\/?product=machovy-fotoram#breadcrumb"},"inLanguage":"sk-SK","potentialAction":[{"@type":"ReadAction","target":["https:\/\/www.grneko.com\/?product=machovy-fotoram"]}]},{"@type":"ImageObject","inLanguage":"sk-SK","@id":"https:\/\/www.grneko.com\/?product=machovy-fotoram#primaryimage","url":"https:\/\/www.grneko.com\/wp-content\/uploads\/2023\/11\/dd197636-1bec-4d76-a938-3ea5a8d0be1c.jpg","contentUrl":"https:\/\/www.grneko.com\/wp-content\/uploads\/2023\/11\/dd197636-1bec-4d76-a938-3ea5a8d0be1c.jpg","width":999,"height":1000,"caption":"machov\u00fd fotor\u00e1m"},{"@type":"BreadcrumbList","@id":"https:\/\/www.grneko.com\/?product=machovy-fotoram#breadcrumb","itemListElement":[{"@type":"ListItem","position":1,"name":"Domov","item":"https:\/\/www.grneko.com\/"},{"@type":"ListItem","position":2,"name":"Obchod","item":"https:\/\/www.grneko.com\/?page_id=20"},{"@type":"ListItem","position":3,"name":"Machov\u00fd fotor\u00e1m"}]},{"@type":"WebSite","@id":"https:\/\/www.grneko.com\/#website","url":"https:\/\/www.grneko.com\/","name":"GRNEko","description":"Radi V\u00e1m pom\u00f4\u017eeme vyrie\u0161i\u0165 ot\u00e1zku bezstarostliveho ozele\u0148ovania V\u00e1\u0161ho interi\u00e9ru. Vyrob\u00edme na mieru presne pod\u013ea Va\u0161ich predst\u00e1v doplnky zo stabilizovan\u00e9ho machu, ktor\u00fdmi nielen o\u017eivite prostredie ale aj zabudnite \u017ee sa o nich treba nejak\u00fdm sp\u00f4sobom stara\u0165.","potentialAction":[{"@type":"SearchAction","target":{"@type":"EntryPoint","urlTemplate":"https:\/\/www.grneko.com\/?s={search_term_string}"},"query-input":"required name=search_term_string"}],"inLanguage":"sk-SK"}]}},"_links":{"self":[{"href":"https:\/\/www.grneko.com\/index.php?rest_route=\/wp\/v2\/product\/3159"}],"collection":[{"href":"https:\/\/www.grneko.com\/index.php?rest_route=\/wp\/v2\/product"}],"about":[{"href":"https:\/\/www.grneko.com\/index.php?rest_route=\/wp\/v2\/types\/product"}],"replies":[{"embeddable":true,"href":"https:\/\/www.grneko.com\/index.php?rest_route=%2Fwp%2Fv2%2Fcomments&post=3159"}],"wp:featuredmedia":[{"embeddable":true,"href":"https:\/\/www.grneko.com\/index.php?rest_route=\/wp\/v2\/media\/3160"}],"wp:attachment":[{"href":"https:\/\/www.grneko.com\/index.php?rest_route=%2Fwp%2Fv2%2Fmedia&parent=3159"}],"wp:term":[{"taxonomy":"product_cat","embeddable":true,"href":"https:\/\/www.grneko.com\/index.php?rest_route=%2Fwp%2Fv2%2Fproduct_cat&post=3159"},{"taxonomy":"product_tag","embeddable":true,"href":"https:\/\/www.grneko.com\/index.php?rest_route=%2Fwp%2Fv2%2Fproduct_tag&post=3159"}],"curies":[{"name":"wp","href":"https:\/\/api.w.org\/{rel}","templated":true}]}}