{"id":3111,"date":"2023-10-09T00:15:44","date_gmt":"2023-10-08T22:15:44","guid":{"rendered":"https:\/\/www.grneko.com\/?post_type=product&#038;p=3111"},"modified":"2025-11-10T01:35:47","modified_gmt":"2025-11-10T00:35:47","slug":"darcekovy-poukaz-30e","status":"publish","type":"product","link":"https:\/\/www.grneko.com\/?product=darcekovy-poukaz-30e","title":{"rendered":"Dar\u010dekov\u00fd poukaz 30\u20ac"},"content":{"rendered":"<p>Dar\u010dekov\u00fd poukaz na n\u00e1kup dizajnov\u00fdch machov\u00fdch v\u00fdrobkov v hodnote 30\u20ac.<\/p>\n<p>Z\u00e1kladn\u00fd poukaz z na\u0161ej ponuky umo\u017e\u0148uje zak\u00fapi\u0165 drobn\u00e9 doplnky alebo prispie\u0165 na v\u00e4\u010d\u0161\u00ed produkt. Platnos\u0165 je 12 mesiacov. Vhodn\u00fd je ako symbolick\u00e1 pozornos\u0165 alebo ako doplnok k hlavn\u00e9mu daru.<\/p>\n","protected":false},"excerpt":{"rendered":"<p>Dar\u010dekov\u00fd poukaz na n\u00e1kup dizajnov\u00fdch machov\u00fdch v\u00fdrobkov v hodnote 30\u20ac. Z\u00e1kladn\u00fd poukaz z na\u0161ej ponuky umo\u017e\u0148uje zak\u00fapi\u0165 drobn\u00e9 doplnky alebo prispie\u0165 na v\u00e4\u010d\u0161\u00ed produkt. Platnos\u0165 je 12 mesiacov. Vhodn\u00fd je ako symbolick\u00e1 pozornos\u0165 alebo ako doplnok k hlavn\u00e9mu daru.<\/p>\n","protected":false},"featured_media":3112,"comment_status":"open","ping_status":"closed","template":"","meta":{"_monsterinsights_skip_tracking":false,"_monsterinsights_sitenote_active":false,"_monsterinsights_sitenote_note":"","_monsterinsights_sitenote_category":0},"product_cat":[27],"product_tag":[],"yoast_head":"<!-- This site is optimized with the Yoast SEO plugin v23.0 - https:\/\/yoast.com\/wordpress\/plugins\/seo\/ -->\n<title>Dar\u010dekov\u00fd poukaz 30\u20ac - GRNEko<\/title>\n<meta name=\"description\" content=\"Poukaz v hodnote 30 \u20ac na machov\u00e9 dekor\u00e1cie. Skvel\u00fd dar\u010dek na men\u0161ie pr\u00edle\u017eitosti.\" \/>\n<meta name=\"robots\" content=\"index, follow, max-snippet:-1, max-image-preview:large, max-video-preview:-1\" \/>\n<link rel=\"canonical\" href=\"https:\/\/www.grneko.com\/?product=darcekovy-poukaz-30e\" \/>\n<meta property=\"og:locale\" content=\"sk_SK\" \/>\n<meta property=\"og:type\" content=\"article\" \/>\n<meta property=\"og:title\" content=\"Dar\u010dekov\u00fd poukaz 30\u20ac - GRNEko\" \/>\n<meta property=\"og:description\" content=\"Poukaz v hodnote 30 \u20ac na machov\u00e9 dekor\u00e1cie. Skvel\u00fd dar\u010dek na men\u0161ie pr\u00edle\u017eitosti.\" \/>\n<meta property=\"og:url\" content=\"https:\/\/www.grneko.com\/?product=darcekovy-poukaz-30e\" \/>\n<meta property=\"og:site_name\" content=\"GRNEko\" \/>\n<meta property=\"article:modified_time\" content=\"2025-11-10T00:35:47+00:00\" \/>\n<meta property=\"og:image\" content=\"https:\/\/www.grneko.com\/wp-content\/uploads\/2023\/10\/08B67ECB-118A-4869-A6BF-028CFF815879-e1696803066680.jpg\" \/>\n\t<meta property=\"og:image:width\" content=\"710\" \/>\n\t<meta property=\"og:image:height\" content=\"710\" \/>\n\t<meta property=\"og:image:type\" content=\"image\/jpeg\" \/>\n<meta name=\"twitter:card\" content=\"summary_large_image\" \/>\n<meta name=\"twitter:label1\" content=\"Predpokladan\u00fd \u010das \u010d\u00edtania\" \/>\n\t<meta name=\"twitter:data1\" content=\"1 min\u00fata\" \/>\n<script type=\"application\/ld+json\" class=\"yoast-schema-graph\">{\"@context\":\"https:\/\/schema.org\",\"@graph\":[{\"@type\":\"WebPage\",\"@id\":\"https:\/\/www.grneko.com\/?product=darcekovy-poukaz-30e\",\"url\":\"https:\/\/www.grneko.com\/?product=darcekovy-poukaz-30e\",\"name\":\"Dar\u010dekov\u00fd poukaz 30\u20ac - GRNEko\",\"isPartOf\":{\"@id\":\"https:\/\/www.grneko.com\/#website\"},\"primaryImageOfPage\":{\"@id\":\"https:\/\/www.grneko.com\/?product=darcekovy-poukaz-30e#primaryimage\"},\"image\":{\"@id\":\"https:\/\/www.grneko.com\/?product=darcekovy-poukaz-30e#primaryimage\"},\"thumbnailUrl\":\"https:\/\/www.grneko.com\/wp-content\/uploads\/2023\/10\/08B67ECB-118A-4869-A6BF-028CFF815879-e1696803066680.jpg\",\"datePublished\":\"2023-10-08T22:15:44+00:00\",\"dateModified\":\"2025-11-10T00:35:47+00:00\",\"description\":\"Poukaz v hodnote 30 \u20ac na machov\u00e9 dekor\u00e1cie. Skvel\u00fd dar\u010dek na men\u0161ie pr\u00edle\u017eitosti.\",\"breadcrumb\":{\"@id\":\"https:\/\/www.grneko.com\/?product=darcekovy-poukaz-30e#breadcrumb\"},\"inLanguage\":\"sk-SK\",\"potentialAction\":[{\"@type\":\"ReadAction\",\"target\":[\"https:\/\/www.grneko.com\/?product=darcekovy-poukaz-30e\"]}]},{\"@type\":\"ImageObject\",\"inLanguage\":\"sk-SK\",\"@id\":\"https:\/\/www.grneko.com\/?product=darcekovy-poukaz-30e#primaryimage\",\"url\":\"https:\/\/www.grneko.com\/wp-content\/uploads\/2023\/10\/08B67ECB-118A-4869-A6BF-028CFF815879-e1696803066680.jpg\",\"contentUrl\":\"https:\/\/www.grneko.com\/wp-content\/uploads\/2023\/10\/08B67ECB-118A-4869-A6BF-028CFF815879-e1696803066680.jpg\",\"width\":710,\"height\":710,\"caption\":\"dar\u010dekov\u00fd poukaz\"},{\"@type\":\"BreadcrumbList\",\"@id\":\"https:\/\/www.grneko.com\/?product=darcekovy-poukaz-30e#breadcrumb\",\"itemListElement\":[{\"@type\":\"ListItem\",\"position\":1,\"name\":\"Domov\",\"item\":\"https:\/\/www.grneko.com\/\"},{\"@type\":\"ListItem\",\"position\":2,\"name\":\"Obchod\",\"item\":\"https:\/\/www.grneko.com\/?page_id=20\"},{\"@type\":\"ListItem\",\"position\":3,\"name\":\"Dar\u010dekov\u00fd poukaz 30\u20ac\"}]},{\"@type\":\"WebSite\",\"@id\":\"https:\/\/www.grneko.com\/#website\",\"url\":\"https:\/\/www.grneko.com\/\",\"name\":\"GRNEko\",\"description\":\"Radi V\u00e1m pom\u00f4\u017eeme vyrie\u0161i\u0165 ot\u00e1zku bezstarostliveho ozele\u0148ovania V\u00e1\u0161ho interi\u00e9ru. Vyrob\u00edme na mieru presne pod\u013ea Va\u0161ich predst\u00e1v doplnky zo stabilizovan\u00e9ho machu, ktor\u00fdmi nielen o\u017eivite prostredie ale aj zabudnite \u017ee sa o nich treba nejak\u00fdm sp\u00f4sobom stara\u0165.\",\"potentialAction\":[{\"@type\":\"SearchAction\",\"target\":{\"@type\":\"EntryPoint\",\"urlTemplate\":\"https:\/\/www.grneko.com\/?s={search_term_string}\"},\"query-input\":\"required name=search_term_string\"}],\"inLanguage\":\"sk-SK\"}]}<\/script>\n<!-- \/ Yoast SEO plugin. -->","yoast_head_json":{"title":"Dar\u010dekov\u00fd poukaz 30\u20ac - GRNEko","description":"Poukaz v hodnote 30 \u20ac na machov\u00e9 dekor\u00e1cie. Skvel\u00fd dar\u010dek na men\u0161ie pr\u00edle\u017eitosti.","robots":{"index":"index","follow":"follow","max-snippet":"max-snippet:-1","max-image-preview":"max-image-preview:large","max-video-preview":"max-video-preview:-1"},"canonical":"https:\/\/www.grneko.com\/?product=darcekovy-poukaz-30e","og_locale":"sk_SK","og_type":"article","og_title":"Dar\u010dekov\u00fd poukaz 30\u20ac - GRNEko","og_description":"Poukaz v hodnote 30 \u20ac na machov\u00e9 dekor\u00e1cie. Skvel\u00fd dar\u010dek na men\u0161ie pr\u00edle\u017eitosti.","og_url":"https:\/\/www.grneko.com\/?product=darcekovy-poukaz-30e","og_site_name":"GRNEko","article_modified_time":"2025-11-10T00:35:47+00:00","og_image":[{"width":710,"height":710,"url":"https:\/\/www.grneko.com\/wp-content\/uploads\/2023\/10\/08B67ECB-118A-4869-A6BF-028CFF815879-e1696803066680.jpg","type":"image\/jpeg"}],"twitter_card":"summary_large_image","twitter_misc":{"Predpokladan\u00fd \u010das \u010d\u00edtania":"1 min\u00fata"},"schema":{"@context":"https:\/\/schema.org","@graph":[{"@type":"WebPage","@id":"https:\/\/www.grneko.com\/?product=darcekovy-poukaz-30e","url":"https:\/\/www.grneko.com\/?product=darcekovy-poukaz-30e","name":"Dar\u010dekov\u00fd poukaz 30\u20ac - GRNEko","isPartOf":{"@id":"https:\/\/www.grneko.com\/#website"},"primaryImageOfPage":{"@id":"https:\/\/www.grneko.com\/?product=darcekovy-poukaz-30e#primaryimage"},"image":{"@id":"https:\/\/www.grneko.com\/?product=darcekovy-poukaz-30e#primaryimage"},"thumbnailUrl":"https:\/\/www.grneko.com\/wp-content\/uploads\/2023\/10\/08B67ECB-118A-4869-A6BF-028CFF815879-e1696803066680.jpg","datePublished":"2023-10-08T22:15:44+00:00","dateModified":"2025-11-10T00:35:47+00:00","description":"Poukaz v hodnote 30 \u20ac na machov\u00e9 dekor\u00e1cie. Skvel\u00fd dar\u010dek na men\u0161ie pr\u00edle\u017eitosti.","breadcrumb":{"@id":"https:\/\/www.grneko.com\/?product=darcekovy-poukaz-30e#breadcrumb"},"inLanguage":"sk-SK","potentialAction":[{"@type":"ReadAction","target":["https:\/\/www.grneko.com\/?product=darcekovy-poukaz-30e"]}]},{"@type":"ImageObject","inLanguage":"sk-SK","@id":"https:\/\/www.grneko.com\/?product=darcekovy-poukaz-30e#primaryimage","url":"https:\/\/www.grneko.com\/wp-content\/uploads\/2023\/10\/08B67ECB-118A-4869-A6BF-028CFF815879-e1696803066680.jpg","contentUrl":"https:\/\/www.grneko.com\/wp-content\/uploads\/2023\/10\/08B67ECB-118A-4869-A6BF-028CFF815879-e1696803066680.jpg","width":710,"height":710,"caption":"dar\u010dekov\u00fd poukaz"},{"@type":"BreadcrumbList","@id":"https:\/\/www.grneko.com\/?product=darcekovy-poukaz-30e#breadcrumb","itemListElement":[{"@type":"ListItem","position":1,"name":"Domov","item":"https:\/\/www.grneko.com\/"},{"@type":"ListItem","position":2,"name":"Obchod","item":"https:\/\/www.grneko.com\/?page_id=20"},{"@type":"ListItem","position":3,"name":"Dar\u010dekov\u00fd poukaz 30\u20ac"}]},{"@type":"WebSite","@id":"https:\/\/www.grneko.com\/#website","url":"https:\/\/www.grneko.com\/","name":"GRNEko","description":"Radi V\u00e1m pom\u00f4\u017eeme vyrie\u0161i\u0165 ot\u00e1zku bezstarostliveho ozele\u0148ovania V\u00e1\u0161ho interi\u00e9ru. Vyrob\u00edme na mieru presne pod\u013ea Va\u0161ich predst\u00e1v doplnky zo stabilizovan\u00e9ho machu, ktor\u00fdmi nielen o\u017eivite prostredie ale aj zabudnite \u017ee sa o nich treba nejak\u00fdm sp\u00f4sobom stara\u0165.","potentialAction":[{"@type":"SearchAction","target":{"@type":"EntryPoint","urlTemplate":"https:\/\/www.grneko.com\/?s={search_term_string}"},"query-input":"required name=search_term_string"}],"inLanguage":"sk-SK"}]}},"_links":{"self":[{"href":"https:\/\/www.grneko.com\/index.php?rest_route=\/wp\/v2\/product\/3111"}],"collection":[{"href":"https:\/\/www.grneko.com\/index.php?rest_route=\/wp\/v2\/product"}],"about":[{"href":"https:\/\/www.grneko.com\/index.php?rest_route=\/wp\/v2\/types\/product"}],"replies":[{"embeddable":true,"href":"https:\/\/www.grneko.com\/index.php?rest_route=%2Fwp%2Fv2%2Fcomments&post=3111"}],"wp:featuredmedia":[{"embeddable":true,"href":"https:\/\/www.grneko.com\/index.php?rest_route=\/wp\/v2\/media\/3112"}],"wp:attachment":[{"href":"https:\/\/www.grneko.com\/index.php?rest_route=%2Fwp%2Fv2%2Fmedia&parent=3111"}],"wp:term":[{"taxonomy":"product_cat","embeddable":true,"href":"https:\/\/www.grneko.com\/index.php?rest_route=%2Fwp%2Fv2%2Fproduct_cat&post=3111"},{"taxonomy":"product_tag","embeddable":true,"href":"https:\/\/www.grneko.com\/index.php?rest_route=%2Fwp%2Fv2%2Fproduct_tag&post=3111"}],"curies":[{"name":"wp","href":"https:\/\/api.w.org\/{rel}","templated":true}]}}