{"id":3105,"date":"2023-10-09T00:02:32","date_gmt":"2023-10-08T22:02:32","guid":{"rendered":"https:\/\/www.grneko.com\/?post_type=product&#038;p=3105"},"modified":"2025-11-07T21:24:04","modified_gmt":"2025-11-07T20:24:04","slug":"machovy-obraz-logo-bar-mix","status":"publish","type":"product","link":"https:\/\/www.grneko.com\/?product=machovy-obraz-logo-bar-mix","title":{"rendered":"Machov\u00fd obraz &#8211; LOGO Bar mix"},"content":{"rendered":"<p>Zelen\u00e1 machov\u00e1 text\u00fara v spojen\u00ed s kontrastn\u00fdm p\u00edsmoom vytv\u00e1ra hrav\u00e9 logo pre bar. Pod\u013ea \u017eelania m\u00f4\u017eeme prida\u0165 LED podsvietenie, ktor\u00e9 zv\u00fd\u0161i vidite\u013enos\u0165 ve\u010der. Logo nevy\u017eaduje \u017eiadnu \u00fadr\u017ebu a je odoln\u00e9 vo\u010di vlhkosti.<\/p>\n<p>Rozmer: 30 cm x 50cm<\/p>\n","protected":false},"excerpt":{"rendered":"<p>Zelen\u00e1 machov\u00e1 text\u00fara v spojen\u00ed s kontrastn\u00fdm p\u00edsmoom vytv\u00e1ra hrav\u00e9 logo pre bar. Pod\u013ea \u017eelania m\u00f4\u017eeme prida\u0165 LED podsvietenie, ktor\u00e9 zv\u00fd\u0161i vidite\u013enos\u0165 ve\u010der. Logo nevy\u017eaduje \u017eiadnu \u00fadr\u017ebu a je odoln\u00e9 vo\u010di vlhkosti. Rozmer: 30 cm x 50cm<\/p>\n","protected":false},"featured_media":3106,"comment_status":"open","ping_status":"closed","template":"","meta":{"_monsterinsights_skip_tracking":false,"_monsterinsights_sitenote_active":false,"_monsterinsights_sitenote_note":"","_monsterinsights_sitenote_category":0},"product_cat":[20],"product_tag":[],"yoast_head":"<!-- This site is optimized with the Yoast SEO plugin v23.0 - https:\/\/yoast.com\/wordpress\/plugins\/seo\/ -->\n<title>Machov\u00fd obraz - LOGO Bar mix - GRNEko<\/title>\n<meta name=\"description\" content=\"Logo Bar mix zo stabilizovan\u00e9ho machu dod\u00e1 v\u00e1\u0161mu baru nezamenite\u013en\u00fd vzh\u013ead. Ru\u010dn\u00e1 v\u00fdroba a mo\u017enos\u0165 prida\u0165 LED osvetlenie.\" \/>\n<meta name=\"robots\" content=\"index, follow, max-snippet:-1, max-image-preview:large, max-video-preview:-1\" \/>\n<link rel=\"canonical\" href=\"https:\/\/www.grneko.com\/?product=machovy-obraz-logo-bar-mix\" \/>\n<meta property=\"og:locale\" content=\"sk_SK\" \/>\n<meta property=\"og:type\" content=\"article\" \/>\n<meta property=\"og:title\" content=\"Machov\u00fd obraz - LOGO Bar mix - GRNEko\" \/>\n<meta property=\"og:description\" content=\"Logo Bar mix zo stabilizovan\u00e9ho machu dod\u00e1 v\u00e1\u0161mu baru nezamenite\u013en\u00fd vzh\u013ead. Ru\u010dn\u00e1 v\u00fdroba a mo\u017enos\u0165 prida\u0165 LED osvetlenie.\" \/>\n<meta property=\"og:url\" content=\"https:\/\/www.grneko.com\/?product=machovy-obraz-logo-bar-mix\" \/>\n<meta property=\"og:site_name\" content=\"GRNEko\" \/>\n<meta property=\"article:modified_time\" content=\"2025-11-07T20:24:04+00:00\" \/>\n<meta property=\"og:image\" content=\"https:\/\/www.grneko.com\/wp-content\/uploads\/2023\/10\/468840d8-874b-4cea-a41f-f43c01453bb0.jpg\" \/>\n\t<meta property=\"og:image:width\" content=\"768\" \/>\n\t<meta property=\"og:image:height\" content=\"768\" \/>\n\t<meta property=\"og:image:type\" content=\"image\/jpeg\" \/>\n<meta name=\"twitter:card\" content=\"summary_large_image\" \/>\n<meta name=\"twitter:label1\" content=\"Predpokladan\u00fd \u010das \u010d\u00edtania\" \/>\n\t<meta name=\"twitter:data1\" content=\"1 min\u00fata\" \/>\n<script type=\"application\/ld+json\" class=\"yoast-schema-graph\">{\"@context\":\"https:\/\/schema.org\",\"@graph\":[{\"@type\":\"WebPage\",\"@id\":\"https:\/\/www.grneko.com\/?product=machovy-obraz-logo-bar-mix\",\"url\":\"https:\/\/www.grneko.com\/?product=machovy-obraz-logo-bar-mix\",\"name\":\"Machov\u00fd obraz - LOGO Bar mix - GRNEko\",\"isPartOf\":{\"@id\":\"https:\/\/www.grneko.com\/#website\"},\"primaryImageOfPage\":{\"@id\":\"https:\/\/www.grneko.com\/?product=machovy-obraz-logo-bar-mix#primaryimage\"},\"image\":{\"@id\":\"https:\/\/www.grneko.com\/?product=machovy-obraz-logo-bar-mix#primaryimage\"},\"thumbnailUrl\":\"https:\/\/www.grneko.com\/wp-content\/uploads\/2023\/10\/468840d8-874b-4cea-a41f-f43c01453bb0.jpg\",\"datePublished\":\"2023-10-08T22:02:32+00:00\",\"dateModified\":\"2025-11-07T20:24:04+00:00\",\"description\":\"Logo Bar mix zo stabilizovan\u00e9ho machu dod\u00e1 v\u00e1\u0161mu baru nezamenite\u013en\u00fd vzh\u013ead. Ru\u010dn\u00e1 v\u00fdroba a mo\u017enos\u0165 prida\u0165 LED osvetlenie.\",\"breadcrumb\":{\"@id\":\"https:\/\/www.grneko.com\/?product=machovy-obraz-logo-bar-mix#breadcrumb\"},\"inLanguage\":\"sk-SK\",\"potentialAction\":[{\"@type\":\"ReadAction\",\"target\":[\"https:\/\/www.grneko.com\/?product=machovy-obraz-logo-bar-mix\"]}]},{\"@type\":\"ImageObject\",\"inLanguage\":\"sk-SK\",\"@id\":\"https:\/\/www.grneko.com\/?product=machovy-obraz-logo-bar-mix#primaryimage\",\"url\":\"https:\/\/www.grneko.com\/wp-content\/uploads\/2023\/10\/468840d8-874b-4cea-a41f-f43c01453bb0.jpg\",\"contentUrl\":\"https:\/\/www.grneko.com\/wp-content\/uploads\/2023\/10\/468840d8-874b-4cea-a41f-f43c01453bb0.jpg\",\"width\":768,\"height\":768,\"caption\":\"machov\u00e9 logo\"},{\"@type\":\"BreadcrumbList\",\"@id\":\"https:\/\/www.grneko.com\/?product=machovy-obraz-logo-bar-mix#breadcrumb\",\"itemListElement\":[{\"@type\":\"ListItem\",\"position\":1,\"name\":\"Domov\",\"item\":\"https:\/\/www.grneko.com\/\"},{\"@type\":\"ListItem\",\"position\":2,\"name\":\"Obchod\",\"item\":\"https:\/\/www.grneko.com\/?page_id=20\"},{\"@type\":\"ListItem\",\"position\":3,\"name\":\"Machov\u00fd obraz &#8211; LOGO Bar mix\"}]},{\"@type\":\"WebSite\",\"@id\":\"https:\/\/www.grneko.com\/#website\",\"url\":\"https:\/\/www.grneko.com\/\",\"name\":\"GRNEko\",\"description\":\"Radi V\u00e1m pom\u00f4\u017eeme vyrie\u0161i\u0165 ot\u00e1zku bezstarostliveho ozele\u0148ovania V\u00e1\u0161ho interi\u00e9ru. Vyrob\u00edme na mieru presne pod\u013ea Va\u0161ich predst\u00e1v doplnky zo stabilizovan\u00e9ho machu, ktor\u00fdmi nielen o\u017eivite prostredie ale aj zabudnite \u017ee sa o nich treba nejak\u00fdm sp\u00f4sobom stara\u0165.\",\"potentialAction\":[{\"@type\":\"SearchAction\",\"target\":{\"@type\":\"EntryPoint\",\"urlTemplate\":\"https:\/\/www.grneko.com\/?s={search_term_string}\"},\"query-input\":\"required name=search_term_string\"}],\"inLanguage\":\"sk-SK\"}]}<\/script>\n<!-- \/ Yoast SEO plugin. -->","yoast_head_json":{"title":"Machov\u00fd obraz - LOGO Bar mix - GRNEko","description":"Logo Bar mix zo stabilizovan\u00e9ho machu dod\u00e1 v\u00e1\u0161mu baru nezamenite\u013en\u00fd vzh\u013ead. Ru\u010dn\u00e1 v\u00fdroba a mo\u017enos\u0165 prida\u0165 LED osvetlenie.","robots":{"index":"index","follow":"follow","max-snippet":"max-snippet:-1","max-image-preview":"max-image-preview:large","max-video-preview":"max-video-preview:-1"},"canonical":"https:\/\/www.grneko.com\/?product=machovy-obraz-logo-bar-mix","og_locale":"sk_SK","og_type":"article","og_title":"Machov\u00fd obraz - LOGO Bar mix - GRNEko","og_description":"Logo Bar mix zo stabilizovan\u00e9ho machu dod\u00e1 v\u00e1\u0161mu baru nezamenite\u013en\u00fd vzh\u013ead. Ru\u010dn\u00e1 v\u00fdroba a mo\u017enos\u0165 prida\u0165 LED osvetlenie.","og_url":"https:\/\/www.grneko.com\/?product=machovy-obraz-logo-bar-mix","og_site_name":"GRNEko","article_modified_time":"2025-11-07T20:24:04+00:00","og_image":[{"width":768,"height":768,"url":"https:\/\/www.grneko.com\/wp-content\/uploads\/2023\/10\/468840d8-874b-4cea-a41f-f43c01453bb0.jpg","type":"image\/jpeg"}],"twitter_card":"summary_large_image","twitter_misc":{"Predpokladan\u00fd \u010das \u010d\u00edtania":"1 min\u00fata"},"schema":{"@context":"https:\/\/schema.org","@graph":[{"@type":"WebPage","@id":"https:\/\/www.grneko.com\/?product=machovy-obraz-logo-bar-mix","url":"https:\/\/www.grneko.com\/?product=machovy-obraz-logo-bar-mix","name":"Machov\u00fd obraz - LOGO Bar mix - GRNEko","isPartOf":{"@id":"https:\/\/www.grneko.com\/#website"},"primaryImageOfPage":{"@id":"https:\/\/www.grneko.com\/?product=machovy-obraz-logo-bar-mix#primaryimage"},"image":{"@id":"https:\/\/www.grneko.com\/?product=machovy-obraz-logo-bar-mix#primaryimage"},"thumbnailUrl":"https:\/\/www.grneko.com\/wp-content\/uploads\/2023\/10\/468840d8-874b-4cea-a41f-f43c01453bb0.jpg","datePublished":"2023-10-08T22:02:32+00:00","dateModified":"2025-11-07T20:24:04+00:00","description":"Logo Bar mix zo stabilizovan\u00e9ho machu dod\u00e1 v\u00e1\u0161mu baru nezamenite\u013en\u00fd vzh\u013ead. Ru\u010dn\u00e1 v\u00fdroba a mo\u017enos\u0165 prida\u0165 LED osvetlenie.","breadcrumb":{"@id":"https:\/\/www.grneko.com\/?product=machovy-obraz-logo-bar-mix#breadcrumb"},"inLanguage":"sk-SK","potentialAction":[{"@type":"ReadAction","target":["https:\/\/www.grneko.com\/?product=machovy-obraz-logo-bar-mix"]}]},{"@type":"ImageObject","inLanguage":"sk-SK","@id":"https:\/\/www.grneko.com\/?product=machovy-obraz-logo-bar-mix#primaryimage","url":"https:\/\/www.grneko.com\/wp-content\/uploads\/2023\/10\/468840d8-874b-4cea-a41f-f43c01453bb0.jpg","contentUrl":"https:\/\/www.grneko.com\/wp-content\/uploads\/2023\/10\/468840d8-874b-4cea-a41f-f43c01453bb0.jpg","width":768,"height":768,"caption":"machov\u00e9 logo"},{"@type":"BreadcrumbList","@id":"https:\/\/www.grneko.com\/?product=machovy-obraz-logo-bar-mix#breadcrumb","itemListElement":[{"@type":"ListItem","position":1,"name":"Domov","item":"https:\/\/www.grneko.com\/"},{"@type":"ListItem","position":2,"name":"Obchod","item":"https:\/\/www.grneko.com\/?page_id=20"},{"@type":"ListItem","position":3,"name":"Machov\u00fd obraz &#8211; LOGO Bar mix"}]},{"@type":"WebSite","@id":"https:\/\/www.grneko.com\/#website","url":"https:\/\/www.grneko.com\/","name":"GRNEko","description":"Radi V\u00e1m pom\u00f4\u017eeme vyrie\u0161i\u0165 ot\u00e1zku bezstarostliveho ozele\u0148ovania V\u00e1\u0161ho interi\u00e9ru. Vyrob\u00edme na mieru presne pod\u013ea Va\u0161ich predst\u00e1v doplnky zo stabilizovan\u00e9ho machu, ktor\u00fdmi nielen o\u017eivite prostredie ale aj zabudnite \u017ee sa o nich treba nejak\u00fdm sp\u00f4sobom stara\u0165.","potentialAction":[{"@type":"SearchAction","target":{"@type":"EntryPoint","urlTemplate":"https:\/\/www.grneko.com\/?s={search_term_string}"},"query-input":"required name=search_term_string"}],"inLanguage":"sk-SK"}]}},"_links":{"self":[{"href":"https:\/\/www.grneko.com\/index.php?rest_route=\/wp\/v2\/product\/3105"}],"collection":[{"href":"https:\/\/www.grneko.com\/index.php?rest_route=\/wp\/v2\/product"}],"about":[{"href":"https:\/\/www.grneko.com\/index.php?rest_route=\/wp\/v2\/types\/product"}],"replies":[{"embeddable":true,"href":"https:\/\/www.grneko.com\/index.php?rest_route=%2Fwp%2Fv2%2Fcomments&post=3105"}],"wp:featuredmedia":[{"embeddable":true,"href":"https:\/\/www.grneko.com\/index.php?rest_route=\/wp\/v2\/media\/3106"}],"wp:attachment":[{"href":"https:\/\/www.grneko.com\/index.php?rest_route=%2Fwp%2Fv2%2Fmedia&parent=3105"}],"wp:term":[{"taxonomy":"product_cat","embeddable":true,"href":"https:\/\/www.grneko.com\/index.php?rest_route=%2Fwp%2Fv2%2Fproduct_cat&post=3105"},{"taxonomy":"product_tag","embeddable":true,"href":"https:\/\/www.grneko.com\/index.php?rest_route=%2Fwp%2Fv2%2Fproduct_tag&post=3105"}],"curies":[{"name":"wp","href":"https:\/\/api.w.org\/{rel}","templated":true}]}}