{"id":3031,"date":"2023-07-12T16:28:20","date_gmt":"2023-07-12T14:28:20","guid":{"rendered":"https:\/\/www.grneko.com\/?post_type=product&#038;p=3031"},"modified":"2025-11-22T14:49:44","modified_gmt":"2025-11-22T13:49:44","slug":"machovy-obraz-logo-shelby","status":"publish","type":"product","link":"https:\/\/www.grneko.com\/?product=machovy-obraz-logo-shelby","title":{"rendered":"Machov\u00fd obraz \u2013 LOGO Shelby"},"content":{"rendered":"<p>Logo legend\u00e1rnej zna\u010dky Shelby je prenesen\u00e9 do machov\u00e9ho dizajnu. Pou\u017e\u00edvame kombin\u00e1ciu tmav\u00e9ho machu li\u0161ajn\u00edk na zv\u00fdraznenie ikonick\u00e9ho hada. Logo je vhodn\u00e9 do gar\u00e1\u017ee, kancel\u00e1rie \u010di ako dar pre fan\u00fa\u0161ika automobilov.<\/p>\n<p>Rozmer (priemer): 55 cm<\/p>\n","protected":false},"excerpt":{"rendered":"<p>Logo legend\u00e1rnej zna\u010dky Shelby je prenesen\u00e9 do machov\u00e9ho dizajnu. Pou\u017e\u00edvame kombin\u00e1ciu tmav\u00e9ho machu li\u0161ajn\u00edk na zv\u00fdraznenie ikonick\u00e9ho hada. Logo je vhodn\u00e9 do gar\u00e1\u017ee, kancel\u00e1rie \u010di ako dar pre fan\u00fa\u0161ika automobilov. Rozmer (priemer): 55 cm<\/p>\n","protected":false},"featured_media":3033,"comment_status":"open","ping_status":"closed","template":"","meta":{"_monsterinsights_skip_tracking":false,"_monsterinsights_sitenote_active":false,"_monsterinsights_sitenote_note":"","_monsterinsights_sitenote_category":0},"product_cat":[20],"product_tag":[],"yoast_head":"<!-- This site is optimized with the Yoast SEO plugin v23.0 - https:\/\/yoast.com\/wordpress\/plugins\/seo\/ -->\n<title>Machov\u00fd obraz \u2013 LOGO Shelby - GRNEko<\/title>\n<meta name=\"description\" content=\"Logo Shelby zo stabilizovan\u00e9ho machu je origin\u00e1lny doplnok pre automobilov\u00fdch nad\u0161encov. Bez\u00fadr\u017ebov\u00fd a ru\u010dne vyr\u00e1ban\u00fd.\" \/>\n<meta name=\"robots\" content=\"index, follow, max-snippet:-1, max-image-preview:large, max-video-preview:-1\" \/>\n<link rel=\"canonical\" href=\"https:\/\/www.grneko.com\/?product=machovy-obraz-logo-shelby\" \/>\n<meta property=\"og:locale\" content=\"sk_SK\" \/>\n<meta property=\"og:type\" content=\"article\" \/>\n<meta property=\"og:title\" content=\"Machov\u00fd obraz \u2013 LOGO Shelby - GRNEko\" \/>\n<meta property=\"og:description\" content=\"Logo Shelby zo stabilizovan\u00e9ho machu je origin\u00e1lny doplnok pre automobilov\u00fdch nad\u0161encov. Bez\u00fadr\u017ebov\u00fd a ru\u010dne vyr\u00e1ban\u00fd.\" \/>\n<meta property=\"og:url\" content=\"https:\/\/www.grneko.com\/?product=machovy-obraz-logo-shelby\" \/>\n<meta property=\"og:site_name\" content=\"GRNEko\" \/>\n<meta property=\"article:modified_time\" content=\"2025-11-22T13:49:44+00:00\" \/>\n<meta property=\"og:image\" content=\"https:\/\/www.grneko.com\/wp-content\/uploads\/2023\/07\/FullSizeRender-4.jpg\" \/>\n\t<meta property=\"og:image:width\" content=\"600\" \/>\n\t<meta property=\"og:image:height\" content=\"599\" \/>\n\t<meta property=\"og:image:type\" content=\"image\/jpeg\" \/>\n<meta name=\"twitter:card\" content=\"summary_large_image\" \/>\n<meta name=\"twitter:label1\" content=\"Predpokladan\u00fd \u010das \u010d\u00edtania\" \/>\n\t<meta name=\"twitter:data1\" content=\"1 min\u00fata\" \/>\n<script type=\"application\/ld+json\" class=\"yoast-schema-graph\">{\"@context\":\"https:\/\/schema.org\",\"@graph\":[{\"@type\":\"WebPage\",\"@id\":\"https:\/\/www.grneko.com\/?product=machovy-obraz-logo-shelby\",\"url\":\"https:\/\/www.grneko.com\/?product=machovy-obraz-logo-shelby\",\"name\":\"Machov\u00fd obraz \u2013 LOGO Shelby - GRNEko\",\"isPartOf\":{\"@id\":\"https:\/\/www.grneko.com\/#website\"},\"primaryImageOfPage\":{\"@id\":\"https:\/\/www.grneko.com\/?product=machovy-obraz-logo-shelby#primaryimage\"},\"image\":{\"@id\":\"https:\/\/www.grneko.com\/?product=machovy-obraz-logo-shelby#primaryimage\"},\"thumbnailUrl\":\"https:\/\/www.grneko.com\/wp-content\/uploads\/2023\/07\/FullSizeRender-4.jpg\",\"datePublished\":\"2023-07-12T14:28:20+00:00\",\"dateModified\":\"2025-11-22T13:49:44+00:00\",\"description\":\"Logo Shelby zo stabilizovan\u00e9ho machu je origin\u00e1lny doplnok pre automobilov\u00fdch nad\u0161encov. Bez\u00fadr\u017ebov\u00fd a ru\u010dne vyr\u00e1ban\u00fd.\",\"breadcrumb\":{\"@id\":\"https:\/\/www.grneko.com\/?product=machovy-obraz-logo-shelby#breadcrumb\"},\"inLanguage\":\"sk-SK\",\"potentialAction\":[{\"@type\":\"ReadAction\",\"target\":[\"https:\/\/www.grneko.com\/?product=machovy-obraz-logo-shelby\"]}]},{\"@type\":\"ImageObject\",\"inLanguage\":\"sk-SK\",\"@id\":\"https:\/\/www.grneko.com\/?product=machovy-obraz-logo-shelby#primaryimage\",\"url\":\"https:\/\/www.grneko.com\/wp-content\/uploads\/2023\/07\/FullSizeRender-4.jpg\",\"contentUrl\":\"https:\/\/www.grneko.com\/wp-content\/uploads\/2023\/07\/FullSizeRender-4.jpg\",\"width\":600,\"height\":599,\"caption\":\"ford mustang shelby machov\u00e9 logo\"},{\"@type\":\"BreadcrumbList\",\"@id\":\"https:\/\/www.grneko.com\/?product=machovy-obraz-logo-shelby#breadcrumb\",\"itemListElement\":[{\"@type\":\"ListItem\",\"position\":1,\"name\":\"Domov\",\"item\":\"https:\/\/www.grneko.com\/\"},{\"@type\":\"ListItem\",\"position\":2,\"name\":\"Obchod\",\"item\":\"https:\/\/www.grneko.com\/?page_id=20\"},{\"@type\":\"ListItem\",\"position\":3,\"name\":\"Machov\u00fd obraz \u2013 LOGO Shelby\"}]},{\"@type\":\"WebSite\",\"@id\":\"https:\/\/www.grneko.com\/#website\",\"url\":\"https:\/\/www.grneko.com\/\",\"name\":\"GRNEko\",\"description\":\"Radi V\u00e1m pom\u00f4\u017eeme vyrie\u0161i\u0165 ot\u00e1zku bezstarostliveho ozele\u0148ovania V\u00e1\u0161ho interi\u00e9ru. Vyrob\u00edme na mieru presne pod\u013ea Va\u0161ich predst\u00e1v doplnky zo stabilizovan\u00e9ho machu, ktor\u00fdmi nielen o\u017eivite prostredie ale aj zabudnite \u017ee sa o nich treba nejak\u00fdm sp\u00f4sobom stara\u0165.\",\"potentialAction\":[{\"@type\":\"SearchAction\",\"target\":{\"@type\":\"EntryPoint\",\"urlTemplate\":\"https:\/\/www.grneko.com\/?s={search_term_string}\"},\"query-input\":\"required name=search_term_string\"}],\"inLanguage\":\"sk-SK\"}]}<\/script>\n<!-- \/ Yoast SEO plugin. -->","yoast_head_json":{"title":"Machov\u00fd obraz \u2013 LOGO Shelby - GRNEko","description":"Logo Shelby zo stabilizovan\u00e9ho machu je origin\u00e1lny doplnok pre automobilov\u00fdch nad\u0161encov. Bez\u00fadr\u017ebov\u00fd a ru\u010dne vyr\u00e1ban\u00fd.","robots":{"index":"index","follow":"follow","max-snippet":"max-snippet:-1","max-image-preview":"max-image-preview:large","max-video-preview":"max-video-preview:-1"},"canonical":"https:\/\/www.grneko.com\/?product=machovy-obraz-logo-shelby","og_locale":"sk_SK","og_type":"article","og_title":"Machov\u00fd obraz \u2013 LOGO Shelby - GRNEko","og_description":"Logo Shelby zo stabilizovan\u00e9ho machu je origin\u00e1lny doplnok pre automobilov\u00fdch nad\u0161encov. Bez\u00fadr\u017ebov\u00fd a ru\u010dne vyr\u00e1ban\u00fd.","og_url":"https:\/\/www.grneko.com\/?product=machovy-obraz-logo-shelby","og_site_name":"GRNEko","article_modified_time":"2025-11-22T13:49:44+00:00","og_image":[{"width":600,"height":599,"url":"https:\/\/www.grneko.com\/wp-content\/uploads\/2023\/07\/FullSizeRender-4.jpg","type":"image\/jpeg"}],"twitter_card":"summary_large_image","twitter_misc":{"Predpokladan\u00fd \u010das \u010d\u00edtania":"1 min\u00fata"},"schema":{"@context":"https:\/\/schema.org","@graph":[{"@type":"WebPage","@id":"https:\/\/www.grneko.com\/?product=machovy-obraz-logo-shelby","url":"https:\/\/www.grneko.com\/?product=machovy-obraz-logo-shelby","name":"Machov\u00fd obraz \u2013 LOGO Shelby - GRNEko","isPartOf":{"@id":"https:\/\/www.grneko.com\/#website"},"primaryImageOfPage":{"@id":"https:\/\/www.grneko.com\/?product=machovy-obraz-logo-shelby#primaryimage"},"image":{"@id":"https:\/\/www.grneko.com\/?product=machovy-obraz-logo-shelby#primaryimage"},"thumbnailUrl":"https:\/\/www.grneko.com\/wp-content\/uploads\/2023\/07\/FullSizeRender-4.jpg","datePublished":"2023-07-12T14:28:20+00:00","dateModified":"2025-11-22T13:49:44+00:00","description":"Logo Shelby zo stabilizovan\u00e9ho machu je origin\u00e1lny doplnok pre automobilov\u00fdch nad\u0161encov. Bez\u00fadr\u017ebov\u00fd a ru\u010dne vyr\u00e1ban\u00fd.","breadcrumb":{"@id":"https:\/\/www.grneko.com\/?product=machovy-obraz-logo-shelby#breadcrumb"},"inLanguage":"sk-SK","potentialAction":[{"@type":"ReadAction","target":["https:\/\/www.grneko.com\/?product=machovy-obraz-logo-shelby"]}]},{"@type":"ImageObject","inLanguage":"sk-SK","@id":"https:\/\/www.grneko.com\/?product=machovy-obraz-logo-shelby#primaryimage","url":"https:\/\/www.grneko.com\/wp-content\/uploads\/2023\/07\/FullSizeRender-4.jpg","contentUrl":"https:\/\/www.grneko.com\/wp-content\/uploads\/2023\/07\/FullSizeRender-4.jpg","width":600,"height":599,"caption":"ford mustang shelby machov\u00e9 logo"},{"@type":"BreadcrumbList","@id":"https:\/\/www.grneko.com\/?product=machovy-obraz-logo-shelby#breadcrumb","itemListElement":[{"@type":"ListItem","position":1,"name":"Domov","item":"https:\/\/www.grneko.com\/"},{"@type":"ListItem","position":2,"name":"Obchod","item":"https:\/\/www.grneko.com\/?page_id=20"},{"@type":"ListItem","position":3,"name":"Machov\u00fd obraz \u2013 LOGO Shelby"}]},{"@type":"WebSite","@id":"https:\/\/www.grneko.com\/#website","url":"https:\/\/www.grneko.com\/","name":"GRNEko","description":"Radi V\u00e1m pom\u00f4\u017eeme vyrie\u0161i\u0165 ot\u00e1zku bezstarostliveho ozele\u0148ovania V\u00e1\u0161ho interi\u00e9ru. Vyrob\u00edme na mieru presne pod\u013ea Va\u0161ich predst\u00e1v doplnky zo stabilizovan\u00e9ho machu, ktor\u00fdmi nielen o\u017eivite prostredie ale aj zabudnite \u017ee sa o nich treba nejak\u00fdm sp\u00f4sobom stara\u0165.","potentialAction":[{"@type":"SearchAction","target":{"@type":"EntryPoint","urlTemplate":"https:\/\/www.grneko.com\/?s={search_term_string}"},"query-input":"required name=search_term_string"}],"inLanguage":"sk-SK"}]}},"_links":{"self":[{"href":"https:\/\/www.grneko.com\/index.php?rest_route=\/wp\/v2\/product\/3031"}],"collection":[{"href":"https:\/\/www.grneko.com\/index.php?rest_route=\/wp\/v2\/product"}],"about":[{"href":"https:\/\/www.grneko.com\/index.php?rest_route=\/wp\/v2\/types\/product"}],"replies":[{"embeddable":true,"href":"https:\/\/www.grneko.com\/index.php?rest_route=%2Fwp%2Fv2%2Fcomments&post=3031"}],"wp:featuredmedia":[{"embeddable":true,"href":"https:\/\/www.grneko.com\/index.php?rest_route=\/wp\/v2\/media\/3033"}],"wp:attachment":[{"href":"https:\/\/www.grneko.com\/index.php?rest_route=%2Fwp%2Fv2%2Fmedia&parent=3031"}],"wp:term":[{"taxonomy":"product_cat","embeddable":true,"href":"https:\/\/www.grneko.com\/index.php?rest_route=%2Fwp%2Fv2%2Fproduct_cat&post=3031"},{"taxonomy":"product_tag","embeddable":true,"href":"https:\/\/www.grneko.com\/index.php?rest_route=%2Fwp%2Fv2%2Fproduct_tag&post=3031"}],"curies":[{"name":"wp","href":"https:\/\/api.w.org\/{rel}","templated":true}]}}