{"id":3007,"date":"2023-07-12T16:07:56","date_gmt":"2023-07-12T14:07:56","guid":{"rendered":"https:\/\/www.grneko.com\/?post_type=product&#038;p=3007"},"modified":"2025-11-07T21:40:03","modified_gmt":"2025-11-07T20:40:03","slug":"machovy-obraz-logo-crystalpool-led","status":"publish","type":"product","link":"https:\/\/www.grneko.com\/?product=machovy-obraz-logo-crystalpool-led","title":{"rendered":"Machov\u00fd obraz \u2013 LOGO Crystalpool LED"},"content":{"rendered":"<p>Crystalpool je zna\u010dka spojen\u00e1 s vodou a oddychom, \u010do sa odr\u00e1\u017ea aj v machovom logu. Pou\u017e\u00edvame li\u0161ajn\u00edk vo svetl\u00fdch odtie\u0148och a LED osvetlenie, ktor\u00e9 evokuje trblietanie vody. Logo je ide\u00e1lne do wellness centier, hotelov alebo k\u00fape\u013eov.<\/p>\n<p>Firemn\u00e9 logo z machu &#8211; ekologick\u00fd a \u0161t\u00fdlov\u00fd sp\u00f4sob ako zv\u00fdrazni\u0165 dizajn va\u0161ej zna\u010dky.<\/p>\n<p>Rozmer: 80 cm x 140cm<\/p>\n","protected":false},"excerpt":{"rendered":"<p>Crystalpool je zna\u010dka spojen\u00e1 s vodou a oddychom, \u010do sa odr\u00e1\u017ea aj v machovom logu. Pou\u017e\u00edvame li\u0161ajn\u00edk vo svetl\u00fdch odtie\u0148och a LED osvetlenie, ktor\u00e9 evokuje trblietanie vody. Logo je ide\u00e1lne do wellness centier, hotelov alebo k\u00fape\u013eov. Firemn\u00e9 logo z machu &#8211; ekologick\u00fd a \u0161t\u00fdlov\u00fd sp\u00f4sob ako zv\u00fdrazni\u0165 dizajn va\u0161ej zna\u010dky. Rozmer: 80 cm x 140cm<\/p>\n","protected":false},"featured_media":3009,"comment_status":"open","ping_status":"closed","template":"","meta":{"_monsterinsights_skip_tracking":false,"_monsterinsights_sitenote_active":false,"_monsterinsights_sitenote_note":"","_monsterinsights_sitenote_category":0},"product_cat":[20],"product_tag":[],"yoast_head":"<!-- This site is optimized with the Yoast SEO plugin v23.0 - https:\/\/yoast.com\/wordpress\/plugins\/seo\/ -->\n<title>Machov\u00fd obraz \u2013 LOGO Crystalpool LED - GRNEko<\/title>\n<meta name=\"description\" content=\"Logo Crystalpool zo stabilizovan\u00e9ho machu s LED podsvieten\u00edm. Modern\u00e9 ozna\u010denie pre firmy orientovan\u00e9 na wellness a relax.\" \/>\n<meta name=\"robots\" content=\"index, follow, max-snippet:-1, max-image-preview:large, max-video-preview:-1\" \/>\n<link rel=\"canonical\" href=\"https:\/\/www.grneko.com\/?product=machovy-obraz-logo-crystalpool-led\" \/>\n<meta property=\"og:locale\" content=\"sk_SK\" \/>\n<meta property=\"og:type\" content=\"article\" \/>\n<meta property=\"og:title\" content=\"Machov\u00fd obraz \u2013 LOGO Crystalpool LED - GRNEko\" \/>\n<meta property=\"og:description\" content=\"Logo Crystalpool zo stabilizovan\u00e9ho machu s LED podsvieten\u00edm. Modern\u00e9 ozna\u010denie pre firmy orientovan\u00e9 na wellness a relax.\" \/>\n<meta property=\"og:url\" content=\"https:\/\/www.grneko.com\/?product=machovy-obraz-logo-crystalpool-led\" \/>\n<meta property=\"og:site_name\" content=\"GRNEko\" \/>\n<meta property=\"article:modified_time\" content=\"2025-11-07T20:40:03+00:00\" \/>\n<meta property=\"og:image\" content=\"https:\/\/www.grneko.com\/wp-content\/uploads\/2023\/07\/17B86669-899F-42B0-BA0B-2DAC7373B940.jpg\" \/>\n\t<meta property=\"og:image:width\" content=\"550\" \/>\n\t<meta property=\"og:image:height\" content=\"685\" \/>\n\t<meta property=\"og:image:type\" content=\"image\/jpeg\" \/>\n<meta name=\"twitter:card\" content=\"summary_large_image\" \/>\n<meta name=\"twitter:label1\" content=\"Predpokladan\u00fd \u010das \u010d\u00edtania\" \/>\n\t<meta name=\"twitter:data1\" content=\"1 min\u00fata\" \/>\n<script type=\"application\/ld+json\" class=\"yoast-schema-graph\">{\"@context\":\"https:\/\/schema.org\",\"@graph\":[{\"@type\":\"WebPage\",\"@id\":\"https:\/\/www.grneko.com\/?product=machovy-obraz-logo-crystalpool-led\",\"url\":\"https:\/\/www.grneko.com\/?product=machovy-obraz-logo-crystalpool-led\",\"name\":\"Machov\u00fd obraz \u2013 LOGO Crystalpool LED - GRNEko\",\"isPartOf\":{\"@id\":\"https:\/\/www.grneko.com\/#website\"},\"primaryImageOfPage\":{\"@id\":\"https:\/\/www.grneko.com\/?product=machovy-obraz-logo-crystalpool-led#primaryimage\"},\"image\":{\"@id\":\"https:\/\/www.grneko.com\/?product=machovy-obraz-logo-crystalpool-led#primaryimage\"},\"thumbnailUrl\":\"https:\/\/www.grneko.com\/wp-content\/uploads\/2023\/07\/17B86669-899F-42B0-BA0B-2DAC7373B940.jpg\",\"datePublished\":\"2023-07-12T14:07:56+00:00\",\"dateModified\":\"2025-11-07T20:40:03+00:00\",\"description\":\"Logo Crystalpool zo stabilizovan\u00e9ho machu s LED podsvieten\u00edm. Modern\u00e9 ozna\u010denie pre firmy orientovan\u00e9 na wellness a relax.\",\"breadcrumb\":{\"@id\":\"https:\/\/www.grneko.com\/?product=machovy-obraz-logo-crystalpool-led#breadcrumb\"},\"inLanguage\":\"sk-SK\",\"potentialAction\":[{\"@type\":\"ReadAction\",\"target\":[\"https:\/\/www.grneko.com\/?product=machovy-obraz-logo-crystalpool-led\"]}]},{\"@type\":\"ImageObject\",\"inLanguage\":\"sk-SK\",\"@id\":\"https:\/\/www.grneko.com\/?product=machovy-obraz-logo-crystalpool-led#primaryimage\",\"url\":\"https:\/\/www.grneko.com\/wp-content\/uploads\/2023\/07\/17B86669-899F-42B0-BA0B-2DAC7373B940.jpg\",\"contentUrl\":\"https:\/\/www.grneko.com\/wp-content\/uploads\/2023\/07\/17B86669-899F-42B0-BA0B-2DAC7373B940.jpg\",\"width\":550,\"height\":685,\"caption\":\"mechovy obraz crystalpool\"},{\"@type\":\"BreadcrumbList\",\"@id\":\"https:\/\/www.grneko.com\/?product=machovy-obraz-logo-crystalpool-led#breadcrumb\",\"itemListElement\":[{\"@type\":\"ListItem\",\"position\":1,\"name\":\"Domov\",\"item\":\"https:\/\/www.grneko.com\/\"},{\"@type\":\"ListItem\",\"position\":2,\"name\":\"Obchod\",\"item\":\"https:\/\/www.grneko.com\/?page_id=20\"},{\"@type\":\"ListItem\",\"position\":3,\"name\":\"Machov\u00fd obraz \u2013 LOGO Crystalpool LED\"}]},{\"@type\":\"WebSite\",\"@id\":\"https:\/\/www.grneko.com\/#website\",\"url\":\"https:\/\/www.grneko.com\/\",\"name\":\"GRNEko\",\"description\":\"Radi V\u00e1m pom\u00f4\u017eeme vyrie\u0161i\u0165 ot\u00e1zku bezstarostliveho ozele\u0148ovania V\u00e1\u0161ho interi\u00e9ru. Vyrob\u00edme na mieru presne pod\u013ea Va\u0161ich predst\u00e1v doplnky zo stabilizovan\u00e9ho machu, ktor\u00fdmi nielen o\u017eivite prostredie ale aj zabudnite \u017ee sa o nich treba nejak\u00fdm sp\u00f4sobom stara\u0165.\",\"potentialAction\":[{\"@type\":\"SearchAction\",\"target\":{\"@type\":\"EntryPoint\",\"urlTemplate\":\"https:\/\/www.grneko.com\/?s={search_term_string}\"},\"query-input\":\"required name=search_term_string\"}],\"inLanguage\":\"sk-SK\"}]}<\/script>\n<!-- \/ Yoast SEO plugin. -->","yoast_head_json":{"title":"Machov\u00fd obraz \u2013 LOGO Crystalpool LED - GRNEko","description":"Logo Crystalpool zo stabilizovan\u00e9ho machu s LED podsvieten\u00edm. Modern\u00e9 ozna\u010denie pre firmy orientovan\u00e9 na wellness a relax.","robots":{"index":"index","follow":"follow","max-snippet":"max-snippet:-1","max-image-preview":"max-image-preview:large","max-video-preview":"max-video-preview:-1"},"canonical":"https:\/\/www.grneko.com\/?product=machovy-obraz-logo-crystalpool-led","og_locale":"sk_SK","og_type":"article","og_title":"Machov\u00fd obraz \u2013 LOGO Crystalpool LED - GRNEko","og_description":"Logo Crystalpool zo stabilizovan\u00e9ho machu s LED podsvieten\u00edm. Modern\u00e9 ozna\u010denie pre firmy orientovan\u00e9 na wellness a relax.","og_url":"https:\/\/www.grneko.com\/?product=machovy-obraz-logo-crystalpool-led","og_site_name":"GRNEko","article_modified_time":"2025-11-07T20:40:03+00:00","og_image":[{"width":550,"height":685,"url":"https:\/\/www.grneko.com\/wp-content\/uploads\/2023\/07\/17B86669-899F-42B0-BA0B-2DAC7373B940.jpg","type":"image\/jpeg"}],"twitter_card":"summary_large_image","twitter_misc":{"Predpokladan\u00fd \u010das \u010d\u00edtania":"1 min\u00fata"},"schema":{"@context":"https:\/\/schema.org","@graph":[{"@type":"WebPage","@id":"https:\/\/www.grneko.com\/?product=machovy-obraz-logo-crystalpool-led","url":"https:\/\/www.grneko.com\/?product=machovy-obraz-logo-crystalpool-led","name":"Machov\u00fd obraz \u2013 LOGO Crystalpool LED - GRNEko","isPartOf":{"@id":"https:\/\/www.grneko.com\/#website"},"primaryImageOfPage":{"@id":"https:\/\/www.grneko.com\/?product=machovy-obraz-logo-crystalpool-led#primaryimage"},"image":{"@id":"https:\/\/www.grneko.com\/?product=machovy-obraz-logo-crystalpool-led#primaryimage"},"thumbnailUrl":"https:\/\/www.grneko.com\/wp-content\/uploads\/2023\/07\/17B86669-899F-42B0-BA0B-2DAC7373B940.jpg","datePublished":"2023-07-12T14:07:56+00:00","dateModified":"2025-11-07T20:40:03+00:00","description":"Logo Crystalpool zo stabilizovan\u00e9ho machu s LED podsvieten\u00edm. Modern\u00e9 ozna\u010denie pre firmy orientovan\u00e9 na wellness a relax.","breadcrumb":{"@id":"https:\/\/www.grneko.com\/?product=machovy-obraz-logo-crystalpool-led#breadcrumb"},"inLanguage":"sk-SK","potentialAction":[{"@type":"ReadAction","target":["https:\/\/www.grneko.com\/?product=machovy-obraz-logo-crystalpool-led"]}]},{"@type":"ImageObject","inLanguage":"sk-SK","@id":"https:\/\/www.grneko.com\/?product=machovy-obraz-logo-crystalpool-led#primaryimage","url":"https:\/\/www.grneko.com\/wp-content\/uploads\/2023\/07\/17B86669-899F-42B0-BA0B-2DAC7373B940.jpg","contentUrl":"https:\/\/www.grneko.com\/wp-content\/uploads\/2023\/07\/17B86669-899F-42B0-BA0B-2DAC7373B940.jpg","width":550,"height":685,"caption":"mechovy obraz crystalpool"},{"@type":"BreadcrumbList","@id":"https:\/\/www.grneko.com\/?product=machovy-obraz-logo-crystalpool-led#breadcrumb","itemListElement":[{"@type":"ListItem","position":1,"name":"Domov","item":"https:\/\/www.grneko.com\/"},{"@type":"ListItem","position":2,"name":"Obchod","item":"https:\/\/www.grneko.com\/?page_id=20"},{"@type":"ListItem","position":3,"name":"Machov\u00fd obraz \u2013 LOGO Crystalpool LED"}]},{"@type":"WebSite","@id":"https:\/\/www.grneko.com\/#website","url":"https:\/\/www.grneko.com\/","name":"GRNEko","description":"Radi V\u00e1m pom\u00f4\u017eeme vyrie\u0161i\u0165 ot\u00e1zku bezstarostliveho ozele\u0148ovania V\u00e1\u0161ho interi\u00e9ru. Vyrob\u00edme na mieru presne pod\u013ea Va\u0161ich predst\u00e1v doplnky zo stabilizovan\u00e9ho machu, ktor\u00fdmi nielen o\u017eivite prostredie ale aj zabudnite \u017ee sa o nich treba nejak\u00fdm sp\u00f4sobom stara\u0165.","potentialAction":[{"@type":"SearchAction","target":{"@type":"EntryPoint","urlTemplate":"https:\/\/www.grneko.com\/?s={search_term_string}"},"query-input":"required name=search_term_string"}],"inLanguage":"sk-SK"}]}},"_links":{"self":[{"href":"https:\/\/www.grneko.com\/index.php?rest_route=\/wp\/v2\/product\/3007"}],"collection":[{"href":"https:\/\/www.grneko.com\/index.php?rest_route=\/wp\/v2\/product"}],"about":[{"href":"https:\/\/www.grneko.com\/index.php?rest_route=\/wp\/v2\/types\/product"}],"replies":[{"embeddable":true,"href":"https:\/\/www.grneko.com\/index.php?rest_route=%2Fwp%2Fv2%2Fcomments&post=3007"}],"wp:featuredmedia":[{"embeddable":true,"href":"https:\/\/www.grneko.com\/index.php?rest_route=\/wp\/v2\/media\/3009"}],"wp:attachment":[{"href":"https:\/\/www.grneko.com\/index.php?rest_route=%2Fwp%2Fv2%2Fmedia&parent=3007"}],"wp:term":[{"taxonomy":"product_cat","embeddable":true,"href":"https:\/\/www.grneko.com\/index.php?rest_route=%2Fwp%2Fv2%2Fproduct_cat&post=3007"},{"taxonomy":"product_tag","embeddable":true,"href":"https:\/\/www.grneko.com\/index.php?rest_route=%2Fwp%2Fv2%2Fproduct_tag&post=3007"}],"curies":[{"name":"wp","href":"https:\/\/api.w.org\/{rel}","templated":true}]}}