{"id":2992,"date":"2023-06-30T15:02:39","date_gmt":"2023-06-30T13:02:39","guid":{"rendered":"https:\/\/www.grneko.com\/?post_type=product&#038;p=2992"},"modified":"2025-11-15T22:37:06","modified_gmt":"2025-11-15T21:37:06","slug":"machovy-obraz-logo-abacra-holding","status":"publish","type":"product","link":"https:\/\/www.grneko.com\/?product=machovy-obraz-logo-abacra-holding","title":{"rendered":"Machov\u00fd obraz \u2013 LOGO Abacra holding"},"content":{"rendered":"<p>Logo Abacra holding predstavuje zna\u010dku vytvoren\u00fa z machov\u00e9ho materi\u00e1lu. Pou\u017e\u00edvame aj r\u00f4zne odtiene machu na vytvorenie plastick\u00e9ho efektu. Logo je vhodn\u00e9 na dom\u00e1ce pou\u017eitie \u010di do firemn\u00fdch priestorov. Vyrob\u00edme ho v po\u017eadovanej ve\u013ekosti a preveden\u00ed.<\/p>\n<p>Rozmer: 70 cm x 150cm<\/p>\n","protected":false},"excerpt":{"rendered":"<p>Jedine\u010dn\u00e9 a origin\u00e1lne, ru\u010dne vyr\u00e1ban\u00e9 obrazy z machu. Rozmer, tvar, farbu machu aj r\u00e1mu vieme prisp\u00f4sobi\u0165 va\u0161im individu\u00e1lnym po\u017eiadavk\u00e1m. Rozmer: 70 cm x 150cm<\/p>\n","protected":false},"featured_media":3000,"comment_status":"open","ping_status":"closed","template":"","meta":{"_monsterinsights_skip_tracking":false,"_monsterinsights_sitenote_active":false,"_monsterinsights_sitenote_note":"","_monsterinsights_sitenote_category":0},"product_cat":[20],"product_tag":[],"yoast_head":"<!-- This site is optimized with the Yoast SEO plugin v23.0 - https:\/\/yoast.com\/wordpress\/plugins\/seo\/ -->\n<title>Machov\u00fd obraz \u2013 LOGO Abacra holding - GRNEko<\/title>\n<meta name=\"description\" content=\"Logo Abacra holding zo stabilizovan\u00e9ho machu. Personalizovan\u00fd dizajn, ktor\u00fd pod\u010diarkne identitu zna\u010dky\" \/>\n<meta name=\"robots\" content=\"index, follow, max-snippet:-1, max-image-preview:large, max-video-preview:-1\" \/>\n<link rel=\"canonical\" href=\"https:\/\/www.grneko.com\/?product=machovy-obraz-logo-abacra-holding\" \/>\n<meta property=\"og:locale\" content=\"sk_SK\" \/>\n<meta property=\"og:type\" content=\"article\" \/>\n<meta property=\"og:title\" content=\"Machov\u00fd obraz \u2013 LOGO Abacra holding - GRNEko\" \/>\n<meta property=\"og:description\" content=\"Logo Abacra holding zo stabilizovan\u00e9ho machu. Personalizovan\u00fd dizajn, ktor\u00fd pod\u010diarkne identitu zna\u010dky\" \/>\n<meta property=\"og:url\" content=\"https:\/\/www.grneko.com\/?product=machovy-obraz-logo-abacra-holding\" \/>\n<meta property=\"og:site_name\" content=\"GRNEko\" \/>\n<meta property=\"article:modified_time\" content=\"2025-11-15T21:37:06+00:00\" \/>\n<meta property=\"og:image\" content=\"https:\/\/www.grneko.com\/wp-content\/uploads\/2023\/06\/PhotoRoom-20230711-082120.jpg\" \/>\n\t<meta property=\"og:image:width\" content=\"600\" \/>\n\t<meta property=\"og:image:height\" content=\"527\" \/>\n\t<meta property=\"og:image:type\" content=\"image\/jpeg\" \/>\n<meta name=\"twitter:card\" content=\"summary_large_image\" \/>\n<meta name=\"twitter:label1\" content=\"Predpokladan\u00fd \u010das \u010d\u00edtania\" \/>\n\t<meta name=\"twitter:data1\" content=\"1 min\u00fata\" \/>\n<script type=\"application\/ld+json\" class=\"yoast-schema-graph\">{\"@context\":\"https:\/\/schema.org\",\"@graph\":[{\"@type\":\"WebPage\",\"@id\":\"https:\/\/www.grneko.com\/?product=machovy-obraz-logo-abacra-holding\",\"url\":\"https:\/\/www.grneko.com\/?product=machovy-obraz-logo-abacra-holding\",\"name\":\"Machov\u00fd obraz \u2013 LOGO Abacra holding - GRNEko\",\"isPartOf\":{\"@id\":\"https:\/\/www.grneko.com\/#website\"},\"primaryImageOfPage\":{\"@id\":\"https:\/\/www.grneko.com\/?product=machovy-obraz-logo-abacra-holding#primaryimage\"},\"image\":{\"@id\":\"https:\/\/www.grneko.com\/?product=machovy-obraz-logo-abacra-holding#primaryimage\"},\"thumbnailUrl\":\"https:\/\/www.grneko.com\/wp-content\/uploads\/2023\/06\/PhotoRoom-20230711-082120.jpg\",\"datePublished\":\"2023-06-30T13:02:39+00:00\",\"dateModified\":\"2025-11-15T21:37:06+00:00\",\"description\":\"Logo Abacra holding zo stabilizovan\u00e9ho machu. Personalizovan\u00fd dizajn, ktor\u00fd pod\u010diarkne identitu zna\u010dky\",\"breadcrumb\":{\"@id\":\"https:\/\/www.grneko.com\/?product=machovy-obraz-logo-abacra-holding#breadcrumb\"},\"inLanguage\":\"sk-SK\",\"potentialAction\":[{\"@type\":\"ReadAction\",\"target\":[\"https:\/\/www.grneko.com\/?product=machovy-obraz-logo-abacra-holding\"]}]},{\"@type\":\"ImageObject\",\"inLanguage\":\"sk-SK\",\"@id\":\"https:\/\/www.grneko.com\/?product=machovy-obraz-logo-abacra-holding#primaryimage\",\"url\":\"https:\/\/www.grneko.com\/wp-content\/uploads\/2023\/06\/PhotoRoom-20230711-082120.jpg\",\"contentUrl\":\"https:\/\/www.grneko.com\/wp-content\/uploads\/2023\/06\/PhotoRoom-20230711-082120.jpg\",\"width\":600,\"height\":527,\"caption\":\"abacra holding dekoracia recepci\u00ed\"},{\"@type\":\"BreadcrumbList\",\"@id\":\"https:\/\/www.grneko.com\/?product=machovy-obraz-logo-abacra-holding#breadcrumb\",\"itemListElement\":[{\"@type\":\"ListItem\",\"position\":1,\"name\":\"Domov\",\"item\":\"https:\/\/www.grneko.com\/\"},{\"@type\":\"ListItem\",\"position\":2,\"name\":\"Obchod\",\"item\":\"https:\/\/www.grneko.com\/?page_id=20\"},{\"@type\":\"ListItem\",\"position\":3,\"name\":\"Machov\u00fd obraz \u2013 LOGO Abacra holding\"}]},{\"@type\":\"WebSite\",\"@id\":\"https:\/\/www.grneko.com\/#website\",\"url\":\"https:\/\/www.grneko.com\/\",\"name\":\"GRNEko\",\"description\":\"Radi V\u00e1m pom\u00f4\u017eeme vyrie\u0161i\u0165 ot\u00e1zku bezstarostliveho ozele\u0148ovania V\u00e1\u0161ho interi\u00e9ru. Vyrob\u00edme na mieru presne pod\u013ea Va\u0161ich predst\u00e1v doplnky zo stabilizovan\u00e9ho machu, ktor\u00fdmi nielen o\u017eivite prostredie ale aj zabudnite \u017ee sa o nich treba nejak\u00fdm sp\u00f4sobom stara\u0165.\",\"potentialAction\":[{\"@type\":\"SearchAction\",\"target\":{\"@type\":\"EntryPoint\",\"urlTemplate\":\"https:\/\/www.grneko.com\/?s={search_term_string}\"},\"query-input\":\"required name=search_term_string\"}],\"inLanguage\":\"sk-SK\"}]}<\/script>\n<!-- \/ Yoast SEO plugin. -->","yoast_head_json":{"title":"Machov\u00fd obraz \u2013 LOGO Abacra holding - GRNEko","description":"Logo Abacra holding zo stabilizovan\u00e9ho machu. Personalizovan\u00fd dizajn, ktor\u00fd pod\u010diarkne identitu zna\u010dky","robots":{"index":"index","follow":"follow","max-snippet":"max-snippet:-1","max-image-preview":"max-image-preview:large","max-video-preview":"max-video-preview:-1"},"canonical":"https:\/\/www.grneko.com\/?product=machovy-obraz-logo-abacra-holding","og_locale":"sk_SK","og_type":"article","og_title":"Machov\u00fd obraz \u2013 LOGO Abacra holding - GRNEko","og_description":"Logo Abacra holding zo stabilizovan\u00e9ho machu. Personalizovan\u00fd dizajn, ktor\u00fd pod\u010diarkne identitu zna\u010dky","og_url":"https:\/\/www.grneko.com\/?product=machovy-obraz-logo-abacra-holding","og_site_name":"GRNEko","article_modified_time":"2025-11-15T21:37:06+00:00","og_image":[{"width":600,"height":527,"url":"https:\/\/www.grneko.com\/wp-content\/uploads\/2023\/06\/PhotoRoom-20230711-082120.jpg","type":"image\/jpeg"}],"twitter_card":"summary_large_image","twitter_misc":{"Predpokladan\u00fd \u010das \u010d\u00edtania":"1 min\u00fata"},"schema":{"@context":"https:\/\/schema.org","@graph":[{"@type":"WebPage","@id":"https:\/\/www.grneko.com\/?product=machovy-obraz-logo-abacra-holding","url":"https:\/\/www.grneko.com\/?product=machovy-obraz-logo-abacra-holding","name":"Machov\u00fd obraz \u2013 LOGO Abacra holding - GRNEko","isPartOf":{"@id":"https:\/\/www.grneko.com\/#website"},"primaryImageOfPage":{"@id":"https:\/\/www.grneko.com\/?product=machovy-obraz-logo-abacra-holding#primaryimage"},"image":{"@id":"https:\/\/www.grneko.com\/?product=machovy-obraz-logo-abacra-holding#primaryimage"},"thumbnailUrl":"https:\/\/www.grneko.com\/wp-content\/uploads\/2023\/06\/PhotoRoom-20230711-082120.jpg","datePublished":"2023-06-30T13:02:39+00:00","dateModified":"2025-11-15T21:37:06+00:00","description":"Logo Abacra holding zo stabilizovan\u00e9ho machu. Personalizovan\u00fd dizajn, ktor\u00fd pod\u010diarkne identitu zna\u010dky","breadcrumb":{"@id":"https:\/\/www.grneko.com\/?product=machovy-obraz-logo-abacra-holding#breadcrumb"},"inLanguage":"sk-SK","potentialAction":[{"@type":"ReadAction","target":["https:\/\/www.grneko.com\/?product=machovy-obraz-logo-abacra-holding"]}]},{"@type":"ImageObject","inLanguage":"sk-SK","@id":"https:\/\/www.grneko.com\/?product=machovy-obraz-logo-abacra-holding#primaryimage","url":"https:\/\/www.grneko.com\/wp-content\/uploads\/2023\/06\/PhotoRoom-20230711-082120.jpg","contentUrl":"https:\/\/www.grneko.com\/wp-content\/uploads\/2023\/06\/PhotoRoom-20230711-082120.jpg","width":600,"height":527,"caption":"abacra holding dekoracia recepci\u00ed"},{"@type":"BreadcrumbList","@id":"https:\/\/www.grneko.com\/?product=machovy-obraz-logo-abacra-holding#breadcrumb","itemListElement":[{"@type":"ListItem","position":1,"name":"Domov","item":"https:\/\/www.grneko.com\/"},{"@type":"ListItem","position":2,"name":"Obchod","item":"https:\/\/www.grneko.com\/?page_id=20"},{"@type":"ListItem","position":3,"name":"Machov\u00fd obraz \u2013 LOGO Abacra holding"}]},{"@type":"WebSite","@id":"https:\/\/www.grneko.com\/#website","url":"https:\/\/www.grneko.com\/","name":"GRNEko","description":"Radi V\u00e1m pom\u00f4\u017eeme vyrie\u0161i\u0165 ot\u00e1zku bezstarostliveho ozele\u0148ovania V\u00e1\u0161ho interi\u00e9ru. Vyrob\u00edme na mieru presne pod\u013ea Va\u0161ich predst\u00e1v doplnky zo stabilizovan\u00e9ho machu, ktor\u00fdmi nielen o\u017eivite prostredie ale aj zabudnite \u017ee sa o nich treba nejak\u00fdm sp\u00f4sobom stara\u0165.","potentialAction":[{"@type":"SearchAction","target":{"@type":"EntryPoint","urlTemplate":"https:\/\/www.grneko.com\/?s={search_term_string}"},"query-input":"required name=search_term_string"}],"inLanguage":"sk-SK"}]}},"_links":{"self":[{"href":"https:\/\/www.grneko.com\/index.php?rest_route=\/wp\/v2\/product\/2992"}],"collection":[{"href":"https:\/\/www.grneko.com\/index.php?rest_route=\/wp\/v2\/product"}],"about":[{"href":"https:\/\/www.grneko.com\/index.php?rest_route=\/wp\/v2\/types\/product"}],"replies":[{"embeddable":true,"href":"https:\/\/www.grneko.com\/index.php?rest_route=%2Fwp%2Fv2%2Fcomments&post=2992"}],"wp:featuredmedia":[{"embeddable":true,"href":"https:\/\/www.grneko.com\/index.php?rest_route=\/wp\/v2\/media\/3000"}],"wp:attachment":[{"href":"https:\/\/www.grneko.com\/index.php?rest_route=%2Fwp%2Fv2%2Fmedia&parent=2992"}],"wp:term":[{"taxonomy":"product_cat","embeddable":true,"href":"https:\/\/www.grneko.com\/index.php?rest_route=%2Fwp%2Fv2%2Fproduct_cat&post=2992"},{"taxonomy":"product_tag","embeddable":true,"href":"https:\/\/www.grneko.com\/index.php?rest_route=%2Fwp%2Fv2%2Fproduct_tag&post=2992"}],"curies":[{"name":"wp","href":"https:\/\/api.w.org\/{rel}","templated":true}]}}