{"id":2961,"date":"2023-06-28T16:38:32","date_gmt":"2023-06-28T14:38:32","guid":{"rendered":"https:\/\/www.grneko.com\/?post_type=product&#038;p=2961"},"modified":"2025-11-11T00:17:01","modified_gmt":"2025-11-10T23:17:01","slug":"machovy-obraz-kopceky","status":"publish","type":"product","link":"https:\/\/www.grneko.com\/?product=machovy-obraz-kopceky","title":{"rendered":"Machov\u00fd obraz KOP\u010cEKY"},"content":{"rendered":"<p>Kop\u010deky je obraz, na ktorom dominuje kop\u010dekov\u00fd mach vytv\u00e1raj\u00faci drobn\u00e9 kop\u010deky po celej ploche. Text\u00fara machu dod\u00e1va obrazu h\u013abku a zauj\u00edmav\u00fd 3D efekt, ktor\u00fd vynikne v modernej ob\u00fdva\u010dke \u010di kancel\u00e1rii. Farebnos\u0165 machu m\u00f4\u017eete zvoli\u0165 pod\u013ea svojho vkusu \u2013 od s\u00fdtej zelenej po jemn\u00e9 odtiene. Obraz je \u00faplne bez\u00fadr\u017ebov\u00fd a je ide\u00e1lny, ak chcete prida\u0165 do interi\u00e9ru dynamick\u00fd, pr\u00edrodn\u00fd prvok.<\/p>\n<p>Rozmer (priemer): 30 cm<\/p>\n","protected":false},"excerpt":{"rendered":"<p>Kop\u010deky je obraz, na ktorom dominuje kop\u010dekov\u00fd mach vytv\u00e1raj\u00faci drobn\u00e9 kop\u010deky po celej ploche. Text\u00fara machu dod\u00e1va obrazu h\u013abku a zauj\u00edmav\u00fd 3D efekt, ktor\u00fd vynikne v modernej ob\u00fdva\u010dke \u010di kancel\u00e1rii. Farebnos\u0165 machu m\u00f4\u017eete zvoli\u0165 pod\u013ea svojho vkusu \u2013 od s\u00fdtej zelenej po jemn\u00e9 odtiene. Obraz je \u00faplne bez\u00fadr\u017ebov\u00fd a je ide\u00e1lny, ak chcete prida\u0165 do [&hellip;]<\/p>\n","protected":false},"featured_media":3785,"comment_status":"open","ping_status":"closed","template":"","meta":{"_monsterinsights_skip_tracking":false,"_monsterinsights_sitenote_active":false,"_monsterinsights_sitenote_note":"","_monsterinsights_sitenote_category":0},"product_cat":[17],"product_tag":[],"yoast_head":"<!-- This site is optimized with the Yoast SEO plugin v23.0 - https:\/\/yoast.com\/wordpress\/plugins\/seo\/ -->\n<title>Machov\u00fd obraz KOP\u010cEKY - GRNEko<\/title>\n<meta name=\"description\" content=\"Obraz KOP\u010cEKY vyu\u017e\u00edva kop\u010dekov\u00fd mach na vytvorenie plastick\u00e9ho povrchu. Prirodzen\u00e1 dekor\u00e1cia s v\u00fdrazn\u00fdm 3D efektom.\" \/>\n<meta name=\"robots\" content=\"index, follow, max-snippet:-1, max-image-preview:large, max-video-preview:-1\" \/>\n<link rel=\"canonical\" href=\"https:\/\/www.grneko.com\/?product=machovy-obraz-kopceky\" \/>\n<meta property=\"og:locale\" content=\"sk_SK\" \/>\n<meta property=\"og:type\" content=\"article\" \/>\n<meta property=\"og:title\" content=\"Machov\u00fd obraz KOP\u010cEKY - GRNEko\" \/>\n<meta property=\"og:description\" content=\"Obraz KOP\u010cEKY vyu\u017e\u00edva kop\u010dekov\u00fd mach na vytvorenie plastick\u00e9ho povrchu. Prirodzen\u00e1 dekor\u00e1cia s v\u00fdrazn\u00fdm 3D efektom.\" \/>\n<meta property=\"og:url\" content=\"https:\/\/www.grneko.com\/?product=machovy-obraz-kopceky\" \/>\n<meta property=\"og:site_name\" content=\"GRNEko\" \/>\n<meta property=\"article:modified_time\" content=\"2025-11-10T23:17:01+00:00\" \/>\n<meta property=\"og:image\" content=\"https:\/\/www.grneko.com\/wp-content\/uploads\/2023\/06\/Photoroom_20251104_180613.jpeg\" \/>\n\t<meta property=\"og:image:width\" content=\"1512\" \/>\n\t<meta property=\"og:image:height\" content=\"1512\" \/>\n\t<meta property=\"og:image:type\" content=\"image\/jpeg\" \/>\n<meta name=\"twitter:card\" content=\"summary_large_image\" \/>\n<meta name=\"twitter:label1\" content=\"Predpokladan\u00fd \u010das \u010d\u00edtania\" \/>\n\t<meta name=\"twitter:data1\" content=\"1 min\u00fata\" \/>\n<script type=\"application\/ld+json\" class=\"yoast-schema-graph\">{\"@context\":\"https:\/\/schema.org\",\"@graph\":[{\"@type\":\"WebPage\",\"@id\":\"https:\/\/www.grneko.com\/?product=machovy-obraz-kopceky\",\"url\":\"https:\/\/www.grneko.com\/?product=machovy-obraz-kopceky\",\"name\":\"Machov\u00fd obraz KOP\u010cEKY - GRNEko\",\"isPartOf\":{\"@id\":\"https:\/\/www.grneko.com\/#website\"},\"primaryImageOfPage\":{\"@id\":\"https:\/\/www.grneko.com\/?product=machovy-obraz-kopceky#primaryimage\"},\"image\":{\"@id\":\"https:\/\/www.grneko.com\/?product=machovy-obraz-kopceky#primaryimage\"},\"thumbnailUrl\":\"https:\/\/www.grneko.com\/wp-content\/uploads\/2023\/06\/Photoroom_20251104_180613.jpeg\",\"datePublished\":\"2023-06-28T14:38:32+00:00\",\"dateModified\":\"2025-11-10T23:17:01+00:00\",\"description\":\"Obraz KOP\u010cEKY vyu\u017e\u00edva kop\u010dekov\u00fd mach na vytvorenie plastick\u00e9ho povrchu. Prirodzen\u00e1 dekor\u00e1cia s v\u00fdrazn\u00fdm 3D efektom.\",\"breadcrumb\":{\"@id\":\"https:\/\/www.grneko.com\/?product=machovy-obraz-kopceky#breadcrumb\"},\"inLanguage\":\"sk-SK\",\"potentialAction\":[{\"@type\":\"ReadAction\",\"target\":[\"https:\/\/www.grneko.com\/?product=machovy-obraz-kopceky\"]}]},{\"@type\":\"ImageObject\",\"inLanguage\":\"sk-SK\",\"@id\":\"https:\/\/www.grneko.com\/?product=machovy-obraz-kopceky#primaryimage\",\"url\":\"https:\/\/www.grneko.com\/wp-content\/uploads\/2023\/06\/Photoroom_20251104_180613.jpeg\",\"contentUrl\":\"https:\/\/www.grneko.com\/wp-content\/uploads\/2023\/06\/Photoroom_20251104_180613.jpeg\",\"width\":1512,\"height\":1512,\"caption\":\"machovy obraz\"},{\"@type\":\"BreadcrumbList\",\"@id\":\"https:\/\/www.grneko.com\/?product=machovy-obraz-kopceky#breadcrumb\",\"itemListElement\":[{\"@type\":\"ListItem\",\"position\":1,\"name\":\"Domov\",\"item\":\"https:\/\/www.grneko.com\/\"},{\"@type\":\"ListItem\",\"position\":2,\"name\":\"Obchod\",\"item\":\"https:\/\/www.grneko.com\/?page_id=20\"},{\"@type\":\"ListItem\",\"position\":3,\"name\":\"Machov\u00fd obraz KOP\u010cEKY\"}]},{\"@type\":\"WebSite\",\"@id\":\"https:\/\/www.grneko.com\/#website\",\"url\":\"https:\/\/www.grneko.com\/\",\"name\":\"GRNEko\",\"description\":\"Radi V\u00e1m pom\u00f4\u017eeme vyrie\u0161i\u0165 ot\u00e1zku bezstarostliveho ozele\u0148ovania V\u00e1\u0161ho interi\u00e9ru. Vyrob\u00edme na mieru presne pod\u013ea Va\u0161ich predst\u00e1v doplnky zo stabilizovan\u00e9ho machu, ktor\u00fdmi nielen o\u017eivite prostredie ale aj zabudnite \u017ee sa o nich treba nejak\u00fdm sp\u00f4sobom stara\u0165.\",\"potentialAction\":[{\"@type\":\"SearchAction\",\"target\":{\"@type\":\"EntryPoint\",\"urlTemplate\":\"https:\/\/www.grneko.com\/?s={search_term_string}\"},\"query-input\":\"required name=search_term_string\"}],\"inLanguage\":\"sk-SK\"}]}<\/script>\n<!-- \/ Yoast SEO plugin. -->","yoast_head_json":{"title":"Machov\u00fd obraz KOP\u010cEKY - GRNEko","description":"Obraz KOP\u010cEKY vyu\u017e\u00edva kop\u010dekov\u00fd mach na vytvorenie plastick\u00e9ho povrchu. Prirodzen\u00e1 dekor\u00e1cia s v\u00fdrazn\u00fdm 3D efektom.","robots":{"index":"index","follow":"follow","max-snippet":"max-snippet:-1","max-image-preview":"max-image-preview:large","max-video-preview":"max-video-preview:-1"},"canonical":"https:\/\/www.grneko.com\/?product=machovy-obraz-kopceky","og_locale":"sk_SK","og_type":"article","og_title":"Machov\u00fd obraz KOP\u010cEKY - GRNEko","og_description":"Obraz KOP\u010cEKY vyu\u017e\u00edva kop\u010dekov\u00fd mach na vytvorenie plastick\u00e9ho povrchu. Prirodzen\u00e1 dekor\u00e1cia s v\u00fdrazn\u00fdm 3D efektom.","og_url":"https:\/\/www.grneko.com\/?product=machovy-obraz-kopceky","og_site_name":"GRNEko","article_modified_time":"2025-11-10T23:17:01+00:00","og_image":[{"width":1512,"height":1512,"url":"https:\/\/www.grneko.com\/wp-content\/uploads\/2023\/06\/Photoroom_20251104_180613.jpeg","type":"image\/jpeg"}],"twitter_card":"summary_large_image","twitter_misc":{"Predpokladan\u00fd \u010das \u010d\u00edtania":"1 min\u00fata"},"schema":{"@context":"https:\/\/schema.org","@graph":[{"@type":"WebPage","@id":"https:\/\/www.grneko.com\/?product=machovy-obraz-kopceky","url":"https:\/\/www.grneko.com\/?product=machovy-obraz-kopceky","name":"Machov\u00fd obraz KOP\u010cEKY - GRNEko","isPartOf":{"@id":"https:\/\/www.grneko.com\/#website"},"primaryImageOfPage":{"@id":"https:\/\/www.grneko.com\/?product=machovy-obraz-kopceky#primaryimage"},"image":{"@id":"https:\/\/www.grneko.com\/?product=machovy-obraz-kopceky#primaryimage"},"thumbnailUrl":"https:\/\/www.grneko.com\/wp-content\/uploads\/2023\/06\/Photoroom_20251104_180613.jpeg","datePublished":"2023-06-28T14:38:32+00:00","dateModified":"2025-11-10T23:17:01+00:00","description":"Obraz KOP\u010cEKY vyu\u017e\u00edva kop\u010dekov\u00fd mach na vytvorenie plastick\u00e9ho povrchu. Prirodzen\u00e1 dekor\u00e1cia s v\u00fdrazn\u00fdm 3D efektom.","breadcrumb":{"@id":"https:\/\/www.grneko.com\/?product=machovy-obraz-kopceky#breadcrumb"},"inLanguage":"sk-SK","potentialAction":[{"@type":"ReadAction","target":["https:\/\/www.grneko.com\/?product=machovy-obraz-kopceky"]}]},{"@type":"ImageObject","inLanguage":"sk-SK","@id":"https:\/\/www.grneko.com\/?product=machovy-obraz-kopceky#primaryimage","url":"https:\/\/www.grneko.com\/wp-content\/uploads\/2023\/06\/Photoroom_20251104_180613.jpeg","contentUrl":"https:\/\/www.grneko.com\/wp-content\/uploads\/2023\/06\/Photoroom_20251104_180613.jpeg","width":1512,"height":1512,"caption":"machovy obraz"},{"@type":"BreadcrumbList","@id":"https:\/\/www.grneko.com\/?product=machovy-obraz-kopceky#breadcrumb","itemListElement":[{"@type":"ListItem","position":1,"name":"Domov","item":"https:\/\/www.grneko.com\/"},{"@type":"ListItem","position":2,"name":"Obchod","item":"https:\/\/www.grneko.com\/?page_id=20"},{"@type":"ListItem","position":3,"name":"Machov\u00fd obraz KOP\u010cEKY"}]},{"@type":"WebSite","@id":"https:\/\/www.grneko.com\/#website","url":"https:\/\/www.grneko.com\/","name":"GRNEko","description":"Radi V\u00e1m pom\u00f4\u017eeme vyrie\u0161i\u0165 ot\u00e1zku bezstarostliveho ozele\u0148ovania V\u00e1\u0161ho interi\u00e9ru. Vyrob\u00edme na mieru presne pod\u013ea Va\u0161ich predst\u00e1v doplnky zo stabilizovan\u00e9ho machu, ktor\u00fdmi nielen o\u017eivite prostredie ale aj zabudnite \u017ee sa o nich treba nejak\u00fdm sp\u00f4sobom stara\u0165.","potentialAction":[{"@type":"SearchAction","target":{"@type":"EntryPoint","urlTemplate":"https:\/\/www.grneko.com\/?s={search_term_string}"},"query-input":"required name=search_term_string"}],"inLanguage":"sk-SK"}]}},"_links":{"self":[{"href":"https:\/\/www.grneko.com\/index.php?rest_route=\/wp\/v2\/product\/2961"}],"collection":[{"href":"https:\/\/www.grneko.com\/index.php?rest_route=\/wp\/v2\/product"}],"about":[{"href":"https:\/\/www.grneko.com\/index.php?rest_route=\/wp\/v2\/types\/product"}],"replies":[{"embeddable":true,"href":"https:\/\/www.grneko.com\/index.php?rest_route=%2Fwp%2Fv2%2Fcomments&post=2961"}],"wp:featuredmedia":[{"embeddable":true,"href":"https:\/\/www.grneko.com\/index.php?rest_route=\/wp\/v2\/media\/3785"}],"wp:attachment":[{"href":"https:\/\/www.grneko.com\/index.php?rest_route=%2Fwp%2Fv2%2Fmedia&parent=2961"}],"wp:term":[{"taxonomy":"product_cat","embeddable":true,"href":"https:\/\/www.grneko.com\/index.php?rest_route=%2Fwp%2Fv2%2Fproduct_cat&post=2961"},{"taxonomy":"product_tag","embeddable":true,"href":"https:\/\/www.grneko.com\/index.php?rest_route=%2Fwp%2Fv2%2Fproduct_tag&post=2961"}],"curies":[{"name":"wp","href":"https:\/\/api.w.org\/{rel}","templated":true}]}}