{"id":2950,"date":"2023-06-27T16:40:13","date_gmt":"2023-06-27T14:40:13","guid":{"rendered":"https:\/\/www.grneko.com\/?post_type=product&#038;p=2950"},"modified":"2025-11-22T11:25:05","modified_gmt":"2025-11-22T10:25:05","slug":"machovy-obraz-zirafa","status":"publish","type":"product","link":"https:\/\/www.grneko.com\/?product=machovy-obraz-zirafa","title":{"rendered":"Machov\u00fd obraz \u017dIRAFA"},"content":{"rendered":"<p>\u017dIRAFA prinesie do miestnosti exotick\u00fd n\u00e1dych a detsk\u00fa rados\u0165. Vhodn\u00e9 do detsk\u00fdch izieb alebo \u0161k\u00f4l. Obraz je bez\u00fadr\u017ebov\u00fd a prisp\u00f4sob\u00edme ho ve\u013ekos\u0165ou aj farbou stabilizovan\u00e9ho machu.<\/p>\n<p>Zvieratko m\u00f4\u017ee by\u0165 aj in\u00e9 (pod\u013ea dohody).<\/p>\n<p>Rozmer: 36 * 32 cm<\/p>\n","protected":false},"excerpt":{"rendered":"<p>\u017dIRAFA prinesie do miestnosti exotick\u00fd n\u00e1dych a detsk\u00fa rados\u0165. Vhodn\u00e9 do detsk\u00fdch izieb alebo \u0161k\u00f4l. Obraz je bez\u00fadr\u017ebov\u00fd a prisp\u00f4sob\u00edme ho ve\u013ekos\u0165ou aj farbou stabilizovan\u00e9ho machu. Zvieratko m\u00f4\u017ee by\u0165 aj in\u00e9 (pod\u013ea dohody). Rozmer: 36 * 32 cm<\/p>\n","protected":false},"featured_media":3772,"comment_status":"open","ping_status":"closed","template":"","meta":{"_monsterinsights_skip_tracking":false,"_monsterinsights_sitenote_active":false,"_monsterinsights_sitenote_note":"","_monsterinsights_sitenote_category":0},"product_cat":[17,26],"product_tag":[],"yoast_head":"<!-- This site is optimized with the Yoast SEO plugin v23.0 - https:\/\/yoast.com\/wordpress\/plugins\/seo\/ -->\n<title>Machov\u00fd obraz \u017dIRAFA - GRNEko<\/title>\n<meta name=\"description\" content=\"\u017dIRAFA je vesel\u00e1 dekor\u00e1cia s postavi\u010dkou \u017eirafy zo stabilizovan\u00e9ho machu. Origin\u00e1lny dar\u010dek pre deti.\" \/>\n<meta name=\"robots\" content=\"index, follow, max-snippet:-1, max-image-preview:large, max-video-preview:-1\" \/>\n<link rel=\"canonical\" href=\"https:\/\/www.grneko.com\/?product=machovy-obraz-zirafa\" \/>\n<meta property=\"og:locale\" content=\"sk_SK\" \/>\n<meta property=\"og:type\" content=\"article\" \/>\n<meta property=\"og:title\" content=\"Machov\u00fd obraz \u017dIRAFA - GRNEko\" \/>\n<meta property=\"og:description\" content=\"\u017dIRAFA je vesel\u00e1 dekor\u00e1cia s postavi\u010dkou \u017eirafy zo stabilizovan\u00e9ho machu. Origin\u00e1lny dar\u010dek pre deti.\" \/>\n<meta property=\"og:url\" content=\"https:\/\/www.grneko.com\/?product=machovy-obraz-zirafa\" \/>\n<meta property=\"og:site_name\" content=\"GRNEko\" \/>\n<meta property=\"article:modified_time\" content=\"2025-11-22T10:25:05+00:00\" \/>\n<meta property=\"og:image\" content=\"https:\/\/www.grneko.com\/wp-content\/uploads\/2023\/06\/Photoroom_20251104_004602.jpeg\" \/>\n\t<meta property=\"og:image:width\" content=\"1512\" \/>\n\t<meta property=\"og:image:height\" content=\"1512\" \/>\n\t<meta property=\"og:image:type\" content=\"image\/jpeg\" \/>\n<meta name=\"twitter:card\" content=\"summary_large_image\" \/>\n<meta name=\"twitter:label1\" content=\"Predpokladan\u00fd \u010das \u010d\u00edtania\" \/>\n\t<meta name=\"twitter:data1\" content=\"1 min\u00fata\" \/>\n<script type=\"application\/ld+json\" class=\"yoast-schema-graph\">{\"@context\":\"https:\/\/schema.org\",\"@graph\":[{\"@type\":\"WebPage\",\"@id\":\"https:\/\/www.grneko.com\/?product=machovy-obraz-zirafa\",\"url\":\"https:\/\/www.grneko.com\/?product=machovy-obraz-zirafa\",\"name\":\"Machov\u00fd obraz \u017dIRAFA - GRNEko\",\"isPartOf\":{\"@id\":\"https:\/\/www.grneko.com\/#website\"},\"primaryImageOfPage\":{\"@id\":\"https:\/\/www.grneko.com\/?product=machovy-obraz-zirafa#primaryimage\"},\"image\":{\"@id\":\"https:\/\/www.grneko.com\/?product=machovy-obraz-zirafa#primaryimage\"},\"thumbnailUrl\":\"https:\/\/www.grneko.com\/wp-content\/uploads\/2023\/06\/Photoroom_20251104_004602.jpeg\",\"datePublished\":\"2023-06-27T14:40:13+00:00\",\"dateModified\":\"2025-11-22T10:25:05+00:00\",\"description\":\"\u017dIRAFA je vesel\u00e1 dekor\u00e1cia s postavi\u010dkou \u017eirafy zo stabilizovan\u00e9ho machu. Origin\u00e1lny dar\u010dek pre deti.\",\"breadcrumb\":{\"@id\":\"https:\/\/www.grneko.com\/?product=machovy-obraz-zirafa#breadcrumb\"},\"inLanguage\":\"sk-SK\",\"potentialAction\":[{\"@type\":\"ReadAction\",\"target\":[\"https:\/\/www.grneko.com\/?product=machovy-obraz-zirafa\"]}]},{\"@type\":\"ImageObject\",\"inLanguage\":\"sk-SK\",\"@id\":\"https:\/\/www.grneko.com\/?product=machovy-obraz-zirafa#primaryimage\",\"url\":\"https:\/\/www.grneko.com\/wp-content\/uploads\/2023\/06\/Photoroom_20251104_004602.jpeg\",\"contentUrl\":\"https:\/\/www.grneko.com\/wp-content\/uploads\/2023\/06\/Photoroom_20251104_004602.jpeg\",\"width\":1512,\"height\":1512,\"caption\":\"Detsky obraz z machu\"},{\"@type\":\"BreadcrumbList\",\"@id\":\"https:\/\/www.grneko.com\/?product=machovy-obraz-zirafa#breadcrumb\",\"itemListElement\":[{\"@type\":\"ListItem\",\"position\":1,\"name\":\"Domov\",\"item\":\"https:\/\/www.grneko.com\/\"},{\"@type\":\"ListItem\",\"position\":2,\"name\":\"Obchod\",\"item\":\"https:\/\/www.grneko.com\/?page_id=20\"},{\"@type\":\"ListItem\",\"position\":3,\"name\":\"Machov\u00fd obraz \u017dIRAFA\"}]},{\"@type\":\"WebSite\",\"@id\":\"https:\/\/www.grneko.com\/#website\",\"url\":\"https:\/\/www.grneko.com\/\",\"name\":\"GRNEko\",\"description\":\"Radi V\u00e1m pom\u00f4\u017eeme vyrie\u0161i\u0165 ot\u00e1zku bezstarostliveho ozele\u0148ovania V\u00e1\u0161ho interi\u00e9ru. Vyrob\u00edme na mieru presne pod\u013ea Va\u0161ich predst\u00e1v doplnky zo stabilizovan\u00e9ho machu, ktor\u00fdmi nielen o\u017eivite prostredie ale aj zabudnite \u017ee sa o nich treba nejak\u00fdm sp\u00f4sobom stara\u0165.\",\"potentialAction\":[{\"@type\":\"SearchAction\",\"target\":{\"@type\":\"EntryPoint\",\"urlTemplate\":\"https:\/\/www.grneko.com\/?s={search_term_string}\"},\"query-input\":\"required name=search_term_string\"}],\"inLanguage\":\"sk-SK\"}]}<\/script>\n<!-- \/ Yoast SEO plugin. -->","yoast_head_json":{"title":"Machov\u00fd obraz \u017dIRAFA - GRNEko","description":"\u017dIRAFA je vesel\u00e1 dekor\u00e1cia s postavi\u010dkou \u017eirafy zo stabilizovan\u00e9ho machu. Origin\u00e1lny dar\u010dek pre deti.","robots":{"index":"index","follow":"follow","max-snippet":"max-snippet:-1","max-image-preview":"max-image-preview:large","max-video-preview":"max-video-preview:-1"},"canonical":"https:\/\/www.grneko.com\/?product=machovy-obraz-zirafa","og_locale":"sk_SK","og_type":"article","og_title":"Machov\u00fd obraz \u017dIRAFA - GRNEko","og_description":"\u017dIRAFA je vesel\u00e1 dekor\u00e1cia s postavi\u010dkou \u017eirafy zo stabilizovan\u00e9ho machu. Origin\u00e1lny dar\u010dek pre deti.","og_url":"https:\/\/www.grneko.com\/?product=machovy-obraz-zirafa","og_site_name":"GRNEko","article_modified_time":"2025-11-22T10:25:05+00:00","og_image":[{"width":1512,"height":1512,"url":"https:\/\/www.grneko.com\/wp-content\/uploads\/2023\/06\/Photoroom_20251104_004602.jpeg","type":"image\/jpeg"}],"twitter_card":"summary_large_image","twitter_misc":{"Predpokladan\u00fd \u010das \u010d\u00edtania":"1 min\u00fata"},"schema":{"@context":"https:\/\/schema.org","@graph":[{"@type":"WebPage","@id":"https:\/\/www.grneko.com\/?product=machovy-obraz-zirafa","url":"https:\/\/www.grneko.com\/?product=machovy-obraz-zirafa","name":"Machov\u00fd obraz \u017dIRAFA - GRNEko","isPartOf":{"@id":"https:\/\/www.grneko.com\/#website"},"primaryImageOfPage":{"@id":"https:\/\/www.grneko.com\/?product=machovy-obraz-zirafa#primaryimage"},"image":{"@id":"https:\/\/www.grneko.com\/?product=machovy-obraz-zirafa#primaryimage"},"thumbnailUrl":"https:\/\/www.grneko.com\/wp-content\/uploads\/2023\/06\/Photoroom_20251104_004602.jpeg","datePublished":"2023-06-27T14:40:13+00:00","dateModified":"2025-11-22T10:25:05+00:00","description":"\u017dIRAFA je vesel\u00e1 dekor\u00e1cia s postavi\u010dkou \u017eirafy zo stabilizovan\u00e9ho machu. Origin\u00e1lny dar\u010dek pre deti.","breadcrumb":{"@id":"https:\/\/www.grneko.com\/?product=machovy-obraz-zirafa#breadcrumb"},"inLanguage":"sk-SK","potentialAction":[{"@type":"ReadAction","target":["https:\/\/www.grneko.com\/?product=machovy-obraz-zirafa"]}]},{"@type":"ImageObject","inLanguage":"sk-SK","@id":"https:\/\/www.grneko.com\/?product=machovy-obraz-zirafa#primaryimage","url":"https:\/\/www.grneko.com\/wp-content\/uploads\/2023\/06\/Photoroom_20251104_004602.jpeg","contentUrl":"https:\/\/www.grneko.com\/wp-content\/uploads\/2023\/06\/Photoroom_20251104_004602.jpeg","width":1512,"height":1512,"caption":"Detsky obraz z machu"},{"@type":"BreadcrumbList","@id":"https:\/\/www.grneko.com\/?product=machovy-obraz-zirafa#breadcrumb","itemListElement":[{"@type":"ListItem","position":1,"name":"Domov","item":"https:\/\/www.grneko.com\/"},{"@type":"ListItem","position":2,"name":"Obchod","item":"https:\/\/www.grneko.com\/?page_id=20"},{"@type":"ListItem","position":3,"name":"Machov\u00fd obraz \u017dIRAFA"}]},{"@type":"WebSite","@id":"https:\/\/www.grneko.com\/#website","url":"https:\/\/www.grneko.com\/","name":"GRNEko","description":"Radi V\u00e1m pom\u00f4\u017eeme vyrie\u0161i\u0165 ot\u00e1zku bezstarostliveho ozele\u0148ovania V\u00e1\u0161ho interi\u00e9ru. Vyrob\u00edme na mieru presne pod\u013ea Va\u0161ich predst\u00e1v doplnky zo stabilizovan\u00e9ho machu, ktor\u00fdmi nielen o\u017eivite prostredie ale aj zabudnite \u017ee sa o nich treba nejak\u00fdm sp\u00f4sobom stara\u0165.","potentialAction":[{"@type":"SearchAction","target":{"@type":"EntryPoint","urlTemplate":"https:\/\/www.grneko.com\/?s={search_term_string}"},"query-input":"required name=search_term_string"}],"inLanguage":"sk-SK"}]}},"_links":{"self":[{"href":"https:\/\/www.grneko.com\/index.php?rest_route=\/wp\/v2\/product\/2950"}],"collection":[{"href":"https:\/\/www.grneko.com\/index.php?rest_route=\/wp\/v2\/product"}],"about":[{"href":"https:\/\/www.grneko.com\/index.php?rest_route=\/wp\/v2\/types\/product"}],"replies":[{"embeddable":true,"href":"https:\/\/www.grneko.com\/index.php?rest_route=%2Fwp%2Fv2%2Fcomments&post=2950"}],"wp:featuredmedia":[{"embeddable":true,"href":"https:\/\/www.grneko.com\/index.php?rest_route=\/wp\/v2\/media\/3772"}],"wp:attachment":[{"href":"https:\/\/www.grneko.com\/index.php?rest_route=%2Fwp%2Fv2%2Fmedia&parent=2950"}],"wp:term":[{"taxonomy":"product_cat","embeddable":true,"href":"https:\/\/www.grneko.com\/index.php?rest_route=%2Fwp%2Fv2%2Fproduct_cat&post=2950"},{"taxonomy":"product_tag","embeddable":true,"href":"https:\/\/www.grneko.com\/index.php?rest_route=%2Fwp%2Fv2%2Fproduct_tag&post=2950"}],"curies":[{"name":"wp","href":"https:\/\/api.w.org\/{rel}","templated":true}]}}