{"id":2899,"date":"2023-06-02T16:49:55","date_gmt":"2023-06-02T14:49:55","guid":{"rendered":"https:\/\/www.grneko.com\/?post_type=product&#038;p=2899"},"modified":"2025-11-15T22:21:53","modified_gmt":"2025-11-15T21:21:53","slug":"machova-stena-kora","status":"publish","type":"product","link":"https:\/\/www.grneko.com\/?product=machova-stena-kora","title":{"rendered":"Machov\u00e1 stena K\u00f4RA"},"content":{"rendered":"<p>Dizajn K\u00d4RA vyu\u017e\u00edva mach li\u0161ajnikako z\u00e1klad, do ktor\u00e9ho s\u00fa vsaden\u00e9 k\u00fasky stromovej k\u00f4ry. V\u00fdsledkom je stena, ktor\u00e1 pripom\u00edna lesn\u00fa krajinu s odhalen\u00fdmi stromami a zelen\u00fdm podrastom. Kontrast medzi drsnou text\u00farou k\u00f4ry a jemn\u00fdm machom p\u00f4sob\u00ed autenticky. Stena sa hod\u00ed do rustik\u00e1lnych interi\u00e9rov, re\u0161taur\u00e1ci\u00ed \u010di hotelov s pr\u00edrodn\u00fdm konceptom.<\/p>\n<p>Cenov\u00fa ponuku V\u00e1m radi po\u0161leme do mailu.<\/p>\n","protected":false},"excerpt":{"rendered":"<p>Jedine\u010dn\u00e9 a origin\u00e1lne, ru\u010dne vyr\u00e1ban\u00e9 interierov\u00e9 steny z machu. Druh a farbu machu vieme prisp\u00f4sobi\u0165 va\u0161im individu\u00e1lnym po\u017eiadavk\u00e1m.<\/p>\n<p>Cenov\u00fa ponuku V\u00e1m radi po\u0161leme do mailu.<\/p>\n","protected":false},"featured_media":2900,"comment_status":"open","ping_status":"closed","template":"","meta":{"_monsterinsights_skip_tracking":false,"_monsterinsights_sitenote_active":false,"_monsterinsights_sitenote_note":"","_monsterinsights_sitenote_category":0},"product_cat":[18],"product_tag":[],"yoast_head":"<!-- This site is optimized with the Yoast SEO plugin v23.0 - https:\/\/yoast.com\/wordpress\/plugins\/seo\/ -->\n<title>Machov\u00e1 stena K\u00f4RA<\/title>\n<meta name=\"description\" content=\"K\u00d4RA kombinuje stabilizovan\u00fd mach s k\u00faskami pr\u00edrodnej k\u00f4ry. Rustik\u00e1lny a z\u00e1rove\u0148 modern\u00fd vzh\u013ead.\" \/>\n<meta name=\"robots\" content=\"index, follow, max-snippet:-1, max-image-preview:large, max-video-preview:-1\" \/>\n<link rel=\"canonical\" href=\"https:\/\/www.grneko.com\/?product=machova-stena-kora\" \/>\n<meta property=\"og:locale\" content=\"sk_SK\" \/>\n<meta property=\"og:type\" content=\"article\" \/>\n<meta property=\"og:title\" content=\"Machov\u00e1 stena K\u00f4RA\" \/>\n<meta property=\"og:description\" content=\"K\u00d4RA kombinuje stabilizovan\u00fd mach s k\u00faskami pr\u00edrodnej k\u00f4ry. Rustik\u00e1lny a z\u00e1rove\u0148 modern\u00fd vzh\u013ead.\" \/>\n<meta property=\"og:url\" content=\"https:\/\/www.grneko.com\/?product=machova-stena-kora\" \/>\n<meta property=\"og:site_name\" content=\"GRNEko\" \/>\n<meta property=\"article:modified_time\" content=\"2025-11-15T21:21:53+00:00\" \/>\n<meta property=\"og:image\" content=\"https:\/\/www.grneko.com\/wp-content\/uploads\/2023\/06\/IMG-7763.jpg\" \/>\n\t<meta property=\"og:image:width\" content=\"500\" \/>\n\t<meta property=\"og:image:height\" content=\"750\" \/>\n\t<meta property=\"og:image:type\" content=\"image\/jpeg\" \/>\n<meta name=\"twitter:card\" content=\"summary_large_image\" \/>\n<meta name=\"twitter:label1\" content=\"Predpokladan\u00fd \u010das \u010d\u00edtania\" \/>\n\t<meta name=\"twitter:data1\" content=\"1 min\u00fata\" \/>\n<script type=\"application\/ld+json\" class=\"yoast-schema-graph\">{\"@context\":\"https:\/\/schema.org\",\"@graph\":[{\"@type\":\"WebPage\",\"@id\":\"https:\/\/www.grneko.com\/?product=machova-stena-kora\",\"url\":\"https:\/\/www.grneko.com\/?product=machova-stena-kora\",\"name\":\"Machov\u00e1 stena K\u00f4RA\",\"isPartOf\":{\"@id\":\"https:\/\/www.grneko.com\/#website\"},\"primaryImageOfPage\":{\"@id\":\"https:\/\/www.grneko.com\/?product=machova-stena-kora#primaryimage\"},\"image\":{\"@id\":\"https:\/\/www.grneko.com\/?product=machova-stena-kora#primaryimage\"},\"thumbnailUrl\":\"https:\/\/www.grneko.com\/wp-content\/uploads\/2023\/06\/IMG-7763.jpg\",\"datePublished\":\"2023-06-02T14:49:55+00:00\",\"dateModified\":\"2025-11-15T21:21:53+00:00\",\"description\":\"K\u00d4RA kombinuje stabilizovan\u00fd mach s k\u00faskami pr\u00edrodnej k\u00f4ry. Rustik\u00e1lny a z\u00e1rove\u0148 modern\u00fd vzh\u013ead.\",\"breadcrumb\":{\"@id\":\"https:\/\/www.grneko.com\/?product=machova-stena-kora#breadcrumb\"},\"inLanguage\":\"sk-SK\",\"potentialAction\":[{\"@type\":\"ReadAction\",\"target\":[\"https:\/\/www.grneko.com\/?product=machova-stena-kora\"]}]},{\"@type\":\"ImageObject\",\"inLanguage\":\"sk-SK\",\"@id\":\"https:\/\/www.grneko.com\/?product=machova-stena-kora#primaryimage\",\"url\":\"https:\/\/www.grneko.com\/wp-content\/uploads\/2023\/06\/IMG-7763.jpg\",\"contentUrl\":\"https:\/\/www.grneko.com\/wp-content\/uploads\/2023\/06\/IMG-7763.jpg\",\"width\":500,\"height\":750,\"caption\":\"zelene steny\"},{\"@type\":\"BreadcrumbList\",\"@id\":\"https:\/\/www.grneko.com\/?product=machova-stena-kora#breadcrumb\",\"itemListElement\":[{\"@type\":\"ListItem\",\"position\":1,\"name\":\"Domov\",\"item\":\"https:\/\/www.grneko.com\/\"},{\"@type\":\"ListItem\",\"position\":2,\"name\":\"Obchod\",\"item\":\"https:\/\/www.grneko.com\/?page_id=20\"},{\"@type\":\"ListItem\",\"position\":3,\"name\":\"Machov\u00e1 stena K\u00f4RA\"}]},{\"@type\":\"WebSite\",\"@id\":\"https:\/\/www.grneko.com\/#website\",\"url\":\"https:\/\/www.grneko.com\/\",\"name\":\"GRNEko\",\"description\":\"Radi V\u00e1m pom\u00f4\u017eeme vyrie\u0161i\u0165 ot\u00e1zku bezstarostliveho ozele\u0148ovania V\u00e1\u0161ho interi\u00e9ru. Vyrob\u00edme na mieru presne pod\u013ea Va\u0161ich predst\u00e1v doplnky zo stabilizovan\u00e9ho machu, ktor\u00fdmi nielen o\u017eivite prostredie ale aj zabudnite \u017ee sa o nich treba nejak\u00fdm sp\u00f4sobom stara\u0165.\",\"potentialAction\":[{\"@type\":\"SearchAction\",\"target\":{\"@type\":\"EntryPoint\",\"urlTemplate\":\"https:\/\/www.grneko.com\/?s={search_term_string}\"},\"query-input\":\"required name=search_term_string\"}],\"inLanguage\":\"sk-SK\"}]}<\/script>\n<!-- \/ Yoast SEO plugin. -->","yoast_head_json":{"title":"Machov\u00e1 stena K\u00f4RA","description":"K\u00d4RA kombinuje stabilizovan\u00fd mach s k\u00faskami pr\u00edrodnej k\u00f4ry. Rustik\u00e1lny a z\u00e1rove\u0148 modern\u00fd vzh\u013ead.","robots":{"index":"index","follow":"follow","max-snippet":"max-snippet:-1","max-image-preview":"max-image-preview:large","max-video-preview":"max-video-preview:-1"},"canonical":"https:\/\/www.grneko.com\/?product=machova-stena-kora","og_locale":"sk_SK","og_type":"article","og_title":"Machov\u00e1 stena K\u00f4RA","og_description":"K\u00d4RA kombinuje stabilizovan\u00fd mach s k\u00faskami pr\u00edrodnej k\u00f4ry. Rustik\u00e1lny a z\u00e1rove\u0148 modern\u00fd vzh\u013ead.","og_url":"https:\/\/www.grneko.com\/?product=machova-stena-kora","og_site_name":"GRNEko","article_modified_time":"2025-11-15T21:21:53+00:00","og_image":[{"width":500,"height":750,"url":"https:\/\/www.grneko.com\/wp-content\/uploads\/2023\/06\/IMG-7763.jpg","type":"image\/jpeg"}],"twitter_card":"summary_large_image","twitter_misc":{"Predpokladan\u00fd \u010das \u010d\u00edtania":"1 min\u00fata"},"schema":{"@context":"https:\/\/schema.org","@graph":[{"@type":"WebPage","@id":"https:\/\/www.grneko.com\/?product=machova-stena-kora","url":"https:\/\/www.grneko.com\/?product=machova-stena-kora","name":"Machov\u00e1 stena K\u00f4RA","isPartOf":{"@id":"https:\/\/www.grneko.com\/#website"},"primaryImageOfPage":{"@id":"https:\/\/www.grneko.com\/?product=machova-stena-kora#primaryimage"},"image":{"@id":"https:\/\/www.grneko.com\/?product=machova-stena-kora#primaryimage"},"thumbnailUrl":"https:\/\/www.grneko.com\/wp-content\/uploads\/2023\/06\/IMG-7763.jpg","datePublished":"2023-06-02T14:49:55+00:00","dateModified":"2025-11-15T21:21:53+00:00","description":"K\u00d4RA kombinuje stabilizovan\u00fd mach s k\u00faskami pr\u00edrodnej k\u00f4ry. Rustik\u00e1lny a z\u00e1rove\u0148 modern\u00fd vzh\u013ead.","breadcrumb":{"@id":"https:\/\/www.grneko.com\/?product=machova-stena-kora#breadcrumb"},"inLanguage":"sk-SK","potentialAction":[{"@type":"ReadAction","target":["https:\/\/www.grneko.com\/?product=machova-stena-kora"]}]},{"@type":"ImageObject","inLanguage":"sk-SK","@id":"https:\/\/www.grneko.com\/?product=machova-stena-kora#primaryimage","url":"https:\/\/www.grneko.com\/wp-content\/uploads\/2023\/06\/IMG-7763.jpg","contentUrl":"https:\/\/www.grneko.com\/wp-content\/uploads\/2023\/06\/IMG-7763.jpg","width":500,"height":750,"caption":"zelene steny"},{"@type":"BreadcrumbList","@id":"https:\/\/www.grneko.com\/?product=machova-stena-kora#breadcrumb","itemListElement":[{"@type":"ListItem","position":1,"name":"Domov","item":"https:\/\/www.grneko.com\/"},{"@type":"ListItem","position":2,"name":"Obchod","item":"https:\/\/www.grneko.com\/?page_id=20"},{"@type":"ListItem","position":3,"name":"Machov\u00e1 stena K\u00f4RA"}]},{"@type":"WebSite","@id":"https:\/\/www.grneko.com\/#website","url":"https:\/\/www.grneko.com\/","name":"GRNEko","description":"Radi V\u00e1m pom\u00f4\u017eeme vyrie\u0161i\u0165 ot\u00e1zku bezstarostliveho ozele\u0148ovania V\u00e1\u0161ho interi\u00e9ru. Vyrob\u00edme na mieru presne pod\u013ea Va\u0161ich predst\u00e1v doplnky zo stabilizovan\u00e9ho machu, ktor\u00fdmi nielen o\u017eivite prostredie ale aj zabudnite \u017ee sa o nich treba nejak\u00fdm sp\u00f4sobom stara\u0165.","potentialAction":[{"@type":"SearchAction","target":{"@type":"EntryPoint","urlTemplate":"https:\/\/www.grneko.com\/?s={search_term_string}"},"query-input":"required name=search_term_string"}],"inLanguage":"sk-SK"}]}},"_links":{"self":[{"href":"https:\/\/www.grneko.com\/index.php?rest_route=\/wp\/v2\/product\/2899"}],"collection":[{"href":"https:\/\/www.grneko.com\/index.php?rest_route=\/wp\/v2\/product"}],"about":[{"href":"https:\/\/www.grneko.com\/index.php?rest_route=\/wp\/v2\/types\/product"}],"replies":[{"embeddable":true,"href":"https:\/\/www.grneko.com\/index.php?rest_route=%2Fwp%2Fv2%2Fcomments&post=2899"}],"wp:featuredmedia":[{"embeddable":true,"href":"https:\/\/www.grneko.com\/index.php?rest_route=\/wp\/v2\/media\/2900"}],"wp:attachment":[{"href":"https:\/\/www.grneko.com\/index.php?rest_route=%2Fwp%2Fv2%2Fmedia&parent=2899"}],"wp:term":[{"taxonomy":"product_cat","embeddable":true,"href":"https:\/\/www.grneko.com\/index.php?rest_route=%2Fwp%2Fv2%2Fproduct_cat&post=2899"},{"taxonomy":"product_tag","embeddable":true,"href":"https:\/\/www.grneko.com\/index.php?rest_route=%2Fwp%2Fv2%2Fproduct_tag&post=2899"}],"curies":[{"name":"wp","href":"https:\/\/api.w.org\/{rel}","templated":true}]}}