{"id":2842,"date":"2023-04-27T23:30:15","date_gmt":"2023-04-27T21:30:15","guid":{"rendered":"https:\/\/www.grneko.com\/?post_type=product&#038;p=2842"},"modified":"2024-12-17T09:41:48","modified_gmt":"2024-12-17T08:41:48","slug":"stabilizovany-mach-kapcekovy-medium","status":"publish","type":"product","link":"https:\/\/www.grneko.com\/?product=stabilizovany-mach-kapcekovy-medium","title":{"rendered":"Stabilizovan\u00fd mach kop\u010dekov\u00fd Medium"},"content":{"rendered":"<p>Stabilizovan\u00fd kop\u010dekov\u00fd mach &#8211; pr\u00edrodn\u00fd produkt ide\u00e1lny na prid\u00e1vanie text\u00fary machov\u00e9mu obrazu alebo stene.<\/p>\n","protected":false},"excerpt":{"rendered":"<p>Stabilizovan\u00fd kop\u010dekov\u00fd mach &#8211; pr\u00edrodn\u00fd produkt ide\u00e1lny na prid\u00e1vanie text\u00fary machov\u00e9mu obrazu alebo stene.<\/p>\n","protected":false},"featured_media":2843,"comment_status":"open","ping_status":"closed","template":"","meta":{"_monsterinsights_skip_tracking":false,"_monsterinsights_sitenote_active":false,"_monsterinsights_sitenote_note":"","_monsterinsights_sitenote_category":0},"product_cat":[21],"product_tag":[],"yoast_head":"<!-- This site is optimized with the Yoast SEO plugin v23.0 - https:\/\/yoast.com\/wordpress\/plugins\/seo\/ -->\n<title>Stabilizovan\u00fd mach kop\u010dekov\u00fd Medium - GRNEko<\/title>\n<meta name=\"robots\" content=\"index, follow, max-snippet:-1, max-image-preview:large, max-video-preview:-1\" \/>\n<link rel=\"canonical\" href=\"https:\/\/www.grneko.com\/?product=stabilizovany-mach-kapcekovy-medium\" \/>\n<meta property=\"og:locale\" content=\"sk_SK\" \/>\n<meta property=\"og:type\" content=\"article\" \/>\n<meta property=\"og:title\" content=\"Stabilizovan\u00fd mach kop\u010dekov\u00fd Medium - GRNEko\" \/>\n<meta property=\"og:description\" content=\"Stabilizovan\u00fd kop\u010dekov\u00fd mach &#8211; pr\u00edrodn\u00fd produkt ide\u00e1lny na prid\u00e1vanie text\u00fary machov\u00e9mu obrazu alebo stene.\" \/>\n<meta property=\"og:url\" content=\"https:\/\/www.grneko.com\/?product=stabilizovany-mach-kapcekovy-medium\" \/>\n<meta property=\"og:site_name\" content=\"GRNEko\" \/>\n<meta property=\"article:modified_time\" content=\"2024-12-17T08:41:48+00:00\" \/>\n<meta property=\"og:image\" content=\"https:\/\/www.grneko.com\/wp-content\/uploads\/2023\/04\/c.-17.-medium-kopcek.jpg\" \/>\n\t<meta property=\"og:image:width\" content=\"700\" \/>\n\t<meta property=\"og:image:height\" content=\"466\" \/>\n\t<meta property=\"og:image:type\" content=\"image\/jpeg\" \/>\n<meta name=\"twitter:card\" content=\"summary_large_image\" \/>\n<meta name=\"twitter:label1\" content=\"Predpokladan\u00fd \u010das \u010d\u00edtania\" \/>\n\t<meta name=\"twitter:data1\" content=\"1 min\u00fata\" \/>\n<script type=\"application\/ld+json\" class=\"yoast-schema-graph\">{\"@context\":\"https:\/\/schema.org\",\"@graph\":[{\"@type\":\"WebPage\",\"@id\":\"https:\/\/www.grneko.com\/?product=stabilizovany-mach-kapcekovy-medium\",\"url\":\"https:\/\/www.grneko.com\/?product=stabilizovany-mach-kapcekovy-medium\",\"name\":\"Stabilizovan\u00fd mach kop\u010dekov\u00fd Medium - GRNEko\",\"isPartOf\":{\"@id\":\"https:\/\/www.grneko.com\/#website\"},\"primaryImageOfPage\":{\"@id\":\"https:\/\/www.grneko.com\/?product=stabilizovany-mach-kapcekovy-medium#primaryimage\"},\"image\":{\"@id\":\"https:\/\/www.grneko.com\/?product=stabilizovany-mach-kapcekovy-medium#primaryimage\"},\"thumbnailUrl\":\"https:\/\/www.grneko.com\/wp-content\/uploads\/2023\/04\/c.-17.-medium-kopcek.jpg\",\"datePublished\":\"2023-04-27T21:30:15+00:00\",\"dateModified\":\"2024-12-17T08:41:48+00:00\",\"breadcrumb\":{\"@id\":\"https:\/\/www.grneko.com\/?product=stabilizovany-mach-kapcekovy-medium#breadcrumb\"},\"inLanguage\":\"sk-SK\",\"potentialAction\":[{\"@type\":\"ReadAction\",\"target\":[\"https:\/\/www.grneko.com\/?product=stabilizovany-mach-kapcekovy-medium\"]}]},{\"@type\":\"ImageObject\",\"inLanguage\":\"sk-SK\",\"@id\":\"https:\/\/www.grneko.com\/?product=stabilizovany-mach-kapcekovy-medium#primaryimage\",\"url\":\"https:\/\/www.grneko.com\/wp-content\/uploads\/2023\/04\/c.-17.-medium-kopcek.jpg\",\"contentUrl\":\"https:\/\/www.grneko.com\/wp-content\/uploads\/2023\/04\/c.-17.-medium-kopcek.jpg\",\"width\":700,\"height\":466,\"caption\":\"stabilizovany mach kopcekovy\"},{\"@type\":\"BreadcrumbList\",\"@id\":\"https:\/\/www.grneko.com\/?product=stabilizovany-mach-kapcekovy-medium#breadcrumb\",\"itemListElement\":[{\"@type\":\"ListItem\",\"position\":1,\"name\":\"Domov\",\"item\":\"https:\/\/www.grneko.com\/\"},{\"@type\":\"ListItem\",\"position\":2,\"name\":\"Obchod\",\"item\":\"https:\/\/www.grneko.com\/?page_id=20\"},{\"@type\":\"ListItem\",\"position\":3,\"name\":\"Stabilizovan\u00fd mach kop\u010dekov\u00fd Medium\"}]},{\"@type\":\"WebSite\",\"@id\":\"https:\/\/www.grneko.com\/#website\",\"url\":\"https:\/\/www.grneko.com\/\",\"name\":\"GRNEko\",\"description\":\"Radi V\u00e1m pom\u00f4\u017eeme vyrie\u0161i\u0165 ot\u00e1zku bezstarostliveho ozele\u0148ovania V\u00e1\u0161ho interi\u00e9ru. Vyrob\u00edme na mieru presne pod\u013ea Va\u0161ich predst\u00e1v doplnky zo stabilizovan\u00e9ho machu, ktor\u00fdmi nielen o\u017eivite prostredie ale aj zabudnite \u017ee sa o nich treba nejak\u00fdm sp\u00f4sobom stara\u0165.\",\"potentialAction\":[{\"@type\":\"SearchAction\",\"target\":{\"@type\":\"EntryPoint\",\"urlTemplate\":\"https:\/\/www.grneko.com\/?s={search_term_string}\"},\"query-input\":\"required name=search_term_string\"}],\"inLanguage\":\"sk-SK\"}]}<\/script>\n<!-- \/ Yoast SEO plugin. -->","yoast_head_json":{"title":"Stabilizovan\u00fd mach kop\u010dekov\u00fd Medium - GRNEko","robots":{"index":"index","follow":"follow","max-snippet":"max-snippet:-1","max-image-preview":"max-image-preview:large","max-video-preview":"max-video-preview:-1"},"canonical":"https:\/\/www.grneko.com\/?product=stabilizovany-mach-kapcekovy-medium","og_locale":"sk_SK","og_type":"article","og_title":"Stabilizovan\u00fd mach kop\u010dekov\u00fd Medium - GRNEko","og_description":"Stabilizovan\u00fd kop\u010dekov\u00fd mach &#8211; pr\u00edrodn\u00fd produkt ide\u00e1lny na prid\u00e1vanie text\u00fary machov\u00e9mu obrazu alebo stene.","og_url":"https:\/\/www.grneko.com\/?product=stabilizovany-mach-kapcekovy-medium","og_site_name":"GRNEko","article_modified_time":"2024-12-17T08:41:48+00:00","og_image":[{"width":700,"height":466,"url":"https:\/\/www.grneko.com\/wp-content\/uploads\/2023\/04\/c.-17.-medium-kopcek.jpg","type":"image\/jpeg"}],"twitter_card":"summary_large_image","twitter_misc":{"Predpokladan\u00fd \u010das \u010d\u00edtania":"1 min\u00fata"},"schema":{"@context":"https:\/\/schema.org","@graph":[{"@type":"WebPage","@id":"https:\/\/www.grneko.com\/?product=stabilizovany-mach-kapcekovy-medium","url":"https:\/\/www.grneko.com\/?product=stabilizovany-mach-kapcekovy-medium","name":"Stabilizovan\u00fd mach kop\u010dekov\u00fd Medium - GRNEko","isPartOf":{"@id":"https:\/\/www.grneko.com\/#website"},"primaryImageOfPage":{"@id":"https:\/\/www.grneko.com\/?product=stabilizovany-mach-kapcekovy-medium#primaryimage"},"image":{"@id":"https:\/\/www.grneko.com\/?product=stabilizovany-mach-kapcekovy-medium#primaryimage"},"thumbnailUrl":"https:\/\/www.grneko.com\/wp-content\/uploads\/2023\/04\/c.-17.-medium-kopcek.jpg","datePublished":"2023-04-27T21:30:15+00:00","dateModified":"2024-12-17T08:41:48+00:00","breadcrumb":{"@id":"https:\/\/www.grneko.com\/?product=stabilizovany-mach-kapcekovy-medium#breadcrumb"},"inLanguage":"sk-SK","potentialAction":[{"@type":"ReadAction","target":["https:\/\/www.grneko.com\/?product=stabilizovany-mach-kapcekovy-medium"]}]},{"@type":"ImageObject","inLanguage":"sk-SK","@id":"https:\/\/www.grneko.com\/?product=stabilizovany-mach-kapcekovy-medium#primaryimage","url":"https:\/\/www.grneko.com\/wp-content\/uploads\/2023\/04\/c.-17.-medium-kopcek.jpg","contentUrl":"https:\/\/www.grneko.com\/wp-content\/uploads\/2023\/04\/c.-17.-medium-kopcek.jpg","width":700,"height":466,"caption":"stabilizovany mach kopcekovy"},{"@type":"BreadcrumbList","@id":"https:\/\/www.grneko.com\/?product=stabilizovany-mach-kapcekovy-medium#breadcrumb","itemListElement":[{"@type":"ListItem","position":1,"name":"Domov","item":"https:\/\/www.grneko.com\/"},{"@type":"ListItem","position":2,"name":"Obchod","item":"https:\/\/www.grneko.com\/?page_id=20"},{"@type":"ListItem","position":3,"name":"Stabilizovan\u00fd mach kop\u010dekov\u00fd Medium"}]},{"@type":"WebSite","@id":"https:\/\/www.grneko.com\/#website","url":"https:\/\/www.grneko.com\/","name":"GRNEko","description":"Radi V\u00e1m pom\u00f4\u017eeme vyrie\u0161i\u0165 ot\u00e1zku bezstarostliveho ozele\u0148ovania V\u00e1\u0161ho interi\u00e9ru. Vyrob\u00edme na mieru presne pod\u013ea Va\u0161ich predst\u00e1v doplnky zo stabilizovan\u00e9ho machu, ktor\u00fdmi nielen o\u017eivite prostredie ale aj zabudnite \u017ee sa o nich treba nejak\u00fdm sp\u00f4sobom stara\u0165.","potentialAction":[{"@type":"SearchAction","target":{"@type":"EntryPoint","urlTemplate":"https:\/\/www.grneko.com\/?s={search_term_string}"},"query-input":"required name=search_term_string"}],"inLanguage":"sk-SK"}]}},"_links":{"self":[{"href":"https:\/\/www.grneko.com\/index.php?rest_route=\/wp\/v2\/product\/2842"}],"collection":[{"href":"https:\/\/www.grneko.com\/index.php?rest_route=\/wp\/v2\/product"}],"about":[{"href":"https:\/\/www.grneko.com\/index.php?rest_route=\/wp\/v2\/types\/product"}],"replies":[{"embeddable":true,"href":"https:\/\/www.grneko.com\/index.php?rest_route=%2Fwp%2Fv2%2Fcomments&post=2842"}],"wp:featuredmedia":[{"embeddable":true,"href":"https:\/\/www.grneko.com\/index.php?rest_route=\/wp\/v2\/media\/2843"}],"wp:attachment":[{"href":"https:\/\/www.grneko.com\/index.php?rest_route=%2Fwp%2Fv2%2Fmedia&parent=2842"}],"wp:term":[{"taxonomy":"product_cat","embeddable":true,"href":"https:\/\/www.grneko.com\/index.php?rest_route=%2Fwp%2Fv2%2Fproduct_cat&post=2842"},{"taxonomy":"product_tag","embeddable":true,"href":"https:\/\/www.grneko.com\/index.php?rest_route=%2Fwp%2Fv2%2Fproduct_tag&post=2842"}],"curies":[{"name":"wp","href":"https:\/\/api.w.org\/{rel}","templated":true}]}}