{"id":2741,"date":"2023-03-17T16:50:40","date_gmt":"2023-03-17T15:50:40","guid":{"rendered":"https:\/\/www.grneko.com\/?post_type=product&#038;p=2741"},"modified":"2025-10-08T13:35:39","modified_gmt":"2025-10-08T11:35:39","slug":"machovy-obraz-symbol","status":"publish","type":"product","link":"https:\/\/www.grneko.com\/?product=machovy-obraz-symbol","title":{"rendered":"Machov\u00fd obraz &#8211; LOGO Hieroglyphics Imperium Recordings"},"content":{"rendered":"<p>Jedine\u010dn\u00e9 a origin\u00e1lne, ru\u010dne vyr\u00e1ban\u00e9 obrazy z machu. Rozmer, tvar, farbu machu aj r\u00e1mu vieme prisp\u00f4sobi\u0165 va\u0161im individu\u00e1lnym po\u017eiadavk\u00e1m. Rozmer (priemer): 500 mm<\/p>\n","protected":false},"excerpt":{"rendered":"<p>Jedine\u010dn\u00e9 a origin\u00e1lne, ru\u010dne vyr\u00e1ban\u00e9 obrazy z machu. Rozmer, tvar, farbu machu aj r\u00e1mu vieme prisp\u00f4sobi\u0165 va\u0161im individu\u00e1lnym po\u017eiadavk\u00e1m. Rozmer (priemer): 500 mm<\/p>\n","protected":false},"featured_media":2742,"comment_status":"open","ping_status":"closed","template":"","meta":{"_monsterinsights_skip_tracking":false,"_monsterinsights_sitenote_active":false,"_monsterinsights_sitenote_note":"","_monsterinsights_sitenote_category":0},"product_cat":[20],"product_tag":[],"yoast_head":"<!-- This site is optimized with the Yoast SEO plugin v23.0 - https:\/\/yoast.com\/wordpress\/plugins\/seo\/ -->\n<title>Machov\u00fd obraz - LOGO Hieroglyphics Imperium Recordings - GRNEko<\/title>\n<meta name=\"robots\" content=\"index, follow, max-snippet:-1, max-image-preview:large, max-video-preview:-1\" \/>\n<link rel=\"canonical\" href=\"https:\/\/www.grneko.com\/?product=machovy-obraz-symbol\" \/>\n<meta property=\"og:locale\" content=\"sk_SK\" \/>\n<meta property=\"og:type\" content=\"article\" \/>\n<meta property=\"og:title\" content=\"Machov\u00fd obraz - LOGO Hieroglyphics Imperium Recordings - GRNEko\" \/>\n<meta property=\"og:description\" content=\"Jedine\u010dn\u00e9 a origin\u00e1lne, ru\u010dne vyr\u00e1ban\u00e9 obrazy z machu. Rozmer, tvar, farbu machu aj r\u00e1mu vieme prisp\u00f4sobi\u0165 va\u0161im individu\u00e1lnym po\u017eiadavk\u00e1m. Rozmer (priemer): 500 mm\" \/>\n<meta property=\"og:url\" content=\"https:\/\/www.grneko.com\/?product=machovy-obraz-symbol\" \/>\n<meta property=\"og:site_name\" content=\"GRNEko\" \/>\n<meta property=\"article:modified_time\" content=\"2025-10-08T11:35:39+00:00\" \/>\n<meta property=\"og:image\" content=\"https:\/\/www.grneko.com\/wp-content\/uploads\/2023\/03\/kvety-19137-scaled.jpg\" \/>\n\t<meta property=\"og:image:width\" content=\"1707\" \/>\n\t<meta property=\"og:image:height\" content=\"2560\" \/>\n\t<meta property=\"og:image:type\" content=\"image\/jpeg\" \/>\n<meta name=\"twitter:card\" content=\"summary_large_image\" \/>\n<meta name=\"twitter:label1\" content=\"Predpokladan\u00fd \u010das \u010d\u00edtania\" \/>\n\t<meta name=\"twitter:data1\" content=\"1 min\u00fata\" \/>\n<script type=\"application\/ld+json\" class=\"yoast-schema-graph\">{\"@context\":\"https:\/\/schema.org\",\"@graph\":[{\"@type\":\"WebPage\",\"@id\":\"https:\/\/www.grneko.com\/?product=machovy-obraz-symbol\",\"url\":\"https:\/\/www.grneko.com\/?product=machovy-obraz-symbol\",\"name\":\"Machov\u00fd obraz - LOGO Hieroglyphics Imperium Recordings - GRNEko\",\"isPartOf\":{\"@id\":\"https:\/\/www.grneko.com\/#website\"},\"primaryImageOfPage\":{\"@id\":\"https:\/\/www.grneko.com\/?product=machovy-obraz-symbol#primaryimage\"},\"image\":{\"@id\":\"https:\/\/www.grneko.com\/?product=machovy-obraz-symbol#primaryimage\"},\"thumbnailUrl\":\"https:\/\/www.grneko.com\/wp-content\/uploads\/2023\/03\/kvety-19137-scaled.jpg\",\"datePublished\":\"2023-03-17T15:50:40+00:00\",\"dateModified\":\"2025-10-08T11:35:39+00:00\",\"breadcrumb\":{\"@id\":\"https:\/\/www.grneko.com\/?product=machovy-obraz-symbol#breadcrumb\"},\"inLanguage\":\"sk-SK\",\"potentialAction\":[{\"@type\":\"ReadAction\",\"target\":[\"https:\/\/www.grneko.com\/?product=machovy-obraz-symbol\"]}]},{\"@type\":\"ImageObject\",\"inLanguage\":\"sk-SK\",\"@id\":\"https:\/\/www.grneko.com\/?product=machovy-obraz-symbol#primaryimage\",\"url\":\"https:\/\/www.grneko.com\/wp-content\/uploads\/2023\/03\/kvety-19137-scaled.jpg\",\"contentUrl\":\"https:\/\/www.grneko.com\/wp-content\/uploads\/2023\/03\/kvety-19137-scaled.jpg\",\"width\":1707,\"height\":2560,\"caption\":\"ma chove obrazy logo\"},{\"@type\":\"BreadcrumbList\",\"@id\":\"https:\/\/www.grneko.com\/?product=machovy-obraz-symbol#breadcrumb\",\"itemListElement\":[{\"@type\":\"ListItem\",\"position\":1,\"name\":\"Domov\",\"item\":\"https:\/\/www.grneko.com\/\"},{\"@type\":\"ListItem\",\"position\":2,\"name\":\"Obchod\",\"item\":\"https:\/\/www.grneko.com\/?page_id=20\"},{\"@type\":\"ListItem\",\"position\":3,\"name\":\"Machov\u00fd obraz &#8211; LOGO Hieroglyphics Imperium Recordings\"}]},{\"@type\":\"WebSite\",\"@id\":\"https:\/\/www.grneko.com\/#website\",\"url\":\"https:\/\/www.grneko.com\/\",\"name\":\"GRNEko\",\"description\":\"Radi V\u00e1m pom\u00f4\u017eeme vyrie\u0161i\u0165 ot\u00e1zku bezstarostliveho ozele\u0148ovania V\u00e1\u0161ho interi\u00e9ru. Vyrob\u00edme na mieru presne pod\u013ea Va\u0161ich predst\u00e1v doplnky zo stabilizovan\u00e9ho machu, ktor\u00fdmi nielen o\u017eivite prostredie ale aj zabudnite \u017ee sa o nich treba nejak\u00fdm sp\u00f4sobom stara\u0165.\",\"potentialAction\":[{\"@type\":\"SearchAction\",\"target\":{\"@type\":\"EntryPoint\",\"urlTemplate\":\"https:\/\/www.grneko.com\/?s={search_term_string}\"},\"query-input\":\"required name=search_term_string\"}],\"inLanguage\":\"sk-SK\"}]}<\/script>\n<!-- \/ Yoast SEO plugin. -->","yoast_head_json":{"title":"Machov\u00fd obraz - LOGO Hieroglyphics Imperium Recordings - GRNEko","robots":{"index":"index","follow":"follow","max-snippet":"max-snippet:-1","max-image-preview":"max-image-preview:large","max-video-preview":"max-video-preview:-1"},"canonical":"https:\/\/www.grneko.com\/?product=machovy-obraz-symbol","og_locale":"sk_SK","og_type":"article","og_title":"Machov\u00fd obraz - LOGO Hieroglyphics Imperium Recordings - GRNEko","og_description":"Jedine\u010dn\u00e9 a origin\u00e1lne, ru\u010dne vyr\u00e1ban\u00e9 obrazy z machu. Rozmer, tvar, farbu machu aj r\u00e1mu vieme prisp\u00f4sobi\u0165 va\u0161im individu\u00e1lnym po\u017eiadavk\u00e1m. Rozmer (priemer): 500 mm","og_url":"https:\/\/www.grneko.com\/?product=machovy-obraz-symbol","og_site_name":"GRNEko","article_modified_time":"2025-10-08T11:35:39+00:00","og_image":[{"width":1707,"height":2560,"url":"https:\/\/www.grneko.com\/wp-content\/uploads\/2023\/03\/kvety-19137-scaled.jpg","type":"image\/jpeg"}],"twitter_card":"summary_large_image","twitter_misc":{"Predpokladan\u00fd \u010das \u010d\u00edtania":"1 min\u00fata"},"schema":{"@context":"https:\/\/schema.org","@graph":[{"@type":"WebPage","@id":"https:\/\/www.grneko.com\/?product=machovy-obraz-symbol","url":"https:\/\/www.grneko.com\/?product=machovy-obraz-symbol","name":"Machov\u00fd obraz - LOGO Hieroglyphics Imperium Recordings - GRNEko","isPartOf":{"@id":"https:\/\/www.grneko.com\/#website"},"primaryImageOfPage":{"@id":"https:\/\/www.grneko.com\/?product=machovy-obraz-symbol#primaryimage"},"image":{"@id":"https:\/\/www.grneko.com\/?product=machovy-obraz-symbol#primaryimage"},"thumbnailUrl":"https:\/\/www.grneko.com\/wp-content\/uploads\/2023\/03\/kvety-19137-scaled.jpg","datePublished":"2023-03-17T15:50:40+00:00","dateModified":"2025-10-08T11:35:39+00:00","breadcrumb":{"@id":"https:\/\/www.grneko.com\/?product=machovy-obraz-symbol#breadcrumb"},"inLanguage":"sk-SK","potentialAction":[{"@type":"ReadAction","target":["https:\/\/www.grneko.com\/?product=machovy-obraz-symbol"]}]},{"@type":"ImageObject","inLanguage":"sk-SK","@id":"https:\/\/www.grneko.com\/?product=machovy-obraz-symbol#primaryimage","url":"https:\/\/www.grneko.com\/wp-content\/uploads\/2023\/03\/kvety-19137-scaled.jpg","contentUrl":"https:\/\/www.grneko.com\/wp-content\/uploads\/2023\/03\/kvety-19137-scaled.jpg","width":1707,"height":2560,"caption":"ma chove obrazy logo"},{"@type":"BreadcrumbList","@id":"https:\/\/www.grneko.com\/?product=machovy-obraz-symbol#breadcrumb","itemListElement":[{"@type":"ListItem","position":1,"name":"Domov","item":"https:\/\/www.grneko.com\/"},{"@type":"ListItem","position":2,"name":"Obchod","item":"https:\/\/www.grneko.com\/?page_id=20"},{"@type":"ListItem","position":3,"name":"Machov\u00fd obraz &#8211; LOGO Hieroglyphics Imperium Recordings"}]},{"@type":"WebSite","@id":"https:\/\/www.grneko.com\/#website","url":"https:\/\/www.grneko.com\/","name":"GRNEko","description":"Radi V\u00e1m pom\u00f4\u017eeme vyrie\u0161i\u0165 ot\u00e1zku bezstarostliveho ozele\u0148ovania V\u00e1\u0161ho interi\u00e9ru. Vyrob\u00edme na mieru presne pod\u013ea Va\u0161ich predst\u00e1v doplnky zo stabilizovan\u00e9ho machu, ktor\u00fdmi nielen o\u017eivite prostredie ale aj zabudnite \u017ee sa o nich treba nejak\u00fdm sp\u00f4sobom stara\u0165.","potentialAction":[{"@type":"SearchAction","target":{"@type":"EntryPoint","urlTemplate":"https:\/\/www.grneko.com\/?s={search_term_string}"},"query-input":"required name=search_term_string"}],"inLanguage":"sk-SK"}]}},"_links":{"self":[{"href":"https:\/\/www.grneko.com\/index.php?rest_route=\/wp\/v2\/product\/2741"}],"collection":[{"href":"https:\/\/www.grneko.com\/index.php?rest_route=\/wp\/v2\/product"}],"about":[{"href":"https:\/\/www.grneko.com\/index.php?rest_route=\/wp\/v2\/types\/product"}],"replies":[{"embeddable":true,"href":"https:\/\/www.grneko.com\/index.php?rest_route=%2Fwp%2Fv2%2Fcomments&post=2741"}],"wp:featuredmedia":[{"embeddable":true,"href":"https:\/\/www.grneko.com\/index.php?rest_route=\/wp\/v2\/media\/2742"}],"wp:attachment":[{"href":"https:\/\/www.grneko.com\/index.php?rest_route=%2Fwp%2Fv2%2Fmedia&parent=2741"}],"wp:term":[{"taxonomy":"product_cat","embeddable":true,"href":"https:\/\/www.grneko.com\/index.php?rest_route=%2Fwp%2Fv2%2Fproduct_cat&post=2741"},{"taxonomy":"product_tag","embeddable":true,"href":"https:\/\/www.grneko.com\/index.php?rest_route=%2Fwp%2Fv2%2Fproduct_tag&post=2741"}],"curies":[{"name":"wp","href":"https:\/\/api.w.org\/{rel}","templated":true}]}}