{"id":2699,"date":"2023-03-16T17:34:19","date_gmt":"2023-03-16T16:34:19","guid":{"rendered":"https:\/\/www.grneko.com\/?post_type=product&#038;p=2699"},"modified":"2025-11-11T00:29:13","modified_gmt":"2025-11-10T23:29:13","slug":"machovy-obraz-kavove-zrnko","status":"publish","type":"product","link":"https:\/\/www.grneko.com\/?product=machovy-obraz-kavove-zrnko","title":{"rendered":"Machov\u00fd obraz K\u00c1VOVE ZRNKO"},"content":{"rendered":"<p>Tento obraz prin\u00e1\u0161a detail k\u00e1vov\u00e9ho zrna v machovej interpret\u00e1cii. Tvar zrna vyrezan\u00fd z dreven\u00e9ho podkladuaokolie tvori mach li\u0161ajnik. V\u010faka pr\u00edrodnej text\u00fare machu p\u00f4sob\u00ed obraz elegantne a zauj\u00edmavo. Hod\u00ed sa do kuch\u00fd\u0148, kaviarn\u00ed alebo ako dar\u010dek pre baristov. Je \u00faplne bez\u00fadr\u017ebov\u00fd.<\/p>\n<p>Rozmer: 60 cm x 80cm<\/p>\n","protected":false},"excerpt":{"rendered":"<p>Tento obraz prin\u00e1\u0161a detail k\u00e1vov\u00e9ho zrna v machovej interpret\u00e1cii. Tvar zrna vyrezan\u00fd z dreven\u00e9ho podkladuaokolie tvori mach li\u0161ajnik. V\u010faka pr\u00edrodnej text\u00fare machu p\u00f4sob\u00ed obraz elegantne a zauj\u00edmavo. Hod\u00ed sa do kuch\u00fd\u0148, kaviarn\u00ed alebo ako dar\u010dek pre baristov. Je \u00faplne bez\u00fadr\u017ebov\u00fd. Rozmer: 60 cm x 80cm<\/p>\n","protected":false},"featured_media":2701,"comment_status":"open","ping_status":"closed","template":"","meta":{"_monsterinsights_skip_tracking":false,"_monsterinsights_sitenote_active":false,"_monsterinsights_sitenote_note":"","_monsterinsights_sitenote_category":0},"product_cat":[17],"product_tag":[],"yoast_head":"<!-- This site is optimized with the Yoast SEO plugin v23.0 - https:\/\/yoast.com\/wordpress\/plugins\/seo\/ -->\n<title>Machov\u00fd obraz K\u00c1VOVE ZRNKO - GRNEko<\/title>\n<meta name=\"description\" content=\"Obraz K\u00c1VOV\u00c9 ZRNO zobrazuje k\u00e1vov\u00e9 zrno vytvoren\u00e9 zo stabilizovan\u00e9ho machu. Ide\u00e1lny dar\u010dek pre milovn\u00edkov k\u00e1vy.\" \/>\n<meta name=\"robots\" content=\"index, follow, max-snippet:-1, max-image-preview:large, max-video-preview:-1\" \/>\n<link rel=\"canonical\" href=\"https:\/\/www.grneko.com\/?product=machovy-obraz-kavove-zrnko\" \/>\n<meta property=\"og:locale\" content=\"sk_SK\" \/>\n<meta property=\"og:type\" content=\"article\" \/>\n<meta property=\"og:title\" content=\"Machov\u00fd obraz K\u00c1VOVE ZRNKO - GRNEko\" \/>\n<meta property=\"og:description\" content=\"Obraz K\u00c1VOV\u00c9 ZRNO zobrazuje k\u00e1vov\u00e9 zrno vytvoren\u00e9 zo stabilizovan\u00e9ho machu. Ide\u00e1lny dar\u010dek pre milovn\u00edkov k\u00e1vy.\" \/>\n<meta property=\"og:url\" content=\"https:\/\/www.grneko.com\/?product=machovy-obraz-kavove-zrnko\" \/>\n<meta property=\"og:site_name\" content=\"GRNEko\" \/>\n<meta property=\"article:modified_time\" content=\"2025-11-10T23:29:13+00:00\" \/>\n<meta property=\"og:image\" content=\"https:\/\/www.grneko.com\/wp-content\/uploads\/2023\/03\/kvety-19122-scaled.jpg\" \/>\n\t<meta property=\"og:image:width\" content=\"1707\" \/>\n\t<meta property=\"og:image:height\" content=\"2560\" \/>\n\t<meta property=\"og:image:type\" content=\"image\/jpeg\" \/>\n<meta name=\"twitter:card\" content=\"summary_large_image\" \/>\n<meta name=\"twitter:label1\" content=\"Predpokladan\u00fd \u010das \u010d\u00edtania\" \/>\n\t<meta name=\"twitter:data1\" content=\"1 min\u00fata\" \/>\n<script type=\"application\/ld+json\" class=\"yoast-schema-graph\">{\"@context\":\"https:\/\/schema.org\",\"@graph\":[{\"@type\":\"WebPage\",\"@id\":\"https:\/\/www.grneko.com\/?product=machovy-obraz-kavove-zrnko\",\"url\":\"https:\/\/www.grneko.com\/?product=machovy-obraz-kavove-zrnko\",\"name\":\"Machov\u00fd obraz K\u00c1VOVE ZRNKO - GRNEko\",\"isPartOf\":{\"@id\":\"https:\/\/www.grneko.com\/#website\"},\"primaryImageOfPage\":{\"@id\":\"https:\/\/www.grneko.com\/?product=machovy-obraz-kavove-zrnko#primaryimage\"},\"image\":{\"@id\":\"https:\/\/www.grneko.com\/?product=machovy-obraz-kavove-zrnko#primaryimage\"},\"thumbnailUrl\":\"https:\/\/www.grneko.com\/wp-content\/uploads\/2023\/03\/kvety-19122-scaled.jpg\",\"datePublished\":\"2023-03-16T16:34:19+00:00\",\"dateModified\":\"2025-11-10T23:29:13+00:00\",\"description\":\"Obraz K\u00c1VOV\u00c9 ZRNO zobrazuje k\u00e1vov\u00e9 zrno vytvoren\u00e9 zo stabilizovan\u00e9ho machu. Ide\u00e1lny dar\u010dek pre milovn\u00edkov k\u00e1vy.\",\"breadcrumb\":{\"@id\":\"https:\/\/www.grneko.com\/?product=machovy-obraz-kavove-zrnko#breadcrumb\"},\"inLanguage\":\"sk-SK\",\"potentialAction\":[{\"@type\":\"ReadAction\",\"target\":[\"https:\/\/www.grneko.com\/?product=machovy-obraz-kavove-zrnko\"]}]},{\"@type\":\"ImageObject\",\"inLanguage\":\"sk-SK\",\"@id\":\"https:\/\/www.grneko.com\/?product=machovy-obraz-kavove-zrnko#primaryimage\",\"url\":\"https:\/\/www.grneko.com\/wp-content\/uploads\/2023\/03\/kvety-19122-scaled.jpg\",\"contentUrl\":\"https:\/\/www.grneko.com\/wp-content\/uploads\/2023\/03\/kvety-19122-scaled.jpg\",\"width\":1707,\"height\":2560,\"caption\":\"kavovy obraz na stenu\"},{\"@type\":\"BreadcrumbList\",\"@id\":\"https:\/\/www.grneko.com\/?product=machovy-obraz-kavove-zrnko#breadcrumb\",\"itemListElement\":[{\"@type\":\"ListItem\",\"position\":1,\"name\":\"Domov\",\"item\":\"https:\/\/www.grneko.com\/\"},{\"@type\":\"ListItem\",\"position\":2,\"name\":\"Obchod\",\"item\":\"https:\/\/www.grneko.com\/?page_id=20\"},{\"@type\":\"ListItem\",\"position\":3,\"name\":\"Machov\u00fd obraz K\u00c1VOVE ZRNKO\"}]},{\"@type\":\"WebSite\",\"@id\":\"https:\/\/www.grneko.com\/#website\",\"url\":\"https:\/\/www.grneko.com\/\",\"name\":\"GRNEko\",\"description\":\"Radi V\u00e1m pom\u00f4\u017eeme vyrie\u0161i\u0165 ot\u00e1zku bezstarostliveho ozele\u0148ovania V\u00e1\u0161ho interi\u00e9ru. Vyrob\u00edme na mieru presne pod\u013ea Va\u0161ich predst\u00e1v doplnky zo stabilizovan\u00e9ho machu, ktor\u00fdmi nielen o\u017eivite prostredie ale aj zabudnite \u017ee sa o nich treba nejak\u00fdm sp\u00f4sobom stara\u0165.\",\"potentialAction\":[{\"@type\":\"SearchAction\",\"target\":{\"@type\":\"EntryPoint\",\"urlTemplate\":\"https:\/\/www.grneko.com\/?s={search_term_string}\"},\"query-input\":\"required name=search_term_string\"}],\"inLanguage\":\"sk-SK\"}]}<\/script>\n<!-- \/ Yoast SEO plugin. -->","yoast_head_json":{"title":"Machov\u00fd obraz K\u00c1VOVE ZRNKO - GRNEko","description":"Obraz K\u00c1VOV\u00c9 ZRNO zobrazuje k\u00e1vov\u00e9 zrno vytvoren\u00e9 zo stabilizovan\u00e9ho machu. Ide\u00e1lny dar\u010dek pre milovn\u00edkov k\u00e1vy.","robots":{"index":"index","follow":"follow","max-snippet":"max-snippet:-1","max-image-preview":"max-image-preview:large","max-video-preview":"max-video-preview:-1"},"canonical":"https:\/\/www.grneko.com\/?product=machovy-obraz-kavove-zrnko","og_locale":"sk_SK","og_type":"article","og_title":"Machov\u00fd obraz K\u00c1VOVE ZRNKO - GRNEko","og_description":"Obraz K\u00c1VOV\u00c9 ZRNO zobrazuje k\u00e1vov\u00e9 zrno vytvoren\u00e9 zo stabilizovan\u00e9ho machu. Ide\u00e1lny dar\u010dek pre milovn\u00edkov k\u00e1vy.","og_url":"https:\/\/www.grneko.com\/?product=machovy-obraz-kavove-zrnko","og_site_name":"GRNEko","article_modified_time":"2025-11-10T23:29:13+00:00","og_image":[{"width":1707,"height":2560,"url":"https:\/\/www.grneko.com\/wp-content\/uploads\/2023\/03\/kvety-19122-scaled.jpg","type":"image\/jpeg"}],"twitter_card":"summary_large_image","twitter_misc":{"Predpokladan\u00fd \u010das \u010d\u00edtania":"1 min\u00fata"},"schema":{"@context":"https:\/\/schema.org","@graph":[{"@type":"WebPage","@id":"https:\/\/www.grneko.com\/?product=machovy-obraz-kavove-zrnko","url":"https:\/\/www.grneko.com\/?product=machovy-obraz-kavove-zrnko","name":"Machov\u00fd obraz K\u00c1VOVE ZRNKO - GRNEko","isPartOf":{"@id":"https:\/\/www.grneko.com\/#website"},"primaryImageOfPage":{"@id":"https:\/\/www.grneko.com\/?product=machovy-obraz-kavove-zrnko#primaryimage"},"image":{"@id":"https:\/\/www.grneko.com\/?product=machovy-obraz-kavove-zrnko#primaryimage"},"thumbnailUrl":"https:\/\/www.grneko.com\/wp-content\/uploads\/2023\/03\/kvety-19122-scaled.jpg","datePublished":"2023-03-16T16:34:19+00:00","dateModified":"2025-11-10T23:29:13+00:00","description":"Obraz K\u00c1VOV\u00c9 ZRNO zobrazuje k\u00e1vov\u00e9 zrno vytvoren\u00e9 zo stabilizovan\u00e9ho machu. Ide\u00e1lny dar\u010dek pre milovn\u00edkov k\u00e1vy.","breadcrumb":{"@id":"https:\/\/www.grneko.com\/?product=machovy-obraz-kavove-zrnko#breadcrumb"},"inLanguage":"sk-SK","potentialAction":[{"@type":"ReadAction","target":["https:\/\/www.grneko.com\/?product=machovy-obraz-kavove-zrnko"]}]},{"@type":"ImageObject","inLanguage":"sk-SK","@id":"https:\/\/www.grneko.com\/?product=machovy-obraz-kavove-zrnko#primaryimage","url":"https:\/\/www.grneko.com\/wp-content\/uploads\/2023\/03\/kvety-19122-scaled.jpg","contentUrl":"https:\/\/www.grneko.com\/wp-content\/uploads\/2023\/03\/kvety-19122-scaled.jpg","width":1707,"height":2560,"caption":"kavovy obraz na stenu"},{"@type":"BreadcrumbList","@id":"https:\/\/www.grneko.com\/?product=machovy-obraz-kavove-zrnko#breadcrumb","itemListElement":[{"@type":"ListItem","position":1,"name":"Domov","item":"https:\/\/www.grneko.com\/"},{"@type":"ListItem","position":2,"name":"Obchod","item":"https:\/\/www.grneko.com\/?page_id=20"},{"@type":"ListItem","position":3,"name":"Machov\u00fd obraz K\u00c1VOVE ZRNKO"}]},{"@type":"WebSite","@id":"https:\/\/www.grneko.com\/#website","url":"https:\/\/www.grneko.com\/","name":"GRNEko","description":"Radi V\u00e1m pom\u00f4\u017eeme vyrie\u0161i\u0165 ot\u00e1zku bezstarostliveho ozele\u0148ovania V\u00e1\u0161ho interi\u00e9ru. Vyrob\u00edme na mieru presne pod\u013ea Va\u0161ich predst\u00e1v doplnky zo stabilizovan\u00e9ho machu, ktor\u00fdmi nielen o\u017eivite prostredie ale aj zabudnite \u017ee sa o nich treba nejak\u00fdm sp\u00f4sobom stara\u0165.","potentialAction":[{"@type":"SearchAction","target":{"@type":"EntryPoint","urlTemplate":"https:\/\/www.grneko.com\/?s={search_term_string}"},"query-input":"required name=search_term_string"}],"inLanguage":"sk-SK"}]}},"_links":{"self":[{"href":"https:\/\/www.grneko.com\/index.php?rest_route=\/wp\/v2\/product\/2699"}],"collection":[{"href":"https:\/\/www.grneko.com\/index.php?rest_route=\/wp\/v2\/product"}],"about":[{"href":"https:\/\/www.grneko.com\/index.php?rest_route=\/wp\/v2\/types\/product"}],"replies":[{"embeddable":true,"href":"https:\/\/www.grneko.com\/index.php?rest_route=%2Fwp%2Fv2%2Fcomments&post=2699"}],"wp:featuredmedia":[{"embeddable":true,"href":"https:\/\/www.grneko.com\/index.php?rest_route=\/wp\/v2\/media\/2701"}],"wp:attachment":[{"href":"https:\/\/www.grneko.com\/index.php?rest_route=%2Fwp%2Fv2%2Fmedia&parent=2699"}],"wp:term":[{"taxonomy":"product_cat","embeddable":true,"href":"https:\/\/www.grneko.com\/index.php?rest_route=%2Fwp%2Fv2%2Fproduct_cat&post=2699"},{"taxonomy":"product_tag","embeddable":true,"href":"https:\/\/www.grneko.com\/index.php?rest_route=%2Fwp%2Fv2%2Fproduct_tag&post=2699"}],"curies":[{"name":"wp","href":"https:\/\/api.w.org\/{rel}","templated":true}]}}