{"id":2693,"date":"2023-03-16T17:28:15","date_gmt":"2023-03-16T16:28:15","guid":{"rendered":"https:\/\/www.grneko.com\/?post_type=product&#038;p=2693"},"modified":"2025-11-11T00:32:34","modified_gmt":"2025-11-10T23:32:34","slug":"machovy-obraz-spirala","status":"publish","type":"product","link":"https:\/\/www.grneko.com\/?product=machovy-obraz-spirala","title":{"rendered":"Machov\u00fd obraz \u0160PIR\u00c1LA"},"content":{"rendered":"<div class=\"woocommerce-product-details__short-description\">\n<p>Na obraze \u0160PIR\u00c1LA sa vinie to\u010dit\u00fd p\u00e1s machu od stredu smerom von. Kombin\u00e1cia tmav\u00e9ho kop\u010dekov\u00e9ho a svetl\u00e9ho machu\u00a0 li\u0161ajnik zd\u00f4raz\u0148uje rot\u00e1ciu. Tento mot\u00edv symbolizuje neust\u00e1ly pohyb a v\u00fdvoj, preto je vhodn\u00fd do kreat\u00edvnych priestorov, \u0161t\u00fadi\u00ed alebo modern\u00fdch obytn\u00fdch izieb. Obraz je vyroben\u00fd na mieru a nevy\u017eaduje \u017eiadnu starostlivos\u0165.<\/p>\n<p>Rozmer: 60 x 80cm<\/p>\n<\/div>\n","protected":false},"excerpt":{"rendered":"<p>Na obraze \u0160PIR\u00c1LA sa vinie to\u010dit\u00fd p\u00e1s machu od stredu smerom von. Kombin\u00e1cia tmav\u00e9ho kop\u010dekov\u00e9ho a svetl\u00e9ho machu\u00a0 li\u0161ajnik zd\u00f4raz\u0148uje rot\u00e1ciu. Tento mot\u00edv symbolizuje neust\u00e1ly pohyb a v\u00fdvoj, preto je vhodn\u00fd do kreat\u00edvnych priestorov, \u0161t\u00fadi\u00ed alebo modern\u00fdch obytn\u00fdch izieb. Obraz je vyroben\u00fd na mieru a nevy\u017eaduje \u017eiadnu starostlivos\u0165. Rozmer: 60 x 80cm<\/p>\n","protected":false},"featured_media":2694,"comment_status":"open","ping_status":"closed","template":"","meta":{"_monsterinsights_skip_tracking":false,"_monsterinsights_sitenote_active":false,"_monsterinsights_sitenote_note":"","_monsterinsights_sitenote_category":0},"product_cat":[17],"product_tag":[],"yoast_head":"<!-- This site is optimized with the Yoast SEO plugin v23.0 - https:\/\/yoast.com\/wordpress\/plugins\/seo\/ -->\n<title>Machov\u00fd obraz \u0160PIR\u00c1LA - GRNEko<\/title>\n<meta name=\"description\" content=\"\u0160PIR\u00c1LA je machov\u00fd obraz s v\u00fdrazn\u00fdm to\u010dit\u00fdm mot\u00edvom. Dekor\u00e1cia, ktor\u00e1 symbolizuje energiu a pohyb.\" \/>\n<meta name=\"robots\" content=\"index, follow, max-snippet:-1, max-image-preview:large, max-video-preview:-1\" \/>\n<link rel=\"canonical\" href=\"https:\/\/www.grneko.com\/?product=machovy-obraz-spirala\" \/>\n<meta property=\"og:locale\" content=\"sk_SK\" \/>\n<meta property=\"og:type\" content=\"article\" \/>\n<meta property=\"og:title\" content=\"Machov\u00fd obraz \u0160PIR\u00c1LA - GRNEko\" \/>\n<meta property=\"og:description\" content=\"\u0160PIR\u00c1LA je machov\u00fd obraz s v\u00fdrazn\u00fdm to\u010dit\u00fdm mot\u00edvom. Dekor\u00e1cia, ktor\u00e1 symbolizuje energiu a pohyb.\" \/>\n<meta property=\"og:url\" content=\"https:\/\/www.grneko.com\/?product=machovy-obraz-spirala\" \/>\n<meta property=\"og:site_name\" content=\"GRNEko\" \/>\n<meta property=\"article:modified_time\" content=\"2025-11-10T23:32:34+00:00\" \/>\n<meta property=\"og:image\" content=\"https:\/\/www.grneko.com\/wp-content\/uploads\/2023\/03\/do-12-scaled.jpg\" \/>\n\t<meta property=\"og:image:width\" content=\"1707\" \/>\n\t<meta property=\"og:image:height\" content=\"2560\" \/>\n\t<meta property=\"og:image:type\" content=\"image\/jpeg\" \/>\n<meta name=\"twitter:card\" content=\"summary_large_image\" \/>\n<meta name=\"twitter:label1\" content=\"Predpokladan\u00fd \u010das \u010d\u00edtania\" \/>\n\t<meta name=\"twitter:data1\" content=\"1 min\u00fata\" \/>\n<script type=\"application\/ld+json\" class=\"yoast-schema-graph\">{\"@context\":\"https:\/\/schema.org\",\"@graph\":[{\"@type\":\"WebPage\",\"@id\":\"https:\/\/www.grneko.com\/?product=machovy-obraz-spirala\",\"url\":\"https:\/\/www.grneko.com\/?product=machovy-obraz-spirala\",\"name\":\"Machov\u00fd obraz \u0160PIR\u00c1LA - GRNEko\",\"isPartOf\":{\"@id\":\"https:\/\/www.grneko.com\/#website\"},\"primaryImageOfPage\":{\"@id\":\"https:\/\/www.grneko.com\/?product=machovy-obraz-spirala#primaryimage\"},\"image\":{\"@id\":\"https:\/\/www.grneko.com\/?product=machovy-obraz-spirala#primaryimage\"},\"thumbnailUrl\":\"https:\/\/www.grneko.com\/wp-content\/uploads\/2023\/03\/do-12-scaled.jpg\",\"datePublished\":\"2023-03-16T16:28:15+00:00\",\"dateModified\":\"2025-11-10T23:32:34+00:00\",\"description\":\"\u0160PIR\u00c1LA je machov\u00fd obraz s v\u00fdrazn\u00fdm to\u010dit\u00fdm mot\u00edvom. Dekor\u00e1cia, ktor\u00e1 symbolizuje energiu a pohyb.\",\"breadcrumb\":{\"@id\":\"https:\/\/www.grneko.com\/?product=machovy-obraz-spirala#breadcrumb\"},\"inLanguage\":\"sk-SK\",\"potentialAction\":[{\"@type\":\"ReadAction\",\"target\":[\"https:\/\/www.grneko.com\/?product=machovy-obraz-spirala\"]}]},{\"@type\":\"ImageObject\",\"inLanguage\":\"sk-SK\",\"@id\":\"https:\/\/www.grneko.com\/?product=machovy-obraz-spirala#primaryimage\",\"url\":\"https:\/\/www.grneko.com\/wp-content\/uploads\/2023\/03\/do-12-scaled.jpg\",\"contentUrl\":\"https:\/\/www.grneko.com\/wp-content\/uploads\/2023\/03\/do-12-scaled.jpg\",\"width\":1707,\"height\":2560,\"caption\":\"machovy obraz mix machov\"},{\"@type\":\"BreadcrumbList\",\"@id\":\"https:\/\/www.grneko.com\/?product=machovy-obraz-spirala#breadcrumb\",\"itemListElement\":[{\"@type\":\"ListItem\",\"position\":1,\"name\":\"Domov\",\"item\":\"https:\/\/www.grneko.com\/\"},{\"@type\":\"ListItem\",\"position\":2,\"name\":\"Obchod\",\"item\":\"https:\/\/www.grneko.com\/?page_id=20\"},{\"@type\":\"ListItem\",\"position\":3,\"name\":\"Machov\u00fd obraz \u0160PIR\u00c1LA\"}]},{\"@type\":\"WebSite\",\"@id\":\"https:\/\/www.grneko.com\/#website\",\"url\":\"https:\/\/www.grneko.com\/\",\"name\":\"GRNEko\",\"description\":\"Radi V\u00e1m pom\u00f4\u017eeme vyrie\u0161i\u0165 ot\u00e1zku bezstarostliveho ozele\u0148ovania V\u00e1\u0161ho interi\u00e9ru. Vyrob\u00edme na mieru presne pod\u013ea Va\u0161ich predst\u00e1v doplnky zo stabilizovan\u00e9ho machu, ktor\u00fdmi nielen o\u017eivite prostredie ale aj zabudnite \u017ee sa o nich treba nejak\u00fdm sp\u00f4sobom stara\u0165.\",\"potentialAction\":[{\"@type\":\"SearchAction\",\"target\":{\"@type\":\"EntryPoint\",\"urlTemplate\":\"https:\/\/www.grneko.com\/?s={search_term_string}\"},\"query-input\":\"required name=search_term_string\"}],\"inLanguage\":\"sk-SK\"}]}<\/script>\n<!-- \/ Yoast SEO plugin. -->","yoast_head_json":{"title":"Machov\u00fd obraz \u0160PIR\u00c1LA - GRNEko","description":"\u0160PIR\u00c1LA je machov\u00fd obraz s v\u00fdrazn\u00fdm to\u010dit\u00fdm mot\u00edvom. Dekor\u00e1cia, ktor\u00e1 symbolizuje energiu a pohyb.","robots":{"index":"index","follow":"follow","max-snippet":"max-snippet:-1","max-image-preview":"max-image-preview:large","max-video-preview":"max-video-preview:-1"},"canonical":"https:\/\/www.grneko.com\/?product=machovy-obraz-spirala","og_locale":"sk_SK","og_type":"article","og_title":"Machov\u00fd obraz \u0160PIR\u00c1LA - GRNEko","og_description":"\u0160PIR\u00c1LA je machov\u00fd obraz s v\u00fdrazn\u00fdm to\u010dit\u00fdm mot\u00edvom. Dekor\u00e1cia, ktor\u00e1 symbolizuje energiu a pohyb.","og_url":"https:\/\/www.grneko.com\/?product=machovy-obraz-spirala","og_site_name":"GRNEko","article_modified_time":"2025-11-10T23:32:34+00:00","og_image":[{"width":1707,"height":2560,"url":"https:\/\/www.grneko.com\/wp-content\/uploads\/2023\/03\/do-12-scaled.jpg","type":"image\/jpeg"}],"twitter_card":"summary_large_image","twitter_misc":{"Predpokladan\u00fd \u010das \u010d\u00edtania":"1 min\u00fata"},"schema":{"@context":"https:\/\/schema.org","@graph":[{"@type":"WebPage","@id":"https:\/\/www.grneko.com\/?product=machovy-obraz-spirala","url":"https:\/\/www.grneko.com\/?product=machovy-obraz-spirala","name":"Machov\u00fd obraz \u0160PIR\u00c1LA - GRNEko","isPartOf":{"@id":"https:\/\/www.grneko.com\/#website"},"primaryImageOfPage":{"@id":"https:\/\/www.grneko.com\/?product=machovy-obraz-spirala#primaryimage"},"image":{"@id":"https:\/\/www.grneko.com\/?product=machovy-obraz-spirala#primaryimage"},"thumbnailUrl":"https:\/\/www.grneko.com\/wp-content\/uploads\/2023\/03\/do-12-scaled.jpg","datePublished":"2023-03-16T16:28:15+00:00","dateModified":"2025-11-10T23:32:34+00:00","description":"\u0160PIR\u00c1LA je machov\u00fd obraz s v\u00fdrazn\u00fdm to\u010dit\u00fdm mot\u00edvom. Dekor\u00e1cia, ktor\u00e1 symbolizuje energiu a pohyb.","breadcrumb":{"@id":"https:\/\/www.grneko.com\/?product=machovy-obraz-spirala#breadcrumb"},"inLanguage":"sk-SK","potentialAction":[{"@type":"ReadAction","target":["https:\/\/www.grneko.com\/?product=machovy-obraz-spirala"]}]},{"@type":"ImageObject","inLanguage":"sk-SK","@id":"https:\/\/www.grneko.com\/?product=machovy-obraz-spirala#primaryimage","url":"https:\/\/www.grneko.com\/wp-content\/uploads\/2023\/03\/do-12-scaled.jpg","contentUrl":"https:\/\/www.grneko.com\/wp-content\/uploads\/2023\/03\/do-12-scaled.jpg","width":1707,"height":2560,"caption":"machovy obraz mix machov"},{"@type":"BreadcrumbList","@id":"https:\/\/www.grneko.com\/?product=machovy-obraz-spirala#breadcrumb","itemListElement":[{"@type":"ListItem","position":1,"name":"Domov","item":"https:\/\/www.grneko.com\/"},{"@type":"ListItem","position":2,"name":"Obchod","item":"https:\/\/www.grneko.com\/?page_id=20"},{"@type":"ListItem","position":3,"name":"Machov\u00fd obraz \u0160PIR\u00c1LA"}]},{"@type":"WebSite","@id":"https:\/\/www.grneko.com\/#website","url":"https:\/\/www.grneko.com\/","name":"GRNEko","description":"Radi V\u00e1m pom\u00f4\u017eeme vyrie\u0161i\u0165 ot\u00e1zku bezstarostliveho ozele\u0148ovania V\u00e1\u0161ho interi\u00e9ru. Vyrob\u00edme na mieru presne pod\u013ea Va\u0161ich predst\u00e1v doplnky zo stabilizovan\u00e9ho machu, ktor\u00fdmi nielen o\u017eivite prostredie ale aj zabudnite \u017ee sa o nich treba nejak\u00fdm sp\u00f4sobom stara\u0165.","potentialAction":[{"@type":"SearchAction","target":{"@type":"EntryPoint","urlTemplate":"https:\/\/www.grneko.com\/?s={search_term_string}"},"query-input":"required name=search_term_string"}],"inLanguage":"sk-SK"}]}},"_links":{"self":[{"href":"https:\/\/www.grneko.com\/index.php?rest_route=\/wp\/v2\/product\/2693"}],"collection":[{"href":"https:\/\/www.grneko.com\/index.php?rest_route=\/wp\/v2\/product"}],"about":[{"href":"https:\/\/www.grneko.com\/index.php?rest_route=\/wp\/v2\/types\/product"}],"replies":[{"embeddable":true,"href":"https:\/\/www.grneko.com\/index.php?rest_route=%2Fwp%2Fv2%2Fcomments&post=2693"}],"wp:featuredmedia":[{"embeddable":true,"href":"https:\/\/www.grneko.com\/index.php?rest_route=\/wp\/v2\/media\/2694"}],"wp:attachment":[{"href":"https:\/\/www.grneko.com\/index.php?rest_route=%2Fwp%2Fv2%2Fmedia&parent=2693"}],"wp:term":[{"taxonomy":"product_cat","embeddable":true,"href":"https:\/\/www.grneko.com\/index.php?rest_route=%2Fwp%2Fv2%2Fproduct_cat&post=2693"},{"taxonomy":"product_tag","embeddable":true,"href":"https:\/\/www.grneko.com\/index.php?rest_route=%2Fwp%2Fv2%2Fproduct_tag&post=2693"}],"curies":[{"name":"wp","href":"https:\/\/api.w.org\/{rel}","templated":true}]}}