{"id":2499,"date":"2023-03-01T19:25:56","date_gmt":"2023-03-01T18:25:56","guid":{"rendered":"https:\/\/www.grneko.com\/?post_type=product&#038;p=2499"},"modified":"2025-11-11T22:39:22","modified_gmt":"2025-11-11T21:39:22","slug":"machovy-obraz-home","status":"publish","type":"product","link":"https:\/\/www.grneko.com\/?product=machovy-obraz-home","title":{"rendered":"Machov\u00fd obraz HOME"},"content":{"rendered":"<p>Jedine\u010dn\u00e9 a origin\u00e1lne, ru\u010dne vyr\u00e1ban\u00e9 obrazy z machu. Rozmer, tvar, farbu machu aj r\u00e1mu vieme prisp\u00f4sobi\u0165\u00a0va\u0161im individu\u00e1lnym po\u017eiadavk\u00e1m. Rozmer: 110 x 40cm.<\/p>\n<div class='avia-iframe-wrap'><iframe loading=\"lazy\" title=\"Machov\u00fd obraz HOME\" width=\"563\" height=\"1000\" src=\"https:\/\/www.youtube.com\/embed\/jtCL4Fk2l08?feature=oembed\" frameborder=\"0\" allow=\"accelerometer; autoplay; clipboard-write; encrypted-media; gyroscope; picture-in-picture; web-share\" referrerpolicy=\"strict-origin-when-cross-origin\" allowfullscreen><\/iframe><\/div>\n","protected":false},"excerpt":{"rendered":"<p>Obraz \u201eHOME\u201c vyplnen\u00fd zelen\u00fdm machom. Tento obraz dod\u00e1 ka\u017ed\u00e9mu interi\u00e9ru teplo a pocit domova. Je vhodn\u00fd ako dar\u010dek pri s\u0165ahovan\u00ed alebo ako ozdoba do vstupnej haly. Nevy\u017eaduje \u017eiadnu \u00fadr\u017ebu.<\/p>\n<p>&nbsp;<\/p>\n","protected":false},"featured_media":2521,"comment_status":"open","ping_status":"closed","template":"","meta":{"_monsterinsights_skip_tracking":false,"_monsterinsights_sitenote_active":false,"_monsterinsights_sitenote_note":"","_monsterinsights_sitenote_category":0},"product_cat":[17,19],"product_tag":[],"yoast_head":"<!-- This site is optimized with the Yoast SEO plugin v23.0 - https:\/\/yoast.com\/wordpress\/plugins\/seo\/ -->\n<title>Machov\u00fd obraz - Home<\/title>\n<meta name=\"description\" content=\"N\u00e1pis HOME vytvoren\u00fd z machu je \u00fatuln\u00e1 dekor\u00e1cia, ktor\u00e1 pripom\u00edna pohodu domova. Ide\u00e1lny dar pre nov\u00fd domov.\" \/>\n<meta name=\"robots\" content=\"index, follow, max-snippet:-1, max-image-preview:large, max-video-preview:-1\" \/>\n<link rel=\"canonical\" href=\"https:\/\/www.grneko.com\/?product=machovy-obraz-home\" \/>\n<meta property=\"og:locale\" content=\"sk_SK\" \/>\n<meta property=\"og:type\" content=\"article\" \/>\n<meta property=\"og:title\" content=\"Machov\u00fd obraz - Home\" \/>\n<meta property=\"og:description\" content=\"N\u00e1pis HOME vytvoren\u00fd z machu je \u00fatuln\u00e1 dekor\u00e1cia, ktor\u00e1 pripom\u00edna pohodu domova. Ide\u00e1lny dar pre nov\u00fd domov.\" \/>\n<meta property=\"og:url\" content=\"https:\/\/www.grneko.com\/?product=machovy-obraz-home\" \/>\n<meta property=\"og:site_name\" content=\"GRNEko\" \/>\n<meta property=\"article:modified_time\" content=\"2025-11-11T21:39:22+00:00\" \/>\n<meta property=\"og:image\" content=\"https:\/\/www.grneko.com\/wp-content\/uploads\/2023\/03\/machovy-obraz-home-namontujsi.sk-4.jpg\" \/>\n\t<meta property=\"og:image:width\" content=\"1200\" \/>\n\t<meta property=\"og:image:height\" content=\"1200\" \/>\n\t<meta property=\"og:image:type\" content=\"image\/jpeg\" \/>\n<meta name=\"twitter:card\" content=\"summary_large_image\" \/>\n<meta name=\"twitter:label1\" content=\"Predpokladan\u00fd \u010das \u010d\u00edtania\" \/>\n\t<meta name=\"twitter:data1\" content=\"1 min\u00fata\" \/>\n<script type=\"application\/ld+json\" class=\"yoast-schema-graph\">{\"@context\":\"https:\/\/schema.org\",\"@graph\":[{\"@type\":\"WebPage\",\"@id\":\"https:\/\/www.grneko.com\/?product=machovy-obraz-home\",\"url\":\"https:\/\/www.grneko.com\/?product=machovy-obraz-home\",\"name\":\"Machov\u00fd obraz - Home\",\"isPartOf\":{\"@id\":\"https:\/\/www.grneko.com\/#website\"},\"primaryImageOfPage\":{\"@id\":\"https:\/\/www.grneko.com\/?product=machovy-obraz-home#primaryimage\"},\"image\":{\"@id\":\"https:\/\/www.grneko.com\/?product=machovy-obraz-home#primaryimage\"},\"thumbnailUrl\":\"https:\/\/www.grneko.com\/wp-content\/uploads\/2023\/03\/machovy-obraz-home-namontujsi.sk-4.jpg\",\"datePublished\":\"2023-03-01T18:25:56+00:00\",\"dateModified\":\"2025-11-11T21:39:22+00:00\",\"description\":\"N\u00e1pis HOME vytvoren\u00fd z machu je \u00fatuln\u00e1 dekor\u00e1cia, ktor\u00e1 pripom\u00edna pohodu domova. Ide\u00e1lny dar pre nov\u00fd domov.\",\"breadcrumb\":{\"@id\":\"https:\/\/www.grneko.com\/?product=machovy-obraz-home#breadcrumb\"},\"inLanguage\":\"sk-SK\",\"potentialAction\":[{\"@type\":\"ReadAction\",\"target\":[\"https:\/\/www.grneko.com\/?product=machovy-obraz-home\"]}]},{\"@type\":\"ImageObject\",\"inLanguage\":\"sk-SK\",\"@id\":\"https:\/\/www.grneko.com\/?product=machovy-obraz-home#primaryimage\",\"url\":\"https:\/\/www.grneko.com\/wp-content\/uploads\/2023\/03\/machovy-obraz-home-namontujsi.sk-4.jpg\",\"contentUrl\":\"https:\/\/www.grneko.com\/wp-content\/uploads\/2023\/03\/machovy-obraz-home-namontujsi.sk-4.jpg\",\"width\":1200,\"height\":1200},{\"@type\":\"BreadcrumbList\",\"@id\":\"https:\/\/www.grneko.com\/?product=machovy-obraz-home#breadcrumb\",\"itemListElement\":[{\"@type\":\"ListItem\",\"position\":1,\"name\":\"Domov\",\"item\":\"https:\/\/www.grneko.com\/\"},{\"@type\":\"ListItem\",\"position\":2,\"name\":\"Obchod\",\"item\":\"https:\/\/www.grneko.com\/?page_id=20\"},{\"@type\":\"ListItem\",\"position\":3,\"name\":\"Machov\u00fd obraz HOME\"}]},{\"@type\":\"WebSite\",\"@id\":\"https:\/\/www.grneko.com\/#website\",\"url\":\"https:\/\/www.grneko.com\/\",\"name\":\"GRNEko\",\"description\":\"Radi V\u00e1m pom\u00f4\u017eeme vyrie\u0161i\u0165 ot\u00e1zku bezstarostliveho ozele\u0148ovania V\u00e1\u0161ho interi\u00e9ru. Vyrob\u00edme na mieru presne pod\u013ea Va\u0161ich predst\u00e1v doplnky zo stabilizovan\u00e9ho machu, ktor\u00fdmi nielen o\u017eivite prostredie ale aj zabudnite \u017ee sa o nich treba nejak\u00fdm sp\u00f4sobom stara\u0165.\",\"potentialAction\":[{\"@type\":\"SearchAction\",\"target\":{\"@type\":\"EntryPoint\",\"urlTemplate\":\"https:\/\/www.grneko.com\/?s={search_term_string}\"},\"query-input\":\"required name=search_term_string\"}],\"inLanguage\":\"sk-SK\"}]}<\/script>\n<!-- \/ Yoast SEO plugin. -->","yoast_head_json":{"title":"Machov\u00fd obraz - Home","description":"N\u00e1pis HOME vytvoren\u00fd z machu je \u00fatuln\u00e1 dekor\u00e1cia, ktor\u00e1 pripom\u00edna pohodu domova. Ide\u00e1lny dar pre nov\u00fd domov.","robots":{"index":"index","follow":"follow","max-snippet":"max-snippet:-1","max-image-preview":"max-image-preview:large","max-video-preview":"max-video-preview:-1"},"canonical":"https:\/\/www.grneko.com\/?product=machovy-obraz-home","og_locale":"sk_SK","og_type":"article","og_title":"Machov\u00fd obraz - Home","og_description":"N\u00e1pis HOME vytvoren\u00fd z machu je \u00fatuln\u00e1 dekor\u00e1cia, ktor\u00e1 pripom\u00edna pohodu domova. Ide\u00e1lny dar pre nov\u00fd domov.","og_url":"https:\/\/www.grneko.com\/?product=machovy-obraz-home","og_site_name":"GRNEko","article_modified_time":"2025-11-11T21:39:22+00:00","og_image":[{"width":1200,"height":1200,"url":"https:\/\/www.grneko.com\/wp-content\/uploads\/2023\/03\/machovy-obraz-home-namontujsi.sk-4.jpg","type":"image\/jpeg"}],"twitter_card":"summary_large_image","twitter_misc":{"Predpokladan\u00fd \u010das \u010d\u00edtania":"1 min\u00fata"},"schema":{"@context":"https:\/\/schema.org","@graph":[{"@type":"WebPage","@id":"https:\/\/www.grneko.com\/?product=machovy-obraz-home","url":"https:\/\/www.grneko.com\/?product=machovy-obraz-home","name":"Machov\u00fd obraz - Home","isPartOf":{"@id":"https:\/\/www.grneko.com\/#website"},"primaryImageOfPage":{"@id":"https:\/\/www.grneko.com\/?product=machovy-obraz-home#primaryimage"},"image":{"@id":"https:\/\/www.grneko.com\/?product=machovy-obraz-home#primaryimage"},"thumbnailUrl":"https:\/\/www.grneko.com\/wp-content\/uploads\/2023\/03\/machovy-obraz-home-namontujsi.sk-4.jpg","datePublished":"2023-03-01T18:25:56+00:00","dateModified":"2025-11-11T21:39:22+00:00","description":"N\u00e1pis HOME vytvoren\u00fd z machu je \u00fatuln\u00e1 dekor\u00e1cia, ktor\u00e1 pripom\u00edna pohodu domova. Ide\u00e1lny dar pre nov\u00fd domov.","breadcrumb":{"@id":"https:\/\/www.grneko.com\/?product=machovy-obraz-home#breadcrumb"},"inLanguage":"sk-SK","potentialAction":[{"@type":"ReadAction","target":["https:\/\/www.grneko.com\/?product=machovy-obraz-home"]}]},{"@type":"ImageObject","inLanguage":"sk-SK","@id":"https:\/\/www.grneko.com\/?product=machovy-obraz-home#primaryimage","url":"https:\/\/www.grneko.com\/wp-content\/uploads\/2023\/03\/machovy-obraz-home-namontujsi.sk-4.jpg","contentUrl":"https:\/\/www.grneko.com\/wp-content\/uploads\/2023\/03\/machovy-obraz-home-namontujsi.sk-4.jpg","width":1200,"height":1200},{"@type":"BreadcrumbList","@id":"https:\/\/www.grneko.com\/?product=machovy-obraz-home#breadcrumb","itemListElement":[{"@type":"ListItem","position":1,"name":"Domov","item":"https:\/\/www.grneko.com\/"},{"@type":"ListItem","position":2,"name":"Obchod","item":"https:\/\/www.grneko.com\/?page_id=20"},{"@type":"ListItem","position":3,"name":"Machov\u00fd obraz HOME"}]},{"@type":"WebSite","@id":"https:\/\/www.grneko.com\/#website","url":"https:\/\/www.grneko.com\/","name":"GRNEko","description":"Radi V\u00e1m pom\u00f4\u017eeme vyrie\u0161i\u0165 ot\u00e1zku bezstarostliveho ozele\u0148ovania V\u00e1\u0161ho interi\u00e9ru. Vyrob\u00edme na mieru presne pod\u013ea Va\u0161ich predst\u00e1v doplnky zo stabilizovan\u00e9ho machu, ktor\u00fdmi nielen o\u017eivite prostredie ale aj zabudnite \u017ee sa o nich treba nejak\u00fdm sp\u00f4sobom stara\u0165.","potentialAction":[{"@type":"SearchAction","target":{"@type":"EntryPoint","urlTemplate":"https:\/\/www.grneko.com\/?s={search_term_string}"},"query-input":"required name=search_term_string"}],"inLanguage":"sk-SK"}]}},"_links":{"self":[{"href":"https:\/\/www.grneko.com\/index.php?rest_route=\/wp\/v2\/product\/2499"}],"collection":[{"href":"https:\/\/www.grneko.com\/index.php?rest_route=\/wp\/v2\/product"}],"about":[{"href":"https:\/\/www.grneko.com\/index.php?rest_route=\/wp\/v2\/types\/product"}],"replies":[{"embeddable":true,"href":"https:\/\/www.grneko.com\/index.php?rest_route=%2Fwp%2Fv2%2Fcomments&post=2499"}],"wp:featuredmedia":[{"embeddable":true,"href":"https:\/\/www.grneko.com\/index.php?rest_route=\/wp\/v2\/media\/2521"}],"wp:attachment":[{"href":"https:\/\/www.grneko.com\/index.php?rest_route=%2Fwp%2Fv2%2Fmedia&parent=2499"}],"wp:term":[{"taxonomy":"product_cat","embeddable":true,"href":"https:\/\/www.grneko.com\/index.php?rest_route=%2Fwp%2Fv2%2Fproduct_cat&post=2499"},{"taxonomy":"product_tag","embeddable":true,"href":"https:\/\/www.grneko.com\/index.php?rest_route=%2Fwp%2Fv2%2Fproduct_tag&post=2499"}],"curies":[{"name":"wp","href":"https:\/\/api.w.org\/{rel}","templated":true}]}}