{"id":2487,"date":"2023-03-01T19:26:00","date_gmt":"2023-03-01T18:26:00","guid":{"rendered":"https:\/\/www.grneko.com\/?post_type=product&#038;p=2487"},"modified":"2025-11-11T22:43:59","modified_gmt":"2025-11-11T21:43:59","slug":"machovy-obraz-three-led","status":"publish","type":"product","link":"https:\/\/www.grneko.com\/?product=machovy-obraz-three-led","title":{"rendered":"Machov\u00fd obraz THREE LED"},"content":{"rendered":"<p>THREE LED pozost\u00e1va z troch samostatn\u00fdch machov\u00fdch panelov rovnak\u00e9ho alebo r\u00f4zneho rozmeru, ktor\u00e9 s\u00fa podsvieten\u00e9 LED p\u00e1sikmi. Kombin\u00e1cia z li\u0161ajn\u00edku dod\u00e1va panelom h\u013abku a rozmanitos\u0165. LED osvetlenie je nastavite\u013en\u00e9, tak\u017ee m\u00f4\u017eete meni\u0165 intenzitu alebo farbu svetla. Tento set je vhodn\u00fd do hotelov\u00fdch lobby, kancel\u00e1ri\u00ed alebo ve\u013ek\u00fdch ob\u00fdvac\u00edch izieb.<\/p>\n<p>Rozmer: 60 x 40 cm<\/p>\n","protected":false},"excerpt":{"rendered":"<p>Jedine\u010dn\u00e9 a origin\u00e1lne, ru\u010dne vyr\u00e1ban\u00e9 obrazy z machu. Rozmer, tvar, farbu machu aj r\u00e1mu vieme prisp\u00f4sobi\u0165\u00a0va\u0161im individu\u00e1lnym po\u017eiadavk\u00e1m. Rozmer: 600 mm x 400 mm<\/p>\n","protected":false},"featured_media":2523,"comment_status":"open","ping_status":"closed","template":"","meta":{"_monsterinsights_skip_tracking":false,"_monsterinsights_sitenote_active":false,"_monsterinsights_sitenote_note":"","_monsterinsights_sitenote_category":0},"product_cat":[17],"product_tag":[],"yoast_head":"<!-- This site is optimized with the Yoast SEO plugin v23.0 - https:\/\/yoast.com\/wordpress\/plugins\/seo\/ -->\n<title>Machov\u00fd obraz - tri obd\u013a\u017eniky<\/title>\n<meta name=\"description\" content=\": THREE LED je set troch machov\u00fdch panelov s LED osvetlen\u00edm. Modern\u00fd doplnok do reprezentat\u00edvnych priestorov.\" \/>\n<meta name=\"robots\" content=\"index, follow, max-snippet:-1, max-image-preview:large, max-video-preview:-1\" \/>\n<link rel=\"canonical\" href=\"https:\/\/www.grneko.com\/?product=machovy-obraz-three-led\" \/>\n<meta property=\"og:locale\" content=\"sk_SK\" \/>\n<meta property=\"og:type\" content=\"article\" \/>\n<meta property=\"og:title\" content=\"Machov\u00fd obraz - tri obd\u013a\u017eniky\" \/>\n<meta property=\"og:description\" content=\": THREE LED je set troch machov\u00fdch panelov s LED osvetlen\u00edm. Modern\u00fd doplnok do reprezentat\u00edvnych priestorov.\" \/>\n<meta property=\"og:url\" content=\"https:\/\/www.grneko.com\/?product=machovy-obraz-three-led\" \/>\n<meta property=\"og:site_name\" content=\"GRNEko\" \/>\n<meta property=\"article:modified_time\" content=\"2025-11-11T21:43:59+00:00\" \/>\n<meta property=\"og:image\" content=\"https:\/\/www.grneko.com\/wp-content\/uploads\/2023\/03\/machovy-obraz-tri-obdlzniky-namontujsi-sk-4.jpg\" \/>\n\t<meta property=\"og:image:width\" content=\"1200\" \/>\n\t<meta property=\"og:image:height\" content=\"1200\" \/>\n\t<meta property=\"og:image:type\" content=\"image\/jpeg\" \/>\n<meta name=\"twitter:card\" content=\"summary_large_image\" \/>\n<meta name=\"twitter:label1\" content=\"Predpokladan\u00fd \u010das \u010d\u00edtania\" \/>\n\t<meta name=\"twitter:data1\" content=\"1 min\u00fata\" \/>\n<script type=\"application\/ld+json\" class=\"yoast-schema-graph\">{\"@context\":\"https:\/\/schema.org\",\"@graph\":[{\"@type\":\"WebPage\",\"@id\":\"https:\/\/www.grneko.com\/?product=machovy-obraz-three-led\",\"url\":\"https:\/\/www.grneko.com\/?product=machovy-obraz-three-led\",\"name\":\"Machov\u00fd obraz - tri obd\u013a\u017eniky\",\"isPartOf\":{\"@id\":\"https:\/\/www.grneko.com\/#website\"},\"primaryImageOfPage\":{\"@id\":\"https:\/\/www.grneko.com\/?product=machovy-obraz-three-led#primaryimage\"},\"image\":{\"@id\":\"https:\/\/www.grneko.com\/?product=machovy-obraz-three-led#primaryimage\"},\"thumbnailUrl\":\"https:\/\/www.grneko.com\/wp-content\/uploads\/2023\/03\/machovy-obraz-tri-obdlzniky-namontujsi-sk-4.jpg\",\"datePublished\":\"2023-03-01T18:26:00+00:00\",\"dateModified\":\"2025-11-11T21:43:59+00:00\",\"description\":\": THREE LED je set troch machov\u00fdch panelov s LED osvetlen\u00edm. Modern\u00fd doplnok do reprezentat\u00edvnych priestorov.\",\"breadcrumb\":{\"@id\":\"https:\/\/www.grneko.com\/?product=machovy-obraz-three-led#breadcrumb\"},\"inLanguage\":\"sk-SK\",\"potentialAction\":[{\"@type\":\"ReadAction\",\"target\":[\"https:\/\/www.grneko.com\/?product=machovy-obraz-three-led\"]}]},{\"@type\":\"ImageObject\",\"inLanguage\":\"sk-SK\",\"@id\":\"https:\/\/www.grneko.com\/?product=machovy-obraz-three-led#primaryimage\",\"url\":\"https:\/\/www.grneko.com\/wp-content\/uploads\/2023\/03\/machovy-obraz-tri-obdlzniky-namontujsi-sk-4.jpg\",\"contentUrl\":\"https:\/\/www.grneko.com\/wp-content\/uploads\/2023\/03\/machovy-obraz-tri-obdlzniky-namontujsi-sk-4.jpg\",\"width\":1200,\"height\":1200},{\"@type\":\"BreadcrumbList\",\"@id\":\"https:\/\/www.grneko.com\/?product=machovy-obraz-three-led#breadcrumb\",\"itemListElement\":[{\"@type\":\"ListItem\",\"position\":1,\"name\":\"Domov\",\"item\":\"https:\/\/www.grneko.com\/\"},{\"@type\":\"ListItem\",\"position\":2,\"name\":\"Obchod\",\"item\":\"https:\/\/www.grneko.com\/?page_id=20\"},{\"@type\":\"ListItem\",\"position\":3,\"name\":\"Machov\u00fd obraz THREE LED\"}]},{\"@type\":\"WebSite\",\"@id\":\"https:\/\/www.grneko.com\/#website\",\"url\":\"https:\/\/www.grneko.com\/\",\"name\":\"GRNEko\",\"description\":\"Radi V\u00e1m pom\u00f4\u017eeme vyrie\u0161i\u0165 ot\u00e1zku bezstarostliveho ozele\u0148ovania V\u00e1\u0161ho interi\u00e9ru. Vyrob\u00edme na mieru presne pod\u013ea Va\u0161ich predst\u00e1v doplnky zo stabilizovan\u00e9ho machu, ktor\u00fdmi nielen o\u017eivite prostredie ale aj zabudnite \u017ee sa o nich treba nejak\u00fdm sp\u00f4sobom stara\u0165.\",\"potentialAction\":[{\"@type\":\"SearchAction\",\"target\":{\"@type\":\"EntryPoint\",\"urlTemplate\":\"https:\/\/www.grneko.com\/?s={search_term_string}\"},\"query-input\":\"required name=search_term_string\"}],\"inLanguage\":\"sk-SK\"}]}<\/script>\n<!-- \/ Yoast SEO plugin. -->","yoast_head_json":{"title":"Machov\u00fd obraz - tri obd\u013a\u017eniky","description":": THREE LED je set troch machov\u00fdch panelov s LED osvetlen\u00edm. Modern\u00fd doplnok do reprezentat\u00edvnych priestorov.","robots":{"index":"index","follow":"follow","max-snippet":"max-snippet:-1","max-image-preview":"max-image-preview:large","max-video-preview":"max-video-preview:-1"},"canonical":"https:\/\/www.grneko.com\/?product=machovy-obraz-three-led","og_locale":"sk_SK","og_type":"article","og_title":"Machov\u00fd obraz - tri obd\u013a\u017eniky","og_description":": THREE LED je set troch machov\u00fdch panelov s LED osvetlen\u00edm. Modern\u00fd doplnok do reprezentat\u00edvnych priestorov.","og_url":"https:\/\/www.grneko.com\/?product=machovy-obraz-three-led","og_site_name":"GRNEko","article_modified_time":"2025-11-11T21:43:59+00:00","og_image":[{"width":1200,"height":1200,"url":"https:\/\/www.grneko.com\/wp-content\/uploads\/2023\/03\/machovy-obraz-tri-obdlzniky-namontujsi-sk-4.jpg","type":"image\/jpeg"}],"twitter_card":"summary_large_image","twitter_misc":{"Predpokladan\u00fd \u010das \u010d\u00edtania":"1 min\u00fata"},"schema":{"@context":"https:\/\/schema.org","@graph":[{"@type":"WebPage","@id":"https:\/\/www.grneko.com\/?product=machovy-obraz-three-led","url":"https:\/\/www.grneko.com\/?product=machovy-obraz-three-led","name":"Machov\u00fd obraz - tri obd\u013a\u017eniky","isPartOf":{"@id":"https:\/\/www.grneko.com\/#website"},"primaryImageOfPage":{"@id":"https:\/\/www.grneko.com\/?product=machovy-obraz-three-led#primaryimage"},"image":{"@id":"https:\/\/www.grneko.com\/?product=machovy-obraz-three-led#primaryimage"},"thumbnailUrl":"https:\/\/www.grneko.com\/wp-content\/uploads\/2023\/03\/machovy-obraz-tri-obdlzniky-namontujsi-sk-4.jpg","datePublished":"2023-03-01T18:26:00+00:00","dateModified":"2025-11-11T21:43:59+00:00","description":": THREE LED je set troch machov\u00fdch panelov s LED osvetlen\u00edm. Modern\u00fd doplnok do reprezentat\u00edvnych priestorov.","breadcrumb":{"@id":"https:\/\/www.grneko.com\/?product=machovy-obraz-three-led#breadcrumb"},"inLanguage":"sk-SK","potentialAction":[{"@type":"ReadAction","target":["https:\/\/www.grneko.com\/?product=machovy-obraz-three-led"]}]},{"@type":"ImageObject","inLanguage":"sk-SK","@id":"https:\/\/www.grneko.com\/?product=machovy-obraz-three-led#primaryimage","url":"https:\/\/www.grneko.com\/wp-content\/uploads\/2023\/03\/machovy-obraz-tri-obdlzniky-namontujsi-sk-4.jpg","contentUrl":"https:\/\/www.grneko.com\/wp-content\/uploads\/2023\/03\/machovy-obraz-tri-obdlzniky-namontujsi-sk-4.jpg","width":1200,"height":1200},{"@type":"BreadcrumbList","@id":"https:\/\/www.grneko.com\/?product=machovy-obraz-three-led#breadcrumb","itemListElement":[{"@type":"ListItem","position":1,"name":"Domov","item":"https:\/\/www.grneko.com\/"},{"@type":"ListItem","position":2,"name":"Obchod","item":"https:\/\/www.grneko.com\/?page_id=20"},{"@type":"ListItem","position":3,"name":"Machov\u00fd obraz THREE LED"}]},{"@type":"WebSite","@id":"https:\/\/www.grneko.com\/#website","url":"https:\/\/www.grneko.com\/","name":"GRNEko","description":"Radi V\u00e1m pom\u00f4\u017eeme vyrie\u0161i\u0165 ot\u00e1zku bezstarostliveho ozele\u0148ovania V\u00e1\u0161ho interi\u00e9ru. Vyrob\u00edme na mieru presne pod\u013ea Va\u0161ich predst\u00e1v doplnky zo stabilizovan\u00e9ho machu, ktor\u00fdmi nielen o\u017eivite prostredie ale aj zabudnite \u017ee sa o nich treba nejak\u00fdm sp\u00f4sobom stara\u0165.","potentialAction":[{"@type":"SearchAction","target":{"@type":"EntryPoint","urlTemplate":"https:\/\/www.grneko.com\/?s={search_term_string}"},"query-input":"required name=search_term_string"}],"inLanguage":"sk-SK"}]}},"_links":{"self":[{"href":"https:\/\/www.grneko.com\/index.php?rest_route=\/wp\/v2\/product\/2487"}],"collection":[{"href":"https:\/\/www.grneko.com\/index.php?rest_route=\/wp\/v2\/product"}],"about":[{"href":"https:\/\/www.grneko.com\/index.php?rest_route=\/wp\/v2\/types\/product"}],"replies":[{"embeddable":true,"href":"https:\/\/www.grneko.com\/index.php?rest_route=%2Fwp%2Fv2%2Fcomments&post=2487"}],"wp:featuredmedia":[{"embeddable":true,"href":"https:\/\/www.grneko.com\/index.php?rest_route=\/wp\/v2\/media\/2523"}],"wp:attachment":[{"href":"https:\/\/www.grneko.com\/index.php?rest_route=%2Fwp%2Fv2%2Fmedia&parent=2487"}],"wp:term":[{"taxonomy":"product_cat","embeddable":true,"href":"https:\/\/www.grneko.com\/index.php?rest_route=%2Fwp%2Fv2%2Fproduct_cat&post=2487"},{"taxonomy":"product_tag","embeddable":true,"href":"https:\/\/www.grneko.com\/index.php?rest_route=%2Fwp%2Fv2%2Fproduct_tag&post=2487"}],"curies":[{"name":"wp","href":"https:\/\/api.w.org\/{rel}","templated":true}]}}