{"id":2322,"date":"2023-03-01T19:26:06","date_gmt":"2023-03-01T18:26:06","guid":{"rendered":"https:\/\/www.grneko.com\/?post_type=product&#038;p=2322"},"modified":"2025-11-11T22:59:31","modified_gmt":"2025-11-11T21:59:31","slug":"machovy-obraz-na-dreve","status":"publish","type":"product","link":"https:\/\/www.grneko.com\/?product=machovy-obraz-na-dreve","title":{"rendered":"Machov\u00fd obraz na dreve"},"content":{"rendered":"<p>Machov\u00fd obraz na dreve je in\u0161talovan\u00fd priamo na mas\u00edvnej drevenej doske, ktorej text\u00fara zost\u00e1va vidite\u013en\u00e1. Mach li\u0161ajnik pokr\u00fdva len vybran\u00e9 \u010dasti, \u010d\u00edm vytv\u00e1ra kontrast medzi zelen\u00fdm materi\u00e1lom a teplou farbou dreva. Tento obraz dod\u00e1va priestoru rustik\u00e1lny a z\u00e1rove\u0148 modern\u00fd n\u00e1dych. Je vhodn\u00fd do horsk\u00fdch ch\u00e1t, ale aj do mestsk\u00fdch loftov.<\/p>\n<p>Rozmery: 50 \u00d7 90 cm<\/p>\n","protected":false},"excerpt":{"rendered":"<p>Machov\u00fd obraz na dreve je in\u0161talovan\u00fd priamo na mas\u00edvnej drevenej doske, ktorej text\u00fara zost\u00e1va vidite\u013en\u00e1. Mach li\u0161ajnik pokr\u00fdva len vybran\u00e9 \u010dasti, \u010d\u00edm vytv\u00e1ra kontrast medzi zelen\u00fdm materi\u00e1lom a teplou farbou dreva. Tento obraz dod\u00e1va priestoru rustik\u00e1lny a z\u00e1rove\u0148 modern\u00fd n\u00e1dych. Je vhodn\u00fd do horsk\u00fdch ch\u00e1t, ale aj do mestsk\u00fdch loftov. Rozmery: 50 \u00d7 90 cm<\/p>\n","protected":false},"featured_media":2526,"comment_status":"open","ping_status":"closed","template":"","meta":{"_monsterinsights_skip_tracking":false,"_monsterinsights_sitenote_active":false,"_monsterinsights_sitenote_note":"","_monsterinsights_sitenote_category":0},"product_cat":[17],"product_tag":[],"yoast_head":"<!-- This site is optimized with the Yoast SEO plugin v23.0 - https:\/\/yoast.com\/wordpress\/plugins\/seo\/ -->\n<title>Machov\u00fd obraz na dreve<\/title>\n<meta name=\"description\" content=\"Obraz na dreve sp\u00e1ja stabilizovan\u00fd mach s pr\u00edrodn\u00fdm dreven\u00fdm podkladom. Rustik\u00e1lny dizajn vhodn\u00fd do chal\u00fap aj modern\u00fdch domov.\" \/>\n<meta name=\"robots\" content=\"index, follow, max-snippet:-1, max-image-preview:large, max-video-preview:-1\" \/>\n<link rel=\"canonical\" href=\"https:\/\/www.grneko.com\/?product=machovy-obraz-na-dreve\" \/>\n<meta property=\"og:locale\" content=\"sk_SK\" \/>\n<meta property=\"og:type\" content=\"article\" \/>\n<meta property=\"og:title\" content=\"Machov\u00fd obraz na dreve\" \/>\n<meta property=\"og:description\" content=\"Obraz na dreve sp\u00e1ja stabilizovan\u00fd mach s pr\u00edrodn\u00fdm dreven\u00fdm podkladom. Rustik\u00e1lny dizajn vhodn\u00fd do chal\u00fap aj modern\u00fdch domov.\" \/>\n<meta property=\"og:url\" content=\"https:\/\/www.grneko.com\/?product=machovy-obraz-na-dreve\" \/>\n<meta property=\"og:site_name\" content=\"GRNEko\" \/>\n<meta property=\"article:modified_time\" content=\"2025-11-11T21:59:31+00:00\" \/>\n<meta property=\"og:image\" content=\"https:\/\/www.grneko.com\/wp-content\/uploads\/2023\/03\/machovy-obraz-na-dreve-namontujsi-sk-5.jpg\" \/>\n\t<meta property=\"og:image:width\" content=\"1200\" \/>\n\t<meta property=\"og:image:height\" content=\"1200\" \/>\n\t<meta property=\"og:image:type\" content=\"image\/jpeg\" \/>\n<meta name=\"twitter:card\" content=\"summary_large_image\" \/>\n<meta name=\"twitter:label1\" content=\"Predpokladan\u00fd \u010das \u010d\u00edtania\" \/>\n\t<meta name=\"twitter:data1\" content=\"1 min\u00fata\" \/>\n<script type=\"application\/ld+json\" class=\"yoast-schema-graph\">{\"@context\":\"https:\/\/schema.org\",\"@graph\":[{\"@type\":\"WebPage\",\"@id\":\"https:\/\/www.grneko.com\/?product=machovy-obraz-na-dreve\",\"url\":\"https:\/\/www.grneko.com\/?product=machovy-obraz-na-dreve\",\"name\":\"Machov\u00fd obraz na dreve\",\"isPartOf\":{\"@id\":\"https:\/\/www.grneko.com\/#website\"},\"primaryImageOfPage\":{\"@id\":\"https:\/\/www.grneko.com\/?product=machovy-obraz-na-dreve#primaryimage\"},\"image\":{\"@id\":\"https:\/\/www.grneko.com\/?product=machovy-obraz-na-dreve#primaryimage\"},\"thumbnailUrl\":\"https:\/\/www.grneko.com\/wp-content\/uploads\/2023\/03\/machovy-obraz-na-dreve-namontujsi-sk-5.jpg\",\"datePublished\":\"2023-03-01T18:26:06+00:00\",\"dateModified\":\"2025-11-11T21:59:31+00:00\",\"description\":\"Obraz na dreve sp\u00e1ja stabilizovan\u00fd mach s pr\u00edrodn\u00fdm dreven\u00fdm podkladom. Rustik\u00e1lny dizajn vhodn\u00fd do chal\u00fap aj modern\u00fdch domov.\",\"breadcrumb\":{\"@id\":\"https:\/\/www.grneko.com\/?product=machovy-obraz-na-dreve#breadcrumb\"},\"inLanguage\":\"sk-SK\",\"potentialAction\":[{\"@type\":\"ReadAction\",\"target\":[\"https:\/\/www.grneko.com\/?product=machovy-obraz-na-dreve\"]}]},{\"@type\":\"ImageObject\",\"inLanguage\":\"sk-SK\",\"@id\":\"https:\/\/www.grneko.com\/?product=machovy-obraz-na-dreve#primaryimage\",\"url\":\"https:\/\/www.grneko.com\/wp-content\/uploads\/2023\/03\/machovy-obraz-na-dreve-namontujsi-sk-5.jpg\",\"contentUrl\":\"https:\/\/www.grneko.com\/wp-content\/uploads\/2023\/03\/machovy-obraz-na-dreve-namontujsi-sk-5.jpg\",\"width\":1200,\"height\":1200},{\"@type\":\"BreadcrumbList\",\"@id\":\"https:\/\/www.grneko.com\/?product=machovy-obraz-na-dreve#breadcrumb\",\"itemListElement\":[{\"@type\":\"ListItem\",\"position\":1,\"name\":\"Domov\",\"item\":\"https:\/\/www.grneko.com\/\"},{\"@type\":\"ListItem\",\"position\":2,\"name\":\"Obchod\",\"item\":\"https:\/\/www.grneko.com\/?page_id=20\"},{\"@type\":\"ListItem\",\"position\":3,\"name\":\"Machov\u00fd obraz na dreve\"}]},{\"@type\":\"WebSite\",\"@id\":\"https:\/\/www.grneko.com\/#website\",\"url\":\"https:\/\/www.grneko.com\/\",\"name\":\"GRNEko\",\"description\":\"Radi V\u00e1m pom\u00f4\u017eeme vyrie\u0161i\u0165 ot\u00e1zku bezstarostliveho ozele\u0148ovania V\u00e1\u0161ho interi\u00e9ru. Vyrob\u00edme na mieru presne pod\u013ea Va\u0161ich predst\u00e1v doplnky zo stabilizovan\u00e9ho machu, ktor\u00fdmi nielen o\u017eivite prostredie ale aj zabudnite \u017ee sa o nich treba nejak\u00fdm sp\u00f4sobom stara\u0165.\",\"potentialAction\":[{\"@type\":\"SearchAction\",\"target\":{\"@type\":\"EntryPoint\",\"urlTemplate\":\"https:\/\/www.grneko.com\/?s={search_term_string}\"},\"query-input\":\"required name=search_term_string\"}],\"inLanguage\":\"sk-SK\"}]}<\/script>\n<!-- \/ Yoast SEO plugin. -->","yoast_head_json":{"title":"Machov\u00fd obraz na dreve","description":"Obraz na dreve sp\u00e1ja stabilizovan\u00fd mach s pr\u00edrodn\u00fdm dreven\u00fdm podkladom. Rustik\u00e1lny dizajn vhodn\u00fd do chal\u00fap aj modern\u00fdch domov.","robots":{"index":"index","follow":"follow","max-snippet":"max-snippet:-1","max-image-preview":"max-image-preview:large","max-video-preview":"max-video-preview:-1"},"canonical":"https:\/\/www.grneko.com\/?product=machovy-obraz-na-dreve","og_locale":"sk_SK","og_type":"article","og_title":"Machov\u00fd obraz na dreve","og_description":"Obraz na dreve sp\u00e1ja stabilizovan\u00fd mach s pr\u00edrodn\u00fdm dreven\u00fdm podkladom. Rustik\u00e1lny dizajn vhodn\u00fd do chal\u00fap aj modern\u00fdch domov.","og_url":"https:\/\/www.grneko.com\/?product=machovy-obraz-na-dreve","og_site_name":"GRNEko","article_modified_time":"2025-11-11T21:59:31+00:00","og_image":[{"width":1200,"height":1200,"url":"https:\/\/www.grneko.com\/wp-content\/uploads\/2023\/03\/machovy-obraz-na-dreve-namontujsi-sk-5.jpg","type":"image\/jpeg"}],"twitter_card":"summary_large_image","twitter_misc":{"Predpokladan\u00fd \u010das \u010d\u00edtania":"1 min\u00fata"},"schema":{"@context":"https:\/\/schema.org","@graph":[{"@type":"WebPage","@id":"https:\/\/www.grneko.com\/?product=machovy-obraz-na-dreve","url":"https:\/\/www.grneko.com\/?product=machovy-obraz-na-dreve","name":"Machov\u00fd obraz na dreve","isPartOf":{"@id":"https:\/\/www.grneko.com\/#website"},"primaryImageOfPage":{"@id":"https:\/\/www.grneko.com\/?product=machovy-obraz-na-dreve#primaryimage"},"image":{"@id":"https:\/\/www.grneko.com\/?product=machovy-obraz-na-dreve#primaryimage"},"thumbnailUrl":"https:\/\/www.grneko.com\/wp-content\/uploads\/2023\/03\/machovy-obraz-na-dreve-namontujsi-sk-5.jpg","datePublished":"2023-03-01T18:26:06+00:00","dateModified":"2025-11-11T21:59:31+00:00","description":"Obraz na dreve sp\u00e1ja stabilizovan\u00fd mach s pr\u00edrodn\u00fdm dreven\u00fdm podkladom. Rustik\u00e1lny dizajn vhodn\u00fd do chal\u00fap aj modern\u00fdch domov.","breadcrumb":{"@id":"https:\/\/www.grneko.com\/?product=machovy-obraz-na-dreve#breadcrumb"},"inLanguage":"sk-SK","potentialAction":[{"@type":"ReadAction","target":["https:\/\/www.grneko.com\/?product=machovy-obraz-na-dreve"]}]},{"@type":"ImageObject","inLanguage":"sk-SK","@id":"https:\/\/www.grneko.com\/?product=machovy-obraz-na-dreve#primaryimage","url":"https:\/\/www.grneko.com\/wp-content\/uploads\/2023\/03\/machovy-obraz-na-dreve-namontujsi-sk-5.jpg","contentUrl":"https:\/\/www.grneko.com\/wp-content\/uploads\/2023\/03\/machovy-obraz-na-dreve-namontujsi-sk-5.jpg","width":1200,"height":1200},{"@type":"BreadcrumbList","@id":"https:\/\/www.grneko.com\/?product=machovy-obraz-na-dreve#breadcrumb","itemListElement":[{"@type":"ListItem","position":1,"name":"Domov","item":"https:\/\/www.grneko.com\/"},{"@type":"ListItem","position":2,"name":"Obchod","item":"https:\/\/www.grneko.com\/?page_id=20"},{"@type":"ListItem","position":3,"name":"Machov\u00fd obraz na dreve"}]},{"@type":"WebSite","@id":"https:\/\/www.grneko.com\/#website","url":"https:\/\/www.grneko.com\/","name":"GRNEko","description":"Radi V\u00e1m pom\u00f4\u017eeme vyrie\u0161i\u0165 ot\u00e1zku bezstarostliveho ozele\u0148ovania V\u00e1\u0161ho interi\u00e9ru. Vyrob\u00edme na mieru presne pod\u013ea Va\u0161ich predst\u00e1v doplnky zo stabilizovan\u00e9ho machu, ktor\u00fdmi nielen o\u017eivite prostredie ale aj zabudnite \u017ee sa o nich treba nejak\u00fdm sp\u00f4sobom stara\u0165.","potentialAction":[{"@type":"SearchAction","target":{"@type":"EntryPoint","urlTemplate":"https:\/\/www.grneko.com\/?s={search_term_string}"},"query-input":"required name=search_term_string"}],"inLanguage":"sk-SK"}]}},"_links":{"self":[{"href":"https:\/\/www.grneko.com\/index.php?rest_route=\/wp\/v2\/product\/2322"}],"collection":[{"href":"https:\/\/www.grneko.com\/index.php?rest_route=\/wp\/v2\/product"}],"about":[{"href":"https:\/\/www.grneko.com\/index.php?rest_route=\/wp\/v2\/types\/product"}],"replies":[{"embeddable":true,"href":"https:\/\/www.grneko.com\/index.php?rest_route=%2Fwp%2Fv2%2Fcomments&post=2322"}],"wp:featuredmedia":[{"embeddable":true,"href":"https:\/\/www.grneko.com\/index.php?rest_route=\/wp\/v2\/media\/2526"}],"wp:attachment":[{"href":"https:\/\/www.grneko.com\/index.php?rest_route=%2Fwp%2Fv2%2Fmedia&parent=2322"}],"wp:term":[{"taxonomy":"product_cat","embeddable":true,"href":"https:\/\/www.grneko.com\/index.php?rest_route=%2Fwp%2Fv2%2Fproduct_cat&post=2322"},{"taxonomy":"product_tag","embeddable":true,"href":"https:\/\/www.grneko.com\/index.php?rest_route=%2Fwp%2Fv2%2Fproduct_tag&post=2322"}],"curies":[{"name":"wp","href":"https:\/\/api.w.org\/{rel}","templated":true}]}}