{"id":2315,"date":"2023-03-01T19:26:07","date_gmt":"2023-03-01T18:26:07","guid":{"rendered":"https:\/\/www.grneko.com\/?post_type=product&#038;p=2315"},"modified":"2025-11-11T23:03:29","modified_gmt":"2025-11-11T22:03:29","slug":"machovy-obraz-mapa","status":"publish","type":"product","link":"https:\/\/www.grneko.com\/?product=machovy-obraz-mapa","title":{"rendered":"Machov\u00fd obraz MAPA LED"},"content":{"rendered":"<p>MAPA LED zobrazuje kontinenty a oce\u00e1ny vytvoren\u00e9 z r\u00f4znych farieb machu, podobne ako obraz MAPA SVETA. Navy\u0161e v\u0161ak obsahuje LED podsvietenie, ktor\u00e9 zv\u00fdraz\u0148uje cel\u00fd obrazObraz je ide\u00e1lny do kancel\u00e1ri\u00ed, u\u010debn\u00ed alebo ob\u00fdva\u010diek.<\/p>\n<p>Rozmery: 35 \u00d7 70 cm<\/p>\n","protected":false},"excerpt":{"rendered":"<p>MAPA LED zobrazuje kontinenty a oce\u00e1ny vytvoren\u00e9 z r\u00f4znych farieb machu, podobne ako obraz MAPA SVETA. Navy\u0161e v\u0161ak obsahuje LED podsvietenie, ktor\u00e9 zv\u00fdraz\u0148uje cel\u00fd obrazObraz je ide\u00e1lny do kancel\u00e1ri\u00ed, u\u010debn\u00ed alebo ob\u00fdva\u010diek. Rozmery: 35 \u00d7 70 cm<\/p>\n","protected":false},"featured_media":2527,"comment_status":"open","ping_status":"closed","template":"","meta":{"_monsterinsights_skip_tracking":false,"_monsterinsights_sitenote_active":false,"_monsterinsights_sitenote_note":"","_monsterinsights_sitenote_category":0},"product_cat":[17],"product_tag":[],"yoast_head":"<!-- This site is optimized with the Yoast SEO plugin v23.0 - https:\/\/yoast.com\/wordpress\/plugins\/seo\/ -->\n<title>Machov\u00fd obraz mapa<\/title>\n<meta name=\"description\" content=\"MAPA LED je machov\u00fd obraz zn\u00e1zor\u0148uj\u00faci mapu sveta s LED osvetlen\u00edm. Dekor\u00e1cia, ktor\u00e1 zaujme vo dne aj v noci.\" \/>\n<meta name=\"robots\" content=\"index, follow, max-snippet:-1, max-image-preview:large, max-video-preview:-1\" \/>\n<link rel=\"canonical\" href=\"https:\/\/www.grneko.com\/?product=machovy-obraz-mapa\" \/>\n<meta property=\"og:locale\" content=\"sk_SK\" \/>\n<meta property=\"og:type\" content=\"article\" \/>\n<meta property=\"og:title\" content=\"Machov\u00fd obraz mapa\" \/>\n<meta property=\"og:description\" content=\"MAPA LED je machov\u00fd obraz zn\u00e1zor\u0148uj\u00faci mapu sveta s LED osvetlen\u00edm. Dekor\u00e1cia, ktor\u00e1 zaujme vo dne aj v noci.\" \/>\n<meta property=\"og:url\" content=\"https:\/\/www.grneko.com\/?product=machovy-obraz-mapa\" \/>\n<meta property=\"og:site_name\" content=\"GRNEko\" \/>\n<meta property=\"article:modified_time\" content=\"2025-11-11T22:03:29+00:00\" \/>\n<meta property=\"og:image\" content=\"https:\/\/www.grneko.com\/wp-content\/uploads\/2023\/03\/machovy-obraz-mapa-namontujsi-sk-4.jpg\" \/>\n\t<meta property=\"og:image:width\" content=\"1200\" \/>\n\t<meta property=\"og:image:height\" content=\"1200\" \/>\n\t<meta property=\"og:image:type\" content=\"image\/jpeg\" \/>\n<meta name=\"twitter:card\" content=\"summary_large_image\" \/>\n<meta name=\"twitter:label1\" content=\"Predpokladan\u00fd \u010das \u010d\u00edtania\" \/>\n\t<meta name=\"twitter:data1\" content=\"1 min\u00fata\" \/>\n<script type=\"application\/ld+json\" class=\"yoast-schema-graph\">{\"@context\":\"https:\/\/schema.org\",\"@graph\":[{\"@type\":\"WebPage\",\"@id\":\"https:\/\/www.grneko.com\/?product=machovy-obraz-mapa\",\"url\":\"https:\/\/www.grneko.com\/?product=machovy-obraz-mapa\",\"name\":\"Machov\u00fd obraz mapa\",\"isPartOf\":{\"@id\":\"https:\/\/www.grneko.com\/#website\"},\"primaryImageOfPage\":{\"@id\":\"https:\/\/www.grneko.com\/?product=machovy-obraz-mapa#primaryimage\"},\"image\":{\"@id\":\"https:\/\/www.grneko.com\/?product=machovy-obraz-mapa#primaryimage\"},\"thumbnailUrl\":\"https:\/\/www.grneko.com\/wp-content\/uploads\/2023\/03\/machovy-obraz-mapa-namontujsi-sk-4.jpg\",\"datePublished\":\"2023-03-01T18:26:07+00:00\",\"dateModified\":\"2025-11-11T22:03:29+00:00\",\"description\":\"MAPA LED je machov\u00fd obraz zn\u00e1zor\u0148uj\u00faci mapu sveta s LED osvetlen\u00edm. Dekor\u00e1cia, ktor\u00e1 zaujme vo dne aj v noci.\",\"breadcrumb\":{\"@id\":\"https:\/\/www.grneko.com\/?product=machovy-obraz-mapa#breadcrumb\"},\"inLanguage\":\"sk-SK\",\"potentialAction\":[{\"@type\":\"ReadAction\",\"target\":[\"https:\/\/www.grneko.com\/?product=machovy-obraz-mapa\"]}]},{\"@type\":\"ImageObject\",\"inLanguage\":\"sk-SK\",\"@id\":\"https:\/\/www.grneko.com\/?product=machovy-obraz-mapa#primaryimage\",\"url\":\"https:\/\/www.grneko.com\/wp-content\/uploads\/2023\/03\/machovy-obraz-mapa-namontujsi-sk-4.jpg\",\"contentUrl\":\"https:\/\/www.grneko.com\/wp-content\/uploads\/2023\/03\/machovy-obraz-mapa-namontujsi-sk-4.jpg\",\"width\":1200,\"height\":1200},{\"@type\":\"BreadcrumbList\",\"@id\":\"https:\/\/www.grneko.com\/?product=machovy-obraz-mapa#breadcrumb\",\"itemListElement\":[{\"@type\":\"ListItem\",\"position\":1,\"name\":\"Domov\",\"item\":\"https:\/\/www.grneko.com\/\"},{\"@type\":\"ListItem\",\"position\":2,\"name\":\"Obchod\",\"item\":\"https:\/\/www.grneko.com\/?page_id=20\"},{\"@type\":\"ListItem\",\"position\":3,\"name\":\"Machov\u00fd obraz MAPA LED\"}]},{\"@type\":\"WebSite\",\"@id\":\"https:\/\/www.grneko.com\/#website\",\"url\":\"https:\/\/www.grneko.com\/\",\"name\":\"GRNEko\",\"description\":\"Radi V\u00e1m pom\u00f4\u017eeme vyrie\u0161i\u0165 ot\u00e1zku bezstarostliveho ozele\u0148ovania V\u00e1\u0161ho interi\u00e9ru. Vyrob\u00edme na mieru presne pod\u013ea Va\u0161ich predst\u00e1v doplnky zo stabilizovan\u00e9ho machu, ktor\u00fdmi nielen o\u017eivite prostredie ale aj zabudnite \u017ee sa o nich treba nejak\u00fdm sp\u00f4sobom stara\u0165.\",\"potentialAction\":[{\"@type\":\"SearchAction\",\"target\":{\"@type\":\"EntryPoint\",\"urlTemplate\":\"https:\/\/www.grneko.com\/?s={search_term_string}\"},\"query-input\":\"required name=search_term_string\"}],\"inLanguage\":\"sk-SK\"}]}<\/script>\n<!-- \/ Yoast SEO plugin. -->","yoast_head_json":{"title":"Machov\u00fd obraz mapa","description":"MAPA LED je machov\u00fd obraz zn\u00e1zor\u0148uj\u00faci mapu sveta s LED osvetlen\u00edm. Dekor\u00e1cia, ktor\u00e1 zaujme vo dne aj v noci.","robots":{"index":"index","follow":"follow","max-snippet":"max-snippet:-1","max-image-preview":"max-image-preview:large","max-video-preview":"max-video-preview:-1"},"canonical":"https:\/\/www.grneko.com\/?product=machovy-obraz-mapa","og_locale":"sk_SK","og_type":"article","og_title":"Machov\u00fd obraz mapa","og_description":"MAPA LED je machov\u00fd obraz zn\u00e1zor\u0148uj\u00faci mapu sveta s LED osvetlen\u00edm. Dekor\u00e1cia, ktor\u00e1 zaujme vo dne aj v noci.","og_url":"https:\/\/www.grneko.com\/?product=machovy-obraz-mapa","og_site_name":"GRNEko","article_modified_time":"2025-11-11T22:03:29+00:00","og_image":[{"width":1200,"height":1200,"url":"https:\/\/www.grneko.com\/wp-content\/uploads\/2023\/03\/machovy-obraz-mapa-namontujsi-sk-4.jpg","type":"image\/jpeg"}],"twitter_card":"summary_large_image","twitter_misc":{"Predpokladan\u00fd \u010das \u010d\u00edtania":"1 min\u00fata"},"schema":{"@context":"https:\/\/schema.org","@graph":[{"@type":"WebPage","@id":"https:\/\/www.grneko.com\/?product=machovy-obraz-mapa","url":"https:\/\/www.grneko.com\/?product=machovy-obraz-mapa","name":"Machov\u00fd obraz mapa","isPartOf":{"@id":"https:\/\/www.grneko.com\/#website"},"primaryImageOfPage":{"@id":"https:\/\/www.grneko.com\/?product=machovy-obraz-mapa#primaryimage"},"image":{"@id":"https:\/\/www.grneko.com\/?product=machovy-obraz-mapa#primaryimage"},"thumbnailUrl":"https:\/\/www.grneko.com\/wp-content\/uploads\/2023\/03\/machovy-obraz-mapa-namontujsi-sk-4.jpg","datePublished":"2023-03-01T18:26:07+00:00","dateModified":"2025-11-11T22:03:29+00:00","description":"MAPA LED je machov\u00fd obraz zn\u00e1zor\u0148uj\u00faci mapu sveta s LED osvetlen\u00edm. Dekor\u00e1cia, ktor\u00e1 zaujme vo dne aj v noci.","breadcrumb":{"@id":"https:\/\/www.grneko.com\/?product=machovy-obraz-mapa#breadcrumb"},"inLanguage":"sk-SK","potentialAction":[{"@type":"ReadAction","target":["https:\/\/www.grneko.com\/?product=machovy-obraz-mapa"]}]},{"@type":"ImageObject","inLanguage":"sk-SK","@id":"https:\/\/www.grneko.com\/?product=machovy-obraz-mapa#primaryimage","url":"https:\/\/www.grneko.com\/wp-content\/uploads\/2023\/03\/machovy-obraz-mapa-namontujsi-sk-4.jpg","contentUrl":"https:\/\/www.grneko.com\/wp-content\/uploads\/2023\/03\/machovy-obraz-mapa-namontujsi-sk-4.jpg","width":1200,"height":1200},{"@type":"BreadcrumbList","@id":"https:\/\/www.grneko.com\/?product=machovy-obraz-mapa#breadcrumb","itemListElement":[{"@type":"ListItem","position":1,"name":"Domov","item":"https:\/\/www.grneko.com\/"},{"@type":"ListItem","position":2,"name":"Obchod","item":"https:\/\/www.grneko.com\/?page_id=20"},{"@type":"ListItem","position":3,"name":"Machov\u00fd obraz MAPA LED"}]},{"@type":"WebSite","@id":"https:\/\/www.grneko.com\/#website","url":"https:\/\/www.grneko.com\/","name":"GRNEko","description":"Radi V\u00e1m pom\u00f4\u017eeme vyrie\u0161i\u0165 ot\u00e1zku bezstarostliveho ozele\u0148ovania V\u00e1\u0161ho interi\u00e9ru. Vyrob\u00edme na mieru presne pod\u013ea Va\u0161ich predst\u00e1v doplnky zo stabilizovan\u00e9ho machu, ktor\u00fdmi nielen o\u017eivite prostredie ale aj zabudnite \u017ee sa o nich treba nejak\u00fdm sp\u00f4sobom stara\u0165.","potentialAction":[{"@type":"SearchAction","target":{"@type":"EntryPoint","urlTemplate":"https:\/\/www.grneko.com\/?s={search_term_string}"},"query-input":"required name=search_term_string"}],"inLanguage":"sk-SK"}]}},"_links":{"self":[{"href":"https:\/\/www.grneko.com\/index.php?rest_route=\/wp\/v2\/product\/2315"}],"collection":[{"href":"https:\/\/www.grneko.com\/index.php?rest_route=\/wp\/v2\/product"}],"about":[{"href":"https:\/\/www.grneko.com\/index.php?rest_route=\/wp\/v2\/types\/product"}],"replies":[{"embeddable":true,"href":"https:\/\/www.grneko.com\/index.php?rest_route=%2Fwp%2Fv2%2Fcomments&post=2315"}],"wp:featuredmedia":[{"embeddable":true,"href":"https:\/\/www.grneko.com\/index.php?rest_route=\/wp\/v2\/media\/2527"}],"wp:attachment":[{"href":"https:\/\/www.grneko.com\/index.php?rest_route=%2Fwp%2Fv2%2Fmedia&parent=2315"}],"wp:term":[{"taxonomy":"product_cat","embeddable":true,"href":"https:\/\/www.grneko.com\/index.php?rest_route=%2Fwp%2Fv2%2Fproduct_cat&post=2315"},{"taxonomy":"product_tag","embeddable":true,"href":"https:\/\/www.grneko.com\/index.php?rest_route=%2Fwp%2Fv2%2Fproduct_tag&post=2315"}],"curies":[{"name":"wp","href":"https:\/\/api.w.org\/{rel}","templated":true}]}}