{"id":2306,"date":"2023-03-01T19:26:08","date_gmt":"2023-03-01T18:26:08","guid":{"rendered":"https:\/\/www.grneko.com\/?post_type=product&#038;p=2306"},"modified":"2025-11-11T23:09:40","modified_gmt":"2025-11-11T22:09:40","slug":"machovy-obraz-konar","status":"publish","type":"product","link":"https:\/\/www.grneko.com\/?product=machovy-obraz-konar","title":{"rendered":"Machov\u00fd obraz KON\u00c1R"},"content":{"rendered":"<p>KON\u00c1R je obraz, v ktorom hr\u00e1 hlavn\u00fa \u00falohu vetva vyrezan\u00e1 z dreva. Vetvi\u010dka sa vinie cez cel\u00fd obraz a je doplnen\u00e1 machom li\u0161ajnik, ktor\u00fd jej dod\u00e1va objem. Dizajn je minimalistick\u00fd a hod\u00ed sa do modern\u00fdch \u010di \u0161kandin\u00e1vskych interi\u00e9rov. Obraz je bez\u00fadr\u017ebov\u00fd a vnesie do priestoru dotyk pr\u00edrody.<\/p>\n<p>Rozmery: 50 \u00d7 90 cm<\/p>\n","protected":false},"excerpt":{"rendered":"<p>KON\u00c1R je obraz, v ktorom hr\u00e1 hlavn\u00fa \u00falohu vetva vyrezan\u00e1 z dreva. Vetvi\u010dka sa vinie cez cel\u00fd obraz a je doplnen\u00e1 machom li\u0161ajnik, ktor\u00fd jej dod\u00e1va objem. Dizajn je minimalistick\u00fd a hod\u00ed sa do modern\u00fdch \u010di \u0161kandin\u00e1vskych interi\u00e9rov. Obraz je bez\u00fadr\u017ebov\u00fd a vnesie do priestoru dotyk pr\u00edrody. Rozmery: 50 \u00d7 90 cm<\/p>\n","protected":false},"featured_media":2528,"comment_status":"open","ping_status":"closed","template":"","meta":{"_monsterinsights_skip_tracking":false,"_monsterinsights_sitenote_active":false,"_monsterinsights_sitenote_note":"","_monsterinsights_sitenote_category":0},"product_cat":[17],"product_tag":[],"yoast_head":"<!-- This site is optimized with the Yoast SEO plugin v23.0 - https:\/\/yoast.com\/wordpress\/plugins\/seo\/ -->\n<title>Machov\u00fd obraz vetvy s drevom<\/title>\n<meta name=\"description\" content=\"Obraz KON\u00c1R zobrazuje vetvu pokryt\u00fa machom. Minimalistick\u00fd a elegantn\u00fd doplnok s pr\u00edrodn\u00fdm n\u00e1dychom.\" \/>\n<meta name=\"robots\" content=\"index, follow, max-snippet:-1, max-image-preview:large, max-video-preview:-1\" \/>\n<link rel=\"canonical\" href=\"https:\/\/www.grneko.com\/?product=machovy-obraz-konar\" \/>\n<meta property=\"og:locale\" content=\"sk_SK\" \/>\n<meta property=\"og:type\" content=\"article\" \/>\n<meta property=\"og:title\" content=\"Machov\u00fd obraz vetvy s drevom\" \/>\n<meta property=\"og:description\" content=\"Obraz KON\u00c1R zobrazuje vetvu pokryt\u00fa machom. Minimalistick\u00fd a elegantn\u00fd doplnok s pr\u00edrodn\u00fdm n\u00e1dychom.\" \/>\n<meta property=\"og:url\" content=\"https:\/\/www.grneko.com\/?product=machovy-obraz-konar\" \/>\n<meta property=\"og:site_name\" content=\"GRNEko\" \/>\n<meta property=\"article:modified_time\" content=\"2025-11-11T22:09:40+00:00\" \/>\n<meta property=\"og:image\" content=\"https:\/\/www.grneko.com\/wp-content\/uploads\/2023\/03\/machovy-obraz-vetva-s-drevom-namontujsi-sk-1-1.jpg\" \/>\n\t<meta property=\"og:image:width\" content=\"1200\" \/>\n\t<meta property=\"og:image:height\" content=\"1200\" \/>\n\t<meta property=\"og:image:type\" content=\"image\/jpeg\" \/>\n<meta name=\"twitter:card\" content=\"summary_large_image\" \/>\n<meta name=\"twitter:label1\" content=\"Predpokladan\u00fd \u010das \u010d\u00edtania\" \/>\n\t<meta name=\"twitter:data1\" content=\"1 min\u00fata\" \/>\n<script type=\"application\/ld+json\" class=\"yoast-schema-graph\">{\"@context\":\"https:\/\/schema.org\",\"@graph\":[{\"@type\":\"WebPage\",\"@id\":\"https:\/\/www.grneko.com\/?product=machovy-obraz-konar\",\"url\":\"https:\/\/www.grneko.com\/?product=machovy-obraz-konar\",\"name\":\"Machov\u00fd obraz vetvy s drevom\",\"isPartOf\":{\"@id\":\"https:\/\/www.grneko.com\/#website\"},\"primaryImageOfPage\":{\"@id\":\"https:\/\/www.grneko.com\/?product=machovy-obraz-konar#primaryimage\"},\"image\":{\"@id\":\"https:\/\/www.grneko.com\/?product=machovy-obraz-konar#primaryimage\"},\"thumbnailUrl\":\"https:\/\/www.grneko.com\/wp-content\/uploads\/2023\/03\/machovy-obraz-vetva-s-drevom-namontujsi-sk-1-1.jpg\",\"datePublished\":\"2023-03-01T18:26:08+00:00\",\"dateModified\":\"2025-11-11T22:09:40+00:00\",\"description\":\"Obraz KON\u00c1R zobrazuje vetvu pokryt\u00fa machom. Minimalistick\u00fd a elegantn\u00fd doplnok s pr\u00edrodn\u00fdm n\u00e1dychom.\",\"breadcrumb\":{\"@id\":\"https:\/\/www.grneko.com\/?product=machovy-obraz-konar#breadcrumb\"},\"inLanguage\":\"sk-SK\",\"potentialAction\":[{\"@type\":\"ReadAction\",\"target\":[\"https:\/\/www.grneko.com\/?product=machovy-obraz-konar\"]}]},{\"@type\":\"ImageObject\",\"inLanguage\":\"sk-SK\",\"@id\":\"https:\/\/www.grneko.com\/?product=machovy-obraz-konar#primaryimage\",\"url\":\"https:\/\/www.grneko.com\/wp-content\/uploads\/2023\/03\/machovy-obraz-vetva-s-drevom-namontujsi-sk-1-1.jpg\",\"contentUrl\":\"https:\/\/www.grneko.com\/wp-content\/uploads\/2023\/03\/machovy-obraz-vetva-s-drevom-namontujsi-sk-1-1.jpg\",\"width\":1200,\"height\":1200},{\"@type\":\"BreadcrumbList\",\"@id\":\"https:\/\/www.grneko.com\/?product=machovy-obraz-konar#breadcrumb\",\"itemListElement\":[{\"@type\":\"ListItem\",\"position\":1,\"name\":\"Domov\",\"item\":\"https:\/\/www.grneko.com\/\"},{\"@type\":\"ListItem\",\"position\":2,\"name\":\"Obchod\",\"item\":\"https:\/\/www.grneko.com\/?page_id=20\"},{\"@type\":\"ListItem\",\"position\":3,\"name\":\"Machov\u00fd obraz KON\u00c1R\"}]},{\"@type\":\"WebSite\",\"@id\":\"https:\/\/www.grneko.com\/#website\",\"url\":\"https:\/\/www.grneko.com\/\",\"name\":\"GRNEko\",\"description\":\"Radi V\u00e1m pom\u00f4\u017eeme vyrie\u0161i\u0165 ot\u00e1zku bezstarostliveho ozele\u0148ovania V\u00e1\u0161ho interi\u00e9ru. Vyrob\u00edme na mieru presne pod\u013ea Va\u0161ich predst\u00e1v doplnky zo stabilizovan\u00e9ho machu, ktor\u00fdmi nielen o\u017eivite prostredie ale aj zabudnite \u017ee sa o nich treba nejak\u00fdm sp\u00f4sobom stara\u0165.\",\"potentialAction\":[{\"@type\":\"SearchAction\",\"target\":{\"@type\":\"EntryPoint\",\"urlTemplate\":\"https:\/\/www.grneko.com\/?s={search_term_string}\"},\"query-input\":\"required name=search_term_string\"}],\"inLanguage\":\"sk-SK\"}]}<\/script>\n<!-- \/ Yoast SEO plugin. -->","yoast_head_json":{"title":"Machov\u00fd obraz vetvy s drevom","description":"Obraz KON\u00c1R zobrazuje vetvu pokryt\u00fa machom. Minimalistick\u00fd a elegantn\u00fd doplnok s pr\u00edrodn\u00fdm n\u00e1dychom.","robots":{"index":"index","follow":"follow","max-snippet":"max-snippet:-1","max-image-preview":"max-image-preview:large","max-video-preview":"max-video-preview:-1"},"canonical":"https:\/\/www.grneko.com\/?product=machovy-obraz-konar","og_locale":"sk_SK","og_type":"article","og_title":"Machov\u00fd obraz vetvy s drevom","og_description":"Obraz KON\u00c1R zobrazuje vetvu pokryt\u00fa machom. Minimalistick\u00fd a elegantn\u00fd doplnok s pr\u00edrodn\u00fdm n\u00e1dychom.","og_url":"https:\/\/www.grneko.com\/?product=machovy-obraz-konar","og_site_name":"GRNEko","article_modified_time":"2025-11-11T22:09:40+00:00","og_image":[{"width":1200,"height":1200,"url":"https:\/\/www.grneko.com\/wp-content\/uploads\/2023\/03\/machovy-obraz-vetva-s-drevom-namontujsi-sk-1-1.jpg","type":"image\/jpeg"}],"twitter_card":"summary_large_image","twitter_misc":{"Predpokladan\u00fd \u010das \u010d\u00edtania":"1 min\u00fata"},"schema":{"@context":"https:\/\/schema.org","@graph":[{"@type":"WebPage","@id":"https:\/\/www.grneko.com\/?product=machovy-obraz-konar","url":"https:\/\/www.grneko.com\/?product=machovy-obraz-konar","name":"Machov\u00fd obraz vetvy s drevom","isPartOf":{"@id":"https:\/\/www.grneko.com\/#website"},"primaryImageOfPage":{"@id":"https:\/\/www.grneko.com\/?product=machovy-obraz-konar#primaryimage"},"image":{"@id":"https:\/\/www.grneko.com\/?product=machovy-obraz-konar#primaryimage"},"thumbnailUrl":"https:\/\/www.grneko.com\/wp-content\/uploads\/2023\/03\/machovy-obraz-vetva-s-drevom-namontujsi-sk-1-1.jpg","datePublished":"2023-03-01T18:26:08+00:00","dateModified":"2025-11-11T22:09:40+00:00","description":"Obraz KON\u00c1R zobrazuje vetvu pokryt\u00fa machom. Minimalistick\u00fd a elegantn\u00fd doplnok s pr\u00edrodn\u00fdm n\u00e1dychom.","breadcrumb":{"@id":"https:\/\/www.grneko.com\/?product=machovy-obraz-konar#breadcrumb"},"inLanguage":"sk-SK","potentialAction":[{"@type":"ReadAction","target":["https:\/\/www.grneko.com\/?product=machovy-obraz-konar"]}]},{"@type":"ImageObject","inLanguage":"sk-SK","@id":"https:\/\/www.grneko.com\/?product=machovy-obraz-konar#primaryimage","url":"https:\/\/www.grneko.com\/wp-content\/uploads\/2023\/03\/machovy-obraz-vetva-s-drevom-namontujsi-sk-1-1.jpg","contentUrl":"https:\/\/www.grneko.com\/wp-content\/uploads\/2023\/03\/machovy-obraz-vetva-s-drevom-namontujsi-sk-1-1.jpg","width":1200,"height":1200},{"@type":"BreadcrumbList","@id":"https:\/\/www.grneko.com\/?product=machovy-obraz-konar#breadcrumb","itemListElement":[{"@type":"ListItem","position":1,"name":"Domov","item":"https:\/\/www.grneko.com\/"},{"@type":"ListItem","position":2,"name":"Obchod","item":"https:\/\/www.grneko.com\/?page_id=20"},{"@type":"ListItem","position":3,"name":"Machov\u00fd obraz KON\u00c1R"}]},{"@type":"WebSite","@id":"https:\/\/www.grneko.com\/#website","url":"https:\/\/www.grneko.com\/","name":"GRNEko","description":"Radi V\u00e1m pom\u00f4\u017eeme vyrie\u0161i\u0165 ot\u00e1zku bezstarostliveho ozele\u0148ovania V\u00e1\u0161ho interi\u00e9ru. Vyrob\u00edme na mieru presne pod\u013ea Va\u0161ich predst\u00e1v doplnky zo stabilizovan\u00e9ho machu, ktor\u00fdmi nielen o\u017eivite prostredie ale aj zabudnite \u017ee sa o nich treba nejak\u00fdm sp\u00f4sobom stara\u0165.","potentialAction":[{"@type":"SearchAction","target":{"@type":"EntryPoint","urlTemplate":"https:\/\/www.grneko.com\/?s={search_term_string}"},"query-input":"required name=search_term_string"}],"inLanguage":"sk-SK"}]}},"_links":{"self":[{"href":"https:\/\/www.grneko.com\/index.php?rest_route=\/wp\/v2\/product\/2306"}],"collection":[{"href":"https:\/\/www.grneko.com\/index.php?rest_route=\/wp\/v2\/product"}],"about":[{"href":"https:\/\/www.grneko.com\/index.php?rest_route=\/wp\/v2\/types\/product"}],"replies":[{"embeddable":true,"href":"https:\/\/www.grneko.com\/index.php?rest_route=%2Fwp%2Fv2%2Fcomments&post=2306"}],"wp:featuredmedia":[{"embeddable":true,"href":"https:\/\/www.grneko.com\/index.php?rest_route=\/wp\/v2\/media\/2528"}],"wp:attachment":[{"href":"https:\/\/www.grneko.com\/index.php?rest_route=%2Fwp%2Fv2%2Fmedia&parent=2306"}],"wp:term":[{"taxonomy":"product_cat","embeddable":true,"href":"https:\/\/www.grneko.com\/index.php?rest_route=%2Fwp%2Fv2%2Fproduct_cat&post=2306"},{"taxonomy":"product_tag","embeddable":true,"href":"https:\/\/www.grneko.com\/index.php?rest_route=%2Fwp%2Fv2%2Fproduct_tag&post=2306"}],"curies":[{"name":"wp","href":"https:\/\/api.w.org\/{rel}","templated":true}]}}