{"id":2238,"date":"2023-03-01T19:26:17","date_gmt":"2023-03-01T18:26:17","guid":{"rendered":"https:\/\/www.grneko.com\/?post_type=product&#038;p=2238"},"modified":"2025-11-11T23:28:04","modified_gmt":"2025-11-11T22:28:04","slug":"machovy-obraz-svetlozeleny","status":"publish","type":"product","link":"https:\/\/www.grneko.com\/?product=machovy-obraz-svetlozeleny","title":{"rendered":"Machov\u00fd obraz &#8211; svetlozelen\u00fd"},"content":{"rendered":"<p>Svetlozelen\u00fd obraz pou\u017e\u00edva mach v jasn\u00fdch odtie\u0148och, ktor\u00e9 roz\u017eiaria priestor. Tento panel je vhodn\u00fd do tmav\u0161\u00edch miestnost\u00ed, chodieb alebo kancel\u00e1ri\u00ed bez okien. Jednoduch\u00fd dizajn zv\u00fdraz\u0148uje prirodzen\u00fa kr\u00e1su machu. Obraz je \u013eahk\u00fd, jednoducho sa montuje a nevy\u017eaduje starostlivos\u0165.<\/p>\n<p>Rozmer: 22 cm x 31 cm<\/p>\n","protected":false},"excerpt":{"rendered":"<p>Svetlozelen\u00fd obraz pou\u017e\u00edva mach v jasn\u00fdch odtie\u0148och, ktor\u00e9 roz\u017eiaria priestor. Tento panel je vhodn\u00fd do tmav\u0161\u00edch miestnost\u00ed, chodieb alebo kancel\u00e1ri\u00ed bez okien. Jednoduch\u00fd dizajn zv\u00fdraz\u0148uje prirodzen\u00fa kr\u00e1su machu. Obraz je \u013eahk\u00fd, jednoducho sa montuje a nevy\u017eaduje starostlivos\u0165. Rozmer: 22 cm x 31 cm<\/p>\n","protected":false},"featured_media":2534,"comment_status":"open","ping_status":"closed","template":"","meta":{"_monsterinsights_skip_tracking":false,"_monsterinsights_sitenote_active":false,"_monsterinsights_sitenote_note":"","_monsterinsights_sitenote_category":0},"product_cat":[17],"product_tag":[],"yoast_head":"<!-- This site is optimized with the Yoast SEO plugin v23.0 - https:\/\/yoast.com\/wordpress\/plugins\/seo\/ -->\n<title>Machov\u00fd obraz obd\u013a\u017enik - svetlozelen\u00fd<\/title>\n<meta name=\"description\" content=\"Svetlozelen\u00fd panel z machu prin\u00e1\u0161a do interi\u00e9ru svetlo a \u010derstvos\u0165. Ide\u00e1lny do miestnost\u00ed s men\u0161\u00edm prirodzen\u00fdm svetlom.\" \/>\n<meta name=\"robots\" content=\"index, follow, max-snippet:-1, max-image-preview:large, max-video-preview:-1\" \/>\n<link rel=\"canonical\" href=\"https:\/\/www.grneko.com\/?product=machovy-obraz-svetlozeleny\" \/>\n<meta property=\"og:locale\" content=\"sk_SK\" \/>\n<meta property=\"og:type\" content=\"article\" \/>\n<meta property=\"og:title\" content=\"Machov\u00fd obraz obd\u013a\u017enik - svetlozelen\u00fd\" \/>\n<meta property=\"og:description\" content=\"Svetlozelen\u00fd panel z machu prin\u00e1\u0161a do interi\u00e9ru svetlo a \u010derstvos\u0165. Ide\u00e1lny do miestnost\u00ed s men\u0161\u00edm prirodzen\u00fdm svetlom.\" \/>\n<meta property=\"og:url\" content=\"https:\/\/www.grneko.com\/?product=machovy-obraz-svetlozeleny\" \/>\n<meta property=\"og:site_name\" content=\"GRNEko\" \/>\n<meta property=\"article:modified_time\" content=\"2025-11-11T22:28:04+00:00\" \/>\n<meta property=\"og:image\" content=\"https:\/\/www.grneko.com\/wp-content\/uploads\/2023\/03\/Farebny-mach-svetlozeleny-tmavozeleny-scaled-1.jpg\" \/>\n\t<meta property=\"og:image:width\" content=\"2560\" \/>\n\t<meta property=\"og:image:height\" content=\"1707\" \/>\n\t<meta property=\"og:image:type\" content=\"image\/jpeg\" \/>\n<meta name=\"twitter:card\" content=\"summary_large_image\" \/>\n<meta name=\"twitter:label1\" content=\"Predpokladan\u00fd \u010das \u010d\u00edtania\" \/>\n\t<meta name=\"twitter:data1\" content=\"1 min\u00fata\" \/>\n<script type=\"application\/ld+json\" class=\"yoast-schema-graph\">{\"@context\":\"https:\/\/schema.org\",\"@graph\":[{\"@type\":\"WebPage\",\"@id\":\"https:\/\/www.grneko.com\/?product=machovy-obraz-svetlozeleny\",\"url\":\"https:\/\/www.grneko.com\/?product=machovy-obraz-svetlozeleny\",\"name\":\"Machov\u00fd obraz obd\u013a\u017enik - svetlozelen\u00fd\",\"isPartOf\":{\"@id\":\"https:\/\/www.grneko.com\/#website\"},\"primaryImageOfPage\":{\"@id\":\"https:\/\/www.grneko.com\/?product=machovy-obraz-svetlozeleny#primaryimage\"},\"image\":{\"@id\":\"https:\/\/www.grneko.com\/?product=machovy-obraz-svetlozeleny#primaryimage\"},\"thumbnailUrl\":\"https:\/\/www.grneko.com\/wp-content\/uploads\/2023\/03\/Farebny-mach-svetlozeleny-tmavozeleny-scaled-1.jpg\",\"datePublished\":\"2023-03-01T18:26:17+00:00\",\"dateModified\":\"2025-11-11T22:28:04+00:00\",\"description\":\"Svetlozelen\u00fd panel z machu prin\u00e1\u0161a do interi\u00e9ru svetlo a \u010derstvos\u0165. Ide\u00e1lny do miestnost\u00ed s men\u0161\u00edm prirodzen\u00fdm svetlom.\",\"breadcrumb\":{\"@id\":\"https:\/\/www.grneko.com\/?product=machovy-obraz-svetlozeleny#breadcrumb\"},\"inLanguage\":\"sk-SK\",\"potentialAction\":[{\"@type\":\"ReadAction\",\"target\":[\"https:\/\/www.grneko.com\/?product=machovy-obraz-svetlozeleny\"]}]},{\"@type\":\"ImageObject\",\"inLanguage\":\"sk-SK\",\"@id\":\"https:\/\/www.grneko.com\/?product=machovy-obraz-svetlozeleny#primaryimage\",\"url\":\"https:\/\/www.grneko.com\/wp-content\/uploads\/2023\/03\/Farebny-mach-svetlozeleny-tmavozeleny-scaled-1.jpg\",\"contentUrl\":\"https:\/\/www.grneko.com\/wp-content\/uploads\/2023\/03\/Farebny-mach-svetlozeleny-tmavozeleny-scaled-1.jpg\",\"width\":2560,\"height\":1707},{\"@type\":\"BreadcrumbList\",\"@id\":\"https:\/\/www.grneko.com\/?product=machovy-obraz-svetlozeleny#breadcrumb\",\"itemListElement\":[{\"@type\":\"ListItem\",\"position\":1,\"name\":\"Domov\",\"item\":\"https:\/\/www.grneko.com\/\"},{\"@type\":\"ListItem\",\"position\":2,\"name\":\"Obchod\",\"item\":\"https:\/\/www.grneko.com\/?page_id=20\"},{\"@type\":\"ListItem\",\"position\":3,\"name\":\"Machov\u00fd obraz &#8211; svetlozelen\u00fd\"}]},{\"@type\":\"WebSite\",\"@id\":\"https:\/\/www.grneko.com\/#website\",\"url\":\"https:\/\/www.grneko.com\/\",\"name\":\"GRNEko\",\"description\":\"Radi V\u00e1m pom\u00f4\u017eeme vyrie\u0161i\u0165 ot\u00e1zku bezstarostliveho ozele\u0148ovania V\u00e1\u0161ho interi\u00e9ru. Vyrob\u00edme na mieru presne pod\u013ea Va\u0161ich predst\u00e1v doplnky zo stabilizovan\u00e9ho machu, ktor\u00fdmi nielen o\u017eivite prostredie ale aj zabudnite \u017ee sa o nich treba nejak\u00fdm sp\u00f4sobom stara\u0165.\",\"potentialAction\":[{\"@type\":\"SearchAction\",\"target\":{\"@type\":\"EntryPoint\",\"urlTemplate\":\"https:\/\/www.grneko.com\/?s={search_term_string}\"},\"query-input\":\"required name=search_term_string\"}],\"inLanguage\":\"sk-SK\"}]}<\/script>\n<!-- \/ Yoast SEO plugin. -->","yoast_head_json":{"title":"Machov\u00fd obraz obd\u013a\u017enik - svetlozelen\u00fd","description":"Svetlozelen\u00fd panel z machu prin\u00e1\u0161a do interi\u00e9ru svetlo a \u010derstvos\u0165. Ide\u00e1lny do miestnost\u00ed s men\u0161\u00edm prirodzen\u00fdm svetlom.","robots":{"index":"index","follow":"follow","max-snippet":"max-snippet:-1","max-image-preview":"max-image-preview:large","max-video-preview":"max-video-preview:-1"},"canonical":"https:\/\/www.grneko.com\/?product=machovy-obraz-svetlozeleny","og_locale":"sk_SK","og_type":"article","og_title":"Machov\u00fd obraz obd\u013a\u017enik - svetlozelen\u00fd","og_description":"Svetlozelen\u00fd panel z machu prin\u00e1\u0161a do interi\u00e9ru svetlo a \u010derstvos\u0165. Ide\u00e1lny do miestnost\u00ed s men\u0161\u00edm prirodzen\u00fdm svetlom.","og_url":"https:\/\/www.grneko.com\/?product=machovy-obraz-svetlozeleny","og_site_name":"GRNEko","article_modified_time":"2025-11-11T22:28:04+00:00","og_image":[{"width":2560,"height":1707,"url":"https:\/\/www.grneko.com\/wp-content\/uploads\/2023\/03\/Farebny-mach-svetlozeleny-tmavozeleny-scaled-1.jpg","type":"image\/jpeg"}],"twitter_card":"summary_large_image","twitter_misc":{"Predpokladan\u00fd \u010das \u010d\u00edtania":"1 min\u00fata"},"schema":{"@context":"https:\/\/schema.org","@graph":[{"@type":"WebPage","@id":"https:\/\/www.grneko.com\/?product=machovy-obraz-svetlozeleny","url":"https:\/\/www.grneko.com\/?product=machovy-obraz-svetlozeleny","name":"Machov\u00fd obraz obd\u013a\u017enik - svetlozelen\u00fd","isPartOf":{"@id":"https:\/\/www.grneko.com\/#website"},"primaryImageOfPage":{"@id":"https:\/\/www.grneko.com\/?product=machovy-obraz-svetlozeleny#primaryimage"},"image":{"@id":"https:\/\/www.grneko.com\/?product=machovy-obraz-svetlozeleny#primaryimage"},"thumbnailUrl":"https:\/\/www.grneko.com\/wp-content\/uploads\/2023\/03\/Farebny-mach-svetlozeleny-tmavozeleny-scaled-1.jpg","datePublished":"2023-03-01T18:26:17+00:00","dateModified":"2025-11-11T22:28:04+00:00","description":"Svetlozelen\u00fd panel z machu prin\u00e1\u0161a do interi\u00e9ru svetlo a \u010derstvos\u0165. Ide\u00e1lny do miestnost\u00ed s men\u0161\u00edm prirodzen\u00fdm svetlom.","breadcrumb":{"@id":"https:\/\/www.grneko.com\/?product=machovy-obraz-svetlozeleny#breadcrumb"},"inLanguage":"sk-SK","potentialAction":[{"@type":"ReadAction","target":["https:\/\/www.grneko.com\/?product=machovy-obraz-svetlozeleny"]}]},{"@type":"ImageObject","inLanguage":"sk-SK","@id":"https:\/\/www.grneko.com\/?product=machovy-obraz-svetlozeleny#primaryimage","url":"https:\/\/www.grneko.com\/wp-content\/uploads\/2023\/03\/Farebny-mach-svetlozeleny-tmavozeleny-scaled-1.jpg","contentUrl":"https:\/\/www.grneko.com\/wp-content\/uploads\/2023\/03\/Farebny-mach-svetlozeleny-tmavozeleny-scaled-1.jpg","width":2560,"height":1707},{"@type":"BreadcrumbList","@id":"https:\/\/www.grneko.com\/?product=machovy-obraz-svetlozeleny#breadcrumb","itemListElement":[{"@type":"ListItem","position":1,"name":"Domov","item":"https:\/\/www.grneko.com\/"},{"@type":"ListItem","position":2,"name":"Obchod","item":"https:\/\/www.grneko.com\/?page_id=20"},{"@type":"ListItem","position":3,"name":"Machov\u00fd obraz &#8211; svetlozelen\u00fd"}]},{"@type":"WebSite","@id":"https:\/\/www.grneko.com\/#website","url":"https:\/\/www.grneko.com\/","name":"GRNEko","description":"Radi V\u00e1m pom\u00f4\u017eeme vyrie\u0161i\u0165 ot\u00e1zku bezstarostliveho ozele\u0148ovania V\u00e1\u0161ho interi\u00e9ru. Vyrob\u00edme na mieru presne pod\u013ea Va\u0161ich predst\u00e1v doplnky zo stabilizovan\u00e9ho machu, ktor\u00fdmi nielen o\u017eivite prostredie ale aj zabudnite \u017ee sa o nich treba nejak\u00fdm sp\u00f4sobom stara\u0165.","potentialAction":[{"@type":"SearchAction","target":{"@type":"EntryPoint","urlTemplate":"https:\/\/www.grneko.com\/?s={search_term_string}"},"query-input":"required name=search_term_string"}],"inLanguage":"sk-SK"}]}},"_links":{"self":[{"href":"https:\/\/www.grneko.com\/index.php?rest_route=\/wp\/v2\/product\/2238"}],"collection":[{"href":"https:\/\/www.grneko.com\/index.php?rest_route=\/wp\/v2\/product"}],"about":[{"href":"https:\/\/www.grneko.com\/index.php?rest_route=\/wp\/v2\/types\/product"}],"replies":[{"embeddable":true,"href":"https:\/\/www.grneko.com\/index.php?rest_route=%2Fwp%2Fv2%2Fcomments&post=2238"}],"wp:featuredmedia":[{"embeddable":true,"href":"https:\/\/www.grneko.com\/index.php?rest_route=\/wp\/v2\/media\/2534"}],"wp:attachment":[{"href":"https:\/\/www.grneko.com\/index.php?rest_route=%2Fwp%2Fv2%2Fmedia&parent=2238"}],"wp:term":[{"taxonomy":"product_cat","embeddable":true,"href":"https:\/\/www.grneko.com\/index.php?rest_route=%2Fwp%2Fv2%2Fproduct_cat&post=2238"},{"taxonomy":"product_tag","embeddable":true,"href":"https:\/\/www.grneko.com\/index.php?rest_route=%2Fwp%2Fv2%2Fproduct_tag&post=2238"}],"curies":[{"name":"wp","href":"https:\/\/api.w.org\/{rel}","templated":true}]}}