{"id":2212,"date":"2023-03-01T19:26:19","date_gmt":"2023-03-01T18:26:19","guid":{"rendered":"https:\/\/www.grneko.com\/?post_type=product&#038;p=2212"},"modified":"2025-12-01T10:27:52","modified_gmt":"2025-12-01T09:27:52","slug":"machovy-obraz-sestuholnik","status":"publish","type":"product","link":"https:\/\/www.grneko.com\/?product=machovy-obraz-sestuholnik","title":{"rendered":"Machov\u00fd obraz HEXAGON"},"content":{"rendered":"<p>HEXAGON je \u0161es\u0165uholn\u00edkov\u00fd panel, ktor\u00fd umo\u017e\u0148uje modul\u00e1rne skladanie. Ka\u017ed\u00fd kus m\u00f4\u017ee by\u0165 samostatnou dekor\u00e1ciou alebo ich m\u00f4\u017eete kombinova\u0165 do mozaiky. Vyu\u017e\u00edvame ploch\u00fd, kop\u010dekov\u00fd a li\u0161ajn\u00edkov\u00fd mach v r\u00f4znych odtie\u0148och, aby bol ka\u017ed\u00fd hexagon in\u00fd. Tento obraz je vhodn\u00fd do kancel\u00e1ri\u00ed, ob\u00fdva\u010diek alebo komer\u010dn\u00fdch priestorov a nevy\u017eaduje \u00fadr\u017ebu.<\/p>\n<p>Rozmer: strana 25 cm<\/p>\n","protected":false},"excerpt":{"rendered":"<p>HEXAGON je \u0161es\u0165uholn\u00edkov\u00fd panel, ktor\u00fd umo\u017e\u0148uje modul\u00e1rne skladanie. Ka\u017ed\u00fd kus m\u00f4\u017ee by\u0165 samostatnou dekor\u00e1ciou alebo ich m\u00f4\u017eete kombinova\u0165 do mozaiky. Vyu\u017e\u00edvame ploch\u00fd, kop\u010dekov\u00fd a li\u0161ajn\u00edkov\u00fd mach v r\u00f4znych odtie\u0148och, aby bol ka\u017ed\u00fd hexagon in\u00fd. Tento obraz je vhodn\u00fd do kancel\u00e1ri\u00ed, ob\u00fdva\u010diek alebo komer\u010dn\u00fdch priestorov a nevy\u017eaduje \u00fadr\u017ebu.<\/p>\n","protected":false},"featured_media":2595,"comment_status":"open","ping_status":"closed","template":"","meta":{"_monsterinsights_skip_tracking":false,"_monsterinsights_sitenote_active":false,"_monsterinsights_sitenote_note":"","_monsterinsights_sitenote_category":0},"product_cat":[17],"product_tag":[],"yoast_head":"<!-- This site is optimized with the Yoast SEO plugin v23.0 - https:\/\/yoast.com\/wordpress\/plugins\/seo\/ -->\n<title>Machov\u00fd obraz - \u0161es\u0165uholn\u00edk<\/title>\n<meta name=\"description\" content=\"Obraz HEXAGON m\u00e1 tvar \u0161es\u0165uholn\u00edka a je vyplnen\u00fd r\u00f4znymi druhmi machu. Modern\u00e1 geometrick\u00e1 dekor\u00e1cia.\" \/>\n<meta name=\"robots\" content=\"index, follow, max-snippet:-1, max-image-preview:large, max-video-preview:-1\" \/>\n<link rel=\"canonical\" href=\"https:\/\/www.grneko.com\/?product=machovy-obraz-sestuholnik\" \/>\n<meta property=\"og:locale\" content=\"sk_SK\" \/>\n<meta property=\"og:type\" content=\"article\" \/>\n<meta property=\"og:title\" content=\"Machov\u00fd obraz - \u0161es\u0165uholn\u00edk\" \/>\n<meta property=\"og:description\" content=\"Obraz HEXAGON m\u00e1 tvar \u0161es\u0165uholn\u00edka a je vyplnen\u00fd r\u00f4znymi druhmi machu. Modern\u00e1 geometrick\u00e1 dekor\u00e1cia.\" \/>\n<meta property=\"og:url\" content=\"https:\/\/www.grneko.com\/?product=machovy-obraz-sestuholnik\" \/>\n<meta property=\"og:site_name\" content=\"GRNEko\" \/>\n<meta property=\"article:modified_time\" content=\"2025-12-01T09:27:52+00:00\" \/>\n<meta property=\"og:image\" content=\"https:\/\/www.grneko.com\/wp-content\/uploads\/2023\/03\/kvety-13468-scaled.jpg\" \/>\n\t<meta property=\"og:image:width\" content=\"2560\" \/>\n\t<meta property=\"og:image:height\" content=\"1707\" \/>\n\t<meta property=\"og:image:type\" content=\"image\/jpeg\" \/>\n<meta name=\"twitter:card\" content=\"summary_large_image\" \/>\n<meta name=\"twitter:label1\" content=\"Predpokladan\u00fd \u010das \u010d\u00edtania\" \/>\n\t<meta name=\"twitter:data1\" content=\"1 min\u00fata\" \/>\n<script type=\"application\/ld+json\" class=\"yoast-schema-graph\">{\"@context\":\"https:\/\/schema.org\",\"@graph\":[{\"@type\":\"WebPage\",\"@id\":\"https:\/\/www.grneko.com\/?product=machovy-obraz-sestuholnik\",\"url\":\"https:\/\/www.grneko.com\/?product=machovy-obraz-sestuholnik\",\"name\":\"Machov\u00fd obraz - \u0161es\u0165uholn\u00edk\",\"isPartOf\":{\"@id\":\"https:\/\/www.grneko.com\/#website\"},\"primaryImageOfPage\":{\"@id\":\"https:\/\/www.grneko.com\/?product=machovy-obraz-sestuholnik#primaryimage\"},\"image\":{\"@id\":\"https:\/\/www.grneko.com\/?product=machovy-obraz-sestuholnik#primaryimage\"},\"thumbnailUrl\":\"https:\/\/www.grneko.com\/wp-content\/uploads\/2023\/03\/kvety-13468-scaled.jpg\",\"datePublished\":\"2023-03-01T18:26:19+00:00\",\"dateModified\":\"2025-12-01T09:27:52+00:00\",\"description\":\"Obraz HEXAGON m\u00e1 tvar \u0161es\u0165uholn\u00edka a je vyplnen\u00fd r\u00f4znymi druhmi machu. Modern\u00e1 geometrick\u00e1 dekor\u00e1cia.\",\"breadcrumb\":{\"@id\":\"https:\/\/www.grneko.com\/?product=machovy-obraz-sestuholnik#breadcrumb\"},\"inLanguage\":\"sk-SK\",\"potentialAction\":[{\"@type\":\"ReadAction\",\"target\":[\"https:\/\/www.grneko.com\/?product=machovy-obraz-sestuholnik\"]}]},{\"@type\":\"ImageObject\",\"inLanguage\":\"sk-SK\",\"@id\":\"https:\/\/www.grneko.com\/?product=machovy-obraz-sestuholnik#primaryimage\",\"url\":\"https:\/\/www.grneko.com\/wp-content\/uploads\/2023\/03\/kvety-13468-scaled.jpg\",\"contentUrl\":\"https:\/\/www.grneko.com\/wp-content\/uploads\/2023\/03\/kvety-13468-scaled.jpg\",\"width\":2560,\"height\":1707,\"caption\":\"dekoracie z machu\"},{\"@type\":\"BreadcrumbList\",\"@id\":\"https:\/\/www.grneko.com\/?product=machovy-obraz-sestuholnik#breadcrumb\",\"itemListElement\":[{\"@type\":\"ListItem\",\"position\":1,\"name\":\"Domov\",\"item\":\"https:\/\/www.grneko.com\/\"},{\"@type\":\"ListItem\",\"position\":2,\"name\":\"Obchod\",\"item\":\"https:\/\/www.grneko.com\/?page_id=20\"},{\"@type\":\"ListItem\",\"position\":3,\"name\":\"Machov\u00fd obraz HEXAGON\"}]},{\"@type\":\"WebSite\",\"@id\":\"https:\/\/www.grneko.com\/#website\",\"url\":\"https:\/\/www.grneko.com\/\",\"name\":\"GRNEko\",\"description\":\"Radi V\u00e1m pom\u00f4\u017eeme vyrie\u0161i\u0165 ot\u00e1zku bezstarostliveho ozele\u0148ovania V\u00e1\u0161ho interi\u00e9ru. Vyrob\u00edme na mieru presne pod\u013ea Va\u0161ich predst\u00e1v doplnky zo stabilizovan\u00e9ho machu, ktor\u00fdmi nielen o\u017eivite prostredie ale aj zabudnite \u017ee sa o nich treba nejak\u00fdm sp\u00f4sobom stara\u0165.\",\"potentialAction\":[{\"@type\":\"SearchAction\",\"target\":{\"@type\":\"EntryPoint\",\"urlTemplate\":\"https:\/\/www.grneko.com\/?s={search_term_string}\"},\"query-input\":\"required name=search_term_string\"}],\"inLanguage\":\"sk-SK\"}]}<\/script>\n<!-- \/ Yoast SEO plugin. -->","yoast_head_json":{"title":"Machov\u00fd obraz - \u0161es\u0165uholn\u00edk","description":"Obraz HEXAGON m\u00e1 tvar \u0161es\u0165uholn\u00edka a je vyplnen\u00fd r\u00f4znymi druhmi machu. Modern\u00e1 geometrick\u00e1 dekor\u00e1cia.","robots":{"index":"index","follow":"follow","max-snippet":"max-snippet:-1","max-image-preview":"max-image-preview:large","max-video-preview":"max-video-preview:-1"},"canonical":"https:\/\/www.grneko.com\/?product=machovy-obraz-sestuholnik","og_locale":"sk_SK","og_type":"article","og_title":"Machov\u00fd obraz - \u0161es\u0165uholn\u00edk","og_description":"Obraz HEXAGON m\u00e1 tvar \u0161es\u0165uholn\u00edka a je vyplnen\u00fd r\u00f4znymi druhmi machu. Modern\u00e1 geometrick\u00e1 dekor\u00e1cia.","og_url":"https:\/\/www.grneko.com\/?product=machovy-obraz-sestuholnik","og_site_name":"GRNEko","article_modified_time":"2025-12-01T09:27:52+00:00","og_image":[{"width":2560,"height":1707,"url":"https:\/\/www.grneko.com\/wp-content\/uploads\/2023\/03\/kvety-13468-scaled.jpg","type":"image\/jpeg"}],"twitter_card":"summary_large_image","twitter_misc":{"Predpokladan\u00fd \u010das \u010d\u00edtania":"1 min\u00fata"},"schema":{"@context":"https:\/\/schema.org","@graph":[{"@type":"WebPage","@id":"https:\/\/www.grneko.com\/?product=machovy-obraz-sestuholnik","url":"https:\/\/www.grneko.com\/?product=machovy-obraz-sestuholnik","name":"Machov\u00fd obraz - \u0161es\u0165uholn\u00edk","isPartOf":{"@id":"https:\/\/www.grneko.com\/#website"},"primaryImageOfPage":{"@id":"https:\/\/www.grneko.com\/?product=machovy-obraz-sestuholnik#primaryimage"},"image":{"@id":"https:\/\/www.grneko.com\/?product=machovy-obraz-sestuholnik#primaryimage"},"thumbnailUrl":"https:\/\/www.grneko.com\/wp-content\/uploads\/2023\/03\/kvety-13468-scaled.jpg","datePublished":"2023-03-01T18:26:19+00:00","dateModified":"2025-12-01T09:27:52+00:00","description":"Obraz HEXAGON m\u00e1 tvar \u0161es\u0165uholn\u00edka a je vyplnen\u00fd r\u00f4znymi druhmi machu. Modern\u00e1 geometrick\u00e1 dekor\u00e1cia.","breadcrumb":{"@id":"https:\/\/www.grneko.com\/?product=machovy-obraz-sestuholnik#breadcrumb"},"inLanguage":"sk-SK","potentialAction":[{"@type":"ReadAction","target":["https:\/\/www.grneko.com\/?product=machovy-obraz-sestuholnik"]}]},{"@type":"ImageObject","inLanguage":"sk-SK","@id":"https:\/\/www.grneko.com\/?product=machovy-obraz-sestuholnik#primaryimage","url":"https:\/\/www.grneko.com\/wp-content\/uploads\/2023\/03\/kvety-13468-scaled.jpg","contentUrl":"https:\/\/www.grneko.com\/wp-content\/uploads\/2023\/03\/kvety-13468-scaled.jpg","width":2560,"height":1707,"caption":"dekoracie z machu"},{"@type":"BreadcrumbList","@id":"https:\/\/www.grneko.com\/?product=machovy-obraz-sestuholnik#breadcrumb","itemListElement":[{"@type":"ListItem","position":1,"name":"Domov","item":"https:\/\/www.grneko.com\/"},{"@type":"ListItem","position":2,"name":"Obchod","item":"https:\/\/www.grneko.com\/?page_id=20"},{"@type":"ListItem","position":3,"name":"Machov\u00fd obraz HEXAGON"}]},{"@type":"WebSite","@id":"https:\/\/www.grneko.com\/#website","url":"https:\/\/www.grneko.com\/","name":"GRNEko","description":"Radi V\u00e1m pom\u00f4\u017eeme vyrie\u0161i\u0165 ot\u00e1zku bezstarostliveho ozele\u0148ovania V\u00e1\u0161ho interi\u00e9ru. Vyrob\u00edme na mieru presne pod\u013ea Va\u0161ich predst\u00e1v doplnky zo stabilizovan\u00e9ho machu, ktor\u00fdmi nielen o\u017eivite prostredie ale aj zabudnite \u017ee sa o nich treba nejak\u00fdm sp\u00f4sobom stara\u0165.","potentialAction":[{"@type":"SearchAction","target":{"@type":"EntryPoint","urlTemplate":"https:\/\/www.grneko.com\/?s={search_term_string}"},"query-input":"required name=search_term_string"}],"inLanguage":"sk-SK"}]}},"_links":{"self":[{"href":"https:\/\/www.grneko.com\/index.php?rest_route=\/wp\/v2\/product\/2212"}],"collection":[{"href":"https:\/\/www.grneko.com\/index.php?rest_route=\/wp\/v2\/product"}],"about":[{"href":"https:\/\/www.grneko.com\/index.php?rest_route=\/wp\/v2\/types\/product"}],"replies":[{"embeddable":true,"href":"https:\/\/www.grneko.com\/index.php?rest_route=%2Fwp%2Fv2%2Fcomments&post=2212"}],"wp:featuredmedia":[{"embeddable":true,"href":"https:\/\/www.grneko.com\/index.php?rest_route=\/wp\/v2\/media\/2595"}],"wp:attachment":[{"href":"https:\/\/www.grneko.com\/index.php?rest_route=%2Fwp%2Fv2%2Fmedia&parent=2212"}],"wp:term":[{"taxonomy":"product_cat","embeddable":true,"href":"https:\/\/www.grneko.com\/index.php?rest_route=%2Fwp%2Fv2%2Fproduct_cat&post=2212"},{"taxonomy":"product_tag","embeddable":true,"href":"https:\/\/www.grneko.com\/index.php?rest_route=%2Fwp%2Fv2%2Fproduct_tag&post=2212"}],"curies":[{"name":"wp","href":"https:\/\/api.w.org\/{rel}","templated":true}]}}